{"id":30880,"date":"2023-03-29T14:08:04","date_gmt":"2023-03-29T12:08:04","guid":{"rendered":"https:\/\/articamp.ch\/shop\/porte-vase-en-macrame-avec-des-perles-or-vert\/"},"modified":"2023-05-15T15:55:13","modified_gmt":"2023-05-15T13:55:13","slug":"porte-vase-en-macrame-avec-des-perles-or-vert","status":"publish","type":"product","link":"https:\/\/articamp.ch\/fr\/shop\/porte-vase-en-macrame-avec-des-perles-or-vert\/","title":{"rendered":"Porte-vase en macram\u00e9 avec des perles or-vert"},"content":{"rendered":"<h2 style=\"text-align: left;\">A propos du vase en macram\u00e9 avec des perles or-vert<\/h2>\n<p style=\"text-align: left;\">Ce porte-vase a \u00e9t\u00e9 fabriqu\u00e9 \u00e0 la main en utilisant la technique du macram\u00e9 avec un cordon de coton et des d\u00e9tails perl\u00e9s verts et dor\u00e9s, id\u00e9al pour les vases de petite\/moyenne taille. L&rsquo;accessoire parfait pour donner une touche sp\u00e9ciale \u00e0 vos plantes, et si vous avez peu de lumi\u00e8re chez vous, gr\u00e2ce au macram\u00e9 plac\u00e9 devant la fen\u00eatre, votre plante ne manquera plus de rien et pourra pousser de nombreuses nouvelles feuilles vertes.<\/p>\n<p style=\"text-align: left;\">Vous cherchez une id\u00e9e de cadeau ? Avec ce macram\u00e9, vous \u00eates s\u00fbr de surprendre quelqu&rsquo;un de sp\u00e9cial ;)<\/p>\n<blockquote><p><strong><em>Donnez \u00e0 votre maison une touche magique avec ArtiCamp !<\/em><\/strong><\/p><\/blockquote>\n<p>La taille du pot utilis\u00e9 sur la photo est d&rsquo;environ 12 cm et celle du petit pot de 8 cm. Le macram\u00e9 est livr\u00e9 sans pots ni plantes.<\/p>\n<ul>\n<li>Artisanat, chacun de nos produits est fait \u00e0 la main et individuel.<\/li>\n<li>Les mesures indiqu\u00e9es sont approximatives.<\/li>\n<li>Les mat\u00e9riaux d\u00e9coratifs figurant sur la photo ne sont pas inclus.<\/li>\n<li>Il peut y avoir de l\u00e9g\u00e8res variations de couleur entre les photos et le produit r\u00e9el.<\/li>\n<\/ul>\n","protected":false},"excerpt":{"rendered":"<p>L&rsquo;accessoire parfait pour donner une touche sp\u00e9ciale \u00e0 vos plantes, et si vous avez peu de lumi\u00e8re chez vous, gr\u00e2ce au macram\u00e9 plac\u00e9 devant la fen\u00eatre, votre plante ne manquera plus de rien et pourra pousser de nombreuses nouvelles feuilles vertes.<\/p>\n","protected":false},"featured_media":30584,"comment_status":"open","ping_status":"closed","template":"","meta":{"_monsterinsights_skip_tracking":false,"_monsterinsights_sitenote_active":false,"_monsterinsights_sitenote_note":"","_monsterinsights_sitenote_category":0},"product_brand":[],"product_cat":[157,152],"product_tag":[164,162,160,165],"class_list":{"0":"post-30880","1":"product","2":"type-product","3":"status-publish","4":"has-post-thumbnail","6":"product_cat-macrame-fr","7":"product_cat-tous","8":"product_tag-camping-car","9":"product_tag-fourgon","10":"product_tag-macrame-fr","11":"product_tag-porte-vase","12":"product_shipping_class-expedition-normale","14":"first","15":"instock","16":"sold-individually","17":"shipping-taxable","18":"purchasable","19":"product-type-simple"},"yoast_head":"<!-- This site is optimized with the Yoast SEO plugin v27.3 - https:\/\/yoast.com\/product\/yoast-seo-wordpress\/ -->\n<title>Porte-vase en macram\u00e9 avec des perles or-vert - ArtiCamp<\/title>\n<meta name=\"description\" content=\"Porte-vase fait \u00e0 la main selon la technique du macram\u00e9 avec un cordon de coton et des d\u00e9tails perl\u00e9s verts et dor\u00e9s.\" \/>\n<meta name=\"robots\" content=\"index, follow, max-snippet:-1, max-image-preview:large, max-video-preview:-1\" \/>\n<link rel=\"canonical\" href=\"https:\/\/articamp.ch\/fr\/shop\/porte-vase-en-macrame-avec-des-perles-or-vert\/\" \/>\n<meta property=\"og:locale\" content=\"fr_FR\" \/>\n<meta property=\"og:type\" content=\"article\" \/>\n<meta property=\"og:title\" content=\"Porte-vase en macram\u00e9 avec des perles or-vert - ArtiCamp\" \/>\n<meta property=\"og:description\" content=\"Porte-vase fait \u00e0 la main selon la technique du macram\u00e9 avec un cordon de coton et des d\u00e9tails perl\u00e9s verts et dor\u00e9s.\" \/>\n<meta property=\"og:url\" content=\"https:\/\/articamp.ch\/fr\/shop\/porte-vase-en-macrame-avec-des-perles-or-vert\/\" \/>\n<meta property=\"og:site_name\" content=\"ArtiCamp\" \/>\n<meta property=\"article:publisher\" content=\"https:\/\/www.facebook.com\/profile.php?id=100090195593870\" \/>\n<meta property=\"article:modified_time\" content=\"2023-05-15T13:55:13+00:00\" \/>\n<meta property=\"og:image\" content=\"https:\/\/i0.wp.com\/articamp.ch\/wp-content\/uploads\/2023\/05\/20230327_141057-01-jpeg.webp?fit=600%2C1067&ssl=1\" \/>\n\t<meta property=\"og:image:width\" content=\"600\" \/>\n\t<meta property=\"og:image:height\" content=\"1067\" \/>\n\t<meta property=\"og:image:type\" content=\"image\/jpeg\" \/>\n<meta name=\"twitter:card\" content=\"summary_large_image\" \/>\n<meta name=\"twitter:label1\" content=\"Dur\u00e9e de lecture estim\u00e9e\" \/>\n\t<meta name=\"twitter:data1\" content=\"1 minute\" \/>\n<script type=\"application\/ld+json\" class=\"yoast-schema-graph\">{\"@context\":\"https:\\\/\\\/schema.org\",\"@graph\":[{\"@type\":\"WebPage\",\"@id\":\"https:\\\/\\\/articamp.ch\\\/fr\\\/shop\\\/porte-vase-en-macrame-avec-des-perles-or-vert\\\/\",\"url\":\"https:\\\/\\\/articamp.ch\\\/fr\\\/shop\\\/porte-vase-en-macrame-avec-des-perles-or-vert\\\/\",\"name\":\"Porte-vase en macram\u00e9 avec des perles or-vert - ArtiCamp\",\"isPartOf\":{\"@id\":\"https:\\\/\\\/articamp.ch\\\/fr\\\/#website\"},\"primaryImageOfPage\":{\"@id\":\"https:\\\/\\\/articamp.ch\\\/fr\\\/shop\\\/porte-vase-en-macrame-avec-des-perles-or-vert\\\/#primaryimage\"},\"image\":{\"@id\":\"https:\\\/\\\/articamp.ch\\\/fr\\\/shop\\\/porte-vase-en-macrame-avec-des-perles-or-vert\\\/#primaryimage\"},\"thumbnailUrl\":\"https:\\\/\\\/i0.wp.com\\\/articamp.ch\\\/wp-content\\\/uploads\\\/2023\\\/05\\\/20230327_141057-01-jpeg.webp?fit=600%2C1067&ssl=1\",\"datePublished\":\"2023-03-29T12:08:04+00:00\",\"dateModified\":\"2023-05-15T13:55:13+00:00\",\"description\":\"Porte-vase fait \u00e0 la main selon la technique du macram\u00e9 avec un cordon de coton et des d\u00e9tails perl\u00e9s verts et dor\u00e9s.\",\"breadcrumb\":{\"@id\":\"https:\\\/\\\/articamp.ch\\\/fr\\\/shop\\\/porte-vase-en-macrame-avec-des-perles-or-vert\\\/#breadcrumb\"},\"inLanguage\":\"fr-FR\",\"potentialAction\":[{\"@type\":\"ReadAction\",\"target\":[\"https:\\\/\\\/articamp.ch\\\/fr\\\/shop\\\/porte-vase-en-macrame-avec-des-perles-or-vert\\\/\"]}]},{\"@type\":\"ImageObject\",\"inLanguage\":\"fr-FR\",\"@id\":\"https:\\\/\\\/articamp.ch\\\/fr\\\/shop\\\/porte-vase-en-macrame-avec-des-perles-or-vert\\\/#primaryimage\",\"url\":\"https:\\\/\\\/i0.wp.com\\\/articamp.ch\\\/wp-content\\\/uploads\\\/2023\\\/05\\\/20230327_141057-01-jpeg.webp?fit=600%2C1067&ssl=1\",\"contentUrl\":\"https:\\\/\\\/i0.wp.com\\\/articamp.ch\\\/wp-content\\\/uploads\\\/2023\\\/05\\\/20230327_141057-01-jpeg.webp?fit=600%2C1067&ssl=1\",\"width\":600,\"height\":1067},{\"@type\":\"BreadcrumbList\",\"@id\":\"https:\\\/\\\/articamp.ch\\\/fr\\\/shop\\\/porte-vase-en-macrame-avec-des-perles-or-vert\\\/#breadcrumb\",\"itemListElement\":[{\"@type\":\"ListItem\",\"position\":1,\"name\":\"Home\",\"item\":\"https:\\\/\\\/articamp.ch\\\/fr\\\/accueil\\\/\"},{\"@type\":\"ListItem\",\"position\":2,\"name\":\"Boutique\",\"item\":\"https:\\\/\\\/articamp.ch\\\/fr\\\/boutique\\\/\"},{\"@type\":\"ListItem\",\"position\":3,\"name\":\"Porte-vase en macram\u00e9 avec des perles or-vert\"}]},{\"@type\":\"WebSite\",\"@id\":\"https:\\\/\\\/articamp.ch\\\/fr\\\/#website\",\"url\":\"https:\\\/\\\/articamp.ch\\\/fr\\\/\",\"name\":\"articamp.ch\",\"description\":\"lavori d&#039;artigianato individuali fatti a mano\",\"publisher\":{\"@id\":\"https:\\\/\\\/articamp.ch\\\/fr\\\/#organization\"},\"potentialAction\":[{\"@type\":\"SearchAction\",\"target\":{\"@type\":\"EntryPoint\",\"urlTemplate\":\"https:\\\/\\\/articamp.ch\\\/fr\\\/?s={search_term_string}\"},\"query-input\":{\"@type\":\"PropertyValueSpecification\",\"valueRequired\":true,\"valueName\":\"search_term_string\"}}],\"inLanguage\":\"fr-FR\"},{\"@type\":\"Organization\",\"@id\":\"https:\\\/\\\/articamp.ch\\\/fr\\\/#organization\",\"name\":\"ArtiCamp\",\"url\":\"https:\\\/\\\/articamp.ch\\\/fr\\\/\",\"logo\":{\"@type\":\"ImageObject\",\"inLanguage\":\"fr-FR\",\"@id\":\"https:\\\/\\\/articamp.ch\\\/fr\\\/#\\\/schema\\\/logo\\\/image\\\/\",\"url\":\"https:\\\/\\\/i0.wp.com\\\/articamp.ch\\\/wp-content\\\/uploads\\\/2023\\\/12\\\/cropped-Logo-ArtiCamp.png?fit=512%2C512&ssl=1\",\"contentUrl\":\"https:\\\/\\\/i0.wp.com\\\/articamp.ch\\\/wp-content\\\/uploads\\\/2023\\\/12\\\/cropped-Logo-ArtiCamp.png?fit=512%2C512&ssl=1\",\"width\":512,\"height\":512,\"caption\":\"ArtiCamp\"},\"image\":{\"@id\":\"https:\\\/\\\/articamp.ch\\\/fr\\\/#\\\/schema\\\/logo\\\/image\\\/\"},\"sameAs\":[\"https:\\\/\\\/www.facebook.com\\\/profile.php?id=100090195593870\",\"https:\\\/\\\/www.instagram.com\\\/articamp.ch\\\/\",\"https:\\\/\\\/www.tiktok.com\\\/@articamp\"]}]}<\/script>\n<!-- \/ Yoast SEO plugin. -->","yoast_head_json":{"title":"Porte-vase en macram\u00e9 avec des perles or-vert - ArtiCamp","description":"Porte-vase fait \u00e0 la main selon la technique du macram\u00e9 avec un cordon de coton et des d\u00e9tails perl\u00e9s verts et dor\u00e9s.","robots":{"index":"index","follow":"follow","max-snippet":"max-snippet:-1","max-image-preview":"max-image-preview:large","max-video-preview":"max-video-preview:-1"},"canonical":"https:\/\/articamp.ch\/fr\/shop\/porte-vase-en-macrame-avec-des-perles-or-vert\/","og_locale":"fr_FR","og_type":"article","og_title":"Porte-vase en macram\u00e9 avec des perles or-vert - ArtiCamp","og_description":"Porte-vase fait \u00e0 la main selon la technique du macram\u00e9 avec un cordon de coton et des d\u00e9tails perl\u00e9s verts et dor\u00e9s.","og_url":"https:\/\/articamp.ch\/fr\/shop\/porte-vase-en-macrame-avec-des-perles-or-vert\/","og_site_name":"ArtiCamp","article_publisher":"https:\/\/www.facebook.com\/profile.php?id=100090195593870","article_modified_time":"2023-05-15T13:55:13+00:00","og_image":[{"width":600,"height":1067,"url":"https:\/\/i0.wp.com\/articamp.ch\/wp-content\/uploads\/2023\/05\/20230327_141057-01-jpeg.webp?fit=600%2C1067&ssl=1","type":"image\/jpeg"}],"twitter_card":"summary_large_image","twitter_misc":{"Dur\u00e9e de lecture estim\u00e9e":"1 minute"},"schema":{"@context":"https:\/\/schema.org","@graph":[{"@type":"WebPage","@id":"https:\/\/articamp.ch\/fr\/shop\/porte-vase-en-macrame-avec-des-perles-or-vert\/","url":"https:\/\/articamp.ch\/fr\/shop\/porte-vase-en-macrame-avec-des-perles-or-vert\/","name":"Porte-vase en macram\u00e9 avec des perles or-vert - ArtiCamp","isPartOf":{"@id":"https:\/\/articamp.ch\/fr\/#website"},"primaryImageOfPage":{"@id":"https:\/\/articamp.ch\/fr\/shop\/porte-vase-en-macrame-avec-des-perles-or-vert\/#primaryimage"},"image":{"@id":"https:\/\/articamp.ch\/fr\/shop\/porte-vase-en-macrame-avec-des-perles-or-vert\/#primaryimage"},"thumbnailUrl":"https:\/\/i0.wp.com\/articamp.ch\/wp-content\/uploads\/2023\/05\/20230327_141057-01-jpeg.webp?fit=600%2C1067&ssl=1","datePublished":"2023-03-29T12:08:04+00:00","dateModified":"2023-05-15T13:55:13+00:00","description":"Porte-vase fait \u00e0 la main selon la technique du macram\u00e9 avec un cordon de coton et des d\u00e9tails perl\u00e9s verts et dor\u00e9s.","breadcrumb":{"@id":"https:\/\/articamp.ch\/fr\/shop\/porte-vase-en-macrame-avec-des-perles-or-vert\/#breadcrumb"},"inLanguage":"fr-FR","potentialAction":[{"@type":"ReadAction","target":["https:\/\/articamp.ch\/fr\/shop\/porte-vase-en-macrame-avec-des-perles-or-vert\/"]}]},{"@type":"ImageObject","inLanguage":"fr-FR","@id":"https:\/\/articamp.ch\/fr\/shop\/porte-vase-en-macrame-avec-des-perles-or-vert\/#primaryimage","url":"https:\/\/i0.wp.com\/articamp.ch\/wp-content\/uploads\/2023\/05\/20230327_141057-01-jpeg.webp?fit=600%2C1067&ssl=1","contentUrl":"https:\/\/i0.wp.com\/articamp.ch\/wp-content\/uploads\/2023\/05\/20230327_141057-01-jpeg.webp?fit=600%2C1067&ssl=1","width":600,"height":1067},{"@type":"BreadcrumbList","@id":"https:\/\/articamp.ch\/fr\/shop\/porte-vase-en-macrame-avec-des-perles-or-vert\/#breadcrumb","itemListElement":[{"@type":"ListItem","position":1,"name":"Home","item":"https:\/\/articamp.ch\/fr\/accueil\/"},{"@type":"ListItem","position":2,"name":"Boutique","item":"https:\/\/articamp.ch\/fr\/boutique\/"},{"@type":"ListItem","position":3,"name":"Porte-vase en macram\u00e9 avec des perles or-vert"}]},{"@type":"WebSite","@id":"https:\/\/articamp.ch\/fr\/#website","url":"https:\/\/articamp.ch\/fr\/","name":"articamp.ch","description":"lavori d&#039;artigianato individuali fatti a mano","publisher":{"@id":"https:\/\/articamp.ch\/fr\/#organization"},"potentialAction":[{"@type":"SearchAction","target":{"@type":"EntryPoint","urlTemplate":"https:\/\/articamp.ch\/fr\/?s={search_term_string}"},"query-input":{"@type":"PropertyValueSpecification","valueRequired":true,"valueName":"search_term_string"}}],"inLanguage":"fr-FR"},{"@type":"Organization","@id":"https:\/\/articamp.ch\/fr\/#organization","name":"ArtiCamp","url":"https:\/\/articamp.ch\/fr\/","logo":{"@type":"ImageObject","inLanguage":"fr-FR","@id":"https:\/\/articamp.ch\/fr\/#\/schema\/logo\/image\/","url":"https:\/\/i0.wp.com\/articamp.ch\/wp-content\/uploads\/2023\/12\/cropped-Logo-ArtiCamp.png?fit=512%2C512&ssl=1","contentUrl":"https:\/\/i0.wp.com\/articamp.ch\/wp-content\/uploads\/2023\/12\/cropped-Logo-ArtiCamp.png?fit=512%2C512&ssl=1","width":512,"height":512,"caption":"ArtiCamp"},"image":{"@id":"https:\/\/articamp.ch\/fr\/#\/schema\/logo\/image\/"},"sameAs":["https:\/\/www.facebook.com\/profile.php?id=100090195593870","https:\/\/www.instagram.com\/articamp.ch\/","https:\/\/www.tiktok.com\/@articamp"]}]}},"jetpack_sharing_enabled":true,"_links":{"self":[{"href":"https:\/\/articamp.ch\/fr\/wp-json\/wp\/v2\/product\/30880","targetHints":{"allow":["GET"]}}],"collection":[{"href":"https:\/\/articamp.ch\/fr\/wp-json\/wp\/v2\/product"}],"about":[{"href":"https:\/\/articamp.ch\/fr\/wp-json\/wp\/v2\/types\/product"}],"replies":[{"embeddable":true,"href":"https:\/\/articamp.ch\/fr\/wp-json\/wp\/v2\/comments?post=30880"}],"wp:featuredmedia":[{"embeddable":true,"href":"https:\/\/articamp.ch\/fr\/wp-json\/wp\/v2\/media\/30584"}],"wp:attachment":[{"href":"https:\/\/articamp.ch\/fr\/wp-json\/wp\/v2\/media?parent=30880"}],"wp:term":[{"taxonomy":"product_brand","embeddable":true,"href":"https:\/\/articamp.ch\/fr\/wp-json\/wp\/v2\/product_brand?post=30880"},{"taxonomy":"product_cat","embeddable":true,"href":"https:\/\/articamp.ch\/fr\/wp-json\/wp\/v2\/product_cat?post=30880"},{"taxonomy":"product_tag","embeddable":true,"href":"https:\/\/articamp.ch\/fr\/wp-json\/wp\/v2\/product_tag?post=30880"}],"curies":[{"name":"wp","href":"https:\/\/api.w.org\/{rel}","templated":true}]}}