{"id":30238,"date":"2023-03-16T14:08:41","date_gmt":"2023-03-16T13:08:41","guid":{"rendered":"https:\/\/articamp.ch\/prodotto\/arc-en-ciel-en-macrame-rouge\/"},"modified":"2023-04-26T13:20:19","modified_gmt":"2023-04-26T11:20:19","slug":"arc-en-ciel-en-macrame-rouge","status":"publish","type":"product","link":"https:\/\/articamp.ch\/fr\/shop\/arc-en-ciel-en-macrame-rouge\/","title":{"rendered":"Arc-en-ciel en macram\u00e9 rouge"},"content":{"rendered":"<h2 style=\"text-align: left;\">\u00c0 propos de l&rsquo;arc-en-ciel en macram\u00e9 rouge<\/h2>\n<p><span style=\"font-size: medium;\">Cet arc-en-ciel en macram\u00e9 se d\u00e9cline en trois couleurs : rouge, orange et jaune. Id\u00e9ale comme d\u00e9coration murale, elle trouverait certainement sa place dans n&rsquo;importe quelle chambre d&rsquo;enfant, o\u00f9 ses couleurs apporteraient un peu plus de joie et de paix.<\/span><\/p>\n<p>Pourquoi ne pas donner \u00e0 ta maison une ambiance unique avec cet arc-en-ciel color\u00e9 ?<\/p>\n<p>Id\u00e9al aussi comme cadeau pour une f\u00eate de b\u00e9b\u00e9 ou un bapt\u00eame.<\/p>\n<p>La bouteille a \u00e9t\u00e9 d\u00e9cor\u00e9e \u00e0 la main.<\/p>\n<blockquote><p><strong><em>Donnez \u00e0 votre maison une touche magique avec ArtiCamp !<\/em><\/strong><\/p><\/blockquote>\n<p>Hauteur 10 cm<\/p>\n<p>Diam\u00e8tre max. 13,5 cm<\/p>\n<ul>\n<li>Artisanat, chacun de nos produits est fait \u00e0 la main et individuel.<\/li>\n<li>Les mesures indiqu\u00e9es sont approximatives.<\/li>\n<li>Les mat\u00e9riaux d\u00e9coratifs figurant sur la photo ne sont pas inclus.<\/li>\n<li>Il peut y avoir de l\u00e9g\u00e8res variations de couleur entre les photos et le produit r\u00e9el.<\/li>\n<\/ul>\n","protected":false},"excerpt":{"rendered":"<p><span style=\"font-size: medium;\">Id\u00e9ale comme d\u00e9coration murale, elle trouverait certainement sa place dans n&rsquo;importe quelle chambre d&rsquo;enfant, o\u00f9 ses couleurs apporteraient un peu plus de joie et de paix.<\/span><\/p>\n<p>&nbsp;<\/p>\n","protected":false},"featured_media":29837,"comment_status":"open","ping_status":"closed","template":"","meta":{"_monsterinsights_skip_tracking":false,"_monsterinsights_sitenote_active":false,"_monsterinsights_sitenote_note":"","_monsterinsights_sitenote_category":0},"product_brand":[],"product_cat":[157,152],"product_tag":[200,198,196,160],"class_list":{"0":"post-30238","1":"product","2":"type-product","3":"status-publish","4":"has-post-thumbnail","6":"product_cat-macrame-fr","7":"product_cat-tous","8":"product_tag-arc-en-ciel","9":"product_tag-decoration-dinterieur","10":"product_tag-decoration-de-chambre","11":"product_tag-macrame-fr","12":"product_shipping_class-expedition-normale","14":"first","15":"onbackorder","16":"sold-individually","17":"shipping-taxable","18":"purchasable","19":"product-type-simple"},"yoast_head":"<!-- This site is optimized with the Yoast SEO plugin v27.3 - https:\/\/yoast.com\/product\/yoast-seo-wordpress\/ -->\n<title>Arc-en-ciel en macram\u00e9 rouge - ArtiCamp<\/title>\n<meta name=\"description\" content=\"Un arc-en-ciel en macram\u00e9 sur fond rouge est id\u00e9al comme d\u00e9coration murale dans une chambre d&#039;enfant, o\u00f9 ses couleurs apportent un peu de joie.\" \/>\n<meta name=\"robots\" content=\"index, follow, max-snippet:-1, max-image-preview:large, max-video-preview:-1\" \/>\n<link rel=\"canonical\" href=\"https:\/\/articamp.ch\/fr\/shop\/arc-en-ciel-en-macrame-rouge\/\" \/>\n<meta property=\"og:locale\" content=\"fr_FR\" \/>\n<meta property=\"og:type\" content=\"article\" \/>\n<meta property=\"og:title\" content=\"Arc-en-ciel en macram\u00e9 rouge - ArtiCamp\" \/>\n<meta property=\"og:description\" content=\"Un arc-en-ciel en macram\u00e9 sur fond rouge est id\u00e9al comme d\u00e9coration murale dans une chambre d&#039;enfant, o\u00f9 ses couleurs apportent un peu de joie.\" \/>\n<meta property=\"og:url\" content=\"https:\/\/articamp.ch\/fr\/shop\/arc-en-ciel-en-macrame-rouge\/\" \/>\n<meta property=\"og:site_name\" content=\"ArtiCamp\" \/>\n<meta property=\"article:publisher\" content=\"https:\/\/www.facebook.com\/profile.php?id=100090195593870\" \/>\n<meta property=\"article:modified_time\" content=\"2023-04-26T11:20:19+00:00\" \/>\n<meta property=\"og:image\" content=\"https:\/\/i0.wp.com\/articamp.ch\/wp-content\/uploads\/2023\/03\/20230315_151520-01-scaled.jpeg?fit=2560%2C2560&ssl=1\" \/>\n\t<meta property=\"og:image:width\" content=\"2560\" \/>\n\t<meta property=\"og:image:height\" content=\"2560\" \/>\n\t<meta property=\"og:image:type\" content=\"image\/jpeg\" \/>\n<meta name=\"twitter:card\" content=\"summary_large_image\" \/>\n<meta name=\"twitter:label1\" content=\"Dur\u00e9e de lecture estim\u00e9e\" \/>\n\t<meta name=\"twitter:data1\" content=\"1 minute\" \/>\n<script type=\"application\/ld+json\" class=\"yoast-schema-graph\">{\"@context\":\"https:\\\/\\\/schema.org\",\"@graph\":[{\"@type\":\"WebPage\",\"@id\":\"https:\\\/\\\/articamp.ch\\\/fr\\\/shop\\\/arc-en-ciel-en-macrame-rouge\\\/\",\"url\":\"https:\\\/\\\/articamp.ch\\\/fr\\\/shop\\\/arc-en-ciel-en-macrame-rouge\\\/\",\"name\":\"Arc-en-ciel en macram\u00e9 rouge - ArtiCamp\",\"isPartOf\":{\"@id\":\"https:\\\/\\\/articamp.ch\\\/fr\\\/#website\"},\"primaryImageOfPage\":{\"@id\":\"https:\\\/\\\/articamp.ch\\\/fr\\\/shop\\\/arc-en-ciel-en-macrame-rouge\\\/#primaryimage\"},\"image\":{\"@id\":\"https:\\\/\\\/articamp.ch\\\/fr\\\/shop\\\/arc-en-ciel-en-macrame-rouge\\\/#primaryimage\"},\"thumbnailUrl\":\"https:\\\/\\\/i0.wp.com\\\/articamp.ch\\\/wp-content\\\/uploads\\\/2023\\\/03\\\/20230315_151520-01-scaled.jpeg?fit=2560%2C2560&ssl=1\",\"datePublished\":\"2023-03-16T13:08:41+00:00\",\"dateModified\":\"2023-04-26T11:20:19+00:00\",\"description\":\"Un arc-en-ciel en macram\u00e9 sur fond rouge est id\u00e9al comme d\u00e9coration murale dans une chambre d'enfant, o\u00f9 ses couleurs apportent un peu de joie.\",\"breadcrumb\":{\"@id\":\"https:\\\/\\\/articamp.ch\\\/fr\\\/shop\\\/arc-en-ciel-en-macrame-rouge\\\/#breadcrumb\"},\"inLanguage\":\"fr-FR\",\"potentialAction\":[{\"@type\":\"ReadAction\",\"target\":[\"https:\\\/\\\/articamp.ch\\\/fr\\\/shop\\\/arc-en-ciel-en-macrame-rouge\\\/\"]}]},{\"@type\":\"ImageObject\",\"inLanguage\":\"fr-FR\",\"@id\":\"https:\\\/\\\/articamp.ch\\\/fr\\\/shop\\\/arc-en-ciel-en-macrame-rouge\\\/#primaryimage\",\"url\":\"https:\\\/\\\/i0.wp.com\\\/articamp.ch\\\/wp-content\\\/uploads\\\/2023\\\/03\\\/20230315_151520-01-scaled.jpeg?fit=2560%2C2560&ssl=1\",\"contentUrl\":\"https:\\\/\\\/i0.wp.com\\\/articamp.ch\\\/wp-content\\\/uploads\\\/2023\\\/03\\\/20230315_151520-01-scaled.jpeg?fit=2560%2C2560&ssl=1\",\"width\":2560,\"height\":2560,\"caption\":\"arc-en-ciel en macram\u00e9 rouge\"},{\"@type\":\"BreadcrumbList\",\"@id\":\"https:\\\/\\\/articamp.ch\\\/fr\\\/shop\\\/arc-en-ciel-en-macrame-rouge\\\/#breadcrumb\",\"itemListElement\":[{\"@type\":\"ListItem\",\"position\":1,\"name\":\"Home\",\"item\":\"https:\\\/\\\/articamp.ch\\\/fr\\\/accueil\\\/\"},{\"@type\":\"ListItem\",\"position\":2,\"name\":\"Boutique\",\"item\":\"https:\\\/\\\/articamp.ch\\\/fr\\\/boutique\\\/\"},{\"@type\":\"ListItem\",\"position\":3,\"name\":\"Arc-en-ciel en macram\u00e9 rouge\"}]},{\"@type\":\"WebSite\",\"@id\":\"https:\\\/\\\/articamp.ch\\\/fr\\\/#website\",\"url\":\"https:\\\/\\\/articamp.ch\\\/fr\\\/\",\"name\":\"articamp.ch\",\"description\":\"lavori d&#039;artigianato individuali fatti a mano\",\"publisher\":{\"@id\":\"https:\\\/\\\/articamp.ch\\\/fr\\\/#organization\"},\"potentialAction\":[{\"@type\":\"SearchAction\",\"target\":{\"@type\":\"EntryPoint\",\"urlTemplate\":\"https:\\\/\\\/articamp.ch\\\/fr\\\/?s={search_term_string}\"},\"query-input\":{\"@type\":\"PropertyValueSpecification\",\"valueRequired\":true,\"valueName\":\"search_term_string\"}}],\"inLanguage\":\"fr-FR\"},{\"@type\":\"Organization\",\"@id\":\"https:\\\/\\\/articamp.ch\\\/fr\\\/#organization\",\"name\":\"ArtiCamp\",\"url\":\"https:\\\/\\\/articamp.ch\\\/fr\\\/\",\"logo\":{\"@type\":\"ImageObject\",\"inLanguage\":\"fr-FR\",\"@id\":\"https:\\\/\\\/articamp.ch\\\/fr\\\/#\\\/schema\\\/logo\\\/image\\\/\",\"url\":\"https:\\\/\\\/i0.wp.com\\\/articamp.ch\\\/wp-content\\\/uploads\\\/2023\\\/12\\\/cropped-Logo-ArtiCamp.png?fit=512%2C512&ssl=1\",\"contentUrl\":\"https:\\\/\\\/i0.wp.com\\\/articamp.ch\\\/wp-content\\\/uploads\\\/2023\\\/12\\\/cropped-Logo-ArtiCamp.png?fit=512%2C512&ssl=1\",\"width\":512,\"height\":512,\"caption\":\"ArtiCamp\"},\"image\":{\"@id\":\"https:\\\/\\\/articamp.ch\\\/fr\\\/#\\\/schema\\\/logo\\\/image\\\/\"},\"sameAs\":[\"https:\\\/\\\/www.facebook.com\\\/profile.php?id=100090195593870\",\"https:\\\/\\\/www.instagram.com\\\/articamp.ch\\\/\",\"https:\\\/\\\/www.tiktok.com\\\/@articamp\"]}]}<\/script>\n<!-- \/ Yoast SEO plugin. -->","yoast_head_json":{"title":"Arc-en-ciel en macram\u00e9 rouge - ArtiCamp","description":"Un arc-en-ciel en macram\u00e9 sur fond rouge est id\u00e9al comme d\u00e9coration murale dans une chambre d'enfant, o\u00f9 ses couleurs apportent un peu de joie.","robots":{"index":"index","follow":"follow","max-snippet":"max-snippet:-1","max-image-preview":"max-image-preview:large","max-video-preview":"max-video-preview:-1"},"canonical":"https:\/\/articamp.ch\/fr\/shop\/arc-en-ciel-en-macrame-rouge\/","og_locale":"fr_FR","og_type":"article","og_title":"Arc-en-ciel en macram\u00e9 rouge - ArtiCamp","og_description":"Un arc-en-ciel en macram\u00e9 sur fond rouge est id\u00e9al comme d\u00e9coration murale dans une chambre d'enfant, o\u00f9 ses couleurs apportent un peu de joie.","og_url":"https:\/\/articamp.ch\/fr\/shop\/arc-en-ciel-en-macrame-rouge\/","og_site_name":"ArtiCamp","article_publisher":"https:\/\/www.facebook.com\/profile.php?id=100090195593870","article_modified_time":"2023-04-26T11:20:19+00:00","og_image":[{"width":2560,"height":2560,"url":"https:\/\/i0.wp.com\/articamp.ch\/wp-content\/uploads\/2023\/03\/20230315_151520-01-scaled.jpeg?fit=2560%2C2560&ssl=1","type":"image\/jpeg"}],"twitter_card":"summary_large_image","twitter_misc":{"Dur\u00e9e de lecture estim\u00e9e":"1 minute"},"schema":{"@context":"https:\/\/schema.org","@graph":[{"@type":"WebPage","@id":"https:\/\/articamp.ch\/fr\/shop\/arc-en-ciel-en-macrame-rouge\/","url":"https:\/\/articamp.ch\/fr\/shop\/arc-en-ciel-en-macrame-rouge\/","name":"Arc-en-ciel en macram\u00e9 rouge - ArtiCamp","isPartOf":{"@id":"https:\/\/articamp.ch\/fr\/#website"},"primaryImageOfPage":{"@id":"https:\/\/articamp.ch\/fr\/shop\/arc-en-ciel-en-macrame-rouge\/#primaryimage"},"image":{"@id":"https:\/\/articamp.ch\/fr\/shop\/arc-en-ciel-en-macrame-rouge\/#primaryimage"},"thumbnailUrl":"https:\/\/i0.wp.com\/articamp.ch\/wp-content\/uploads\/2023\/03\/20230315_151520-01-scaled.jpeg?fit=2560%2C2560&ssl=1","datePublished":"2023-03-16T13:08:41+00:00","dateModified":"2023-04-26T11:20:19+00:00","description":"Un arc-en-ciel en macram\u00e9 sur fond rouge est id\u00e9al comme d\u00e9coration murale dans une chambre d'enfant, o\u00f9 ses couleurs apportent un peu de joie.","breadcrumb":{"@id":"https:\/\/articamp.ch\/fr\/shop\/arc-en-ciel-en-macrame-rouge\/#breadcrumb"},"inLanguage":"fr-FR","potentialAction":[{"@type":"ReadAction","target":["https:\/\/articamp.ch\/fr\/shop\/arc-en-ciel-en-macrame-rouge\/"]}]},{"@type":"ImageObject","inLanguage":"fr-FR","@id":"https:\/\/articamp.ch\/fr\/shop\/arc-en-ciel-en-macrame-rouge\/#primaryimage","url":"https:\/\/i0.wp.com\/articamp.ch\/wp-content\/uploads\/2023\/03\/20230315_151520-01-scaled.jpeg?fit=2560%2C2560&ssl=1","contentUrl":"https:\/\/i0.wp.com\/articamp.ch\/wp-content\/uploads\/2023\/03\/20230315_151520-01-scaled.jpeg?fit=2560%2C2560&ssl=1","width":2560,"height":2560,"caption":"arc-en-ciel en macram\u00e9 rouge"},{"@type":"BreadcrumbList","@id":"https:\/\/articamp.ch\/fr\/shop\/arc-en-ciel-en-macrame-rouge\/#breadcrumb","itemListElement":[{"@type":"ListItem","position":1,"name":"Home","item":"https:\/\/articamp.ch\/fr\/accueil\/"},{"@type":"ListItem","position":2,"name":"Boutique","item":"https:\/\/articamp.ch\/fr\/boutique\/"},{"@type":"ListItem","position":3,"name":"Arc-en-ciel en macram\u00e9 rouge"}]},{"@type":"WebSite","@id":"https:\/\/articamp.ch\/fr\/#website","url":"https:\/\/articamp.ch\/fr\/","name":"articamp.ch","description":"lavori d&#039;artigianato individuali fatti a mano","publisher":{"@id":"https:\/\/articamp.ch\/fr\/#organization"},"potentialAction":[{"@type":"SearchAction","target":{"@type":"EntryPoint","urlTemplate":"https:\/\/articamp.ch\/fr\/?s={search_term_string}"},"query-input":{"@type":"PropertyValueSpecification","valueRequired":true,"valueName":"search_term_string"}}],"inLanguage":"fr-FR"},{"@type":"Organization","@id":"https:\/\/articamp.ch\/fr\/#organization","name":"ArtiCamp","url":"https:\/\/articamp.ch\/fr\/","logo":{"@type":"ImageObject","inLanguage":"fr-FR","@id":"https:\/\/articamp.ch\/fr\/#\/schema\/logo\/image\/","url":"https:\/\/i0.wp.com\/articamp.ch\/wp-content\/uploads\/2023\/12\/cropped-Logo-ArtiCamp.png?fit=512%2C512&ssl=1","contentUrl":"https:\/\/i0.wp.com\/articamp.ch\/wp-content\/uploads\/2023\/12\/cropped-Logo-ArtiCamp.png?fit=512%2C512&ssl=1","width":512,"height":512,"caption":"ArtiCamp"},"image":{"@id":"https:\/\/articamp.ch\/fr\/#\/schema\/logo\/image\/"},"sameAs":["https:\/\/www.facebook.com\/profile.php?id=100090195593870","https:\/\/www.instagram.com\/articamp.ch\/","https:\/\/www.tiktok.com\/@articamp"]}]}},"jetpack_sharing_enabled":true,"_links":{"self":[{"href":"https:\/\/articamp.ch\/fr\/wp-json\/wp\/v2\/product\/30238","targetHints":{"allow":["GET"]}}],"collection":[{"href":"https:\/\/articamp.ch\/fr\/wp-json\/wp\/v2\/product"}],"about":[{"href":"https:\/\/articamp.ch\/fr\/wp-json\/wp\/v2\/types\/product"}],"replies":[{"embeddable":true,"href":"https:\/\/articamp.ch\/fr\/wp-json\/wp\/v2\/comments?post=30238"}],"wp:featuredmedia":[{"embeddable":true,"href":"https:\/\/articamp.ch\/fr\/wp-json\/wp\/v2\/media\/29837"}],"wp:attachment":[{"href":"https:\/\/articamp.ch\/fr\/wp-json\/wp\/v2\/media?parent=30238"}],"wp:term":[{"taxonomy":"product_brand","embeddable":true,"href":"https:\/\/articamp.ch\/fr\/wp-json\/wp\/v2\/product_brand?post=30238"},{"taxonomy":"product_cat","embeddable":true,"href":"https:\/\/articamp.ch\/fr\/wp-json\/wp\/v2\/product_cat?post=30238"},{"taxonomy":"product_tag","embeddable":true,"href":"https:\/\/articamp.ch\/fr\/wp-json\/wp\/v2\/product_tag?post=30238"}],"curies":[{"name":"wp","href":"https:\/\/api.w.org\/{rel}","templated":true}]}}