{"id":30221,"date":"2023-03-11T10:23:03","date_gmt":"2023-03-11T09:23:03","guid":{"rendered":"https:\/\/articamp.ch\/prodotto\/bouteille-magique-avec-fenetres\/"},"modified":"2023-04-26T13:20:13","modified_gmt":"2023-04-26T11:20:13","slug":"bouteille-magique-avec-fenetres","status":"publish","type":"product","link":"https:\/\/articamp.ch\/fr\/shop\/bouteille-magique-avec-fenetres\/","title":{"rendered":"Bouteille magique avec fen\u00eatres"},"content":{"rendered":"<h2 style=\"text-align:left\">\u00c0 propos de la bouteille magique<\/h2>\n<p>Pourquoi la magie ? Laisse la bouteille magique sur le balcon (\u00e0 l&rsquo;abri de la pluie) ou pr\u00e8s de la fen\u00eatre. Pendant la journ\u00e9e, la batterie est recharg\u00e9e par le soleil. Le soir, d\u00e8s que la nuit tombe, la lampe s&rsquo;allume d&rsquo;elle-m\u00eame sans que vous n&rsquo;ayez rien \u00e0 faire. Laisse-toi surprendre par une atmosph\u00e8re magique tous les soirs.<\/p>\n<p>Plus la bouteille re\u00e7oit de lumi\u00e8re pendant la journ\u00e9e, plus elle en recevra le soir.<\/p>\n<p>\u00c0 l&rsquo;int\u00e9rieur de la bouteille, en plus des lumi\u00e8res LED, il y a quelques morceaux de p\u00e9tales rouges qui donnent une touche de chaleur suppl\u00e9mentaire.<\/p>\n<p>La bouteille a \u00e9t\u00e9 d\u00e9cor\u00e9e \u00e0 la main.<\/p>\n<blockquote><p><em>Donne \u00e0 ta maison une touche magique !<\/em><\/p><\/blockquote>\n<ul>\n<li>Artisanat, chacun de nos produits est fait \u00e0 la main et individuel.<\/li>\n<li>Les mesures indiqu\u00e9es sont approximatives.<\/li>\n<li>Les mat\u00e9riaux d\u00e9coratifs figurant sur la photo ne sont pas inclus.<\/li>\n<li>Il peut y avoir de l\u00e9g\u00e8res variations de couleur entre les photos et le produit r\u00e9el.<\/li>\n<\/ul>\n","protected":false},"excerpt":{"rendered":"<p>Bouteille magique<\/p>\n<p>Hauteur 21 cm<\/p>\n<p>Diam\u00e8tre max. 6,5 cm<\/p>\n<p>Les mesures sont approximatives.<\/p>\n","protected":false},"featured_media":29827,"comment_status":"open","ping_status":"closed","template":"","meta":{"_monsterinsights_skip_tracking":false,"_monsterinsights_sitenote_active":false,"_monsterinsights_sitenote_note":"","_monsterinsights_sitenote_category":0},"product_brand":[],"product_cat":[174,152],"product_tag":[175,177,176],"class_list":{"0":"post-30221","1":"product","2":"type-product","3":"status-publish","4":"has-post-thumbnail","6":"product_cat-bouteilles-lumineuses","7":"product_cat-tous","8":"product_tag-bouteille","9":"product_tag-bouteille-lumineuse","10":"product_tag-bouteille-magique","11":"product_shipping_class-gros-paquet","13":"first","14":"onbackorder","15":"sold-individually","16":"shipping-taxable","17":"purchasable","18":"product-type-simple"},"yoast_head":"<!-- This site is optimized with the Yoast SEO plugin v27.6 - https:\/\/yoast.com\/product\/yoast-seo-wordpress\/ -->\n<title>Bouteille magique avec fen\u00eatres - ArtiCamp<\/title>\n<meta name=\"description\" content=\"Pourquoi une bouteille magique ? Laisse la bouteille sur le balcon ou pr\u00e8s de la fen\u00eatre et elle s&#039;illuminera chaque soir pour une atmosph\u00e8re unique.\" \/>\n<meta name=\"robots\" content=\"index, follow, max-snippet:-1, max-image-preview:large, max-video-preview:-1\" \/>\n<link rel=\"canonical\" href=\"https:\/\/articamp.ch\/fr\/shop\/bouteille-magique-avec-fenetres\/\" \/>\n<meta property=\"og:locale\" content=\"fr_FR\" \/>\n<meta property=\"og:type\" content=\"article\" \/>\n<meta property=\"og:title\" content=\"Bouteille magique avec fen\u00eatres - ArtiCamp\" \/>\n<meta property=\"og:description\" content=\"Pourquoi une bouteille magique ? Laisse la bouteille sur le balcon ou pr\u00e8s de la fen\u00eatre et elle s&#039;illuminera chaque soir pour une atmosph\u00e8re unique.\" \/>\n<meta property=\"og:url\" content=\"https:\/\/articamp.ch\/fr\/shop\/bouteille-magique-avec-fenetres\/\" \/>\n<meta property=\"og:site_name\" content=\"ArtiCamp\" \/>\n<meta property=\"article:publisher\" content=\"https:\/\/www.facebook.com\/profile.php?id=100090195593870\" \/>\n<meta property=\"article:modified_time\" content=\"2023-04-26T11:20:13+00:00\" \/>\n<meta property=\"og:image\" content=\"https:\/\/i0.wp.com\/articamp.ch\/wp-content\/uploads\/2023\/03\/20221122_082606-01-scaled.jpeg?fit=1920%2C2560&ssl=1\" \/>\n\t<meta property=\"og:image:width\" content=\"1920\" \/>\n\t<meta property=\"og:image:height\" content=\"2560\" \/>\n\t<meta property=\"og:image:type\" content=\"image\/jpeg\" \/>\n<meta name=\"twitter:card\" content=\"summary_large_image\" \/>\n<meta name=\"twitter:label1\" content=\"Dur\u00e9e de lecture estim\u00e9e\" \/>\n\t<meta name=\"twitter:data1\" content=\"1 minute\" \/>\n<script type=\"application\/ld+json\" class=\"yoast-schema-graph\">{\"@context\":\"https:\\\/\\\/schema.org\",\"@graph\":[{\"@type\":\"WebPage\",\"@id\":\"https:\\\/\\\/articamp.ch\\\/fr\\\/shop\\\/bouteille-magique-avec-fenetres\\\/\",\"url\":\"https:\\\/\\\/articamp.ch\\\/fr\\\/shop\\\/bouteille-magique-avec-fenetres\\\/\",\"name\":\"Bouteille magique avec fen\u00eatres - ArtiCamp\",\"isPartOf\":{\"@id\":\"https:\\\/\\\/articamp.ch\\\/fr\\\/#website\"},\"primaryImageOfPage\":{\"@id\":\"https:\\\/\\\/articamp.ch\\\/fr\\\/shop\\\/bouteille-magique-avec-fenetres\\\/#primaryimage\"},\"image\":{\"@id\":\"https:\\\/\\\/articamp.ch\\\/fr\\\/shop\\\/bouteille-magique-avec-fenetres\\\/#primaryimage\"},\"thumbnailUrl\":\"https:\\\/\\\/i0.wp.com\\\/articamp.ch\\\/wp-content\\\/uploads\\\/2023\\\/03\\\/20230315_151012-01-scaled.jpeg?fit=1920%2C2560&ssl=1\",\"datePublished\":\"2023-03-11T09:23:03+00:00\",\"dateModified\":\"2023-04-26T11:20:13+00:00\",\"description\":\"Pourquoi une bouteille magique ? Laisse la bouteille sur le balcon ou pr\u00e8s de la fen\u00eatre et elle s'illuminera chaque soir pour une atmosph\u00e8re unique.\",\"breadcrumb\":{\"@id\":\"https:\\\/\\\/articamp.ch\\\/fr\\\/shop\\\/bouteille-magique-avec-fenetres\\\/#breadcrumb\"},\"inLanguage\":\"fr-FR\",\"potentialAction\":[{\"@type\":\"ReadAction\",\"target\":[\"https:\\\/\\\/articamp.ch\\\/fr\\\/shop\\\/bouteille-magique-avec-fenetres\\\/\"]}]},{\"@type\":\"ImageObject\",\"inLanguage\":\"fr-FR\",\"@id\":\"https:\\\/\\\/articamp.ch\\\/fr\\\/shop\\\/bouteille-magique-avec-fenetres\\\/#primaryimage\",\"url\":\"https:\\\/\\\/i0.wp.com\\\/articamp.ch\\\/wp-content\\\/uploads\\\/2023\\\/03\\\/20230315_151012-01-scaled.jpeg?fit=1920%2C2560&ssl=1\",\"contentUrl\":\"https:\\\/\\\/i0.wp.com\\\/articamp.ch\\\/wp-content\\\/uploads\\\/2023\\\/03\\\/20230315_151012-01-scaled.jpeg?fit=1920%2C2560&ssl=1\",\"width\":1920,\"height\":2560},{\"@type\":\"BreadcrumbList\",\"@id\":\"https:\\\/\\\/articamp.ch\\\/fr\\\/shop\\\/bouteille-magique-avec-fenetres\\\/#breadcrumb\",\"itemListElement\":[{\"@type\":\"ListItem\",\"position\":1,\"name\":\"Home\",\"item\":\"https:\\\/\\\/articamp.ch\\\/fr\\\/accueil\\\/\"},{\"@type\":\"ListItem\",\"position\":2,\"name\":\"Boutique\",\"item\":\"https:\\\/\\\/articamp.ch\\\/fr\\\/boutique\\\/\"},{\"@type\":\"ListItem\",\"position\":3,\"name\":\"Bouteille magique avec fen\u00eatres\"}]},{\"@type\":\"WebSite\",\"@id\":\"https:\\\/\\\/articamp.ch\\\/fr\\\/#website\",\"url\":\"https:\\\/\\\/articamp.ch\\\/fr\\\/\",\"name\":\"articamp.ch\",\"description\":\"lavori d&#039;artigianato individuali fatti a mano\",\"publisher\":{\"@id\":\"https:\\\/\\\/articamp.ch\\\/fr\\\/#organization\"},\"potentialAction\":[{\"@type\":\"SearchAction\",\"target\":{\"@type\":\"EntryPoint\",\"urlTemplate\":\"https:\\\/\\\/articamp.ch\\\/fr\\\/?s={search_term_string}\"},\"query-input\":{\"@type\":\"PropertyValueSpecification\",\"valueRequired\":true,\"valueName\":\"search_term_string\"}}],\"inLanguage\":\"fr-FR\"},{\"@type\":\"Organization\",\"@id\":\"https:\\\/\\\/articamp.ch\\\/fr\\\/#organization\",\"name\":\"ArtiCamp\",\"url\":\"https:\\\/\\\/articamp.ch\\\/fr\\\/\",\"logo\":{\"@type\":\"ImageObject\",\"inLanguage\":\"fr-FR\",\"@id\":\"https:\\\/\\\/articamp.ch\\\/fr\\\/#\\\/schema\\\/logo\\\/image\\\/\",\"url\":\"https:\\\/\\\/i0.wp.com\\\/articamp.ch\\\/wp-content\\\/uploads\\\/2023\\\/12\\\/cropped-Logo-ArtiCamp.png?fit=512%2C512&ssl=1\",\"contentUrl\":\"https:\\\/\\\/i0.wp.com\\\/articamp.ch\\\/wp-content\\\/uploads\\\/2023\\\/12\\\/cropped-Logo-ArtiCamp.png?fit=512%2C512&ssl=1\",\"width\":512,\"height\":512,\"caption\":\"ArtiCamp\"},\"image\":{\"@id\":\"https:\\\/\\\/articamp.ch\\\/fr\\\/#\\\/schema\\\/logo\\\/image\\\/\"},\"sameAs\":[\"https:\\\/\\\/www.facebook.com\\\/profile.php?id=100090195593870\",\"https:\\\/\\\/www.instagram.com\\\/articamp.ch\\\/\",\"https:\\\/\\\/www.tiktok.com\\\/@articamp\"]}]}<\/script>\n<!-- \/ Yoast SEO plugin. -->","yoast_head_json":{"title":"Bouteille magique avec fen\u00eatres - ArtiCamp","description":"Pourquoi une bouteille magique ? Laisse la bouteille sur le balcon ou pr\u00e8s de la fen\u00eatre et elle s'illuminera chaque soir pour une atmosph\u00e8re unique.","robots":{"index":"index","follow":"follow","max-snippet":"max-snippet:-1","max-image-preview":"max-image-preview:large","max-video-preview":"max-video-preview:-1"},"canonical":"https:\/\/articamp.ch\/fr\/shop\/bouteille-magique-avec-fenetres\/","og_locale":"fr_FR","og_type":"article","og_title":"Bouteille magique avec fen\u00eatres - ArtiCamp","og_description":"Pourquoi une bouteille magique ? Laisse la bouteille sur le balcon ou pr\u00e8s de la fen\u00eatre et elle s'illuminera chaque soir pour une atmosph\u00e8re unique.","og_url":"https:\/\/articamp.ch\/fr\/shop\/bouteille-magique-avec-fenetres\/","og_site_name":"ArtiCamp","article_publisher":"https:\/\/www.facebook.com\/profile.php?id=100090195593870","article_modified_time":"2023-04-26T11:20:13+00:00","og_image":[{"width":1920,"height":2560,"url":"https:\/\/i0.wp.com\/articamp.ch\/wp-content\/uploads\/2023\/03\/20221122_082606-01-scaled.jpeg?fit=1920%2C2560&ssl=1","type":"image\/jpeg"}],"twitter_card":"summary_large_image","twitter_misc":{"Dur\u00e9e de lecture estim\u00e9e":"1 minute"},"schema":{"@context":"https:\/\/schema.org","@graph":[{"@type":"WebPage","@id":"https:\/\/articamp.ch\/fr\/shop\/bouteille-magique-avec-fenetres\/","url":"https:\/\/articamp.ch\/fr\/shop\/bouteille-magique-avec-fenetres\/","name":"Bouteille magique avec fen\u00eatres - ArtiCamp","isPartOf":{"@id":"https:\/\/articamp.ch\/fr\/#website"},"primaryImageOfPage":{"@id":"https:\/\/articamp.ch\/fr\/shop\/bouteille-magique-avec-fenetres\/#primaryimage"},"image":{"@id":"https:\/\/articamp.ch\/fr\/shop\/bouteille-magique-avec-fenetres\/#primaryimage"},"thumbnailUrl":"https:\/\/i0.wp.com\/articamp.ch\/wp-content\/uploads\/2023\/03\/20230315_151012-01-scaled.jpeg?fit=1920%2C2560&ssl=1","datePublished":"2023-03-11T09:23:03+00:00","dateModified":"2023-04-26T11:20:13+00:00","description":"Pourquoi une bouteille magique ? Laisse la bouteille sur le balcon ou pr\u00e8s de la fen\u00eatre et elle s'illuminera chaque soir pour une atmosph\u00e8re unique.","breadcrumb":{"@id":"https:\/\/articamp.ch\/fr\/shop\/bouteille-magique-avec-fenetres\/#breadcrumb"},"inLanguage":"fr-FR","potentialAction":[{"@type":"ReadAction","target":["https:\/\/articamp.ch\/fr\/shop\/bouteille-magique-avec-fenetres\/"]}]},{"@type":"ImageObject","inLanguage":"fr-FR","@id":"https:\/\/articamp.ch\/fr\/shop\/bouteille-magique-avec-fenetres\/#primaryimage","url":"https:\/\/i0.wp.com\/articamp.ch\/wp-content\/uploads\/2023\/03\/20230315_151012-01-scaled.jpeg?fit=1920%2C2560&ssl=1","contentUrl":"https:\/\/i0.wp.com\/articamp.ch\/wp-content\/uploads\/2023\/03\/20230315_151012-01-scaled.jpeg?fit=1920%2C2560&ssl=1","width":1920,"height":2560},{"@type":"BreadcrumbList","@id":"https:\/\/articamp.ch\/fr\/shop\/bouteille-magique-avec-fenetres\/#breadcrumb","itemListElement":[{"@type":"ListItem","position":1,"name":"Home","item":"https:\/\/articamp.ch\/fr\/accueil\/"},{"@type":"ListItem","position":2,"name":"Boutique","item":"https:\/\/articamp.ch\/fr\/boutique\/"},{"@type":"ListItem","position":3,"name":"Bouteille magique avec fen\u00eatres"}]},{"@type":"WebSite","@id":"https:\/\/articamp.ch\/fr\/#website","url":"https:\/\/articamp.ch\/fr\/","name":"articamp.ch","description":"lavori d&#039;artigianato individuali fatti a mano","publisher":{"@id":"https:\/\/articamp.ch\/fr\/#organization"},"potentialAction":[{"@type":"SearchAction","target":{"@type":"EntryPoint","urlTemplate":"https:\/\/articamp.ch\/fr\/?s={search_term_string}"},"query-input":{"@type":"PropertyValueSpecification","valueRequired":true,"valueName":"search_term_string"}}],"inLanguage":"fr-FR"},{"@type":"Organization","@id":"https:\/\/articamp.ch\/fr\/#organization","name":"ArtiCamp","url":"https:\/\/articamp.ch\/fr\/","logo":{"@type":"ImageObject","inLanguage":"fr-FR","@id":"https:\/\/articamp.ch\/fr\/#\/schema\/logo\/image\/","url":"https:\/\/i0.wp.com\/articamp.ch\/wp-content\/uploads\/2023\/12\/cropped-Logo-ArtiCamp.png?fit=512%2C512&ssl=1","contentUrl":"https:\/\/i0.wp.com\/articamp.ch\/wp-content\/uploads\/2023\/12\/cropped-Logo-ArtiCamp.png?fit=512%2C512&ssl=1","width":512,"height":512,"caption":"ArtiCamp"},"image":{"@id":"https:\/\/articamp.ch\/fr\/#\/schema\/logo\/image\/"},"sameAs":["https:\/\/www.facebook.com\/profile.php?id=100090195593870","https:\/\/www.instagram.com\/articamp.ch\/","https:\/\/www.tiktok.com\/@articamp"]}]}},"jetpack_sharing_enabled":true,"_links":{"self":[{"href":"https:\/\/articamp.ch\/fr\/wp-json\/wp\/v2\/product\/30221","targetHints":{"allow":["GET"]}}],"collection":[{"href":"https:\/\/articamp.ch\/fr\/wp-json\/wp\/v2\/product"}],"about":[{"href":"https:\/\/articamp.ch\/fr\/wp-json\/wp\/v2\/types\/product"}],"replies":[{"embeddable":true,"href":"https:\/\/articamp.ch\/fr\/wp-json\/wp\/v2\/comments?post=30221"}],"wp:featuredmedia":[{"embeddable":true,"href":"https:\/\/articamp.ch\/fr\/wp-json\/wp\/v2\/media\/29827"}],"wp:attachment":[{"href":"https:\/\/articamp.ch\/fr\/wp-json\/wp\/v2\/media?parent=30221"}],"wp:term":[{"taxonomy":"product_brand","embeddable":true,"href":"https:\/\/articamp.ch\/fr\/wp-json\/wp\/v2\/product_brand?post=30221"},{"taxonomy":"product_cat","embeddable":true,"href":"https:\/\/articamp.ch\/fr\/wp-json\/wp\/v2\/product_cat?post=30221"},{"taxonomy":"product_tag","embeddable":true,"href":"https:\/\/articamp.ch\/fr\/wp-json\/wp\/v2\/product_tag?post=30221"}],"curies":[{"name":"wp","href":"https:\/\/api.w.org\/{rel}","templated":true}]}}