{"id":30214,"date":"2023-03-15T09:49:12","date_gmt":"2023-03-15T08:49:12","guid":{"rendered":"https:\/\/articamp.ch\/prodotto\/laterna-la-perle\/"},"modified":"2023-04-26T13:20:11","modified_gmt":"2023-04-26T11:20:11","slug":"laterna-la-perle","status":"publish","type":"product","link":"https:\/\/articamp.ch\/fr\/shop\/laterna-la-perle\/","title":{"rendered":"Laterna la perle"},"content":{"rendered":"<h2 style=\"text-align:left\">\u00c0 propos de laterna la perla<\/h2>\n<p>Cette laterna a une base de couleur perle et est enti\u00e8rement d\u00e9cor\u00e9e de macram\u00e9. Que tu l&rsquo;utilises \u00e0 l&rsquo;int\u00e9rieur ou \u00e0 l&rsquo;ext\u00e9rieur, ta bougie sera en s\u00e9curit\u00e9, prot\u00e9g\u00e9e du vent qui pourrait la souffler, tout comme le verre agit comme une protection pour \u00e9viter qu&rsquo;elle ne mette en danger les parties inflammables qui se trouvent \u00e0 proximit\u00e9.<\/p>\n<p>Pourquoi ne pas cr\u00e9er une ambiance unique \u00e0 la maison avec ce lat\u00e9ral, dans le jardin ou peut-\u00eatre m\u00eame au camping ? Laisse-toi surprendre par une atmosph\u00e8re magique tous les soirs.<\/p>\n<p>La bouteille a \u00e9t\u00e9 d\u00e9cor\u00e9e \u00e0 la main.<\/p>\n<blockquote><p><strong><em>Donnez \u00e0 votre maison une touche unique avec ArtiCamp !<\/em><\/strong><\/p><\/blockquote>\n<p>Hauteur 11 cm<\/p>\n<p>Diam\u00e8tre max. 9,5 cm<\/p>\n<ul>\n<li>Artisanat, chacun de nos produits est fait \u00e0 la main et individuel.<\/li>\n<li>Les mesures indiqu\u00e9es sont approximatives.<\/li>\n<li>Les mat\u00e9riaux d\u00e9coratifs figurant sur la photo ne sont pas inclus.<\/li>\n<li>Il peut y avoir de l\u00e9g\u00e8res variations de couleur entre les photos et le produit r\u00e9el.<\/li>\n<\/ul>\n","protected":false},"excerpt":{"rendered":"<p>Cette laterna a une base de couleur perle et est enti\u00e8rement d\u00e9cor\u00e9e de macram\u00e9<\/p>\n","protected":false},"featured_media":29749,"comment_status":"open","ping_status":"closed","template":"","meta":{"_monsterinsights_skip_tracking":false,"_monsterinsights_sitenote_active":false,"_monsterinsights_sitenote_note":"","_monsterinsights_sitenote_category":0},"product_brand":[],"product_cat":[152],"product_tag":[191,193,194],"class_list":{"0":"post-30214","1":"product","2":"type-product","3":"status-publish","4":"has-post-thumbnail","6":"product_cat-tous","7":"product_tag-bougeoir","8":"product_tag-laterna-fr","9":"product_tag-vase-decore","10":"product_shipping_class-gros-paquet","12":"first","13":"outofstock","14":"sold-individually","15":"shipping-taxable","16":"purchasable","17":"product-type-simple"},"yoast_head":"<!-- This site is optimized with the Yoast SEO plugin v27.6 - https:\/\/yoast.com\/product\/yoast-seo-wordpress\/ -->\n<title>Laterna la perle - ArtiCamp<\/title>\n<meta name=\"description\" content=\"Cette laterna a une base de couleur perle et est d\u00e9cor\u00e9e de macram\u00e9. Que tu l&#039;utilises \u00e0 l&#039;int\u00e9rieur ou \u00e0 l&#039;ext\u00e9rieur, ta bougie sera en s\u00e9curit\u00e9 ! !!\" \/>\n<meta name=\"robots\" content=\"index, follow, max-snippet:-1, max-image-preview:large, max-video-preview:-1\" \/>\n<link rel=\"canonical\" href=\"https:\/\/articamp.ch\/fr\/shop\/laterna-la-perle\/\" \/>\n<meta property=\"og:locale\" content=\"fr_FR\" \/>\n<meta property=\"og:type\" content=\"article\" \/>\n<meta property=\"og:title\" content=\"Laterna la perle - ArtiCamp\" \/>\n<meta property=\"og:description\" content=\"Cette laterna a une base de couleur perle et est d\u00e9cor\u00e9e de macram\u00e9. Que tu l&#039;utilises \u00e0 l&#039;int\u00e9rieur ou \u00e0 l&#039;ext\u00e9rieur, ta bougie sera en s\u00e9curit\u00e9 ! !!\" \/>\n<meta property=\"og:url\" content=\"https:\/\/articamp.ch\/fr\/shop\/laterna-la-perle\/\" \/>\n<meta property=\"og:site_name\" content=\"ArtiCamp\" \/>\n<meta property=\"article:publisher\" content=\"https:\/\/www.facebook.com\/profile.php?id=100090195593870\" \/>\n<meta property=\"article:modified_time\" content=\"2023-04-26T11:20:11+00:00\" \/>\n<meta property=\"og:image\" content=\"https:\/\/i0.wp.com\/articamp.ch\/wp-content\/uploads\/2023\/03\/20230308_133601-01-scaled.jpeg?fit=2560%2C2560&ssl=1\" \/>\n\t<meta property=\"og:image:width\" content=\"2560\" \/>\n\t<meta property=\"og:image:height\" content=\"2560\" \/>\n\t<meta property=\"og:image:type\" content=\"image\/jpeg\" \/>\n<meta name=\"twitter:card\" content=\"summary_large_image\" \/>\n<meta name=\"twitter:label1\" content=\"Dur\u00e9e de lecture estim\u00e9e\" \/>\n\t<meta name=\"twitter:data1\" content=\"1 minute\" \/>\n<script type=\"application\/ld+json\" class=\"yoast-schema-graph\">{\"@context\":\"https:\\\/\\\/schema.org\",\"@graph\":[{\"@type\":\"WebPage\",\"@id\":\"https:\\\/\\\/articamp.ch\\\/fr\\\/shop\\\/laterna-la-perle\\\/\",\"url\":\"https:\\\/\\\/articamp.ch\\\/fr\\\/shop\\\/laterna-la-perle\\\/\",\"name\":\"Laterna la perle - ArtiCamp\",\"isPartOf\":{\"@id\":\"https:\\\/\\\/articamp.ch\\\/fr\\\/#website\"},\"primaryImageOfPage\":{\"@id\":\"https:\\\/\\\/articamp.ch\\\/fr\\\/shop\\\/laterna-la-perle\\\/#primaryimage\"},\"image\":{\"@id\":\"https:\\\/\\\/articamp.ch\\\/fr\\\/shop\\\/laterna-la-perle\\\/#primaryimage\"},\"thumbnailUrl\":\"https:\\\/\\\/i0.wp.com\\\/articamp.ch\\\/wp-content\\\/uploads\\\/2023\\\/03\\\/20230308_133601-01-scaled.jpeg?fit=2560%2C2560&ssl=1\",\"datePublished\":\"2023-03-15T08:49:12+00:00\",\"dateModified\":\"2023-04-26T11:20:11+00:00\",\"description\":\"Cette laterna a une base de couleur perle et est d\u00e9cor\u00e9e de macram\u00e9. Que tu l'utilises \u00e0 l'int\u00e9rieur ou \u00e0 l'ext\u00e9rieur, ta bougie sera en s\u00e9curit\u00e9 ! !!\",\"breadcrumb\":{\"@id\":\"https:\\\/\\\/articamp.ch\\\/fr\\\/shop\\\/laterna-la-perle\\\/#breadcrumb\"},\"inLanguage\":\"fr-FR\",\"potentialAction\":[{\"@type\":\"ReadAction\",\"target\":[\"https:\\\/\\\/articamp.ch\\\/fr\\\/shop\\\/laterna-la-perle\\\/\"]}]},{\"@type\":\"ImageObject\",\"inLanguage\":\"fr-FR\",\"@id\":\"https:\\\/\\\/articamp.ch\\\/fr\\\/shop\\\/laterna-la-perle\\\/#primaryimage\",\"url\":\"https:\\\/\\\/i0.wp.com\\\/articamp.ch\\\/wp-content\\\/uploads\\\/2023\\\/03\\\/20230308_133601-01-scaled.jpeg?fit=2560%2C2560&ssl=1\",\"contentUrl\":\"https:\\\/\\\/i0.wp.com\\\/articamp.ch\\\/wp-content\\\/uploads\\\/2023\\\/03\\\/20230308_133601-01-scaled.jpeg?fit=2560%2C2560&ssl=1\",\"width\":2560,\"height\":2560,\"caption\":\"laterna la perle\"},{\"@type\":\"BreadcrumbList\",\"@id\":\"https:\\\/\\\/articamp.ch\\\/fr\\\/shop\\\/laterna-la-perle\\\/#breadcrumb\",\"itemListElement\":[{\"@type\":\"ListItem\",\"position\":1,\"name\":\"Home\",\"item\":\"https:\\\/\\\/articamp.ch\\\/fr\\\/accueil\\\/\"},{\"@type\":\"ListItem\",\"position\":2,\"name\":\"Boutique\",\"item\":\"https:\\\/\\\/articamp.ch\\\/fr\\\/boutique\\\/\"},{\"@type\":\"ListItem\",\"position\":3,\"name\":\"Laterna la perle\"}]},{\"@type\":\"WebSite\",\"@id\":\"https:\\\/\\\/articamp.ch\\\/fr\\\/#website\",\"url\":\"https:\\\/\\\/articamp.ch\\\/fr\\\/\",\"name\":\"articamp.ch\",\"description\":\"lavori d&#039;artigianato individuali fatti a mano\",\"publisher\":{\"@id\":\"https:\\\/\\\/articamp.ch\\\/fr\\\/#organization\"},\"potentialAction\":[{\"@type\":\"SearchAction\",\"target\":{\"@type\":\"EntryPoint\",\"urlTemplate\":\"https:\\\/\\\/articamp.ch\\\/fr\\\/?s={search_term_string}\"},\"query-input\":{\"@type\":\"PropertyValueSpecification\",\"valueRequired\":true,\"valueName\":\"search_term_string\"}}],\"inLanguage\":\"fr-FR\"},{\"@type\":\"Organization\",\"@id\":\"https:\\\/\\\/articamp.ch\\\/fr\\\/#organization\",\"name\":\"ArtiCamp\",\"url\":\"https:\\\/\\\/articamp.ch\\\/fr\\\/\",\"logo\":{\"@type\":\"ImageObject\",\"inLanguage\":\"fr-FR\",\"@id\":\"https:\\\/\\\/articamp.ch\\\/fr\\\/#\\\/schema\\\/logo\\\/image\\\/\",\"url\":\"https:\\\/\\\/i0.wp.com\\\/articamp.ch\\\/wp-content\\\/uploads\\\/2023\\\/12\\\/cropped-Logo-ArtiCamp.png?fit=512%2C512&ssl=1\",\"contentUrl\":\"https:\\\/\\\/i0.wp.com\\\/articamp.ch\\\/wp-content\\\/uploads\\\/2023\\\/12\\\/cropped-Logo-ArtiCamp.png?fit=512%2C512&ssl=1\",\"width\":512,\"height\":512,\"caption\":\"ArtiCamp\"},\"image\":{\"@id\":\"https:\\\/\\\/articamp.ch\\\/fr\\\/#\\\/schema\\\/logo\\\/image\\\/\"},\"sameAs\":[\"https:\\\/\\\/www.facebook.com\\\/profile.php?id=100090195593870\",\"https:\\\/\\\/www.instagram.com\\\/articamp.ch\\\/\",\"https:\\\/\\\/www.tiktok.com\\\/@articamp\"]}]}<\/script>\n<!-- \/ Yoast SEO plugin. -->","yoast_head_json":{"title":"Laterna la perle - ArtiCamp","description":"Cette laterna a une base de couleur perle et est d\u00e9cor\u00e9e de macram\u00e9. Que tu l'utilises \u00e0 l'int\u00e9rieur ou \u00e0 l'ext\u00e9rieur, ta bougie sera en s\u00e9curit\u00e9 ! !!","robots":{"index":"index","follow":"follow","max-snippet":"max-snippet:-1","max-image-preview":"max-image-preview:large","max-video-preview":"max-video-preview:-1"},"canonical":"https:\/\/articamp.ch\/fr\/shop\/laterna-la-perle\/","og_locale":"fr_FR","og_type":"article","og_title":"Laterna la perle - ArtiCamp","og_description":"Cette laterna a une base de couleur perle et est d\u00e9cor\u00e9e de macram\u00e9. Que tu l'utilises \u00e0 l'int\u00e9rieur ou \u00e0 l'ext\u00e9rieur, ta bougie sera en s\u00e9curit\u00e9 ! !!","og_url":"https:\/\/articamp.ch\/fr\/shop\/laterna-la-perle\/","og_site_name":"ArtiCamp","article_publisher":"https:\/\/www.facebook.com\/profile.php?id=100090195593870","article_modified_time":"2023-04-26T11:20:11+00:00","og_image":[{"width":2560,"height":2560,"url":"https:\/\/i0.wp.com\/articamp.ch\/wp-content\/uploads\/2023\/03\/20230308_133601-01-scaled.jpeg?fit=2560%2C2560&ssl=1","type":"image\/jpeg"}],"twitter_card":"summary_large_image","twitter_misc":{"Dur\u00e9e de lecture estim\u00e9e":"1 minute"},"schema":{"@context":"https:\/\/schema.org","@graph":[{"@type":"WebPage","@id":"https:\/\/articamp.ch\/fr\/shop\/laterna-la-perle\/","url":"https:\/\/articamp.ch\/fr\/shop\/laterna-la-perle\/","name":"Laterna la perle - ArtiCamp","isPartOf":{"@id":"https:\/\/articamp.ch\/fr\/#website"},"primaryImageOfPage":{"@id":"https:\/\/articamp.ch\/fr\/shop\/laterna-la-perle\/#primaryimage"},"image":{"@id":"https:\/\/articamp.ch\/fr\/shop\/laterna-la-perle\/#primaryimage"},"thumbnailUrl":"https:\/\/i0.wp.com\/articamp.ch\/wp-content\/uploads\/2023\/03\/20230308_133601-01-scaled.jpeg?fit=2560%2C2560&ssl=1","datePublished":"2023-03-15T08:49:12+00:00","dateModified":"2023-04-26T11:20:11+00:00","description":"Cette laterna a une base de couleur perle et est d\u00e9cor\u00e9e de macram\u00e9. Que tu l'utilises \u00e0 l'int\u00e9rieur ou \u00e0 l'ext\u00e9rieur, ta bougie sera en s\u00e9curit\u00e9 ! !!","breadcrumb":{"@id":"https:\/\/articamp.ch\/fr\/shop\/laterna-la-perle\/#breadcrumb"},"inLanguage":"fr-FR","potentialAction":[{"@type":"ReadAction","target":["https:\/\/articamp.ch\/fr\/shop\/laterna-la-perle\/"]}]},{"@type":"ImageObject","inLanguage":"fr-FR","@id":"https:\/\/articamp.ch\/fr\/shop\/laterna-la-perle\/#primaryimage","url":"https:\/\/i0.wp.com\/articamp.ch\/wp-content\/uploads\/2023\/03\/20230308_133601-01-scaled.jpeg?fit=2560%2C2560&ssl=1","contentUrl":"https:\/\/i0.wp.com\/articamp.ch\/wp-content\/uploads\/2023\/03\/20230308_133601-01-scaled.jpeg?fit=2560%2C2560&ssl=1","width":2560,"height":2560,"caption":"laterna la perle"},{"@type":"BreadcrumbList","@id":"https:\/\/articamp.ch\/fr\/shop\/laterna-la-perle\/#breadcrumb","itemListElement":[{"@type":"ListItem","position":1,"name":"Home","item":"https:\/\/articamp.ch\/fr\/accueil\/"},{"@type":"ListItem","position":2,"name":"Boutique","item":"https:\/\/articamp.ch\/fr\/boutique\/"},{"@type":"ListItem","position":3,"name":"Laterna la perle"}]},{"@type":"WebSite","@id":"https:\/\/articamp.ch\/fr\/#website","url":"https:\/\/articamp.ch\/fr\/","name":"articamp.ch","description":"lavori d&#039;artigianato individuali fatti a mano","publisher":{"@id":"https:\/\/articamp.ch\/fr\/#organization"},"potentialAction":[{"@type":"SearchAction","target":{"@type":"EntryPoint","urlTemplate":"https:\/\/articamp.ch\/fr\/?s={search_term_string}"},"query-input":{"@type":"PropertyValueSpecification","valueRequired":true,"valueName":"search_term_string"}}],"inLanguage":"fr-FR"},{"@type":"Organization","@id":"https:\/\/articamp.ch\/fr\/#organization","name":"ArtiCamp","url":"https:\/\/articamp.ch\/fr\/","logo":{"@type":"ImageObject","inLanguage":"fr-FR","@id":"https:\/\/articamp.ch\/fr\/#\/schema\/logo\/image\/","url":"https:\/\/i0.wp.com\/articamp.ch\/wp-content\/uploads\/2023\/12\/cropped-Logo-ArtiCamp.png?fit=512%2C512&ssl=1","contentUrl":"https:\/\/i0.wp.com\/articamp.ch\/wp-content\/uploads\/2023\/12\/cropped-Logo-ArtiCamp.png?fit=512%2C512&ssl=1","width":512,"height":512,"caption":"ArtiCamp"},"image":{"@id":"https:\/\/articamp.ch\/fr\/#\/schema\/logo\/image\/"},"sameAs":["https:\/\/www.facebook.com\/profile.php?id=100090195593870","https:\/\/www.instagram.com\/articamp.ch\/","https:\/\/www.tiktok.com\/@articamp"]}]}},"jetpack_sharing_enabled":true,"_links":{"self":[{"href":"https:\/\/articamp.ch\/fr\/wp-json\/wp\/v2\/product\/30214","targetHints":{"allow":["GET"]}}],"collection":[{"href":"https:\/\/articamp.ch\/fr\/wp-json\/wp\/v2\/product"}],"about":[{"href":"https:\/\/articamp.ch\/fr\/wp-json\/wp\/v2\/types\/product"}],"replies":[{"embeddable":true,"href":"https:\/\/articamp.ch\/fr\/wp-json\/wp\/v2\/comments?post=30214"}],"wp:featuredmedia":[{"embeddable":true,"href":"https:\/\/articamp.ch\/fr\/wp-json\/wp\/v2\/media\/29749"}],"wp:attachment":[{"href":"https:\/\/articamp.ch\/fr\/wp-json\/wp\/v2\/media?parent=30214"}],"wp:term":[{"taxonomy":"product_brand","embeddable":true,"href":"https:\/\/articamp.ch\/fr\/wp-json\/wp\/v2\/product_brand?post=30214"},{"taxonomy":"product_cat","embeddable":true,"href":"https:\/\/articamp.ch\/fr\/wp-json\/wp\/v2\/product_cat?post=30214"},{"taxonomy":"product_tag","embeddable":true,"href":"https:\/\/articamp.ch\/fr\/wp-json\/wp\/v2\/product_tag?post=30214"}],"curies":[{"name":"wp","href":"https:\/\/api.w.org\/{rel}","templated":true}]}}