{"id":30195,"date":"2023-03-28T17:30:10","date_gmt":"2023-03-28T15:30:10","guid":{"rendered":"https:\/\/articamp.ch\/prodotto\/decoration-de-porte\/"},"modified":"2023-05-15T15:55:07","modified_gmt":"2023-05-15T13:55:07","slug":"guirlande-dans-un-cadre","status":"publish","type":"product","link":"https:\/\/articamp.ch\/fr\/shop\/guirlande-dans-un-cadre\/","title":{"rendered":"Guirlande en macram\u00e9"},"content":{"rendered":"<h2 style=\"text-align: left;\">\u00c0 propos de la guirlande en macram\u00e9<\/h2>\n<h2 style=\"text-align: left;\"><span style=\"font-size: 16px;\">Cette guirlande r\u00e9alis\u00e9e avec la technique du macram\u00e9 est une excellente id\u00e9e \u00e0 utiliser pour d\u00e9corer une porte, mais elle convient aussi tr\u00e8s bien comme d\u00e9coration murale ou pour le camping-car\/la fourgonnette. Tricot\u00e9 \u00e0 la main avec un cordon en coton. Nous sommes certains qu&rsquo;il trouvera sa place dans votre maison.<\/span><\/h2>\n<p style=\"text-align: left;\">C&rsquo;est aussi une excellente id\u00e9e de cadeau pour une personne sp\u00e9ciale ;)<\/p>\n<blockquote><p><strong><em>Donnez \u00e0 votre maison une touche unique avec ArtiCamp !<\/em><\/strong><\/p><\/blockquote>\n<p>La taille est d&rsquo;environ 46 cm, avec le fil il a une longueur totale de 115 cm.<\/p>\n<ul>\n<li>Artisanat, chacun de nos produits est fait \u00e0 la main et individuel.<\/li>\n<li>Les mesures indiqu\u00e9es sont approximatives.<\/li>\n<li>Les mat\u00e9riaux d\u00e9coratifs figurant sur la photo ne sont pas inclus.<\/li>\n<li>Il peut y avoir de l\u00e9g\u00e8res variations de couleur entre les photos et le produit r\u00e9el.<\/li>\n<\/ul>\n","protected":false},"excerpt":{"rendered":"<p style=\"text-align: left;\"><span style=\"font-size: 16px;\">Cette guirlande r\u00e9alis\u00e9e avec la technique du macram\u00e9 est une excellente id\u00e9e pour d\u00e9corer une porte, mais elle se pr\u00eate aussi tr\u00e8s bien \u00e0 une d\u00e9coration murale. Nous sommes certains qu&rsquo;il trouvera sa place dans votre maison.<\/span><\/p>\n","protected":false},"featured_media":30692,"comment_status":"open","ping_status":"closed","template":"","meta":{"_monsterinsights_skip_tracking":false,"_monsterinsights_sitenote_active":false,"_monsterinsights_sitenote_note":"","_monsterinsights_sitenote_category":0},"product_brand":[],"product_cat":[157,152],"product_tag":[164,162,160],"class_list":{"0":"post-30195","1":"product","2":"type-product","3":"status-publish","4":"has-post-thumbnail","6":"product_cat-macrame-fr","7":"product_cat-tous","8":"product_tag-camping-car","9":"product_tag-fourgon","10":"product_tag-macrame-fr","11":"product_shipping_class-expedition-normale","13":"first","14":"instock","15":"sold-individually","16":"shipping-taxable","17":"purchasable","18":"product-type-simple"},"yoast_head":"<!-- This site is optimized with the Yoast SEO plugin v27.3 - https:\/\/yoast.com\/product\/yoast-seo-wordpress\/ -->\n<title>Guirlande en macram\u00e9 - ArtiCamp<\/title>\n<meta name=\"description\" content=\"Cette guirlande r\u00e9alis\u00e9e avec la technique du macram\u00e9 est con\u00e7ue pour la porte, mais se pr\u00eate aussi tr\u00e8s bien \u00e0 une d\u00e9coration murale.\" \/>\n<meta name=\"robots\" content=\"index, follow, max-snippet:-1, max-image-preview:large, max-video-preview:-1\" \/>\n<link rel=\"canonical\" href=\"https:\/\/articamp.ch\/fr\/shop\/guirlande-dans-un-cadre\/\" \/>\n<meta property=\"og:locale\" content=\"fr_FR\" \/>\n<meta property=\"og:type\" content=\"article\" \/>\n<meta property=\"og:title\" content=\"Guirlande en macram\u00e9 - ArtiCamp\" \/>\n<meta property=\"og:description\" content=\"Cette guirlande r\u00e9alis\u00e9e avec la technique du macram\u00e9 est con\u00e7ue pour la porte, mais se pr\u00eate aussi tr\u00e8s bien \u00e0 une d\u00e9coration murale.\" \/>\n<meta property=\"og:url\" content=\"https:\/\/articamp.ch\/fr\/shop\/guirlande-dans-un-cadre\/\" \/>\n<meta property=\"og:site_name\" content=\"ArtiCamp\" \/>\n<meta property=\"article:publisher\" content=\"https:\/\/www.facebook.com\/profile.php?id=100090195593870\" \/>\n<meta property=\"article:modified_time\" content=\"2023-05-15T13:55:07+00:00\" \/>\n<meta property=\"og:image\" content=\"https:\/\/i0.wp.com\/articamp.ch\/wp-content\/uploads\/2023\/05\/20230327_131402-01-jpeg.webp?fit=600%2C600&ssl=1\" \/>\n\t<meta property=\"og:image:width\" content=\"600\" \/>\n\t<meta property=\"og:image:height\" content=\"600\" \/>\n\t<meta property=\"og:image:type\" content=\"image\/jpeg\" \/>\n<meta name=\"twitter:card\" content=\"summary_large_image\" \/>\n<meta name=\"twitter:label1\" content=\"Dur\u00e9e de lecture estim\u00e9e\" \/>\n\t<meta name=\"twitter:data1\" content=\"1 minute\" \/>\n<script type=\"application\/ld+json\" class=\"yoast-schema-graph\">{\"@context\":\"https:\\\/\\\/schema.org\",\"@graph\":[{\"@type\":\"WebPage\",\"@id\":\"https:\\\/\\\/articamp.ch\\\/fr\\\/shop\\\/guirlande-dans-un-cadre\\\/\",\"url\":\"https:\\\/\\\/articamp.ch\\\/fr\\\/shop\\\/guirlande-dans-un-cadre\\\/\",\"name\":\"Guirlande en macram\u00e9 - ArtiCamp\",\"isPartOf\":{\"@id\":\"https:\\\/\\\/articamp.ch\\\/fr\\\/#website\"},\"primaryImageOfPage\":{\"@id\":\"https:\\\/\\\/articamp.ch\\\/fr\\\/shop\\\/guirlande-dans-un-cadre\\\/#primaryimage\"},\"image\":{\"@id\":\"https:\\\/\\\/articamp.ch\\\/fr\\\/shop\\\/guirlande-dans-un-cadre\\\/#primaryimage\"},\"thumbnailUrl\":\"https:\\\/\\\/i0.wp.com\\\/articamp.ch\\\/wp-content\\\/uploads\\\/2023\\\/05\\\/20230327_131402-01-jpeg.webp?fit=600%2C600&ssl=1\",\"datePublished\":\"2023-03-28T15:30:10+00:00\",\"dateModified\":\"2023-05-15T13:55:07+00:00\",\"description\":\"Cette guirlande r\u00e9alis\u00e9e avec la technique du macram\u00e9 est con\u00e7ue pour la porte, mais se pr\u00eate aussi tr\u00e8s bien \u00e0 une d\u00e9coration murale.\",\"breadcrumb\":{\"@id\":\"https:\\\/\\\/articamp.ch\\\/fr\\\/shop\\\/guirlande-dans-un-cadre\\\/#breadcrumb\"},\"inLanguage\":\"fr-FR\",\"potentialAction\":[{\"@type\":\"ReadAction\",\"target\":[\"https:\\\/\\\/articamp.ch\\\/fr\\\/shop\\\/guirlande-dans-un-cadre\\\/\"]}]},{\"@type\":\"ImageObject\",\"inLanguage\":\"fr-FR\",\"@id\":\"https:\\\/\\\/articamp.ch\\\/fr\\\/shop\\\/guirlande-dans-un-cadre\\\/#primaryimage\",\"url\":\"https:\\\/\\\/i0.wp.com\\\/articamp.ch\\\/wp-content\\\/uploads\\\/2023\\\/05\\\/20230327_131402-01-jpeg.webp?fit=600%2C600&ssl=1\",\"contentUrl\":\"https:\\\/\\\/i0.wp.com\\\/articamp.ch\\\/wp-content\\\/uploads\\\/2023\\\/05\\\/20230327_131402-01-jpeg.webp?fit=600%2C600&ssl=1\",\"width\":600,\"height\":600},{\"@type\":\"BreadcrumbList\",\"@id\":\"https:\\\/\\\/articamp.ch\\\/fr\\\/shop\\\/guirlande-dans-un-cadre\\\/#breadcrumb\",\"itemListElement\":[{\"@type\":\"ListItem\",\"position\":1,\"name\":\"Home\",\"item\":\"https:\\\/\\\/articamp.ch\\\/fr\\\/accueil\\\/\"},{\"@type\":\"ListItem\",\"position\":2,\"name\":\"Boutique\",\"item\":\"https:\\\/\\\/articamp.ch\\\/fr\\\/boutique\\\/\"},{\"@type\":\"ListItem\",\"position\":3,\"name\":\"Guirlande en macram\u00e9\"}]},{\"@type\":\"WebSite\",\"@id\":\"https:\\\/\\\/articamp.ch\\\/fr\\\/#website\",\"url\":\"https:\\\/\\\/articamp.ch\\\/fr\\\/\",\"name\":\"articamp.ch\",\"description\":\"lavori d&#039;artigianato individuali fatti a mano\",\"publisher\":{\"@id\":\"https:\\\/\\\/articamp.ch\\\/fr\\\/#organization\"},\"potentialAction\":[{\"@type\":\"SearchAction\",\"target\":{\"@type\":\"EntryPoint\",\"urlTemplate\":\"https:\\\/\\\/articamp.ch\\\/fr\\\/?s={search_term_string}\"},\"query-input\":{\"@type\":\"PropertyValueSpecification\",\"valueRequired\":true,\"valueName\":\"search_term_string\"}}],\"inLanguage\":\"fr-FR\"},{\"@type\":\"Organization\",\"@id\":\"https:\\\/\\\/articamp.ch\\\/fr\\\/#organization\",\"name\":\"ArtiCamp\",\"url\":\"https:\\\/\\\/articamp.ch\\\/fr\\\/\",\"logo\":{\"@type\":\"ImageObject\",\"inLanguage\":\"fr-FR\",\"@id\":\"https:\\\/\\\/articamp.ch\\\/fr\\\/#\\\/schema\\\/logo\\\/image\\\/\",\"url\":\"https:\\\/\\\/i0.wp.com\\\/articamp.ch\\\/wp-content\\\/uploads\\\/2023\\\/12\\\/cropped-Logo-ArtiCamp.png?fit=512%2C512&ssl=1\",\"contentUrl\":\"https:\\\/\\\/i0.wp.com\\\/articamp.ch\\\/wp-content\\\/uploads\\\/2023\\\/12\\\/cropped-Logo-ArtiCamp.png?fit=512%2C512&ssl=1\",\"width\":512,\"height\":512,\"caption\":\"ArtiCamp\"},\"image\":{\"@id\":\"https:\\\/\\\/articamp.ch\\\/fr\\\/#\\\/schema\\\/logo\\\/image\\\/\"},\"sameAs\":[\"https:\\\/\\\/www.facebook.com\\\/profile.php?id=100090195593870\",\"https:\\\/\\\/www.instagram.com\\\/articamp.ch\\\/\",\"https:\\\/\\\/www.tiktok.com\\\/@articamp\"]}]}<\/script>\n<!-- \/ Yoast SEO plugin. -->","yoast_head_json":{"title":"Guirlande en macram\u00e9 - ArtiCamp","description":"Cette guirlande r\u00e9alis\u00e9e avec la technique du macram\u00e9 est con\u00e7ue pour la porte, mais se pr\u00eate aussi tr\u00e8s bien \u00e0 une d\u00e9coration murale.","robots":{"index":"index","follow":"follow","max-snippet":"max-snippet:-1","max-image-preview":"max-image-preview:large","max-video-preview":"max-video-preview:-1"},"canonical":"https:\/\/articamp.ch\/fr\/shop\/guirlande-dans-un-cadre\/","og_locale":"fr_FR","og_type":"article","og_title":"Guirlande en macram\u00e9 - ArtiCamp","og_description":"Cette guirlande r\u00e9alis\u00e9e avec la technique du macram\u00e9 est con\u00e7ue pour la porte, mais se pr\u00eate aussi tr\u00e8s bien \u00e0 une d\u00e9coration murale.","og_url":"https:\/\/articamp.ch\/fr\/shop\/guirlande-dans-un-cadre\/","og_site_name":"ArtiCamp","article_publisher":"https:\/\/www.facebook.com\/profile.php?id=100090195593870","article_modified_time":"2023-05-15T13:55:07+00:00","og_image":[{"width":600,"height":600,"url":"https:\/\/i0.wp.com\/articamp.ch\/wp-content\/uploads\/2023\/05\/20230327_131402-01-jpeg.webp?fit=600%2C600&ssl=1","type":"image\/jpeg"}],"twitter_card":"summary_large_image","twitter_misc":{"Dur\u00e9e de lecture estim\u00e9e":"1 minute"},"schema":{"@context":"https:\/\/schema.org","@graph":[{"@type":"WebPage","@id":"https:\/\/articamp.ch\/fr\/shop\/guirlande-dans-un-cadre\/","url":"https:\/\/articamp.ch\/fr\/shop\/guirlande-dans-un-cadre\/","name":"Guirlande en macram\u00e9 - ArtiCamp","isPartOf":{"@id":"https:\/\/articamp.ch\/fr\/#website"},"primaryImageOfPage":{"@id":"https:\/\/articamp.ch\/fr\/shop\/guirlande-dans-un-cadre\/#primaryimage"},"image":{"@id":"https:\/\/articamp.ch\/fr\/shop\/guirlande-dans-un-cadre\/#primaryimage"},"thumbnailUrl":"https:\/\/i0.wp.com\/articamp.ch\/wp-content\/uploads\/2023\/05\/20230327_131402-01-jpeg.webp?fit=600%2C600&ssl=1","datePublished":"2023-03-28T15:30:10+00:00","dateModified":"2023-05-15T13:55:07+00:00","description":"Cette guirlande r\u00e9alis\u00e9e avec la technique du macram\u00e9 est con\u00e7ue pour la porte, mais se pr\u00eate aussi tr\u00e8s bien \u00e0 une d\u00e9coration murale.","breadcrumb":{"@id":"https:\/\/articamp.ch\/fr\/shop\/guirlande-dans-un-cadre\/#breadcrumb"},"inLanguage":"fr-FR","potentialAction":[{"@type":"ReadAction","target":["https:\/\/articamp.ch\/fr\/shop\/guirlande-dans-un-cadre\/"]}]},{"@type":"ImageObject","inLanguage":"fr-FR","@id":"https:\/\/articamp.ch\/fr\/shop\/guirlande-dans-un-cadre\/#primaryimage","url":"https:\/\/i0.wp.com\/articamp.ch\/wp-content\/uploads\/2023\/05\/20230327_131402-01-jpeg.webp?fit=600%2C600&ssl=1","contentUrl":"https:\/\/i0.wp.com\/articamp.ch\/wp-content\/uploads\/2023\/05\/20230327_131402-01-jpeg.webp?fit=600%2C600&ssl=1","width":600,"height":600},{"@type":"BreadcrumbList","@id":"https:\/\/articamp.ch\/fr\/shop\/guirlande-dans-un-cadre\/#breadcrumb","itemListElement":[{"@type":"ListItem","position":1,"name":"Home","item":"https:\/\/articamp.ch\/fr\/accueil\/"},{"@type":"ListItem","position":2,"name":"Boutique","item":"https:\/\/articamp.ch\/fr\/boutique\/"},{"@type":"ListItem","position":3,"name":"Guirlande en macram\u00e9"}]},{"@type":"WebSite","@id":"https:\/\/articamp.ch\/fr\/#website","url":"https:\/\/articamp.ch\/fr\/","name":"articamp.ch","description":"lavori d&#039;artigianato individuali fatti a mano","publisher":{"@id":"https:\/\/articamp.ch\/fr\/#organization"},"potentialAction":[{"@type":"SearchAction","target":{"@type":"EntryPoint","urlTemplate":"https:\/\/articamp.ch\/fr\/?s={search_term_string}"},"query-input":{"@type":"PropertyValueSpecification","valueRequired":true,"valueName":"search_term_string"}}],"inLanguage":"fr-FR"},{"@type":"Organization","@id":"https:\/\/articamp.ch\/fr\/#organization","name":"ArtiCamp","url":"https:\/\/articamp.ch\/fr\/","logo":{"@type":"ImageObject","inLanguage":"fr-FR","@id":"https:\/\/articamp.ch\/fr\/#\/schema\/logo\/image\/","url":"https:\/\/i0.wp.com\/articamp.ch\/wp-content\/uploads\/2023\/12\/cropped-Logo-ArtiCamp.png?fit=512%2C512&ssl=1","contentUrl":"https:\/\/i0.wp.com\/articamp.ch\/wp-content\/uploads\/2023\/12\/cropped-Logo-ArtiCamp.png?fit=512%2C512&ssl=1","width":512,"height":512,"caption":"ArtiCamp"},"image":{"@id":"https:\/\/articamp.ch\/fr\/#\/schema\/logo\/image\/"},"sameAs":["https:\/\/www.facebook.com\/profile.php?id=100090195593870","https:\/\/www.instagram.com\/articamp.ch\/","https:\/\/www.tiktok.com\/@articamp"]}]}},"jetpack_sharing_enabled":true,"_links":{"self":[{"href":"https:\/\/articamp.ch\/fr\/wp-json\/wp\/v2\/product\/30195","targetHints":{"allow":["GET"]}}],"collection":[{"href":"https:\/\/articamp.ch\/fr\/wp-json\/wp\/v2\/product"}],"about":[{"href":"https:\/\/articamp.ch\/fr\/wp-json\/wp\/v2\/types\/product"}],"replies":[{"embeddable":true,"href":"https:\/\/articamp.ch\/fr\/wp-json\/wp\/v2\/comments?post=30195"}],"wp:featuredmedia":[{"embeddable":true,"href":"https:\/\/articamp.ch\/fr\/wp-json\/wp\/v2\/media\/30692"}],"wp:attachment":[{"href":"https:\/\/articamp.ch\/fr\/wp-json\/wp\/v2\/media?parent=30195"}],"wp:term":[{"taxonomy":"product_brand","embeddable":true,"href":"https:\/\/articamp.ch\/fr\/wp-json\/wp\/v2\/product_brand?post=30195"},{"taxonomy":"product_cat","embeddable":true,"href":"https:\/\/articamp.ch\/fr\/wp-json\/wp\/v2\/product_cat?post=30195"},{"taxonomy":"product_tag","embeddable":true,"href":"https:\/\/articamp.ch\/fr\/wp-json\/wp\/v2\/product_tag?post=30195"}],"curies":[{"name":"wp","href":"https:\/\/api.w.org\/{rel}","templated":true}]}}