{"id":32760,"date":"2026-02-13T08:28:01","date_gmt":"2026-02-13T07:28:01","guid":{"rendered":"https:\/\/articamp.ch\/shop\/resina-workshop-untersetzer-set\/"},"modified":"2026-02-13T08:28:01","modified_gmt":"2026-02-13T07:28:01","slug":"resina-workshop-untersetzer-set","status":"publish","type":"product","link":"https:\/\/articamp.ch\/de\/shop\/resina-workshop-untersetzer-set\/","title":{"rendered":"RESINA WORKSHOP &#8211; Untersetzer-Set"},"content":{"rendered":"<p class=\"my-2 [&amp;+p]:mt-4 [&amp;_strong:has(+br)]:inline-block [&amp;_strong:has(+br)]:pb-2\">Nimm am <strong>Ascona Workshop f\u00fcr Harzuntersetzer<\/strong> teil. In 3 Stunden stellst du ein Set von Harzuntersetzern f\u00fcr deinen Tisch her, die du mit getrockneten Blumen, St\u00f6cken und kleinen Dekorationen individuell gestaltest. <\/p>\n<p class=\"my-2 [&amp;+p]:mt-4 [&amp;_strong:has(+br)]:inline-block [&amp;_strong:has(+br)]:pb-2\">W\u00e4hrend des Workshops entwirfst und gie\u00dft du deine eigenen Untersetzer aus Kunstharz aus vorgefertigten Formen. Du wirst getrocknete Blumen, Glitzer, kleine Steine, <strong>Holz<\/strong> und andere dekorative Elemente in das Harz einarbeiten, um einzigartige Kombinationen zu kreieren, die zu deinem Zuhause oder deinem Partytisch passen.  Ich begleite dich Schritt f\u00fcr Schritt durch die eher technischen Schritte (Mischen, Gie\u00dfen, Anordnen von Elementen), damit du dich auf den kreativen Teil konzentrieren und Spa\u00df haben kannst.<\/p>\n<h2 class=\"mb-2 mt-4 [.has-inline-images_&amp;]:clear-end font-sans visRefresh2026AnswerSerif:font-editorial font-semimedium visRefresh2026Fonts:font-bold text-base first:mt-0\">So funktioniert es mit dem Trocknen<\/h2>\n<p class=\"my-2 [&amp;+p]:mt-4 [&amp;_strong:has(+br)]:inline-block [&amp;_strong:has(+br)]:pb-2\">Harz braucht Zeit zum Aush\u00e4rten und um gut verarbeitet zu werden. Am Ende des Workshops k\u00fcmmere ich mich pers\u00f6nlich um die <strong>Fertigstellung der St\u00fccke<\/strong>: m\u00f6glicher zweiter Guss, Schleifen, Polieren und Kantenbearbeitung.<\/p>\n<p class=\"my-2 [&amp;+p]:mt-4 [&amp;_strong:has(+br)]:inline-block [&amp;_strong:has(+br)]:pb-2\">Du kannst dann:<\/p>\n<ul class=\"marker:text-quiet list-disc\">\n<li>\n<p class=\"my-2 [&amp;+p]:mt-4 [&amp;_strong:has(+br)]:inline-block [&amp;_strong:has(+br)]:pb-2\">hole die fertigen Untersetzer in den n\u00e4chsten Tagen im Laden ab<\/p>\n<\/li>\n<li>oder erhalte sie gegen eine geringe Geb\u00fchr <strong>per<\/strong> Post.<\/li>\n<\/ul>\n<h2 class=\"mb-2 mt-4 [.has-inline-images_&amp;]:clear-end font-sans visRefresh2026AnswerSerif:font-editorial font-semimedium visRefresh2026Fonts:font-bold text-base first:mt-0\">Workshop Details<\/h2>\n<ul class=\"marker:text-quiet list-disc\">\n<li>Wo: <strong>L&#8217;Arte Artigiana, Via Borgo 30, Ascona<\/strong><\/li>\n<li>Preis: <strong>110 CHF pro Person<\/strong> (inklusive Material)<\/li>\n<li>Begrenzte Pl\u00e4tze: <strong>Maximal 6 Teilnehmer<\/strong>, um alle Veranstaltungen verfolgen zu k\u00f6nnen<\/li>\n<\/ul>\n<h2 class=\"mb-2 mt-4 [.has-inline-images_&amp;]:clear-end font-sans visRefresh2026AnswerSerif:font-editorial font-semimedium visRefresh2026Fonts:font-bold text-base first:mt-0\">Was enthalten ist<\/h2>\n<ul class=\"marker:text-quiet list-disc\">\n<li>Harz, Farben, Glitter, getrocknete Blumen, <strong>St\u00f6cke<\/strong> und andere dekorative Eins\u00e4tze<\/li>\n<li>Verwendung von Formen, Werkzeugen und Schutz<\/li>\n<li>Endbearbeitung der Untersetzer durch mich<\/li>\n<li>Ein <strong>Satz fertiger Harzuntersetzer<\/strong> (4 St\u00fcck), die du verwenden oder verschenken kannst<\/li>\n<\/ul>\n<h2 class=\"mb-2 mt-4 [.has-inline-images_&amp;]:clear-end font-sans visRefresh2026AnswerSerif:font-editorial font-semimedium visRefresh2026Fonts:font-bold text-base first:mt-0\">F\u00fcr wen es geeignet ist<\/h2>\n<p class=\"my-2 [&amp;+p]:mt-4 [&amp;_strong:has(+br)]:inline-block [&amp;_strong:has(+br)]:pb-2\">Der Ascona-Workshop f\u00fcr Harzuntersetzer ist auch f\u00fcr diejenigen gedacht, die noch nie mit Harz gearbeitet haben und etwas Sch\u00f6nes und N\u00fctzliches f\u00fcr ihr Zuhause schaffen wollen. Er eignet sich perfekt f\u00fcr ein Erlebnis mit einem Freund, mit deiner Mutter oder als kreatives Geschenk f\u00fcr jemanden, der einen sch\u00f6n gedeckten Tisch liebt. <\/p>\n<p>Wenn du kreative Kurse magst, schau dir auch unseren <span class=\"text-box-trim-both\"><a class=\"reset interactable cursor-pointer decoration-1 underline-offset-1 text-super hover:underline font-semibold\" href=\"https:\/\/articamp.ch\/shop\/workshop-macrame-mensola-sospesa-14-febbraio-ascona\/\" target=\"_blank\" rel=\"nofollow noopener\">Makramee-Workshop<\/a><\/span>.<\/p>\n","protected":false},"excerpt":{"rendered":"<p>3-st\u00fcndiger Workshop in Ascona, bei dem du mit Farben, Glitzer, getrockneten Blumen und Holz ein Set individueller Untersetzer aus Harz herstellst. Inklusive Material und Endbearbeitung, max. 6 Pl\u00e4tze. <\/p>\n","protected":false},"featured_media":32752,"comment_status":"open","ping_status":"closed","template":"","meta":{"_monsterinsights_skip_tracking":false,"_monsterinsights_sitenote_active":false,"_monsterinsights_sitenote_note":"","_monsterinsights_sitenote_category":0},"product_brand":[],"product_cat":[151,310],"product_tag":[311,312,314,313],"class_list":{"0":"post-32760","1":"product","2":"type-product","3":"status-publish","4":"has-post-thumbnail","6":"product_cat-alle","7":"product_cat-workshop","8":"product_tag-harz","9":"product_tag-kurs","10":"product_tag-untersetzer","11":"product_tag-workshop","13":"first","14":"instock","15":"shipping-taxable","16":"purchasable","17":"product-type-variable"},"yoast_head":"<!-- This site is optimized with the Yoast SEO plugin v27.6 - https:\/\/yoast.com\/product\/yoast-seo-wordpress\/ -->\n<title>RESINA WORKSHOP - Untersetzer-Set<\/title>\n<meta name=\"description\" content=\"Workshop in Ascona, um ein Set individueller Harzuntersetzer mit den Farben deiner Wahl, Blumen und Holz herzustellen. Material und Endbearbeitung inklusive.\" \/>\n<meta name=\"robots\" content=\"index, follow, max-snippet:-1, max-image-preview:large, max-video-preview:-1\" \/>\n<link rel=\"canonical\" href=\"https:\/\/articamp.ch\/de\/shop\/resina-workshop-untersetzer-set\/\" \/>\n<meta property=\"og:locale\" content=\"de_DE\" \/>\n<meta property=\"og:type\" content=\"article\" \/>\n<meta property=\"og:title\" content=\"RESINA WORKSHOP - Untersetzer-Set\" \/>\n<meta property=\"og:description\" content=\"Workshop in Ascona, um ein Set individueller Harzuntersetzer mit den Farben deiner Wahl, Blumen und Holz herzustellen. Material und Endbearbeitung inklusive.\" \/>\n<meta property=\"og:url\" content=\"https:\/\/articamp.ch\/de\/shop\/resina-workshop-untersetzer-set\/\" \/>\n<meta property=\"og:site_name\" content=\"ArtiCamp\" \/>\n<meta property=\"article:publisher\" content=\"https:\/\/www.facebook.com\/profile.php?id=100090195593870\" \/>\n<meta property=\"og:image\" content=\"https:\/\/articamp.ch\/wp-content\/uploads\/2026\/02\/IMG_20260206_085348-scaled.webp\" \/>\n\t<meta property=\"og:image:width\" content=\"2560\" \/>\n\t<meta property=\"og:image:height\" content=\"2504\" \/>\n\t<meta property=\"og:image:type\" content=\"image\/webp\" \/>\n<meta name=\"twitter:card\" content=\"summary_large_image\" \/>\n<meta name=\"twitter:label1\" content=\"Gesch\u00e4tzte Lesezeit\" \/>\n\t<meta name=\"twitter:data1\" content=\"2\u00a0Minuten\" \/>\n<script type=\"application\/ld+json\" class=\"yoast-schema-graph\">{\"@context\":\"https:\\\/\\\/schema.org\",\"@graph\":[{\"@type\":\"WebPage\",\"@id\":\"https:\\\/\\\/articamp.ch\\\/de\\\/shop\\\/resina-workshop-untersetzer-set\\\/\",\"url\":\"https:\\\/\\\/articamp.ch\\\/de\\\/shop\\\/resina-workshop-untersetzer-set\\\/\",\"name\":\"RESINA WORKSHOP - Untersetzer-Set\",\"isPartOf\":{\"@id\":\"https:\\\/\\\/articamp.ch\\\/de\\\/#website\"},\"primaryImageOfPage\":{\"@id\":\"https:\\\/\\\/articamp.ch\\\/de\\\/shop\\\/resina-workshop-untersetzer-set\\\/#primaryimage\"},\"image\":{\"@id\":\"https:\\\/\\\/articamp.ch\\\/de\\\/shop\\\/resina-workshop-untersetzer-set\\\/#primaryimage\"},\"thumbnailUrl\":\"https:\\\/\\\/i0.wp.com\\\/articamp.ch\\\/wp-content\\\/uploads\\\/2026\\\/02\\\/IMG_20260206_085348-scaled.webp?fit=2560%2C2504&ssl=1\",\"datePublished\":\"2026-02-13T07:28:01+00:00\",\"description\":\"Workshop in Ascona, um ein Set individueller Harzuntersetzer mit den Farben deiner Wahl, Blumen und Holz herzustellen. Material und Endbearbeitung inklusive.\",\"breadcrumb\":{\"@id\":\"https:\\\/\\\/articamp.ch\\\/de\\\/shop\\\/resina-workshop-untersetzer-set\\\/#breadcrumb\"},\"inLanguage\":\"de\",\"potentialAction\":[{\"@type\":\"ReadAction\",\"target\":[\"https:\\\/\\\/articamp.ch\\\/de\\\/shop\\\/resina-workshop-untersetzer-set\\\/\"]}]},{\"@type\":\"ImageObject\",\"inLanguage\":\"de\",\"@id\":\"https:\\\/\\\/articamp.ch\\\/de\\\/shop\\\/resina-workshop-untersetzer-set\\\/#primaryimage\",\"url\":\"https:\\\/\\\/i0.wp.com\\\/articamp.ch\\\/wp-content\\\/uploads\\\/2026\\\/02\\\/IMG_20260206_085348-scaled.webp?fit=2560%2C2504&ssl=1\",\"contentUrl\":\"https:\\\/\\\/i0.wp.com\\\/articamp.ch\\\/wp-content\\\/uploads\\\/2026\\\/02\\\/IMG_20260206_085348-scaled.webp?fit=2560%2C2504&ssl=1\",\"width\":2560,\"height\":2504},{\"@type\":\"BreadcrumbList\",\"@id\":\"https:\\\/\\\/articamp.ch\\\/de\\\/shop\\\/resina-workshop-untersetzer-set\\\/#breadcrumb\",\"itemListElement\":[{\"@type\":\"ListItem\",\"position\":1,\"name\":\"Home\",\"item\":\"https:\\\/\\\/articamp.ch\\\/de\\\/\"},{\"@type\":\"ListItem\",\"position\":2,\"name\":\"Shop\",\"item\":\"https:\\\/\\\/articamp.ch\\\/de\\\/shop\\\/\"},{\"@type\":\"ListItem\",\"position\":3,\"name\":\"RESINA WORKSHOP &#8211; Untersetzer-Set\"}]},{\"@type\":\"WebSite\",\"@id\":\"https:\\\/\\\/articamp.ch\\\/de\\\/#website\",\"url\":\"https:\\\/\\\/articamp.ch\\\/de\\\/\",\"name\":\"articamp.ch\",\"description\":\"lavori d&#039;artigianato individuali fatti a mano\",\"publisher\":{\"@id\":\"https:\\\/\\\/articamp.ch\\\/de\\\/#organization\"},\"potentialAction\":[{\"@type\":\"SearchAction\",\"target\":{\"@type\":\"EntryPoint\",\"urlTemplate\":\"https:\\\/\\\/articamp.ch\\\/de\\\/?s={search_term_string}\"},\"query-input\":{\"@type\":\"PropertyValueSpecification\",\"valueRequired\":true,\"valueName\":\"search_term_string\"}}],\"inLanguage\":\"de\"},{\"@type\":\"Organization\",\"@id\":\"https:\\\/\\\/articamp.ch\\\/de\\\/#organization\",\"name\":\"ArtiCamp\",\"url\":\"https:\\\/\\\/articamp.ch\\\/de\\\/\",\"logo\":{\"@type\":\"ImageObject\",\"inLanguage\":\"de\",\"@id\":\"https:\\\/\\\/articamp.ch\\\/de\\\/#\\\/schema\\\/logo\\\/image\\\/\",\"url\":\"https:\\\/\\\/i0.wp.com\\\/articamp.ch\\\/wp-content\\\/uploads\\\/2023\\\/12\\\/cropped-Logo-ArtiCamp.png?fit=512%2C512&ssl=1\",\"contentUrl\":\"https:\\\/\\\/i0.wp.com\\\/articamp.ch\\\/wp-content\\\/uploads\\\/2023\\\/12\\\/cropped-Logo-ArtiCamp.png?fit=512%2C512&ssl=1\",\"width\":512,\"height\":512,\"caption\":\"ArtiCamp\"},\"image\":{\"@id\":\"https:\\\/\\\/articamp.ch\\\/de\\\/#\\\/schema\\\/logo\\\/image\\\/\"},\"sameAs\":[\"https:\\\/\\\/www.facebook.com\\\/profile.php?id=100090195593870\",\"https:\\\/\\\/www.instagram.com\\\/articamp.ch\\\/\",\"https:\\\/\\\/www.tiktok.com\\\/@articamp\"]}]}<\/script>\n<!-- \/ Yoast SEO plugin. -->","yoast_head_json":{"title":"RESINA WORKSHOP - Untersetzer-Set","description":"Workshop in Ascona, um ein Set individueller Harzuntersetzer mit den Farben deiner Wahl, Blumen und Holz herzustellen. Material und Endbearbeitung inklusive.","robots":{"index":"index","follow":"follow","max-snippet":"max-snippet:-1","max-image-preview":"max-image-preview:large","max-video-preview":"max-video-preview:-1"},"canonical":"https:\/\/articamp.ch\/de\/shop\/resina-workshop-untersetzer-set\/","og_locale":"de_DE","og_type":"article","og_title":"RESINA WORKSHOP - Untersetzer-Set","og_description":"Workshop in Ascona, um ein Set individueller Harzuntersetzer mit den Farben deiner Wahl, Blumen und Holz herzustellen. Material und Endbearbeitung inklusive.","og_url":"https:\/\/articamp.ch\/de\/shop\/resina-workshop-untersetzer-set\/","og_site_name":"ArtiCamp","article_publisher":"https:\/\/www.facebook.com\/profile.php?id=100090195593870","og_image":[{"width":2560,"height":2504,"url":"https:\/\/articamp.ch\/wp-content\/uploads\/2026\/02\/IMG_20260206_085348-scaled.webp","type":"image\/webp"}],"twitter_card":"summary_large_image","twitter_misc":{"Gesch\u00e4tzte Lesezeit":"2\u00a0Minuten"},"schema":{"@context":"https:\/\/schema.org","@graph":[{"@type":"WebPage","@id":"https:\/\/articamp.ch\/de\/shop\/resina-workshop-untersetzer-set\/","url":"https:\/\/articamp.ch\/de\/shop\/resina-workshop-untersetzer-set\/","name":"RESINA WORKSHOP - Untersetzer-Set","isPartOf":{"@id":"https:\/\/articamp.ch\/de\/#website"},"primaryImageOfPage":{"@id":"https:\/\/articamp.ch\/de\/shop\/resina-workshop-untersetzer-set\/#primaryimage"},"image":{"@id":"https:\/\/articamp.ch\/de\/shop\/resina-workshop-untersetzer-set\/#primaryimage"},"thumbnailUrl":"https:\/\/i0.wp.com\/articamp.ch\/wp-content\/uploads\/2026\/02\/IMG_20260206_085348-scaled.webp?fit=2560%2C2504&ssl=1","datePublished":"2026-02-13T07:28:01+00:00","description":"Workshop in Ascona, um ein Set individueller Harzuntersetzer mit den Farben deiner Wahl, Blumen und Holz herzustellen. Material und Endbearbeitung inklusive.","breadcrumb":{"@id":"https:\/\/articamp.ch\/de\/shop\/resina-workshop-untersetzer-set\/#breadcrumb"},"inLanguage":"de","potentialAction":[{"@type":"ReadAction","target":["https:\/\/articamp.ch\/de\/shop\/resina-workshop-untersetzer-set\/"]}]},{"@type":"ImageObject","inLanguage":"de","@id":"https:\/\/articamp.ch\/de\/shop\/resina-workshop-untersetzer-set\/#primaryimage","url":"https:\/\/i0.wp.com\/articamp.ch\/wp-content\/uploads\/2026\/02\/IMG_20260206_085348-scaled.webp?fit=2560%2C2504&ssl=1","contentUrl":"https:\/\/i0.wp.com\/articamp.ch\/wp-content\/uploads\/2026\/02\/IMG_20260206_085348-scaled.webp?fit=2560%2C2504&ssl=1","width":2560,"height":2504},{"@type":"BreadcrumbList","@id":"https:\/\/articamp.ch\/de\/shop\/resina-workshop-untersetzer-set\/#breadcrumb","itemListElement":[{"@type":"ListItem","position":1,"name":"Home","item":"https:\/\/articamp.ch\/de\/"},{"@type":"ListItem","position":2,"name":"Shop","item":"https:\/\/articamp.ch\/de\/shop\/"},{"@type":"ListItem","position":3,"name":"RESINA WORKSHOP &#8211; Untersetzer-Set"}]},{"@type":"WebSite","@id":"https:\/\/articamp.ch\/de\/#website","url":"https:\/\/articamp.ch\/de\/","name":"articamp.ch","description":"lavori d&#039;artigianato individuali fatti a mano","publisher":{"@id":"https:\/\/articamp.ch\/de\/#organization"},"potentialAction":[{"@type":"SearchAction","target":{"@type":"EntryPoint","urlTemplate":"https:\/\/articamp.ch\/de\/?s={search_term_string}"},"query-input":{"@type":"PropertyValueSpecification","valueRequired":true,"valueName":"search_term_string"}}],"inLanguage":"de"},{"@type":"Organization","@id":"https:\/\/articamp.ch\/de\/#organization","name":"ArtiCamp","url":"https:\/\/articamp.ch\/de\/","logo":{"@type":"ImageObject","inLanguage":"de","@id":"https:\/\/articamp.ch\/de\/#\/schema\/logo\/image\/","url":"https:\/\/i0.wp.com\/articamp.ch\/wp-content\/uploads\/2023\/12\/cropped-Logo-ArtiCamp.png?fit=512%2C512&ssl=1","contentUrl":"https:\/\/i0.wp.com\/articamp.ch\/wp-content\/uploads\/2023\/12\/cropped-Logo-ArtiCamp.png?fit=512%2C512&ssl=1","width":512,"height":512,"caption":"ArtiCamp"},"image":{"@id":"https:\/\/articamp.ch\/de\/#\/schema\/logo\/image\/"},"sameAs":["https:\/\/www.facebook.com\/profile.php?id=100090195593870","https:\/\/www.instagram.com\/articamp.ch\/","https:\/\/www.tiktok.com\/@articamp"]}]}},"jetpack_sharing_enabled":true,"_links":{"self":[{"href":"https:\/\/articamp.ch\/de\/wp-json\/wp\/v2\/product\/32760","targetHints":{"allow":["GET"]}}],"collection":[{"href":"https:\/\/articamp.ch\/de\/wp-json\/wp\/v2\/product"}],"about":[{"href":"https:\/\/articamp.ch\/de\/wp-json\/wp\/v2\/types\/product"}],"replies":[{"embeddable":true,"href":"https:\/\/articamp.ch\/de\/wp-json\/wp\/v2\/comments?post=32760"}],"wp:featuredmedia":[{"embeddable":true,"href":"https:\/\/articamp.ch\/de\/wp-json\/wp\/v2\/media\/32752"}],"wp:attachment":[{"href":"https:\/\/articamp.ch\/de\/wp-json\/wp\/v2\/media?parent=32760"}],"wp:term":[{"taxonomy":"product_brand","embeddable":true,"href":"https:\/\/articamp.ch\/de\/wp-json\/wp\/v2\/product_brand?post=32760"},{"taxonomy":"product_cat","embeddable":true,"href":"https:\/\/articamp.ch\/de\/wp-json\/wp\/v2\/product_cat?post=32760"},{"taxonomy":"product_tag","embeddable":true,"href":"https:\/\/articamp.ch\/de\/wp-json\/wp\/v2\/product_tag?post=32760"}],"curies":[{"name":"wp","href":"https:\/\/api.w.org\/{rel}","templated":true}]}}