{"id":32734,"date":"2026-02-13T08:19:39","date_gmt":"2026-02-13T07:19:39","guid":{"rendered":"https:\/\/articamp.ch\/shop\/kunstharz-schmuckkurs-kreativ-workshop-am-8-maerz\/"},"modified":"2026-02-13T08:19:39","modified_gmt":"2026-02-13T07:19:39","slug":"kunstharz-schmuckkurs-kreativ-workshop-am-8-maerz","status":"publish","type":"product","link":"https:\/\/articamp.ch\/de\/shop\/kunstharz-schmuckkurs-kreativ-workshop-am-8-maerz\/","title":{"rendered":"Kunstharz-Schmuckkurs &#8211; Kreativ-Workshop am 8. M\u00e4rz"},"content":{"rendered":"<p class=\"my-2 [&amp;+p]:mt-4 [&amp;_strong:has(+br)]:inline-block [&amp;_strong:has(+br)]:pb-2\">Nimm am Sonntag, den 8. M\u00e4rz 2026, am Locarno Harzschmuck-Workshop teil. In 3 Stunden kreierst du Bijoux aus Harz mit getrockneten Blumen, wenig Holz und kleinen Verzierungen. <\/p>\n<p class=\"my-2 [&amp;+p]:mt-4 [&amp;_strong:has(+br)]:inline-block [&amp;_strong:has(+br)]:pb-2\">W\u00e4hrend des Workshops entwirfst und gie\u00dft du kleine Schmuckst\u00fccke aus Kunstharz (z.B. Anh\u00e4nger, Ohrringe,&#8230;), ausgehend von vorgefertigten Gussformen.<\/p>\n<p>Du kannst getrocknete Blumen, Glitter und kleine Steine in das Harz einf\u00fcgen,  <strong>Holzbl\u00e4ser<\/strong>  und andere dekorative Elemente, um deinen Lieblingsstil und deine Lieblingsfarben zu zeigen.<\/p>\n<p class=\"my-2 [&amp;+p]:mt-4 [&amp;_strong:has(+br)]:inline-block [&amp;_strong:has(+br)]:pb-2\">Ich begleite dich Schritt f\u00fcr Schritt durch die eher technischen Schritte (Mischen, Gie\u00dfen, Anordnen von Elementen), damit du dich auf den kreativen Teil konzentrieren und Spa\u00df haben kannst.<\/p>\n<hr class=\"bg-subtle h-px border-0\">\n<h2 id=\"come-funziona-con-lasciugatura\" class=\"mb-2 mt-4 [.has-inline-images_&amp;]:clear-end font-sans visRefresh2026AnswerSerif:font-editorial font-semimedium visRefresh2026Fonts:font-bold text-base visRefresh2026Fonts:text-lg first:mt-0 md:text-lg [hr+&amp;]:mt-4\">So funktioniert es mit dem Trocknen<\/h2>\n<p class=\"my-2 [&amp;+p]:mt-4 [&amp;_strong:has(+br)]:inline-block [&amp;_strong:has(+br)]:pb-2\">Harz braucht Zeit zum Aush\u00e4rten und um gut verarbeitet zu werden.<\/p>\n<p>Am Ende des Workshops k\u00fcmmere ich mich pers\u00f6nlich um die  <strong>Fertigstellung der St\u00fccke<\/strong>eventueller zweiter Guss, Schleifen, Polieren und Endmontage des Schmuckst\u00fccks (z.B. Anbringen der Kette oder der Halsketten).<\/p>\n<p class=\"my-2 [&amp;+p]:mt-4 [&amp;_strong:has(+br)]:inline-block [&amp;_strong:has(+br)]:pb-2\">Du kannst dann:<\/p>\n<ul class=\"marker:text-quiet list-disc\">\n<li>hole das\/die fertige(n) Schmuckst\u00fcck(e) an den folgenden Tagen im Laden ab<\/li>\n<li>oder erhalte sie gegen eine geringe Geb\u00fchr <strong>per<\/strong> Post.<\/li>\n<\/ul>\n<hr class=\"bg-subtle h-px border-0\">\n<h2 id=\"dettagli-del-workshop\" class=\"mb-2 mt-4 [.has-inline-images_&amp;]:clear-end font-sans visRefresh2026AnswerSerif:font-editorial font-semimedium visRefresh2026Fonts:font-bold text-base visRefresh2026Fonts:text-lg first:mt-0 md:text-lg [hr+&amp;]:mt-4\">Workshop Details<\/h2>\n<ul class=\"marker:text-quiet list-disc\">\n<li>Wann: <strong>Sonntag, 8. M\u00e4rz 2026<\/strong><\/li>\n<li>Zeitplan: <strong>10:00 &#8211; 13:00<\/strong> (3 Stunden)<\/li>\n<li>Wo: <strong>L&#8216;<\/strong><strong>arte arti artigiana, via borgo 30, Ascona<\/strong><\/li>\n<li>Preis: <strong>85 CHF pro Person<\/strong> (inklusive Material)<\/li>\n<li>Begrenzte Pl\u00e4tze: kleine Gruppe, um allen folgen zu k\u00f6nnen<\/li>\n<\/ul>\n<hr class=\"bg-subtle h-px border-0\">\n<h2 id=\"cosa--incluso\" class=\"mb-2 mt-4 [.has-inline-images_&amp;]:clear-end font-sans visRefresh2026AnswerSerif:font-editorial font-semimedium visRefresh2026Fonts:font-bold text-base visRefresh2026Fonts:text-lg first:mt-0 md:text-lg [hr+&amp;]:mt-4\">Was enthalten ist<\/h2>\n<ul class=\"marker:text-quiet list-disc\">\n<li>Harz, Farben, Glitter, getrocknete Blumen, <strong>St\u00f6cke<\/strong> und andere dekorative Eins\u00e4tze<\/li>\n<li>Verwendung von Formen, Werkzeugen und Schutz<\/li>\n<li>Fertigstellung und Endmontage des Schmucks durch mich<\/li>\n<li>Ein fertiges Schmuckst\u00fcck (oder mehr, je nach Aufwand), das du tragen oder verschenken kannst<\/li>\n<\/ul>\n<hr class=\"bg-subtle h-px border-0\">\n<h2 id=\"a-chi--adatto\" class=\"mb-2 mt-4 [.has-inline-images_&amp;]:clear-end font-sans visRefresh2026AnswerSerif:font-editorial font-semimedium visRefresh2026Fonts:font-bold text-base visRefresh2026Fonts:text-lg first:mt-0 md:text-lg [hr+&amp;]:mt-4\">F\u00fcr wen es geeignet ist<\/h2>\n<p class=\"my-2 [&amp;+p]:mt-4 [&amp;_strong:has(+br)]:inline-block [&amp;_strong:has(+br)]:pb-2\">Der Harzschmuck-Workshop in Ascona ist auch f\u00fcr diejenigen gedacht, die noch nie mit Harz gearbeitet haben und es in einer ruhigen und beaufsichtigten Umgebung ausprobieren wollen.<\/p>\n<p class=\"my-2 [&amp;+p]:mt-4 [&amp;_strong:has(+br)]:inline-block [&amp;_strong:has(+br)]:pb-2\">Es eignet sich auch gut als Erlebnis mit einem Freund, mit Mama oder als kreatives Geschenk.<\/p>\n","protected":false},"excerpt":{"rendered":"<p>Ein 3-st\u00fcndiger Workshop, in dem du mit Farben, getrockneten Blumen, <strong>Holz<\/strong> und kleinen Naturdekorationen spielst, um einzigartigen Schmuck aus Kunstharz zu kreieren.<\/p>\n<p>Ein kreativer Moment f\u00fcr alle, die Kunstharz in einer gem\u00fctlichen Umgebung ausprobieren wollen, ohne dass du Erfahrung brauchst.<\/p>\n","protected":false},"featured_media":32332,"comment_status":"open","ping_status":"closed","template":"","meta":{"_monsterinsights_skip_tracking":false,"_monsterinsights_sitenote_active":false,"_monsterinsights_sitenote_note":"","_monsterinsights_sitenote_category":0},"product_brand":[],"product_cat":[151,283,310],"product_tag":[318,320,312,317,321,319,313],"class_list":{"0":"post-32734","1":"product","2":"type-product","3":"status-publish","4":"has-post-thumbnail","6":"product_cat-alle","7":"product_cat-schmuck","8":"product_cat-workshop","9":"product_tag-armband","10":"product_tag-halsketten","11":"product_tag-kurs","12":"product_tag-ohrringe","13":"product_tag-ringe","14":"product_tag-schmuck","15":"product_tag-workshop","17":"first","18":"instock","19":"shipping-taxable","20":"purchasable","21":"product-type-variable"},"yoast_head":"<!-- This site is optimized with the Yoast SEO plugin v27.6 - https:\/\/yoast.com\/product\/yoast-seo-wordpress\/ -->\n<title>Kunstharz-Schmuckkurs - Kreativ-Workshop<\/title>\n<meta name=\"description\" content=\"Ein 3-st\u00fcndiger Workshop, in dem du mit Farben, getrockneten Blumen, Holz und kleinen nat\u00fcrlichen Verzierungen spielst, um einzigartigen Schmuck aus Harz herzustellen.\" \/>\n<meta name=\"robots\" content=\"index, follow, max-snippet:-1, max-image-preview:large, max-video-preview:-1\" \/>\n<link rel=\"canonical\" href=\"https:\/\/articamp.ch\/de\/shop\/kunstharz-schmuckkurs-kreativ-workshop-am-8-maerz\/\" \/>\n<meta property=\"og:locale\" content=\"de_DE\" \/>\n<meta property=\"og:type\" content=\"article\" \/>\n<meta property=\"og:title\" content=\"Kunstharz-Schmuckkurs - Kreativ-Workshop\" \/>\n<meta property=\"og:description\" content=\"Ein 3-st\u00fcndiger Workshop, in dem du mit Farben, getrockneten Blumen, Holz und kleinen nat\u00fcrlichen Verzierungen spielst, um einzigartigen Schmuck aus Harz herzustellen.\" \/>\n<meta property=\"og:url\" content=\"https:\/\/articamp.ch\/de\/shop\/kunstharz-schmuckkurs-kreativ-workshop-am-8-maerz\/\" \/>\n<meta property=\"og:site_name\" content=\"ArtiCamp\" \/>\n<meta property=\"article:publisher\" content=\"https:\/\/www.facebook.com\/profile.php?id=100090195593870\" \/>\n<meta property=\"og:image\" content=\"https:\/\/articamp.ch\/wp-content\/uploads\/2024\/12\/IMG_20241207_215544.jpg\" \/>\n\t<meta property=\"og:image:width\" content=\"750\" \/>\n\t<meta property=\"og:image:height\" content=\"1000\" \/>\n\t<meta property=\"og:image:type\" content=\"image\/jpeg\" \/>\n<meta name=\"twitter:card\" content=\"summary_large_image\" \/>\n<meta name=\"twitter:label1\" content=\"Gesch\u00e4tzte Lesezeit\" \/>\n\t<meta name=\"twitter:data1\" content=\"2\u00a0Minuten\" \/>\n<script type=\"application\/ld+json\" class=\"yoast-schema-graph\">{\"@context\":\"https:\\\/\\\/schema.org\",\"@graph\":[{\"@type\":\"WebPage\",\"@id\":\"https:\\\/\\\/articamp.ch\\\/de\\\/shop\\\/kunstharz-schmuckkurs-kreativ-workshop-am-8-maerz\\\/\",\"url\":\"https:\\\/\\\/articamp.ch\\\/de\\\/shop\\\/kunstharz-schmuckkurs-kreativ-workshop-am-8-maerz\\\/\",\"name\":\"Kunstharz-Schmuckkurs - Kreativ-Workshop\",\"isPartOf\":{\"@id\":\"https:\\\/\\\/articamp.ch\\\/de\\\/#website\"},\"primaryImageOfPage\":{\"@id\":\"https:\\\/\\\/articamp.ch\\\/de\\\/shop\\\/kunstharz-schmuckkurs-kreativ-workshop-am-8-maerz\\\/#primaryimage\"},\"image\":{\"@id\":\"https:\\\/\\\/articamp.ch\\\/de\\\/shop\\\/kunstharz-schmuckkurs-kreativ-workshop-am-8-maerz\\\/#primaryimage\"},\"thumbnailUrl\":\"https:\\\/\\\/i0.wp.com\\\/articamp.ch\\\/wp-content\\\/uploads\\\/2024\\\/12\\\/IMG_20241207_215544.jpg?fit=750%2C1000&ssl=1\",\"datePublished\":\"2026-02-13T07:19:39+00:00\",\"description\":\"Ein 3-st\u00fcndiger Workshop, in dem du mit Farben, getrockneten Blumen, Holz und kleinen nat\u00fcrlichen Verzierungen spielst, um einzigartigen Schmuck aus Harz herzustellen.\",\"breadcrumb\":{\"@id\":\"https:\\\/\\\/articamp.ch\\\/de\\\/shop\\\/kunstharz-schmuckkurs-kreativ-workshop-am-8-maerz\\\/#breadcrumb\"},\"inLanguage\":\"de\",\"potentialAction\":[{\"@type\":\"ReadAction\",\"target\":[\"https:\\\/\\\/articamp.ch\\\/de\\\/shop\\\/kunstharz-schmuckkurs-kreativ-workshop-am-8-maerz\\\/\"]}]},{\"@type\":\"ImageObject\",\"inLanguage\":\"de\",\"@id\":\"https:\\\/\\\/articamp.ch\\\/de\\\/shop\\\/kunstharz-schmuckkurs-kreativ-workshop-am-8-maerz\\\/#primaryimage\",\"url\":\"https:\\\/\\\/i0.wp.com\\\/articamp.ch\\\/wp-content\\\/uploads\\\/2024\\\/12\\\/IMG_20241207_215544.jpg?fit=750%2C1000&ssl=1\",\"contentUrl\":\"https:\\\/\\\/i0.wp.com\\\/articamp.ch\\\/wp-content\\\/uploads\\\/2024\\\/12\\\/IMG_20241207_215544.jpg?fit=750%2C1000&ssl=1\",\"width\":750,\"height\":1000,\"caption\":\"Harz-Schmuckwerkstatt Locarno - Beispiel f\u00fcr Schmuck\"},{\"@type\":\"BreadcrumbList\",\"@id\":\"https:\\\/\\\/articamp.ch\\\/de\\\/shop\\\/kunstharz-schmuckkurs-kreativ-workshop-am-8-maerz\\\/#breadcrumb\",\"itemListElement\":[{\"@type\":\"ListItem\",\"position\":1,\"name\":\"Home\",\"item\":\"https:\\\/\\\/articamp.ch\\\/de\\\/\"},{\"@type\":\"ListItem\",\"position\":2,\"name\":\"Shop\",\"item\":\"https:\\\/\\\/articamp.ch\\\/de\\\/shop\\\/\"},{\"@type\":\"ListItem\",\"position\":3,\"name\":\"Kunstharz-Schmuckkurs &#8211; Kreativ-Workshop am 8. M\u00e4rz\"}]},{\"@type\":\"WebSite\",\"@id\":\"https:\\\/\\\/articamp.ch\\\/de\\\/#website\",\"url\":\"https:\\\/\\\/articamp.ch\\\/de\\\/\",\"name\":\"articamp.ch\",\"description\":\"lavori d&#039;artigianato individuali fatti a mano\",\"publisher\":{\"@id\":\"https:\\\/\\\/articamp.ch\\\/de\\\/#organization\"},\"potentialAction\":[{\"@type\":\"SearchAction\",\"target\":{\"@type\":\"EntryPoint\",\"urlTemplate\":\"https:\\\/\\\/articamp.ch\\\/de\\\/?s={search_term_string}\"},\"query-input\":{\"@type\":\"PropertyValueSpecification\",\"valueRequired\":true,\"valueName\":\"search_term_string\"}}],\"inLanguage\":\"de\"},{\"@type\":\"Organization\",\"@id\":\"https:\\\/\\\/articamp.ch\\\/de\\\/#organization\",\"name\":\"ArtiCamp\",\"url\":\"https:\\\/\\\/articamp.ch\\\/de\\\/\",\"logo\":{\"@type\":\"ImageObject\",\"inLanguage\":\"de\",\"@id\":\"https:\\\/\\\/articamp.ch\\\/de\\\/#\\\/schema\\\/logo\\\/image\\\/\",\"url\":\"https:\\\/\\\/i0.wp.com\\\/articamp.ch\\\/wp-content\\\/uploads\\\/2023\\\/12\\\/cropped-Logo-ArtiCamp.png?fit=512%2C512&ssl=1\",\"contentUrl\":\"https:\\\/\\\/i0.wp.com\\\/articamp.ch\\\/wp-content\\\/uploads\\\/2023\\\/12\\\/cropped-Logo-ArtiCamp.png?fit=512%2C512&ssl=1\",\"width\":512,\"height\":512,\"caption\":\"ArtiCamp\"},\"image\":{\"@id\":\"https:\\\/\\\/articamp.ch\\\/de\\\/#\\\/schema\\\/logo\\\/image\\\/\"},\"sameAs\":[\"https:\\\/\\\/www.facebook.com\\\/profile.php?id=100090195593870\",\"https:\\\/\\\/www.instagram.com\\\/articamp.ch\\\/\",\"https:\\\/\\\/www.tiktok.com\\\/@articamp\"]}]}<\/script>\n<!-- \/ Yoast SEO plugin. -->","yoast_head_json":{"title":"Kunstharz-Schmuckkurs - Kreativ-Workshop","description":"Ein 3-st\u00fcndiger Workshop, in dem du mit Farben, getrockneten Blumen, Holz und kleinen nat\u00fcrlichen Verzierungen spielst, um einzigartigen Schmuck aus Harz herzustellen.","robots":{"index":"index","follow":"follow","max-snippet":"max-snippet:-1","max-image-preview":"max-image-preview:large","max-video-preview":"max-video-preview:-1"},"canonical":"https:\/\/articamp.ch\/de\/shop\/kunstharz-schmuckkurs-kreativ-workshop-am-8-maerz\/","og_locale":"de_DE","og_type":"article","og_title":"Kunstharz-Schmuckkurs - Kreativ-Workshop","og_description":"Ein 3-st\u00fcndiger Workshop, in dem du mit Farben, getrockneten Blumen, Holz und kleinen nat\u00fcrlichen Verzierungen spielst, um einzigartigen Schmuck aus Harz herzustellen.","og_url":"https:\/\/articamp.ch\/de\/shop\/kunstharz-schmuckkurs-kreativ-workshop-am-8-maerz\/","og_site_name":"ArtiCamp","article_publisher":"https:\/\/www.facebook.com\/profile.php?id=100090195593870","og_image":[{"width":750,"height":1000,"url":"https:\/\/articamp.ch\/wp-content\/uploads\/2024\/12\/IMG_20241207_215544.jpg","type":"image\/jpeg"}],"twitter_card":"summary_large_image","twitter_misc":{"Gesch\u00e4tzte Lesezeit":"2\u00a0Minuten"},"schema":{"@context":"https:\/\/schema.org","@graph":[{"@type":"WebPage","@id":"https:\/\/articamp.ch\/de\/shop\/kunstharz-schmuckkurs-kreativ-workshop-am-8-maerz\/","url":"https:\/\/articamp.ch\/de\/shop\/kunstharz-schmuckkurs-kreativ-workshop-am-8-maerz\/","name":"Kunstharz-Schmuckkurs - Kreativ-Workshop","isPartOf":{"@id":"https:\/\/articamp.ch\/de\/#website"},"primaryImageOfPage":{"@id":"https:\/\/articamp.ch\/de\/shop\/kunstharz-schmuckkurs-kreativ-workshop-am-8-maerz\/#primaryimage"},"image":{"@id":"https:\/\/articamp.ch\/de\/shop\/kunstharz-schmuckkurs-kreativ-workshop-am-8-maerz\/#primaryimage"},"thumbnailUrl":"https:\/\/i0.wp.com\/articamp.ch\/wp-content\/uploads\/2024\/12\/IMG_20241207_215544.jpg?fit=750%2C1000&ssl=1","datePublished":"2026-02-13T07:19:39+00:00","description":"Ein 3-st\u00fcndiger Workshop, in dem du mit Farben, getrockneten Blumen, Holz und kleinen nat\u00fcrlichen Verzierungen spielst, um einzigartigen Schmuck aus Harz herzustellen.","breadcrumb":{"@id":"https:\/\/articamp.ch\/de\/shop\/kunstharz-schmuckkurs-kreativ-workshop-am-8-maerz\/#breadcrumb"},"inLanguage":"de","potentialAction":[{"@type":"ReadAction","target":["https:\/\/articamp.ch\/de\/shop\/kunstharz-schmuckkurs-kreativ-workshop-am-8-maerz\/"]}]},{"@type":"ImageObject","inLanguage":"de","@id":"https:\/\/articamp.ch\/de\/shop\/kunstharz-schmuckkurs-kreativ-workshop-am-8-maerz\/#primaryimage","url":"https:\/\/i0.wp.com\/articamp.ch\/wp-content\/uploads\/2024\/12\/IMG_20241207_215544.jpg?fit=750%2C1000&ssl=1","contentUrl":"https:\/\/i0.wp.com\/articamp.ch\/wp-content\/uploads\/2024\/12\/IMG_20241207_215544.jpg?fit=750%2C1000&ssl=1","width":750,"height":1000,"caption":"Harz-Schmuckwerkstatt Locarno - Beispiel f\u00fcr Schmuck"},{"@type":"BreadcrumbList","@id":"https:\/\/articamp.ch\/de\/shop\/kunstharz-schmuckkurs-kreativ-workshop-am-8-maerz\/#breadcrumb","itemListElement":[{"@type":"ListItem","position":1,"name":"Home","item":"https:\/\/articamp.ch\/de\/"},{"@type":"ListItem","position":2,"name":"Shop","item":"https:\/\/articamp.ch\/de\/shop\/"},{"@type":"ListItem","position":3,"name":"Kunstharz-Schmuckkurs &#8211; Kreativ-Workshop am 8. M\u00e4rz"}]},{"@type":"WebSite","@id":"https:\/\/articamp.ch\/de\/#website","url":"https:\/\/articamp.ch\/de\/","name":"articamp.ch","description":"lavori d&#039;artigianato individuali fatti a mano","publisher":{"@id":"https:\/\/articamp.ch\/de\/#organization"},"potentialAction":[{"@type":"SearchAction","target":{"@type":"EntryPoint","urlTemplate":"https:\/\/articamp.ch\/de\/?s={search_term_string}"},"query-input":{"@type":"PropertyValueSpecification","valueRequired":true,"valueName":"search_term_string"}}],"inLanguage":"de"},{"@type":"Organization","@id":"https:\/\/articamp.ch\/de\/#organization","name":"ArtiCamp","url":"https:\/\/articamp.ch\/de\/","logo":{"@type":"ImageObject","inLanguage":"de","@id":"https:\/\/articamp.ch\/de\/#\/schema\/logo\/image\/","url":"https:\/\/i0.wp.com\/articamp.ch\/wp-content\/uploads\/2023\/12\/cropped-Logo-ArtiCamp.png?fit=512%2C512&ssl=1","contentUrl":"https:\/\/i0.wp.com\/articamp.ch\/wp-content\/uploads\/2023\/12\/cropped-Logo-ArtiCamp.png?fit=512%2C512&ssl=1","width":512,"height":512,"caption":"ArtiCamp"},"image":{"@id":"https:\/\/articamp.ch\/de\/#\/schema\/logo\/image\/"},"sameAs":["https:\/\/www.facebook.com\/profile.php?id=100090195593870","https:\/\/www.instagram.com\/articamp.ch\/","https:\/\/www.tiktok.com\/@articamp"]}]}},"jetpack_sharing_enabled":true,"_links":{"self":[{"href":"https:\/\/articamp.ch\/de\/wp-json\/wp\/v2\/product\/32734","targetHints":{"allow":["GET"]}}],"collection":[{"href":"https:\/\/articamp.ch\/de\/wp-json\/wp\/v2\/product"}],"about":[{"href":"https:\/\/articamp.ch\/de\/wp-json\/wp\/v2\/types\/product"}],"replies":[{"embeddable":true,"href":"https:\/\/articamp.ch\/de\/wp-json\/wp\/v2\/comments?post=32734"}],"wp:featuredmedia":[{"embeddable":true,"href":"https:\/\/articamp.ch\/de\/wp-json\/wp\/v2\/media\/32332"}],"wp:attachment":[{"href":"https:\/\/articamp.ch\/de\/wp-json\/wp\/v2\/media?parent=32734"}],"wp:term":[{"taxonomy":"product_brand","embeddable":true,"href":"https:\/\/articamp.ch\/de\/wp-json\/wp\/v2\/product_brand?post=32734"},{"taxonomy":"product_cat","embeddable":true,"href":"https:\/\/articamp.ch\/de\/wp-json\/wp\/v2\/product_cat?post=32734"},{"taxonomy":"product_tag","embeddable":true,"href":"https:\/\/articamp.ch\/de\/wp-json\/wp\/v2\/product_tag?post=32734"}],"curies":[{"name":"wp","href":"https:\/\/api.w.org\/{rel}","templated":true}]}}