{"id":32726,"date":"2026-02-13T08:24:45","date_gmt":"2026-02-13T07:24:45","guid":{"rendered":"https:\/\/articamp.ch\/shop\/resin-workshop-3-4-objekte-deiner-wahl-freitag-20-maerz-930-1230-ascona\/"},"modified":"2026-02-13T08:24:45","modified_gmt":"2026-02-13T07:24:45","slug":"resin-workshop-3-4-objekte-deiner-wahl-freitag-20-maerz-930-1230-ascona","status":"publish","type":"product","link":"https:\/\/articamp.ch\/de\/shop\/resin-workshop-3-4-objekte-deiner-wahl-freitag-20-maerz-930-1230-ascona\/","title":{"rendered":"RESIN WORKSHOP &#8211; 3-4 Objekte deiner Wahl (Freitag, 20. M\u00e4rz, 9:30-12:30, Ascona)"},"content":{"rendered":"<p class=\"my-2 [&amp;+p]:mt-4 [&amp;_strong:has(+br)]:inline-block [&amp;_strong:has(+br)]:pb-2\">Nimm am <strong>Harz-Workshop teil . Wir werden am Freitag, den 20. M\u00e4rz 2026 in Ascona 3-4 Objekte deiner Wahl herstellen<\/strong>. In 3 Stunden kannst du verschiedene Harzobjekte &#8211; wie Schl\u00fcsselanh\u00e4nger, Untersetzer, kleine Tabletts, Seifenschalen und andere Dekorationen &#8211; entwerfen und herstellen. <\/p>\n<p class=\"my-2 [&amp;+p]:mt-4 [&amp;_strong:has(+br)]:inline-block [&amp;_strong:has(+br)]:pb-2\">W\u00e4hrend des Workshops zeige ich dir die verschiedenen Formen, die zur Verf\u00fcgung stehen, und helfe dir bei der Auswahl deines Projekts: Je nach Komplexit\u00e4t der gew\u00e4hlten Objekte kannst du bis zu <strong>3-4 St\u00fccke<\/strong> herstellen. Du kannst getrocknete Blumen, Glitter, kleine Steine, <strong>Holz<\/strong> und andere dekorative Elemente in das Harz einbringen, um einzigartige und individuelle Effekte zu erzielen. Ich werde dich Schritt f\u00fcr Schritt durch die technischen Schritte begleiten (Mischen, Gie\u00dfen, Anordnen der Elemente), damit du dich auf den kreativen Teil konzentrieren und Spa\u00df haben kannst.  <\/p>\n<h2 class=\"mb-2 mt-4 [.has-inline-images_&amp;]:clear-end font-sans visRefresh2026AnswerSerif:font-editorial font-semimedium visRefresh2026Fonts:font-bold text-base first:mt-0\">So funktioniert es mit dem Trocknen<\/h2>\n<p class=\"my-2 [&amp;+p]:mt-4 [&amp;_strong:has(+br)]:inline-block [&amp;_strong:has(+br)]:pb-2\">Das Harz braucht Zeit, um auszuh\u00e4rten und gut verarbeitet zu werden. Am Ende des Workshops k\u00fcmmere ich mich pers\u00f6nlich um die <strong>Fertigstellung der St\u00fccke<\/strong>: eventueller zweiter Guss, Schleifen, Polieren und Montage des Zubeh\u00f6rs (Schl\u00fcsselanh\u00e4nger, Haken usw.). <\/p>\n<p class=\"my-2 [&amp;+p]:mt-4 [&amp;_strong:has(+br)]:inline-block [&amp;_strong:has(+br)]:pb-2\">Du kannst dann:<\/p>\n<ul class=\"marker:text-quiet list-disc\">\n<li>hole die fertigen Artikel an den folgenden Tagen im Laden ab<\/li>\n<li>oder erhalte sie gegen eine geringe Geb\u00fchr <strong>per<\/strong> Post.<\/li>\n<\/ul>\n<h2 class=\"mb-2 mt-4 [.has-inline-images_&amp;]:clear-end font-sans visRefresh2026AnswerSerif:font-editorial font-semimedium visRefresh2026Fonts:font-bold text-base first:mt-0\">Details zum Workshop Harz 3-4 Objekte in Ascona<\/h2>\n<ul class=\"marker:text-quiet list-disc\">\n<li>Wann: <strong>Freitag<\/strong>, 20. <strong>M\u00e4rz<\/strong> 2026<\/li>\n<li>\u00d6ffnungszeiten: <strong>18.00 &#8211; 21.00<\/strong><\/li>\n<li><strong>Wo: <\/strong><strong><strong>DIE A<\/strong><\/strong><strong>rte Artigiana, Via Borgo 30, Ascona<\/strong><\/li>\n<li>Preis: <strong>120 CHF pro Person<\/strong> (inklusive Material)<\/li>\n<li>Begrenzte Pl\u00e4tze: <strong>Maximal 6 Teilnehmer<\/strong>, um alle Veranstaltungen verfolgen zu k\u00f6nnen<\/li>\n<\/ul>\n<h2 class=\"mb-2 mt-4 [.has-inline-images_&amp;]:clear-end font-sans visRefresh2026AnswerSerif:font-editorial font-semimedium visRefresh2026Fonts:font-bold text-base first:mt-0\">Was enthalten ist<\/h2>\n<ul class=\"marker:text-quiet list-disc\">\n<li>Harz, Farben, Glitter, getrocknete Blumen, <strong>St\u00f6cke<\/strong> und andere dekorative Eins\u00e4tze<\/li>\n<li>Verwendung von Formen, Werkzeugen und Schutz<\/li>\n<li>Fertigstellung und Endmontage der Objekte durch mich<\/li>\n<li>Bis zu <strong>3-4 fertige Harzobjekte<\/strong> (je nach Art des gew\u00e4hlten Projekts), die du verwenden oder verschenken kannst<\/li>\n<\/ul>\n<h2 class=\"mb-2 mt-4 [.has-inline-images_&amp;]:clear-end font-sans visRefresh2026AnswerSerif:font-editorial font-semimedium visRefresh2026Fonts:font-bold text-base first:mt-0\">F\u00fcr wen es geeignet ist<\/h2>\n<p class=\"my-2 [&amp;+p]:mt-4 [&amp;_strong:has(+br)]:inline-block [&amp;_strong:has(+br)]:pb-2\">Der <strong>Harz-Workshop &#8211; 3-4 Objekte deiner Wahl in Ascona<\/strong> ist f\u00fcr diejenigen gedacht, die frei mit Harz experimentieren und die Art von Objekt w\u00e4hlen wollen, die sie am meisten inspiriert. Er ist perfekt, wenn du bereits einen Grundkurs gemacht hast oder wenn du zum ersten Mal in den Harz eintauchen willst und die M\u00f6glichkeit hast, mehrere Projekte im selben Workshop auszuprobieren. <\/p>\n<p>Wenn du kreative Kurse magst, schau dir auch unseren <span class=\"text-box-trim-both\"><a class=\"reset interactable cursor-pointer decoration-1 underline-offset-1 text-super hover:underline font-semibold\" href=\"https:\/\/articamp.ch\/shop\/workshop-macrame-mensola-sospesa-14-febbraio-ascona\/\" target=\"_blank\" rel=\"nofollow noopener\">Makramee-Workshop<\/a><\/span>.<\/p>\n","protected":false},"excerpt":{"rendered":"<p>3-st\u00fcndiger Workshop in Ascona, bei dem du dir aussuchen kannst, was du herstellen m\u00f6chtest: bis zu 3-4 Objekte aus Kunstharz (Schl\u00fcsselanh\u00e4nger, Untersetzer, kleine Tabletts, Seifenschalen, Kerzenhalter&#8230;). Material und Fertigstellung inklusive, max. 6 Pl\u00e4tze. <\/p>\n","protected":false},"featured_media":32714,"comment_status":"open","ping_status":"closed","template":"","meta":{"_monsterinsights_skip_tracking":false,"_monsterinsights_sitenote_active":false,"_monsterinsights_sitenote_note":"","_monsterinsights_sitenote_category":0},"product_brand":[],"product_cat":[280,310],"product_tag":[311,316,312,315,314,313],"class_list":{"0":"post-32726","1":"product","2":"type-product","3":"status-publish","4":"has-post-thumbnail","6":"product_cat-harz","7":"product_cat-workshop","8":"product_tag-harz","9":"product_tag-kerzenhalter-2","10":"product_tag-kurs","11":"product_tag-seifenschale","12":"product_tag-untersetzer","13":"product_tag-workshop","15":"first","16":"instock","17":"shipping-taxable","18":"purchasable","19":"product-type-variable"},"yoast_head":"<!-- This site is optimized with the Yoast SEO plugin v27.6 - https:\/\/yoast.com\/product\/yoast-seo-wordpress\/ -->\n<title>RESIN WORKSHOP - 3-4 Objekte deiner Wahl<\/title>\n<meta name=\"description\" content=\"Workshop in Ascona, bei dem du dir aussuchen kannst, was du kreieren willst: bis zu 3-4 Objekte aus Harz, wie z.B. Schl\u00fcsselanh\u00e4nger, Untersetzer, Seifenschalen, Kerzenhalter.\" \/>\n<meta name=\"robots\" content=\"index, follow, max-snippet:-1, max-image-preview:large, max-video-preview:-1\" \/>\n<link rel=\"canonical\" href=\"https:\/\/articamp.ch\/de\/shop\/resin-workshop-3-4-objekte-deiner-wahl-freitag-20-maerz-930-1230-ascona\/\" \/>\n<meta property=\"og:locale\" content=\"de_DE\" \/>\n<meta property=\"og:type\" content=\"article\" \/>\n<meta property=\"og:title\" content=\"RESIN WORKSHOP - 3-4 Objekte deiner Wahl\" \/>\n<meta property=\"og:description\" content=\"Workshop in Ascona, bei dem du dir aussuchen kannst, was du kreieren willst: bis zu 3-4 Objekte aus Harz, wie z.B. Schl\u00fcsselanh\u00e4nger, Untersetzer, Seifenschalen, Kerzenhalter.\" \/>\n<meta property=\"og:url\" content=\"https:\/\/articamp.ch\/de\/shop\/resin-workshop-3-4-objekte-deiner-wahl-freitag-20-maerz-930-1230-ascona\/\" \/>\n<meta property=\"og:site_name\" content=\"ArtiCamp\" \/>\n<meta property=\"article:publisher\" content=\"https:\/\/www.facebook.com\/profile.php?id=100090195593870\" \/>\n<meta property=\"og:image\" content=\"https:\/\/i0.wp.com\/articamp.ch\/wp-content\/uploads\/2026\/02\/IMG_20260213_073854-scaled.webp?fit=1920%2C2560&ssl=1\" \/>\n\t<meta property=\"og:image:width\" content=\"1920\" \/>\n\t<meta property=\"og:image:height\" content=\"2560\" \/>\n\t<meta property=\"og:image:type\" content=\"image\/webp\" \/>\n<meta name=\"twitter:card\" content=\"summary_large_image\" \/>\n<meta name=\"twitter:label1\" content=\"Gesch\u00e4tzte Lesezeit\" \/>\n\t<meta name=\"twitter:data1\" content=\"2\u00a0Minuten\" \/>\n<script type=\"application\/ld+json\" class=\"yoast-schema-graph\">{\"@context\":\"https:\\\/\\\/schema.org\",\"@graph\":[{\"@type\":\"WebPage\",\"@id\":\"https:\\\/\\\/articamp.ch\\\/de\\\/shop\\\/resin-workshop-3-4-objekte-deiner-wahl-freitag-20-maerz-930-1230-ascona\\\/\",\"url\":\"https:\\\/\\\/articamp.ch\\\/de\\\/shop\\\/resin-workshop-3-4-objekte-deiner-wahl-freitag-20-maerz-930-1230-ascona\\\/\",\"name\":\"RESIN WORKSHOP - 3-4 Objekte deiner Wahl\",\"isPartOf\":{\"@id\":\"https:\\\/\\\/articamp.ch\\\/de\\\/#website\"},\"primaryImageOfPage\":{\"@id\":\"https:\\\/\\\/articamp.ch\\\/de\\\/shop\\\/resin-workshop-3-4-objekte-deiner-wahl-freitag-20-maerz-930-1230-ascona\\\/#primaryimage\"},\"image\":{\"@id\":\"https:\\\/\\\/articamp.ch\\\/de\\\/shop\\\/resin-workshop-3-4-objekte-deiner-wahl-freitag-20-maerz-930-1230-ascona\\\/#primaryimage\"},\"thumbnailUrl\":\"https:\\\/\\\/i0.wp.com\\\/articamp.ch\\\/wp-content\\\/uploads\\\/2026\\\/02\\\/IMG_20260213_073854-scaled.webp?fit=1920%2C2560&ssl=1\",\"datePublished\":\"2026-02-13T07:24:45+00:00\",\"description\":\"Workshop in Ascona, bei dem du dir aussuchen kannst, was du kreieren willst: bis zu 3-4 Objekte aus Harz, wie z.B. Schl\u00fcsselanh\u00e4nger, Untersetzer, Seifenschalen, Kerzenhalter.\",\"breadcrumb\":{\"@id\":\"https:\\\/\\\/articamp.ch\\\/de\\\/shop\\\/resin-workshop-3-4-objekte-deiner-wahl-freitag-20-maerz-930-1230-ascona\\\/#breadcrumb\"},\"inLanguage\":\"de\",\"potentialAction\":[{\"@type\":\"ReadAction\",\"target\":[\"https:\\\/\\\/articamp.ch\\\/de\\\/shop\\\/resin-workshop-3-4-objekte-deiner-wahl-freitag-20-maerz-930-1230-ascona\\\/\"]}]},{\"@type\":\"ImageObject\",\"inLanguage\":\"de\",\"@id\":\"https:\\\/\\\/articamp.ch\\\/de\\\/shop\\\/resin-workshop-3-4-objekte-deiner-wahl-freitag-20-maerz-930-1230-ascona\\\/#primaryimage\",\"url\":\"https:\\\/\\\/i0.wp.com\\\/articamp.ch\\\/wp-content\\\/uploads\\\/2026\\\/02\\\/IMG_20260213_073854-scaled.webp?fit=1920%2C2560&ssl=1\",\"contentUrl\":\"https:\\\/\\\/i0.wp.com\\\/articamp.ch\\\/wp-content\\\/uploads\\\/2026\\\/02\\\/IMG_20260213_073854-scaled.webp?fit=1920%2C2560&ssl=1\",\"width\":1920,\"height\":2560},{\"@type\":\"BreadcrumbList\",\"@id\":\"https:\\\/\\\/articamp.ch\\\/de\\\/shop\\\/resin-workshop-3-4-objekte-deiner-wahl-freitag-20-maerz-930-1230-ascona\\\/#breadcrumb\",\"itemListElement\":[{\"@type\":\"ListItem\",\"position\":1,\"name\":\"Home\",\"item\":\"https:\\\/\\\/articamp.ch\\\/de\\\/\"},{\"@type\":\"ListItem\",\"position\":2,\"name\":\"Shop\",\"item\":\"https:\\\/\\\/articamp.ch\\\/de\\\/shop\\\/\"},{\"@type\":\"ListItem\",\"position\":3,\"name\":\"RESIN WORKSHOP &#8211; 3-4 Objekte deiner Wahl (Freitag, 20. M\u00e4rz, 9:30-12:30, Ascona)\"}]},{\"@type\":\"WebSite\",\"@id\":\"https:\\\/\\\/articamp.ch\\\/de\\\/#website\",\"url\":\"https:\\\/\\\/articamp.ch\\\/de\\\/\",\"name\":\"articamp.ch\",\"description\":\"lavori d&#039;artigianato individuali fatti a mano\",\"publisher\":{\"@id\":\"https:\\\/\\\/articamp.ch\\\/de\\\/#organization\"},\"potentialAction\":[{\"@type\":\"SearchAction\",\"target\":{\"@type\":\"EntryPoint\",\"urlTemplate\":\"https:\\\/\\\/articamp.ch\\\/de\\\/?s={search_term_string}\"},\"query-input\":{\"@type\":\"PropertyValueSpecification\",\"valueRequired\":true,\"valueName\":\"search_term_string\"}}],\"inLanguage\":\"de\"},{\"@type\":\"Organization\",\"@id\":\"https:\\\/\\\/articamp.ch\\\/de\\\/#organization\",\"name\":\"ArtiCamp\",\"url\":\"https:\\\/\\\/articamp.ch\\\/de\\\/\",\"logo\":{\"@type\":\"ImageObject\",\"inLanguage\":\"de\",\"@id\":\"https:\\\/\\\/articamp.ch\\\/de\\\/#\\\/schema\\\/logo\\\/image\\\/\",\"url\":\"https:\\\/\\\/i0.wp.com\\\/articamp.ch\\\/wp-content\\\/uploads\\\/2023\\\/12\\\/cropped-Logo-ArtiCamp.png?fit=512%2C512&ssl=1\",\"contentUrl\":\"https:\\\/\\\/i0.wp.com\\\/articamp.ch\\\/wp-content\\\/uploads\\\/2023\\\/12\\\/cropped-Logo-ArtiCamp.png?fit=512%2C512&ssl=1\",\"width\":512,\"height\":512,\"caption\":\"ArtiCamp\"},\"image\":{\"@id\":\"https:\\\/\\\/articamp.ch\\\/de\\\/#\\\/schema\\\/logo\\\/image\\\/\"},\"sameAs\":[\"https:\\\/\\\/www.facebook.com\\\/profile.php?id=100090195593870\",\"https:\\\/\\\/www.instagram.com\\\/articamp.ch\\\/\",\"https:\\\/\\\/www.tiktok.com\\\/@articamp\"]}]}<\/script>\n<!-- \/ Yoast SEO plugin. -->","yoast_head_json":{"title":"RESIN WORKSHOP - 3-4 Objekte deiner Wahl","description":"Workshop in Ascona, bei dem du dir aussuchen kannst, was du kreieren willst: bis zu 3-4 Objekte aus Harz, wie z.B. Schl\u00fcsselanh\u00e4nger, Untersetzer, Seifenschalen, Kerzenhalter.","robots":{"index":"index","follow":"follow","max-snippet":"max-snippet:-1","max-image-preview":"max-image-preview:large","max-video-preview":"max-video-preview:-1"},"canonical":"https:\/\/articamp.ch\/de\/shop\/resin-workshop-3-4-objekte-deiner-wahl-freitag-20-maerz-930-1230-ascona\/","og_locale":"de_DE","og_type":"article","og_title":"RESIN WORKSHOP - 3-4 Objekte deiner Wahl","og_description":"Workshop in Ascona, bei dem du dir aussuchen kannst, was du kreieren willst: bis zu 3-4 Objekte aus Harz, wie z.B. Schl\u00fcsselanh\u00e4nger, Untersetzer, Seifenschalen, Kerzenhalter.","og_url":"https:\/\/articamp.ch\/de\/shop\/resin-workshop-3-4-objekte-deiner-wahl-freitag-20-maerz-930-1230-ascona\/","og_site_name":"ArtiCamp","article_publisher":"https:\/\/www.facebook.com\/profile.php?id=100090195593870","og_image":[{"width":1920,"height":2560,"url":"https:\/\/i0.wp.com\/articamp.ch\/wp-content\/uploads\/2026\/02\/IMG_20260213_073854-scaled.webp?fit=1920%2C2560&ssl=1","type":"image\/webp"}],"twitter_card":"summary_large_image","twitter_misc":{"Gesch\u00e4tzte Lesezeit":"2\u00a0Minuten"},"schema":{"@context":"https:\/\/schema.org","@graph":[{"@type":"WebPage","@id":"https:\/\/articamp.ch\/de\/shop\/resin-workshop-3-4-objekte-deiner-wahl-freitag-20-maerz-930-1230-ascona\/","url":"https:\/\/articamp.ch\/de\/shop\/resin-workshop-3-4-objekte-deiner-wahl-freitag-20-maerz-930-1230-ascona\/","name":"RESIN WORKSHOP - 3-4 Objekte deiner Wahl","isPartOf":{"@id":"https:\/\/articamp.ch\/de\/#website"},"primaryImageOfPage":{"@id":"https:\/\/articamp.ch\/de\/shop\/resin-workshop-3-4-objekte-deiner-wahl-freitag-20-maerz-930-1230-ascona\/#primaryimage"},"image":{"@id":"https:\/\/articamp.ch\/de\/shop\/resin-workshop-3-4-objekte-deiner-wahl-freitag-20-maerz-930-1230-ascona\/#primaryimage"},"thumbnailUrl":"https:\/\/i0.wp.com\/articamp.ch\/wp-content\/uploads\/2026\/02\/IMG_20260213_073854-scaled.webp?fit=1920%2C2560&ssl=1","datePublished":"2026-02-13T07:24:45+00:00","description":"Workshop in Ascona, bei dem du dir aussuchen kannst, was du kreieren willst: bis zu 3-4 Objekte aus Harz, wie z.B. Schl\u00fcsselanh\u00e4nger, Untersetzer, Seifenschalen, Kerzenhalter.","breadcrumb":{"@id":"https:\/\/articamp.ch\/de\/shop\/resin-workshop-3-4-objekte-deiner-wahl-freitag-20-maerz-930-1230-ascona\/#breadcrumb"},"inLanguage":"de","potentialAction":[{"@type":"ReadAction","target":["https:\/\/articamp.ch\/de\/shop\/resin-workshop-3-4-objekte-deiner-wahl-freitag-20-maerz-930-1230-ascona\/"]}]},{"@type":"ImageObject","inLanguage":"de","@id":"https:\/\/articamp.ch\/de\/shop\/resin-workshop-3-4-objekte-deiner-wahl-freitag-20-maerz-930-1230-ascona\/#primaryimage","url":"https:\/\/i0.wp.com\/articamp.ch\/wp-content\/uploads\/2026\/02\/IMG_20260213_073854-scaled.webp?fit=1920%2C2560&ssl=1","contentUrl":"https:\/\/i0.wp.com\/articamp.ch\/wp-content\/uploads\/2026\/02\/IMG_20260213_073854-scaled.webp?fit=1920%2C2560&ssl=1","width":1920,"height":2560},{"@type":"BreadcrumbList","@id":"https:\/\/articamp.ch\/de\/shop\/resin-workshop-3-4-objekte-deiner-wahl-freitag-20-maerz-930-1230-ascona\/#breadcrumb","itemListElement":[{"@type":"ListItem","position":1,"name":"Home","item":"https:\/\/articamp.ch\/de\/"},{"@type":"ListItem","position":2,"name":"Shop","item":"https:\/\/articamp.ch\/de\/shop\/"},{"@type":"ListItem","position":3,"name":"RESIN WORKSHOP &#8211; 3-4 Objekte deiner Wahl (Freitag, 20. M\u00e4rz, 9:30-12:30, Ascona)"}]},{"@type":"WebSite","@id":"https:\/\/articamp.ch\/de\/#website","url":"https:\/\/articamp.ch\/de\/","name":"articamp.ch","description":"lavori d&#039;artigianato individuali fatti a mano","publisher":{"@id":"https:\/\/articamp.ch\/de\/#organization"},"potentialAction":[{"@type":"SearchAction","target":{"@type":"EntryPoint","urlTemplate":"https:\/\/articamp.ch\/de\/?s={search_term_string}"},"query-input":{"@type":"PropertyValueSpecification","valueRequired":true,"valueName":"search_term_string"}}],"inLanguage":"de"},{"@type":"Organization","@id":"https:\/\/articamp.ch\/de\/#organization","name":"ArtiCamp","url":"https:\/\/articamp.ch\/de\/","logo":{"@type":"ImageObject","inLanguage":"de","@id":"https:\/\/articamp.ch\/de\/#\/schema\/logo\/image\/","url":"https:\/\/i0.wp.com\/articamp.ch\/wp-content\/uploads\/2023\/12\/cropped-Logo-ArtiCamp.png?fit=512%2C512&ssl=1","contentUrl":"https:\/\/i0.wp.com\/articamp.ch\/wp-content\/uploads\/2023\/12\/cropped-Logo-ArtiCamp.png?fit=512%2C512&ssl=1","width":512,"height":512,"caption":"ArtiCamp"},"image":{"@id":"https:\/\/articamp.ch\/de\/#\/schema\/logo\/image\/"},"sameAs":["https:\/\/www.facebook.com\/profile.php?id=100090195593870","https:\/\/www.instagram.com\/articamp.ch\/","https:\/\/www.tiktok.com\/@articamp"]}]}},"jetpack_sharing_enabled":true,"_links":{"self":[{"href":"https:\/\/articamp.ch\/de\/wp-json\/wp\/v2\/product\/32726","targetHints":{"allow":["GET"]}}],"collection":[{"href":"https:\/\/articamp.ch\/de\/wp-json\/wp\/v2\/product"}],"about":[{"href":"https:\/\/articamp.ch\/de\/wp-json\/wp\/v2\/types\/product"}],"replies":[{"embeddable":true,"href":"https:\/\/articamp.ch\/de\/wp-json\/wp\/v2\/comments?post=32726"}],"wp:featuredmedia":[{"embeddable":true,"href":"https:\/\/articamp.ch\/de\/wp-json\/wp\/v2\/media\/32714"}],"wp:attachment":[{"href":"https:\/\/articamp.ch\/de\/wp-json\/wp\/v2\/media?parent=32726"}],"wp:term":[{"taxonomy":"product_brand","embeddable":true,"href":"https:\/\/articamp.ch\/de\/wp-json\/wp\/v2\/product_brand?post=32726"},{"taxonomy":"product_cat","embeddable":true,"href":"https:\/\/articamp.ch\/de\/wp-json\/wp\/v2\/product_cat?post=32726"},{"taxonomy":"product_tag","embeddable":true,"href":"https:\/\/articamp.ch\/de\/wp-json\/wp\/v2\/product_tag?post=32726"}],"curies":[{"name":"wp","href":"https:\/\/api.w.org\/{rel}","templated":true}]}}