{"id":31999,"date":"2024-08-06T09:06:55","date_gmt":"2024-08-06T07:06:55","guid":{"rendered":"https:\/\/articamp.ch\/shop\/wellenachterbahn\/"},"modified":"2024-08-06T09:52:40","modified_gmt":"2024-08-06T07:52:40","slug":"wellenachterbahn","status":"publish","type":"product","link":"https:\/\/articamp.ch\/de\/shop\/wellenachterbahn\/","title":{"rendered":"Wellenachterbahn"},"content":{"rendered":"<p>Entdecke unsere Ocean Effect Untersetzer! \ud83c\udf0a Suchst du nach einem einzigartigen Accessoire, das die Magie des Meeres einf\u00e4ngt? Unsere Untersetzer mit Meereseffekt sind perfekt f\u00fcr dich! \u2728 <strong>Produktdetails<\/strong>: &#8211; Handarbeit <strong>:<\/strong> Jeder Untersetzer wird sorgf\u00e4ltig von Hand gefertigt, um ein einzigartiges, hochwertiges St\u00fcck zu garantieren. &#8211; <strong>Einzigartiges Design<\/strong>: Inspiriert von Meereswellen verleihen sie jedem Tisch einen Hauch von Eleganz. <strong> Warum solltest du dich f\u00fcr unsere Untersetzer entscheiden?<\/strong> 1. <strong>exklusiv<\/strong>: Bringe ein einzigartiges St\u00fcck Handwerkskunst in dein Zuhause. 2. <strong>Nachhaltigkeit<\/strong>: Wir verwenden verantwortungsvoll geerntete Materialien, um die Umwelt zu sch\u00fctzen. Au\u00dferdem sind mehr als 70 Prozent des Epoxidharzes biobasiert, was unser Engagement f\u00fcr \u00f6kologische Nachhaltigkeit widerspiegelt. 3. <strong>Perfektes Geschenk<\/strong>: Eine besondere Idee f\u00fcr alle, die das Meer und die Natur lieben. \ud83d\udd25 Lass dir diese Gelegenheit nicht entgehen! Bestelle jetzt deine Ozeaneffekt-Untersetzer und bereichere deine Tage mit einem Hauch von Abenteuer und nat\u00fcrlicher Sch\u00f6nheit. \ud83d\udc99 <em>Gib deinem Zuhause einen einzigartigen Touch mit ArtiCamp!<\/em>&gt; \ud83d\udc99 <strong>INFO Nachbestellungen<\/strong>: F\u00fcr Artikel, die nicht auf Lager sind, betr\u00e4gt die voraussichtliche Produktionsvorlaufzeit 1-2 Wochen.  <\/p>\n<ul>\n<li>Jedes unserer Produkte ist handgefertigt und einzigartig.<\/li>\n<li>Die angegebenen Ma\u00dfe sind ungef\u00e4hre Angaben.<\/li>\n<li>Die Dekorationsmaterialien auf den Fotos sind nicht enthalten.<\/li>\n<li>Es kann kleine Unterschiede zwischen dem Foto und dem tats\u00e4chlichen Produkt geben, denn jeder Untersetzer ist einzigartig und hat eine andere Welle.<\/li>\n<li>Auf Anfrage schicken wir dir ein Foto der Untersetzer und DU kannst dir die Untersetzer aussuchen, die du haben m\u00f6chtest.<\/li>\n<\/ul>\n","protected":false},"excerpt":{"rendered":"<p>\ud83c\udf0a Ozean-Effekt-Untersetzer \ud83c\udf0a Tauche ein in die nat\u00fcrliche Sch\u00f6nheit mit unseren Ozean-Effekt-Untersetzern, die in Handarbeit hergestellt werden, um die Essenz der Wellen und die Gelassenheit des Meeres einzufangen. Jeder Untersetzer ist ein einzigartiges Kunstwerk, das Eleganz und Authentizit\u00e4t mit einem von nat\u00fcrlichen Elementen inspirierten Design verbindet. Sie sind der perfekte Weg, um deinem Tisch einen Hauch von Natur und Stil zu verleihen. Diese Untersetzer eignen sich perfekt als Geschenk oder als Accessoire f\u00fcr dein Zuhause und bringen die Magie des Ozeans mit sich, wo immer du bist.<\/p>\n","protected":false},"featured_media":31964,"comment_status":"open","ping_status":"closed","template":"","meta":{"_monsterinsights_skip_tracking":false,"_monsterinsights_sitenote_active":false,"_monsterinsights_sitenote_note":"","_monsterinsights_sitenote_category":0},"product_brand":[],"product_cat":[151,280],"product_tag":[],"class_list":{"0":"post-31999","1":"product","2":"type-product","3":"status-publish","4":"has-post-thumbnail","6":"product_cat-alle","7":"product_cat-harz","8":"product_shipping_class-normaler-versand","10":"first","11":"instock","12":"shipping-taxable","13":"purchasable","14":"product-type-simple"},"yoast_head":"<!-- This site is optimized with the Yoast SEO plugin v27.6 - https:\/\/yoast.com\/product\/yoast-seo-wordpress\/ -->\n<title>Wellenachterbahn - ArtiCamp<\/title>\n<meta name=\"robots\" content=\"index, follow, max-snippet:-1, max-image-preview:large, max-video-preview:-1\" \/>\n<link rel=\"canonical\" href=\"https:\/\/articamp.ch\/de\/shop\/wellenachterbahn\/\" \/>\n<meta property=\"og:locale\" content=\"de_DE\" \/>\n<meta property=\"og:type\" content=\"article\" \/>\n<meta property=\"og:title\" content=\"Wellenachterbahn - ArtiCamp\" \/>\n<meta property=\"og:description\" content=\"\ud83c\udf0a Ozean-Effekt-Untersetzer \ud83c\udf0a Tauche ein in die nat\u00fcrliche Sch\u00f6nheit mit unseren Ozean-Effekt-Untersetzern, die in Handarbeit hergestellt werden, um die Essenz der Wellen und die Gelassenheit des Meeres einzufangen. Jeder Untersetzer ist ein einzigartiges Kunstwerk, das Eleganz und Authentizit\u00e4t mit einem von nat\u00fcrlichen Elementen inspirierten Design verbindet. Sie sind der perfekte Weg, um deinem Tisch einen Hauch von Natur und Stil zu verleihen. Diese Untersetzer eignen sich perfekt als Geschenk oder als Accessoire f\u00fcr dein Zuhause und bringen die Magie des Ozeans mit sich, wo immer du bist.\" \/>\n<meta property=\"og:url\" content=\"https:\/\/articamp.ch\/de\/shop\/wellenachterbahn\/\" \/>\n<meta property=\"og:site_name\" content=\"ArtiCamp\" \/>\n<meta property=\"article:publisher\" content=\"https:\/\/www.facebook.com\/profile.php?id=100090195593870\" \/>\n<meta property=\"article:modified_time\" content=\"2024-08-06T07:52:40+00:00\" \/>\n<meta property=\"og:image\" content=\"https:\/\/i0.wp.com\/articamp.ch\/wp-content\/uploads\/2024\/07\/1000038370.jpg?fit=900%2C900&ssl=1\" \/>\n\t<meta property=\"og:image:width\" content=\"900\" \/>\n\t<meta property=\"og:image:height\" content=\"900\" \/>\n\t<meta property=\"og:image:type\" content=\"image\/jpeg\" \/>\n<meta name=\"twitter:card\" content=\"summary_large_image\" \/>\n<meta name=\"twitter:label1\" content=\"Gesch\u00e4tzte Lesezeit\" \/>\n\t<meta name=\"twitter:data1\" content=\"1\u00a0Minute\" \/>\n<script type=\"application\/ld+json\" class=\"yoast-schema-graph\">{\"@context\":\"https:\\\/\\\/schema.org\",\"@graph\":[{\"@type\":\"WebPage\",\"@id\":\"https:\\\/\\\/articamp.ch\\\/de\\\/shop\\\/wellenachterbahn\\\/\",\"url\":\"https:\\\/\\\/articamp.ch\\\/de\\\/shop\\\/wellenachterbahn\\\/\",\"name\":\"Wellenachterbahn - ArtiCamp\",\"isPartOf\":{\"@id\":\"https:\\\/\\\/articamp.ch\\\/de\\\/#website\"},\"primaryImageOfPage\":{\"@id\":\"https:\\\/\\\/articamp.ch\\\/de\\\/shop\\\/wellenachterbahn\\\/#primaryimage\"},\"image\":{\"@id\":\"https:\\\/\\\/articamp.ch\\\/de\\\/shop\\\/wellenachterbahn\\\/#primaryimage\"},\"thumbnailUrl\":\"https:\\\/\\\/i0.wp.com\\\/articamp.ch\\\/wp-content\\\/uploads\\\/2024\\\/07\\\/1000038370.jpg?fit=900%2C900&ssl=1\",\"datePublished\":\"2024-08-06T07:06:55+00:00\",\"dateModified\":\"2024-08-06T07:52:40+00:00\",\"breadcrumb\":{\"@id\":\"https:\\\/\\\/articamp.ch\\\/de\\\/shop\\\/wellenachterbahn\\\/#breadcrumb\"},\"inLanguage\":\"de\",\"potentialAction\":[{\"@type\":\"ReadAction\",\"target\":[\"https:\\\/\\\/articamp.ch\\\/de\\\/shop\\\/wellenachterbahn\\\/\"]}]},{\"@type\":\"ImageObject\",\"inLanguage\":\"de\",\"@id\":\"https:\\\/\\\/articamp.ch\\\/de\\\/shop\\\/wellenachterbahn\\\/#primaryimage\",\"url\":\"https:\\\/\\\/i0.wp.com\\\/articamp.ch\\\/wp-content\\\/uploads\\\/2024\\\/07\\\/1000038370.jpg?fit=900%2C900&ssl=1\",\"contentUrl\":\"https:\\\/\\\/i0.wp.com\\\/articamp.ch\\\/wp-content\\\/uploads\\\/2024\\\/07\\\/1000038370.jpg?fit=900%2C900&ssl=1\",\"width\":900,\"height\":900},{\"@type\":\"BreadcrumbList\",\"@id\":\"https:\\\/\\\/articamp.ch\\\/de\\\/shop\\\/wellenachterbahn\\\/#breadcrumb\",\"itemListElement\":[{\"@type\":\"ListItem\",\"position\":1,\"name\":\"Home\",\"item\":\"https:\\\/\\\/articamp.ch\\\/de\\\/\"},{\"@type\":\"ListItem\",\"position\":2,\"name\":\"Shop\",\"item\":\"https:\\\/\\\/articamp.ch\\\/de\\\/shop\\\/\"},{\"@type\":\"ListItem\",\"position\":3,\"name\":\"Wellenachterbahn\"}]},{\"@type\":\"WebSite\",\"@id\":\"https:\\\/\\\/articamp.ch\\\/de\\\/#website\",\"url\":\"https:\\\/\\\/articamp.ch\\\/de\\\/\",\"name\":\"articamp.ch\",\"description\":\"lavori d&#039;artigianato individuali fatti a mano\",\"publisher\":{\"@id\":\"https:\\\/\\\/articamp.ch\\\/de\\\/#organization\"},\"potentialAction\":[{\"@type\":\"SearchAction\",\"target\":{\"@type\":\"EntryPoint\",\"urlTemplate\":\"https:\\\/\\\/articamp.ch\\\/de\\\/?s={search_term_string}\"},\"query-input\":{\"@type\":\"PropertyValueSpecification\",\"valueRequired\":true,\"valueName\":\"search_term_string\"}}],\"inLanguage\":\"de\"},{\"@type\":\"Organization\",\"@id\":\"https:\\\/\\\/articamp.ch\\\/de\\\/#organization\",\"name\":\"ArtiCamp\",\"url\":\"https:\\\/\\\/articamp.ch\\\/de\\\/\",\"logo\":{\"@type\":\"ImageObject\",\"inLanguage\":\"de\",\"@id\":\"https:\\\/\\\/articamp.ch\\\/de\\\/#\\\/schema\\\/logo\\\/image\\\/\",\"url\":\"https:\\\/\\\/i0.wp.com\\\/articamp.ch\\\/wp-content\\\/uploads\\\/2023\\\/12\\\/cropped-Logo-ArtiCamp.png?fit=512%2C512&ssl=1\",\"contentUrl\":\"https:\\\/\\\/i0.wp.com\\\/articamp.ch\\\/wp-content\\\/uploads\\\/2023\\\/12\\\/cropped-Logo-ArtiCamp.png?fit=512%2C512&ssl=1\",\"width\":512,\"height\":512,\"caption\":\"ArtiCamp\"},\"image\":{\"@id\":\"https:\\\/\\\/articamp.ch\\\/de\\\/#\\\/schema\\\/logo\\\/image\\\/\"},\"sameAs\":[\"https:\\\/\\\/www.facebook.com\\\/profile.php?id=100090195593870\",\"https:\\\/\\\/www.instagram.com\\\/articamp.ch\\\/\",\"https:\\\/\\\/www.tiktok.com\\\/@articamp\"]}]}<\/script>\n<!-- \/ Yoast SEO plugin. -->","yoast_head_json":{"title":"Wellenachterbahn - ArtiCamp","robots":{"index":"index","follow":"follow","max-snippet":"max-snippet:-1","max-image-preview":"max-image-preview:large","max-video-preview":"max-video-preview:-1"},"canonical":"https:\/\/articamp.ch\/de\/shop\/wellenachterbahn\/","og_locale":"de_DE","og_type":"article","og_title":"Wellenachterbahn - ArtiCamp","og_description":"\ud83c\udf0a Ozean-Effekt-Untersetzer \ud83c\udf0a Tauche ein in die nat\u00fcrliche Sch\u00f6nheit mit unseren Ozean-Effekt-Untersetzern, die in Handarbeit hergestellt werden, um die Essenz der Wellen und die Gelassenheit des Meeres einzufangen. Jeder Untersetzer ist ein einzigartiges Kunstwerk, das Eleganz und Authentizit\u00e4t mit einem von nat\u00fcrlichen Elementen inspirierten Design verbindet. Sie sind der perfekte Weg, um deinem Tisch einen Hauch von Natur und Stil zu verleihen. Diese Untersetzer eignen sich perfekt als Geschenk oder als Accessoire f\u00fcr dein Zuhause und bringen die Magie des Ozeans mit sich, wo immer du bist.","og_url":"https:\/\/articamp.ch\/de\/shop\/wellenachterbahn\/","og_site_name":"ArtiCamp","article_publisher":"https:\/\/www.facebook.com\/profile.php?id=100090195593870","article_modified_time":"2024-08-06T07:52:40+00:00","og_image":[{"width":900,"height":900,"url":"https:\/\/i0.wp.com\/articamp.ch\/wp-content\/uploads\/2024\/07\/1000038370.jpg?fit=900%2C900&ssl=1","type":"image\/jpeg"}],"twitter_card":"summary_large_image","twitter_misc":{"Gesch\u00e4tzte Lesezeit":"1\u00a0Minute"},"schema":{"@context":"https:\/\/schema.org","@graph":[{"@type":"WebPage","@id":"https:\/\/articamp.ch\/de\/shop\/wellenachterbahn\/","url":"https:\/\/articamp.ch\/de\/shop\/wellenachterbahn\/","name":"Wellenachterbahn - ArtiCamp","isPartOf":{"@id":"https:\/\/articamp.ch\/de\/#website"},"primaryImageOfPage":{"@id":"https:\/\/articamp.ch\/de\/shop\/wellenachterbahn\/#primaryimage"},"image":{"@id":"https:\/\/articamp.ch\/de\/shop\/wellenachterbahn\/#primaryimage"},"thumbnailUrl":"https:\/\/i0.wp.com\/articamp.ch\/wp-content\/uploads\/2024\/07\/1000038370.jpg?fit=900%2C900&ssl=1","datePublished":"2024-08-06T07:06:55+00:00","dateModified":"2024-08-06T07:52:40+00:00","breadcrumb":{"@id":"https:\/\/articamp.ch\/de\/shop\/wellenachterbahn\/#breadcrumb"},"inLanguage":"de","potentialAction":[{"@type":"ReadAction","target":["https:\/\/articamp.ch\/de\/shop\/wellenachterbahn\/"]}]},{"@type":"ImageObject","inLanguage":"de","@id":"https:\/\/articamp.ch\/de\/shop\/wellenachterbahn\/#primaryimage","url":"https:\/\/i0.wp.com\/articamp.ch\/wp-content\/uploads\/2024\/07\/1000038370.jpg?fit=900%2C900&ssl=1","contentUrl":"https:\/\/i0.wp.com\/articamp.ch\/wp-content\/uploads\/2024\/07\/1000038370.jpg?fit=900%2C900&ssl=1","width":900,"height":900},{"@type":"BreadcrumbList","@id":"https:\/\/articamp.ch\/de\/shop\/wellenachterbahn\/#breadcrumb","itemListElement":[{"@type":"ListItem","position":1,"name":"Home","item":"https:\/\/articamp.ch\/de\/"},{"@type":"ListItem","position":2,"name":"Shop","item":"https:\/\/articamp.ch\/de\/shop\/"},{"@type":"ListItem","position":3,"name":"Wellenachterbahn"}]},{"@type":"WebSite","@id":"https:\/\/articamp.ch\/de\/#website","url":"https:\/\/articamp.ch\/de\/","name":"articamp.ch","description":"lavori d&#039;artigianato individuali fatti a mano","publisher":{"@id":"https:\/\/articamp.ch\/de\/#organization"},"potentialAction":[{"@type":"SearchAction","target":{"@type":"EntryPoint","urlTemplate":"https:\/\/articamp.ch\/de\/?s={search_term_string}"},"query-input":{"@type":"PropertyValueSpecification","valueRequired":true,"valueName":"search_term_string"}}],"inLanguage":"de"},{"@type":"Organization","@id":"https:\/\/articamp.ch\/de\/#organization","name":"ArtiCamp","url":"https:\/\/articamp.ch\/de\/","logo":{"@type":"ImageObject","inLanguage":"de","@id":"https:\/\/articamp.ch\/de\/#\/schema\/logo\/image\/","url":"https:\/\/i0.wp.com\/articamp.ch\/wp-content\/uploads\/2023\/12\/cropped-Logo-ArtiCamp.png?fit=512%2C512&ssl=1","contentUrl":"https:\/\/i0.wp.com\/articamp.ch\/wp-content\/uploads\/2023\/12\/cropped-Logo-ArtiCamp.png?fit=512%2C512&ssl=1","width":512,"height":512,"caption":"ArtiCamp"},"image":{"@id":"https:\/\/articamp.ch\/de\/#\/schema\/logo\/image\/"},"sameAs":["https:\/\/www.facebook.com\/profile.php?id=100090195593870","https:\/\/www.instagram.com\/articamp.ch\/","https:\/\/www.tiktok.com\/@articamp"]}]}},"jetpack_sharing_enabled":true,"_links":{"self":[{"href":"https:\/\/articamp.ch\/de\/wp-json\/wp\/v2\/product\/31999","targetHints":{"allow":["GET"]}}],"collection":[{"href":"https:\/\/articamp.ch\/de\/wp-json\/wp\/v2\/product"}],"about":[{"href":"https:\/\/articamp.ch\/de\/wp-json\/wp\/v2\/types\/product"}],"replies":[{"embeddable":true,"href":"https:\/\/articamp.ch\/de\/wp-json\/wp\/v2\/comments?post=31999"}],"wp:featuredmedia":[{"embeddable":true,"href":"https:\/\/articamp.ch\/de\/wp-json\/wp\/v2\/media\/31964"}],"wp:attachment":[{"href":"https:\/\/articamp.ch\/de\/wp-json\/wp\/v2\/media?parent=31999"}],"wp:term":[{"taxonomy":"product_brand","embeddable":true,"href":"https:\/\/articamp.ch\/de\/wp-json\/wp\/v2\/product_brand?post=31999"},{"taxonomy":"product_cat","embeddable":true,"href":"https:\/\/articamp.ch\/de\/wp-json\/wp\/v2\/product_cat?post=31999"},{"taxonomy":"product_tag","embeddable":true,"href":"https:\/\/articamp.ch\/de\/wp-json\/wp\/v2\/product_tag?post=31999"}],"curies":[{"name":"wp","href":"https:\/\/api.w.org\/{rel}","templated":true}]}}