{"id":31182,"date":"2023-06-24T20:50:04","date_gmt":"2023-06-24T18:50:04","guid":{"rendered":"https:\/\/articamp.ch\/shop\/einfaches-wellenmakramee\/"},"modified":"2023-09-06T17:25:30","modified_gmt":"2023-09-06T15:25:30","slug":"einfaches-wellenmakramee","status":"publish","type":"product","link":"https:\/\/articamp.ch\/de\/shop\/einfaches-wellenmakramee\/","title":{"rendered":"Einfaches Wellenmakramee"},"content":{"rendered":"<h2 style=\"text-align:left\">\u00dcber Wave Macram\u00e9<\/h2>\n<p style=\"text-align:left\">Dieser Vasenhalter von Onda mit seinem schlichten und eleganten Design wurde in Handarbeit mit der Technik des Makramee mit Baumwollkordel hergestellt. Nat\u00fcrlich verleihen seine kleinen Details dem Makramee Schlichtheit und Eleganz und er hat einen Platz in jedem Zuhause. Er ist ideal f\u00fcr mittelgro\u00dfe T\u00f6pfe und ist das perfekte Accessoire, um deinen Pflanzen einen einzigartigen Touch zu verleihen und ihre volle Pracht zur Geltung zu bringen. Und wenn du wenig Licht im Haus hast, bringt das Makramee vor dem Fenster nicht nur mehr Stil in dein Zuhause, sondern kommt auch deiner Pflanze zugute, der es nat\u00fcrlich an nichts fehlen wird und die mit der Zeit viele neue gr\u00fcne Bl\u00e4tter sprie\u00dfen lassen kann.<\/p>\n<p>-&gt; auch in anderen Farben erh\u00e4ltlich!<\/p>\n<p style=\"text-align:left\">Suchen Sie eine Geschenkidee? Dann \u00fcberraschen Sie mit diesem Makramee sicher jemand Besonderen ;)<\/p>\n<p>Tats\u00e4chlich k\u00f6nnte dieser Artikel eine perfekte Idee f\u00fcr ein Geschenk im Boho-Stil f\u00fcr dich selbst, f\u00fcr deine Mutter oder f\u00fcr ein Geburtstagsgeschenk sein, anstatt eine enge Freundin zu \u00fcberraschen.<\/p>\n<p style=\"padding-left:40px\">\u2665 Gib deinem Zuhause einen einzigartigen Touch mit ArtiCamp! \u2665<\/p>\n<hr>\n<p>&gt; <strong>INFO<\/strong><span style=\"font-family:-apple-system,Roboto,SegoeUI,\"> <strong>Nachbestellungen<\/strong>: Bei Artikeln, die nicht auf Lager sind, musst du mit einer Wartezeit von 1-2 Wochen<\/span> f\u00fcr die Produktion<span style=\"font-family:-apple-system,Roboto,SegoeUI,\"> rechnen<\/span>.<\/p>\n<ul>\n<li>\n<ul>\n<li>Kunsthandwerk, jedes unserer Produkte ist handgefertigt und individuell.<\/li>\n<li>Die angegebenen Ma\u00dfe sind N\u00e4herungswerte.<\/li>\n<li>Die auf dem Foto abgebildeten Dekorationsmaterialien sind nicht enthalten.<\/li>\n<li>Es kann kleine Abweichungen zwischen den Fotos und dem tats\u00e4chlichen Produkt geben.<\/li>\n<li><span style=\"font-family:-apple-system,Roboto,SegoeUI,\">Jeder Artikel ist einzigartig, weil die verwendeten H\u00f6lzer Unikate sind und nicht mit dem auf dem Foto identisch sein werden<\/span>.<\/li>\n<\/ul>\n<\/li>\n<\/ul>\n","protected":false},"excerpt":{"rendered":"<p>Das perfekte Accessoire, um deinen Pflanzen und deinem Zuhause eine besondere Note zu verleihen. Und wenn du zu Hause wenig Licht hast, wird es deiner Pflanze dank des vor dem Fenster platzierten Makramees an nichts mehr fehlen und sie wird viele neue gr\u00fcne Bl\u00e4tter sprie\u00dfen lassen k\u00f6nnen.<\/p>\n<p>&nbsp;<\/p>\n","protected":false},"featured_media":31172,"comment_status":"open","ping_status":"closed","template":"","meta":{"_monsterinsights_skip_tracking":false,"_monsterinsights_sitenote_active":false,"_monsterinsights_sitenote_note":"","_monsterinsights_sitenote_category":0},"product_brand":[],"product_cat":[151,168],"product_tag":[260,169,261,171,170,172,262],"class_list":{"0":"post-31182","1":"product","2":"type-product","3":"status-publish","4":"has-post-thumbnail","6":"product_cat-alle","7":"product_cat-makramee","8":"product_tag-boho-de","9":"product_tag-makramee","10":"product_tag-pflanzenhalter","11":"product_tag-reisemobil","12":"product_tag-van-de","13":"product_tag-vasenhalter","14":"product_tag-wohnkultur","15":"product_shipping_class-normaler-versand","17":"first","18":"instock","19":"sold-individually","20":"shipping-taxable","21":"purchasable","22":"product-type-simple"},"yoast_head":"<!-- This site is optimized with the Yoast SEO plugin v27.6 - https:\/\/yoast.com\/product\/yoast-seo-wordpress\/ -->\n<title>Einfaches Wellenmakramee - ArtiCamp<\/title>\n<meta name=\"robots\" content=\"index, follow, max-snippet:-1, max-image-preview:large, max-video-preview:-1\" \/>\n<link rel=\"canonical\" href=\"https:\/\/articamp.ch\/de\/shop\/einfaches-wellenmakramee\/\" \/>\n<meta property=\"og:locale\" content=\"de_DE\" \/>\n<meta property=\"og:type\" content=\"article\" \/>\n<meta property=\"og:title\" content=\"Einfaches Wellenmakramee - ArtiCamp\" \/>\n<meta property=\"og:description\" content=\"Das perfekte Accessoire, um deinen Pflanzen und deinem Zuhause eine besondere Note zu verleihen. Und wenn du zu Hause wenig Licht hast, wird es deiner Pflanze dank des vor dem Fenster platzierten Makramees an nichts mehr fehlen und sie wird viele neue gr\u00fcne Bl\u00e4tter sprie\u00dfen lassen k\u00f6nnen. &nbsp;\" \/>\n<meta property=\"og:url\" content=\"https:\/\/articamp.ch\/de\/shop\/einfaches-wellenmakramee\/\" \/>\n<meta property=\"og:site_name\" content=\"ArtiCamp\" \/>\n<meta property=\"article:publisher\" content=\"https:\/\/www.facebook.com\/profile.php?id=100090195593870\" \/>\n<meta property=\"article:modified_time\" content=\"2023-09-06T15:25:30+00:00\" \/>\n<meta property=\"og:image\" content=\"https:\/\/i0.wp.com\/articamp.ch\/wp-content\/uploads\/2023\/06\/Compress_20230624_204843_3398.jpg?fit=450%2C800&ssl=1\" \/>\n\t<meta property=\"og:image:width\" content=\"450\" \/>\n\t<meta property=\"og:image:height\" content=\"800\" \/>\n\t<meta property=\"og:image:type\" content=\"image\/jpeg\" \/>\n<meta name=\"twitter:card\" content=\"summary_large_image\" \/>\n<meta name=\"twitter:label1\" content=\"Gesch\u00e4tzte Lesezeit\" \/>\n\t<meta name=\"twitter:data1\" content=\"1\u00a0Minute\" \/>\n<script type=\"application\/ld+json\" class=\"yoast-schema-graph\">{\"@context\":\"https:\\\/\\\/schema.org\",\"@graph\":[{\"@type\":\"WebPage\",\"@id\":\"https:\\\/\\\/articamp.ch\\\/de\\\/shop\\\/einfaches-wellenmakramee\\\/\",\"url\":\"https:\\\/\\\/articamp.ch\\\/de\\\/shop\\\/einfaches-wellenmakramee\\\/\",\"name\":\"Einfaches Wellenmakramee - ArtiCamp\",\"isPartOf\":{\"@id\":\"https:\\\/\\\/articamp.ch\\\/de\\\/#website\"},\"primaryImageOfPage\":{\"@id\":\"https:\\\/\\\/articamp.ch\\\/de\\\/shop\\\/einfaches-wellenmakramee\\\/#primaryimage\"},\"image\":{\"@id\":\"https:\\\/\\\/articamp.ch\\\/de\\\/shop\\\/einfaches-wellenmakramee\\\/#primaryimage\"},\"thumbnailUrl\":\"https:\\\/\\\/i0.wp.com\\\/articamp.ch\\\/wp-content\\\/uploads\\\/2023\\\/06\\\/Compress_20230624_204843_3398.jpg?fit=450%2C800&ssl=1\",\"datePublished\":\"2023-06-24T18:50:04+00:00\",\"dateModified\":\"2023-09-06T15:25:30+00:00\",\"breadcrumb\":{\"@id\":\"https:\\\/\\\/articamp.ch\\\/de\\\/shop\\\/einfaches-wellenmakramee\\\/#breadcrumb\"},\"inLanguage\":\"de\",\"potentialAction\":[{\"@type\":\"ReadAction\",\"target\":[\"https:\\\/\\\/articamp.ch\\\/de\\\/shop\\\/einfaches-wellenmakramee\\\/\"]}]},{\"@type\":\"ImageObject\",\"inLanguage\":\"de\",\"@id\":\"https:\\\/\\\/articamp.ch\\\/de\\\/shop\\\/einfaches-wellenmakramee\\\/#primaryimage\",\"url\":\"https:\\\/\\\/i0.wp.com\\\/articamp.ch\\\/wp-content\\\/uploads\\\/2023\\\/06\\\/Compress_20230624_204843_3398.jpg?fit=450%2C800&ssl=1\",\"contentUrl\":\"https:\\\/\\\/i0.wp.com\\\/articamp.ch\\\/wp-content\\\/uploads\\\/2023\\\/06\\\/Compress_20230624_204843_3398.jpg?fit=450%2C800&ssl=1\",\"width\":450,\"height\":800},{\"@type\":\"BreadcrumbList\",\"@id\":\"https:\\\/\\\/articamp.ch\\\/de\\\/shop\\\/einfaches-wellenmakramee\\\/#breadcrumb\",\"itemListElement\":[{\"@type\":\"ListItem\",\"position\":1,\"name\":\"Home\",\"item\":\"https:\\\/\\\/articamp.ch\\\/de\\\/\"},{\"@type\":\"ListItem\",\"position\":2,\"name\":\"Shop\",\"item\":\"https:\\\/\\\/articamp.ch\\\/de\\\/shop\\\/\"},{\"@type\":\"ListItem\",\"position\":3,\"name\":\"Einfaches Wellenmakramee\"}]},{\"@type\":\"WebSite\",\"@id\":\"https:\\\/\\\/articamp.ch\\\/de\\\/#website\",\"url\":\"https:\\\/\\\/articamp.ch\\\/de\\\/\",\"name\":\"articamp.ch\",\"description\":\"lavori d&#039;artigianato individuali fatti a mano\",\"publisher\":{\"@id\":\"https:\\\/\\\/articamp.ch\\\/de\\\/#organization\"},\"potentialAction\":[{\"@type\":\"SearchAction\",\"target\":{\"@type\":\"EntryPoint\",\"urlTemplate\":\"https:\\\/\\\/articamp.ch\\\/de\\\/?s={search_term_string}\"},\"query-input\":{\"@type\":\"PropertyValueSpecification\",\"valueRequired\":true,\"valueName\":\"search_term_string\"}}],\"inLanguage\":\"de\"},{\"@type\":\"Organization\",\"@id\":\"https:\\\/\\\/articamp.ch\\\/de\\\/#organization\",\"name\":\"ArtiCamp\",\"url\":\"https:\\\/\\\/articamp.ch\\\/de\\\/\",\"logo\":{\"@type\":\"ImageObject\",\"inLanguage\":\"de\",\"@id\":\"https:\\\/\\\/articamp.ch\\\/de\\\/#\\\/schema\\\/logo\\\/image\\\/\",\"url\":\"https:\\\/\\\/i0.wp.com\\\/articamp.ch\\\/wp-content\\\/uploads\\\/2023\\\/12\\\/cropped-Logo-ArtiCamp.png?fit=512%2C512&ssl=1\",\"contentUrl\":\"https:\\\/\\\/i0.wp.com\\\/articamp.ch\\\/wp-content\\\/uploads\\\/2023\\\/12\\\/cropped-Logo-ArtiCamp.png?fit=512%2C512&ssl=1\",\"width\":512,\"height\":512,\"caption\":\"ArtiCamp\"},\"image\":{\"@id\":\"https:\\\/\\\/articamp.ch\\\/de\\\/#\\\/schema\\\/logo\\\/image\\\/\"},\"sameAs\":[\"https:\\\/\\\/www.facebook.com\\\/profile.php?id=100090195593870\",\"https:\\\/\\\/www.instagram.com\\\/articamp.ch\\\/\",\"https:\\\/\\\/www.tiktok.com\\\/@articamp\"]}]}<\/script>\n<!-- \/ Yoast SEO plugin. -->","yoast_head_json":{"title":"Einfaches Wellenmakramee - ArtiCamp","robots":{"index":"index","follow":"follow","max-snippet":"max-snippet:-1","max-image-preview":"max-image-preview:large","max-video-preview":"max-video-preview:-1"},"canonical":"https:\/\/articamp.ch\/de\/shop\/einfaches-wellenmakramee\/","og_locale":"de_DE","og_type":"article","og_title":"Einfaches Wellenmakramee - ArtiCamp","og_description":"Das perfekte Accessoire, um deinen Pflanzen und deinem Zuhause eine besondere Note zu verleihen. Und wenn du zu Hause wenig Licht hast, wird es deiner Pflanze dank des vor dem Fenster platzierten Makramees an nichts mehr fehlen und sie wird viele neue gr\u00fcne Bl\u00e4tter sprie\u00dfen lassen k\u00f6nnen. &nbsp;","og_url":"https:\/\/articamp.ch\/de\/shop\/einfaches-wellenmakramee\/","og_site_name":"ArtiCamp","article_publisher":"https:\/\/www.facebook.com\/profile.php?id=100090195593870","article_modified_time":"2023-09-06T15:25:30+00:00","og_image":[{"width":450,"height":800,"url":"https:\/\/i0.wp.com\/articamp.ch\/wp-content\/uploads\/2023\/06\/Compress_20230624_204843_3398.jpg?fit=450%2C800&ssl=1","type":"image\/jpeg"}],"twitter_card":"summary_large_image","twitter_misc":{"Gesch\u00e4tzte Lesezeit":"1\u00a0Minute"},"schema":{"@context":"https:\/\/schema.org","@graph":[{"@type":"WebPage","@id":"https:\/\/articamp.ch\/de\/shop\/einfaches-wellenmakramee\/","url":"https:\/\/articamp.ch\/de\/shop\/einfaches-wellenmakramee\/","name":"Einfaches Wellenmakramee - ArtiCamp","isPartOf":{"@id":"https:\/\/articamp.ch\/de\/#website"},"primaryImageOfPage":{"@id":"https:\/\/articamp.ch\/de\/shop\/einfaches-wellenmakramee\/#primaryimage"},"image":{"@id":"https:\/\/articamp.ch\/de\/shop\/einfaches-wellenmakramee\/#primaryimage"},"thumbnailUrl":"https:\/\/i0.wp.com\/articamp.ch\/wp-content\/uploads\/2023\/06\/Compress_20230624_204843_3398.jpg?fit=450%2C800&ssl=1","datePublished":"2023-06-24T18:50:04+00:00","dateModified":"2023-09-06T15:25:30+00:00","breadcrumb":{"@id":"https:\/\/articamp.ch\/de\/shop\/einfaches-wellenmakramee\/#breadcrumb"},"inLanguage":"de","potentialAction":[{"@type":"ReadAction","target":["https:\/\/articamp.ch\/de\/shop\/einfaches-wellenmakramee\/"]}]},{"@type":"ImageObject","inLanguage":"de","@id":"https:\/\/articamp.ch\/de\/shop\/einfaches-wellenmakramee\/#primaryimage","url":"https:\/\/i0.wp.com\/articamp.ch\/wp-content\/uploads\/2023\/06\/Compress_20230624_204843_3398.jpg?fit=450%2C800&ssl=1","contentUrl":"https:\/\/i0.wp.com\/articamp.ch\/wp-content\/uploads\/2023\/06\/Compress_20230624_204843_3398.jpg?fit=450%2C800&ssl=1","width":450,"height":800},{"@type":"BreadcrumbList","@id":"https:\/\/articamp.ch\/de\/shop\/einfaches-wellenmakramee\/#breadcrumb","itemListElement":[{"@type":"ListItem","position":1,"name":"Home","item":"https:\/\/articamp.ch\/de\/"},{"@type":"ListItem","position":2,"name":"Shop","item":"https:\/\/articamp.ch\/de\/shop\/"},{"@type":"ListItem","position":3,"name":"Einfaches Wellenmakramee"}]},{"@type":"WebSite","@id":"https:\/\/articamp.ch\/de\/#website","url":"https:\/\/articamp.ch\/de\/","name":"articamp.ch","description":"lavori d&#039;artigianato individuali fatti a mano","publisher":{"@id":"https:\/\/articamp.ch\/de\/#organization"},"potentialAction":[{"@type":"SearchAction","target":{"@type":"EntryPoint","urlTemplate":"https:\/\/articamp.ch\/de\/?s={search_term_string}"},"query-input":{"@type":"PropertyValueSpecification","valueRequired":true,"valueName":"search_term_string"}}],"inLanguage":"de"},{"@type":"Organization","@id":"https:\/\/articamp.ch\/de\/#organization","name":"ArtiCamp","url":"https:\/\/articamp.ch\/de\/","logo":{"@type":"ImageObject","inLanguage":"de","@id":"https:\/\/articamp.ch\/de\/#\/schema\/logo\/image\/","url":"https:\/\/i0.wp.com\/articamp.ch\/wp-content\/uploads\/2023\/12\/cropped-Logo-ArtiCamp.png?fit=512%2C512&ssl=1","contentUrl":"https:\/\/i0.wp.com\/articamp.ch\/wp-content\/uploads\/2023\/12\/cropped-Logo-ArtiCamp.png?fit=512%2C512&ssl=1","width":512,"height":512,"caption":"ArtiCamp"},"image":{"@id":"https:\/\/articamp.ch\/de\/#\/schema\/logo\/image\/"},"sameAs":["https:\/\/www.facebook.com\/profile.php?id=100090195593870","https:\/\/www.instagram.com\/articamp.ch\/","https:\/\/www.tiktok.com\/@articamp"]}]}},"jetpack_sharing_enabled":true,"_links":{"self":[{"href":"https:\/\/articamp.ch\/de\/wp-json\/wp\/v2\/product\/31182","targetHints":{"allow":["GET"]}}],"collection":[{"href":"https:\/\/articamp.ch\/de\/wp-json\/wp\/v2\/product"}],"about":[{"href":"https:\/\/articamp.ch\/de\/wp-json\/wp\/v2\/types\/product"}],"replies":[{"embeddable":true,"href":"https:\/\/articamp.ch\/de\/wp-json\/wp\/v2\/comments?post=31182"}],"wp:featuredmedia":[{"embeddable":true,"href":"https:\/\/articamp.ch\/de\/wp-json\/wp\/v2\/media\/31172"}],"wp:attachment":[{"href":"https:\/\/articamp.ch\/de\/wp-json\/wp\/v2\/media?parent=31182"}],"wp:term":[{"taxonomy":"product_brand","embeddable":true,"href":"https:\/\/articamp.ch\/de\/wp-json\/wp\/v2\/product_brand?post=31182"},{"taxonomy":"product_cat","embeddable":true,"href":"https:\/\/articamp.ch\/de\/wp-json\/wp\/v2\/product_cat?post=31182"},{"taxonomy":"product_tag","embeddable":true,"href":"https:\/\/articamp.ch\/de\/wp-json\/wp\/v2\/product_tag?post=31182"}],"curies":[{"name":"wp","href":"https:\/\/api.w.org\/{rel}","templated":true}]}}