{"id":31020,"date":"2023-05-18T09:49:28","date_gmt":"2023-05-18T07:49:28","guid":{"rendered":"https:\/\/articamp.ch\/?post_type=product&#038;p=31020"},"modified":"2023-11-15T18:03:16","modified_gmt":"2023-11-15T17:03:16","slug":"mini-macrame-elegant","status":"publish","type":"product","link":"https:\/\/articamp.ch\/de\/shop\/mini-macrame-elegant\/","title":{"rendered":"Elegantes Mini Makramee"},"content":{"rendered":"<h2 style=\"text-align:left\">\u00dcber Elegant Mini Macram\u00e9<\/h2>\n<p style=\"text-align:left\">Dieser elegant gestaltete Mini-Vasenhalter wurde in der Macram\u00e9-Technik mit Baumwollkordel handgefertigt. Dank seiner Gr\u00f6\u00dfe passt er problemlos in jede Ecke des Hauses, denn er eignet sich offensichtlich auch gut f\u00fcr einen Balkon. Ideal f\u00fcr kleine T\u00f6pfe und das perfekte Accessoire, um deinen Pflanzen einen einzigartigen Touch zu verleihen und ihre volle Pracht zur Geltung zu bringen. Und wenn du wenig Licht im Haus hast, bringt das Makramee vor dem Fenster nicht nur mehr Stil in dein Zuhause, sondern kommt auch deiner Pflanze zugute, der es nat\u00fcrlich an nichts fehlen wird und die mit der Zeit viele neue gr\u00fcne Bl\u00e4tter sprie\u00dfen lassen kann.<\/p>\n<p style=\"text-align:left\">Suchen Sie eine Geschenkidee? Dann \u00fcberraschen Sie mit diesem Makramee sicher jemand Besonderen ;)<\/p>\n<p>Tats\u00e4chlich k\u00f6nnte dieser Artikel eine perfekte Idee f\u00fcr ein Geschenk im Boho-Stil f\u00fcr dich selbst, f\u00fcr deine Mutter oder f\u00fcr ein Geburtstagsgeschenk sein, anstatt eine enge Freundin zu \u00fcberraschen.<br \/>\n<span class=\"pl-s\" style=\"color:#ffffff\">nat\u00fcrlich<\/span><\/p>\n<p style=\"padding-left:40px\">\u2665 Gib deinem Zuhause einen einzigartigen Touch mit ArtiCamp! \u2665<\/p>\n<hr>\n<p>&gt; INFO Nachbestellungen: Bei Artikeln, die nicht auf Lager sind, musst du mit einer Wartezeit von 1-2 Wochen f\u00fcr die Produktion rechnen.<\/p>\n<ul>\n<li>\n<ul>\n<li>Kunsthandwerk, jedes unserer Produkte ist handgefertigt und individuell.<\/li>\n<li>Die angegebenen Ma\u00dfe sind N\u00e4herungswerte.<\/li>\n<li>Die auf dem Foto abgebildeten Dekorationsmaterialien sind nicht enthalten.<\/li>\n<li>Es kann kleine Abweichungen zwischen den Fotos und dem tats\u00e4chlichen Produkt geben.<\/li>\n<li><span style=\"font-family:-apple-system,Roboto,SegoeUI,\">Jeder Artikel ist einzigartig, weil die verwendeten H\u00f6lzer Unikate sind und nicht mit dem auf dem Foto identisch sein werden<\/span>.<\/li>\n<\/ul>\n<\/li>\n<\/ul>\n","protected":false},"excerpt":{"rendered":"<p>Das perfekte Accessoire, um deinen Pflanzen und deinem Zuhause eine besondere Note zu verleihen. Und wenn du zu Hause wenig Licht hast, wird es deiner Pflanze dank des vor dem Fenster platzierten Makramees an nichts mehr fehlen und sie wird viele neue gr\u00fcne Bl\u00e4tter sprie\u00dfen lassen k\u00f6nnen.<\/p>\n<p>&nbsp;<\/p>\n","protected":false},"featured_media":30914,"comment_status":"open","ping_status":"closed","template":"","meta":{"_monsterinsights_skip_tracking":false,"_monsterinsights_sitenote_active":false,"_monsterinsights_sitenote_note":"","_monsterinsights_sitenote_category":0},"product_brand":[],"product_cat":[151,168],"product_tag":[260,169,261,171,170,172,262],"class_list":{"0":"post-31020","1":"product","2":"type-product","3":"status-publish","4":"has-post-thumbnail","6":"product_cat-alle","7":"product_cat-makramee","8":"product_tag-boho-de","9":"product_tag-makramee","10":"product_tag-pflanzenhalter","11":"product_tag-reisemobil","12":"product_tag-van-de","13":"product_tag-vasenhalter","14":"product_tag-wohnkultur","15":"product_shipping_class-normaler-versand","17":"first","18":"onbackorder","19":"sold-individually","20":"shipping-taxable","21":"purchasable","22":"product-type-simple"},"yoast_head":"<!-- This site is optimized with the Yoast SEO plugin v27.6 - https:\/\/yoast.com\/product\/yoast-seo-wordpress\/ -->\n<title>Elegantes Mini Makramee - ArtiCamp<\/title>\n<meta name=\"description\" content=\"Eleganter handgefertigter Mini-Vasenhalter aus Makramee mit grauem Gurtband - Gib deinem Zuhause einen Hauch von Design - Online kaufen und nach Hause liefern lassen!\" \/>\n<meta name=\"robots\" content=\"index, follow, max-snippet:-1, max-image-preview:large, max-video-preview:-1\" \/>\n<link rel=\"canonical\" href=\"https:\/\/articamp.ch\/de\/shop\/mini-macrame-elegant\/\" \/>\n<meta property=\"og:locale\" content=\"de_DE\" \/>\n<meta property=\"og:type\" content=\"article\" \/>\n<meta property=\"og:title\" content=\"Elegantes Mini Makramee - ArtiCamp\" \/>\n<meta property=\"og:description\" content=\"Eleganter handgefertigter Mini-Vasenhalter aus Makramee mit grauem Gurtband - Gib deinem Zuhause einen Hauch von Design - Online kaufen und nach Hause liefern lassen!\" \/>\n<meta property=\"og:url\" content=\"https:\/\/articamp.ch\/de\/shop\/mini-macrame-elegant\/\" \/>\n<meta property=\"og:site_name\" content=\"ArtiCamp\" \/>\n<meta property=\"article:publisher\" content=\"https:\/\/www.facebook.com\/profile.php?id=100090195593870\" \/>\n<meta property=\"article:modified_time\" content=\"2023-11-15T17:03:16+00:00\" \/>\n<meta property=\"og:image\" content=\"https:\/\/i0.wp.com\/articamp.ch\/wp-content\/uploads\/2023\/05\/20230511_112427-01-jpeg.webp?fit=500%2C667&ssl=1\" \/>\n\t<meta property=\"og:image:width\" content=\"500\" \/>\n\t<meta property=\"og:image:height\" content=\"667\" \/>\n\t<meta property=\"og:image:type\" content=\"image\/jpeg\" \/>\n<meta name=\"twitter:card\" content=\"summary_large_image\" \/>\n<meta name=\"twitter:label1\" content=\"Gesch\u00e4tzte Lesezeit\" \/>\n\t<meta name=\"twitter:data1\" content=\"1\u00a0Minute\" \/>\n<script type=\"application\/ld+json\" class=\"yoast-schema-graph\">{\"@context\":\"https:\\\/\\\/schema.org\",\"@graph\":[{\"@type\":\"WebPage\",\"@id\":\"https:\\\/\\\/articamp.ch\\\/de\\\/shop\\\/mini-macrame-elegant\\\/\",\"url\":\"https:\\\/\\\/articamp.ch\\\/de\\\/shop\\\/mini-macrame-elegant\\\/\",\"name\":\"Elegantes Mini Makramee - ArtiCamp\",\"isPartOf\":{\"@id\":\"https:\\\/\\\/articamp.ch\\\/de\\\/#website\"},\"primaryImageOfPage\":{\"@id\":\"https:\\\/\\\/articamp.ch\\\/de\\\/shop\\\/mini-macrame-elegant\\\/#primaryimage\"},\"image\":{\"@id\":\"https:\\\/\\\/articamp.ch\\\/de\\\/shop\\\/mini-macrame-elegant\\\/#primaryimage\"},\"thumbnailUrl\":\"https:\\\/\\\/i0.wp.com\\\/articamp.ch\\\/wp-content\\\/uploads\\\/2023\\\/05\\\/20230511_112427-01-jpeg.webp?fit=500%2C667&ssl=1\",\"datePublished\":\"2023-05-18T07:49:28+00:00\",\"dateModified\":\"2023-11-15T17:03:16+00:00\",\"description\":\"Eleganter handgefertigter Mini-Vasenhalter aus Makramee mit grauem Gurtband - Gib deinem Zuhause einen Hauch von Design - Online kaufen und nach Hause liefern lassen!\",\"breadcrumb\":{\"@id\":\"https:\\\/\\\/articamp.ch\\\/de\\\/shop\\\/mini-macrame-elegant\\\/#breadcrumb\"},\"inLanguage\":\"de\",\"potentialAction\":[{\"@type\":\"ReadAction\",\"target\":[\"https:\\\/\\\/articamp.ch\\\/de\\\/shop\\\/mini-macrame-elegant\\\/\"]}]},{\"@type\":\"ImageObject\",\"inLanguage\":\"de\",\"@id\":\"https:\\\/\\\/articamp.ch\\\/de\\\/shop\\\/mini-macrame-elegant\\\/#primaryimage\",\"url\":\"https:\\\/\\\/i0.wp.com\\\/articamp.ch\\\/wp-content\\\/uploads\\\/2023\\\/05\\\/20230511_112427-01-jpeg.webp?fit=500%2C667&ssl=1\",\"contentUrl\":\"https:\\\/\\\/i0.wp.com\\\/articamp.ch\\\/wp-content\\\/uploads\\\/2023\\\/05\\\/20230511_112427-01-jpeg.webp?fit=500%2C667&ssl=1\",\"width\":500,\"height\":667,\"caption\":\"Elegantes Mini Makramee\"},{\"@type\":\"BreadcrumbList\",\"@id\":\"https:\\\/\\\/articamp.ch\\\/de\\\/shop\\\/mini-macrame-elegant\\\/#breadcrumb\",\"itemListElement\":[{\"@type\":\"ListItem\",\"position\":1,\"name\":\"Home\",\"item\":\"https:\\\/\\\/articamp.ch\\\/de\\\/\"},{\"@type\":\"ListItem\",\"position\":2,\"name\":\"Shop\",\"item\":\"https:\\\/\\\/articamp.ch\\\/de\\\/shop\\\/\"},{\"@type\":\"ListItem\",\"position\":3,\"name\":\"Elegantes Mini Makramee\"}]},{\"@type\":\"WebSite\",\"@id\":\"https:\\\/\\\/articamp.ch\\\/de\\\/#website\",\"url\":\"https:\\\/\\\/articamp.ch\\\/de\\\/\",\"name\":\"articamp.ch\",\"description\":\"lavori d&#039;artigianato individuali fatti a mano\",\"publisher\":{\"@id\":\"https:\\\/\\\/articamp.ch\\\/de\\\/#organization\"},\"potentialAction\":[{\"@type\":\"SearchAction\",\"target\":{\"@type\":\"EntryPoint\",\"urlTemplate\":\"https:\\\/\\\/articamp.ch\\\/de\\\/?s={search_term_string}\"},\"query-input\":{\"@type\":\"PropertyValueSpecification\",\"valueRequired\":true,\"valueName\":\"search_term_string\"}}],\"inLanguage\":\"de\"},{\"@type\":\"Organization\",\"@id\":\"https:\\\/\\\/articamp.ch\\\/de\\\/#organization\",\"name\":\"ArtiCamp\",\"url\":\"https:\\\/\\\/articamp.ch\\\/de\\\/\",\"logo\":{\"@type\":\"ImageObject\",\"inLanguage\":\"de\",\"@id\":\"https:\\\/\\\/articamp.ch\\\/de\\\/#\\\/schema\\\/logo\\\/image\\\/\",\"url\":\"https:\\\/\\\/i0.wp.com\\\/articamp.ch\\\/wp-content\\\/uploads\\\/2023\\\/12\\\/cropped-Logo-ArtiCamp.png?fit=512%2C512&ssl=1\",\"contentUrl\":\"https:\\\/\\\/i0.wp.com\\\/articamp.ch\\\/wp-content\\\/uploads\\\/2023\\\/12\\\/cropped-Logo-ArtiCamp.png?fit=512%2C512&ssl=1\",\"width\":512,\"height\":512,\"caption\":\"ArtiCamp\"},\"image\":{\"@id\":\"https:\\\/\\\/articamp.ch\\\/de\\\/#\\\/schema\\\/logo\\\/image\\\/\"},\"sameAs\":[\"https:\\\/\\\/www.facebook.com\\\/profile.php?id=100090195593870\",\"https:\\\/\\\/www.instagram.com\\\/articamp.ch\\\/\",\"https:\\\/\\\/www.tiktok.com\\\/@articamp\"]}]}<\/script>\n<!-- \/ Yoast SEO plugin. -->","yoast_head_json":{"title":"Elegantes Mini Makramee - ArtiCamp","description":"Eleganter handgefertigter Mini-Vasenhalter aus Makramee mit grauem Gurtband - Gib deinem Zuhause einen Hauch von Design - Online kaufen und nach Hause liefern lassen!","robots":{"index":"index","follow":"follow","max-snippet":"max-snippet:-1","max-image-preview":"max-image-preview:large","max-video-preview":"max-video-preview:-1"},"canonical":"https:\/\/articamp.ch\/de\/shop\/mini-macrame-elegant\/","og_locale":"de_DE","og_type":"article","og_title":"Elegantes Mini Makramee - ArtiCamp","og_description":"Eleganter handgefertigter Mini-Vasenhalter aus Makramee mit grauem Gurtband - Gib deinem Zuhause einen Hauch von Design - Online kaufen und nach Hause liefern lassen!","og_url":"https:\/\/articamp.ch\/de\/shop\/mini-macrame-elegant\/","og_site_name":"ArtiCamp","article_publisher":"https:\/\/www.facebook.com\/profile.php?id=100090195593870","article_modified_time":"2023-11-15T17:03:16+00:00","og_image":[{"width":500,"height":667,"url":"https:\/\/i0.wp.com\/articamp.ch\/wp-content\/uploads\/2023\/05\/20230511_112427-01-jpeg.webp?fit=500%2C667&ssl=1","type":"image\/jpeg"}],"twitter_card":"summary_large_image","twitter_misc":{"Gesch\u00e4tzte Lesezeit":"1\u00a0Minute"},"schema":{"@context":"https:\/\/schema.org","@graph":[{"@type":"WebPage","@id":"https:\/\/articamp.ch\/de\/shop\/mini-macrame-elegant\/","url":"https:\/\/articamp.ch\/de\/shop\/mini-macrame-elegant\/","name":"Elegantes Mini Makramee - ArtiCamp","isPartOf":{"@id":"https:\/\/articamp.ch\/de\/#website"},"primaryImageOfPage":{"@id":"https:\/\/articamp.ch\/de\/shop\/mini-macrame-elegant\/#primaryimage"},"image":{"@id":"https:\/\/articamp.ch\/de\/shop\/mini-macrame-elegant\/#primaryimage"},"thumbnailUrl":"https:\/\/i0.wp.com\/articamp.ch\/wp-content\/uploads\/2023\/05\/20230511_112427-01-jpeg.webp?fit=500%2C667&ssl=1","datePublished":"2023-05-18T07:49:28+00:00","dateModified":"2023-11-15T17:03:16+00:00","description":"Eleganter handgefertigter Mini-Vasenhalter aus Makramee mit grauem Gurtband - Gib deinem Zuhause einen Hauch von Design - Online kaufen und nach Hause liefern lassen!","breadcrumb":{"@id":"https:\/\/articamp.ch\/de\/shop\/mini-macrame-elegant\/#breadcrumb"},"inLanguage":"de","potentialAction":[{"@type":"ReadAction","target":["https:\/\/articamp.ch\/de\/shop\/mini-macrame-elegant\/"]}]},{"@type":"ImageObject","inLanguage":"de","@id":"https:\/\/articamp.ch\/de\/shop\/mini-macrame-elegant\/#primaryimage","url":"https:\/\/i0.wp.com\/articamp.ch\/wp-content\/uploads\/2023\/05\/20230511_112427-01-jpeg.webp?fit=500%2C667&ssl=1","contentUrl":"https:\/\/i0.wp.com\/articamp.ch\/wp-content\/uploads\/2023\/05\/20230511_112427-01-jpeg.webp?fit=500%2C667&ssl=1","width":500,"height":667,"caption":"Elegantes Mini Makramee"},{"@type":"BreadcrumbList","@id":"https:\/\/articamp.ch\/de\/shop\/mini-macrame-elegant\/#breadcrumb","itemListElement":[{"@type":"ListItem","position":1,"name":"Home","item":"https:\/\/articamp.ch\/de\/"},{"@type":"ListItem","position":2,"name":"Shop","item":"https:\/\/articamp.ch\/de\/shop\/"},{"@type":"ListItem","position":3,"name":"Elegantes Mini Makramee"}]},{"@type":"WebSite","@id":"https:\/\/articamp.ch\/de\/#website","url":"https:\/\/articamp.ch\/de\/","name":"articamp.ch","description":"lavori d&#039;artigianato individuali fatti a mano","publisher":{"@id":"https:\/\/articamp.ch\/de\/#organization"},"potentialAction":[{"@type":"SearchAction","target":{"@type":"EntryPoint","urlTemplate":"https:\/\/articamp.ch\/de\/?s={search_term_string}"},"query-input":{"@type":"PropertyValueSpecification","valueRequired":true,"valueName":"search_term_string"}}],"inLanguage":"de"},{"@type":"Organization","@id":"https:\/\/articamp.ch\/de\/#organization","name":"ArtiCamp","url":"https:\/\/articamp.ch\/de\/","logo":{"@type":"ImageObject","inLanguage":"de","@id":"https:\/\/articamp.ch\/de\/#\/schema\/logo\/image\/","url":"https:\/\/i0.wp.com\/articamp.ch\/wp-content\/uploads\/2023\/12\/cropped-Logo-ArtiCamp.png?fit=512%2C512&ssl=1","contentUrl":"https:\/\/i0.wp.com\/articamp.ch\/wp-content\/uploads\/2023\/12\/cropped-Logo-ArtiCamp.png?fit=512%2C512&ssl=1","width":512,"height":512,"caption":"ArtiCamp"},"image":{"@id":"https:\/\/articamp.ch\/de\/#\/schema\/logo\/image\/"},"sameAs":["https:\/\/www.facebook.com\/profile.php?id=100090195593870","https:\/\/www.instagram.com\/articamp.ch\/","https:\/\/www.tiktok.com\/@articamp"]}]}},"jetpack_sharing_enabled":true,"_links":{"self":[{"href":"https:\/\/articamp.ch\/de\/wp-json\/wp\/v2\/product\/31020","targetHints":{"allow":["GET"]}}],"collection":[{"href":"https:\/\/articamp.ch\/de\/wp-json\/wp\/v2\/product"}],"about":[{"href":"https:\/\/articamp.ch\/de\/wp-json\/wp\/v2\/types\/product"}],"replies":[{"embeddable":true,"href":"https:\/\/articamp.ch\/de\/wp-json\/wp\/v2\/comments?post=31020"}],"wp:featuredmedia":[{"embeddable":true,"href":"https:\/\/articamp.ch\/de\/wp-json\/wp\/v2\/media\/30914"}],"wp:attachment":[{"href":"https:\/\/articamp.ch\/de\/wp-json\/wp\/v2\/media?parent=31020"}],"wp:term":[{"taxonomy":"product_brand","embeddable":true,"href":"https:\/\/articamp.ch\/de\/wp-json\/wp\/v2\/product_brand?post=31020"},{"taxonomy":"product_cat","embeddable":true,"href":"https:\/\/articamp.ch\/de\/wp-json\/wp\/v2\/product_cat?post=31020"},{"taxonomy":"product_tag","embeddable":true,"href":"https:\/\/articamp.ch\/de\/wp-json\/wp\/v2\/product_tag?post=31020"}],"curies":[{"name":"wp","href":"https:\/\/api.w.org\/{rel}","templated":true}]}}