{"id":30885,"date":"2023-03-29T14:08:04","date_gmt":"2023-03-29T12:08:04","guid":{"rendered":"https:\/\/articamp.ch\/shop\/makramee-vasenhalter-mit-gold-gruenen-perlen\/"},"modified":"2023-11-15T18:09:03","modified_gmt":"2023-11-15T17:09:03","slug":"vase-macrame-mit-perlen-grun-gold","status":"publish","type":"product","link":"https:\/\/articamp.ch\/de\/shop\/vase-macrame-mit-perlen-grun-gold\/","title":{"rendered":"Makramee-Vasenhalter mit gold-gr\u00fcnen Perlen"},"content":{"rendered":"<h2 style=\"text-align:left\">\u00dcber die Makramee-Vase mit gold-gr\u00fcnen Perlen<\/h2>\n<p style=\"text-align:left\">Dieser Vasenhalter wurde in Makramee-Technik mit Baumwollkordel und gr\u00fcnen und goldenen Perlendetails handgefertigt und ist ideal f\u00fcr kleine bis mittelgro\u00dfe Vasen. Das perfekte Accessoire, um Ihren Pflanzen eine besondere Note zu verleihen, und wenn Sie zu Hause wenig Licht haben, wird es Ihrer Pflanze dank des vor dem Fenster platzierten Makramees an nichts fehlen und sie wird viele neue gr\u00fcne Bl\u00e4tter sprie\u00dfen lassen k\u00f6nnen.<\/p>\n<p style=\"text-align:left\">Suchen Sie eine Geschenkidee? Dann \u00fcberraschen Sie mit diesem Makramee sicher jemand Besonderen ;)<\/p>\n<p>Die Gr\u00f6\u00dfe des auf dem Foto verwendeten Glases betr\u00e4gt ca. 12 cm und die des kleinen Glases 8 cm. Das Macram\u00e9 wird ohne T\u00f6pfe und Pflanzen geliefert.<\/p>\n<p style=\"padding-left:40px\">\u2665 Gib deinem Zuhause einen einzigartigen Touch mit ArtiCamp! \u2665<\/p>\n<hr>\n<p>&gt; INFO Nachbestellungen: Bei Artikeln, die nicht auf Lager sind, musst du mit einer Wartezeit von 1-2 Wochen f\u00fcr die Produktion rechnen.<\/p>\n<ul>\n<li>\n<ul>\n<li>Kunsthandwerk, jedes unserer Produkte ist handgefertigt und individuell.<\/li>\n<li>Die angegebenen Ma\u00dfe sind N\u00e4herungswerte.<\/li>\n<li>Die auf dem Foto abgebildeten Dekorationsmaterialien sind nicht enthalten.<\/li>\n<li>Es kann kleine Abweichungen zwischen den Fotos und dem tats\u00e4chlichen Produkt geben.<\/li>\n<li><span style=\"font-family:-apple-system,Roboto,SegoeUI,\">Jeder Artikel ist einzigartig, weil die verwendeten H\u00f6lzer Unikate sind und nicht mit dem auf dem Foto identisch sein werden<\/span>.<\/li>\n<\/ul>\n<\/li>\n<\/ul>\n","protected":false},"excerpt":{"rendered":"<p>Das perfekte Accessoire, um Ihren Pflanzen eine besondere Note zu verleihen, und wenn Sie zu Hause wenig Licht haben, wird es Ihrer Pflanze dank des vor dem Fenster platzierten Makramees an nichts fehlen und sie wird viele neue gr\u00fcne Bl\u00e4tter sprie\u00dfen lassen k\u00f6nnen.<\/p>\n","protected":false},"featured_media":30585,"comment_status":"open","ping_status":"closed","template":"","meta":{"_monsterinsights_skip_tracking":false,"_monsterinsights_sitenote_active":false,"_monsterinsights_sitenote_note":"","_monsterinsights_sitenote_category":0},"product_brand":[],"product_cat":[151,168],"product_tag":[169,171,170,172],"class_list":{"0":"post-30885","1":"product","2":"type-product","3":"status-publish","4":"has-post-thumbnail","6":"product_cat-alle","7":"product_cat-makramee","8":"product_tag-makramee","9":"product_tag-reisemobil","10":"product_tag-van-de","11":"product_tag-vasenhalter","12":"product_shipping_class-normaler-versand","14":"first","15":"instock","16":"sold-individually","17":"shipping-taxable","18":"purchasable","19":"product-type-simple"},"yoast_head":"<!-- This site is optimized with the Yoast SEO plugin v27.6 - https:\/\/yoast.com\/product\/yoast-seo-wordpress\/ -->\n<title>Makramee-Vasenhalter mit gold-gr\u00fcnen Perlen - ArtiCamp<\/title>\n<meta name=\"description\" content=\"Handgefertigter Vasenhalter in Makramee-Technik mit Baumwollkordel und gr\u00fcnen und goldenen Perlendetails.\" \/>\n<meta name=\"robots\" content=\"index, follow, max-snippet:-1, max-image-preview:large, max-video-preview:-1\" \/>\n<link rel=\"canonical\" href=\"https:\/\/articamp.ch\/de\/shop\/vase-macrame-mit-perlen-grun-gold\/\" \/>\n<meta property=\"og:locale\" content=\"de_DE\" \/>\n<meta property=\"og:type\" content=\"article\" \/>\n<meta property=\"og:title\" content=\"Makramee-Vasenhalter mit gold-gr\u00fcnen Perlen - ArtiCamp\" \/>\n<meta property=\"og:description\" content=\"Handgefertigter Vasenhalter in Makramee-Technik mit Baumwollkordel und gr\u00fcnen und goldenen Perlendetails.\" \/>\n<meta property=\"og:url\" content=\"https:\/\/articamp.ch\/de\/shop\/vase-macrame-mit-perlen-grun-gold\/\" \/>\n<meta property=\"og:site_name\" content=\"ArtiCamp\" \/>\n<meta property=\"article:publisher\" content=\"https:\/\/www.facebook.com\/profile.php?id=100090195593870\" \/>\n<meta property=\"article:modified_time\" content=\"2023-11-15T17:09:03+00:00\" \/>\n<meta property=\"og:image\" content=\"https:\/\/i0.wp.com\/articamp.ch\/wp-content\/uploads\/2023\/05\/20230327_141057-01-jpeg.webp?fit=600%2C1067&ssl=1\" \/>\n\t<meta property=\"og:image:width\" content=\"600\" \/>\n\t<meta property=\"og:image:height\" content=\"1067\" \/>\n\t<meta property=\"og:image:type\" content=\"image\/jpeg\" \/>\n<meta name=\"twitter:card\" content=\"summary_large_image\" \/>\n<meta name=\"twitter:label1\" content=\"Gesch\u00e4tzte Lesezeit\" \/>\n\t<meta name=\"twitter:data1\" content=\"1\u00a0Minute\" \/>\n<script type=\"application\/ld+json\" class=\"yoast-schema-graph\">{\"@context\":\"https:\\\/\\\/schema.org\",\"@graph\":[{\"@type\":\"WebPage\",\"@id\":\"https:\\\/\\\/articamp.ch\\\/de\\\/shop\\\/vase-macrame-mit-perlen-grun-gold\\\/\",\"url\":\"https:\\\/\\\/articamp.ch\\\/de\\\/shop\\\/vase-macrame-mit-perlen-grun-gold\\\/\",\"name\":\"Makramee-Vasenhalter mit gold-gr\u00fcnen Perlen - ArtiCamp\",\"isPartOf\":{\"@id\":\"https:\\\/\\\/articamp.ch\\\/de\\\/#website\"},\"primaryImageOfPage\":{\"@id\":\"https:\\\/\\\/articamp.ch\\\/de\\\/shop\\\/vase-macrame-mit-perlen-grun-gold\\\/#primaryimage\"},\"image\":{\"@id\":\"https:\\\/\\\/articamp.ch\\\/de\\\/shop\\\/vase-macrame-mit-perlen-grun-gold\\\/#primaryimage\"},\"thumbnailUrl\":\"https:\\\/\\\/i0.wp.com\\\/articamp.ch\\\/wp-content\\\/uploads\\\/2023\\\/05\\\/20230327_141057-01-jpeg.webp?fit=600%2C1067&ssl=1\",\"datePublished\":\"2023-03-29T12:08:04+00:00\",\"dateModified\":\"2023-11-15T17:09:03+00:00\",\"description\":\"Handgefertigter Vasenhalter in Makramee-Technik mit Baumwollkordel und gr\u00fcnen und goldenen Perlendetails.\",\"breadcrumb\":{\"@id\":\"https:\\\/\\\/articamp.ch\\\/de\\\/shop\\\/vase-macrame-mit-perlen-grun-gold\\\/#breadcrumb\"},\"inLanguage\":\"de\",\"potentialAction\":[{\"@type\":\"ReadAction\",\"target\":[\"https:\\\/\\\/articamp.ch\\\/de\\\/shop\\\/vase-macrame-mit-perlen-grun-gold\\\/\"]}]},{\"@type\":\"ImageObject\",\"inLanguage\":\"de\",\"@id\":\"https:\\\/\\\/articamp.ch\\\/de\\\/shop\\\/vase-macrame-mit-perlen-grun-gold\\\/#primaryimage\",\"url\":\"https:\\\/\\\/i0.wp.com\\\/articamp.ch\\\/wp-content\\\/uploads\\\/2023\\\/05\\\/20230327_141057-01-jpeg.webp?fit=600%2C1067&ssl=1\",\"contentUrl\":\"https:\\\/\\\/i0.wp.com\\\/articamp.ch\\\/wp-content\\\/uploads\\\/2023\\\/05\\\/20230327_141057-01-jpeg.webp?fit=600%2C1067&ssl=1\",\"width\":600,\"height\":1067},{\"@type\":\"BreadcrumbList\",\"@id\":\"https:\\\/\\\/articamp.ch\\\/de\\\/shop\\\/vase-macrame-mit-perlen-grun-gold\\\/#breadcrumb\",\"itemListElement\":[{\"@type\":\"ListItem\",\"position\":1,\"name\":\"Home\",\"item\":\"https:\\\/\\\/articamp.ch\\\/de\\\/\"},{\"@type\":\"ListItem\",\"position\":2,\"name\":\"Shop\",\"item\":\"https:\\\/\\\/articamp.ch\\\/de\\\/shop\\\/\"},{\"@type\":\"ListItem\",\"position\":3,\"name\":\"Makramee-Vasenhalter mit gold-gr\u00fcnen Perlen\"}]},{\"@type\":\"WebSite\",\"@id\":\"https:\\\/\\\/articamp.ch\\\/de\\\/#website\",\"url\":\"https:\\\/\\\/articamp.ch\\\/de\\\/\",\"name\":\"articamp.ch\",\"description\":\"lavori d&#039;artigianato individuali fatti a mano\",\"publisher\":{\"@id\":\"https:\\\/\\\/articamp.ch\\\/de\\\/#organization\"},\"potentialAction\":[{\"@type\":\"SearchAction\",\"target\":{\"@type\":\"EntryPoint\",\"urlTemplate\":\"https:\\\/\\\/articamp.ch\\\/de\\\/?s={search_term_string}\"},\"query-input\":{\"@type\":\"PropertyValueSpecification\",\"valueRequired\":true,\"valueName\":\"search_term_string\"}}],\"inLanguage\":\"de\"},{\"@type\":\"Organization\",\"@id\":\"https:\\\/\\\/articamp.ch\\\/de\\\/#organization\",\"name\":\"ArtiCamp\",\"url\":\"https:\\\/\\\/articamp.ch\\\/de\\\/\",\"logo\":{\"@type\":\"ImageObject\",\"inLanguage\":\"de\",\"@id\":\"https:\\\/\\\/articamp.ch\\\/de\\\/#\\\/schema\\\/logo\\\/image\\\/\",\"url\":\"https:\\\/\\\/i0.wp.com\\\/articamp.ch\\\/wp-content\\\/uploads\\\/2023\\\/12\\\/cropped-Logo-ArtiCamp.png?fit=512%2C512&ssl=1\",\"contentUrl\":\"https:\\\/\\\/i0.wp.com\\\/articamp.ch\\\/wp-content\\\/uploads\\\/2023\\\/12\\\/cropped-Logo-ArtiCamp.png?fit=512%2C512&ssl=1\",\"width\":512,\"height\":512,\"caption\":\"ArtiCamp\"},\"image\":{\"@id\":\"https:\\\/\\\/articamp.ch\\\/de\\\/#\\\/schema\\\/logo\\\/image\\\/\"},\"sameAs\":[\"https:\\\/\\\/www.facebook.com\\\/profile.php?id=100090195593870\",\"https:\\\/\\\/www.instagram.com\\\/articamp.ch\\\/\",\"https:\\\/\\\/www.tiktok.com\\\/@articamp\"]}]}<\/script>\n<!-- \/ Yoast SEO plugin. -->","yoast_head_json":{"title":"Makramee-Vasenhalter mit gold-gr\u00fcnen Perlen - ArtiCamp","description":"Handgefertigter Vasenhalter in Makramee-Technik mit Baumwollkordel und gr\u00fcnen und goldenen Perlendetails.","robots":{"index":"index","follow":"follow","max-snippet":"max-snippet:-1","max-image-preview":"max-image-preview:large","max-video-preview":"max-video-preview:-1"},"canonical":"https:\/\/articamp.ch\/de\/shop\/vase-macrame-mit-perlen-grun-gold\/","og_locale":"de_DE","og_type":"article","og_title":"Makramee-Vasenhalter mit gold-gr\u00fcnen Perlen - ArtiCamp","og_description":"Handgefertigter Vasenhalter in Makramee-Technik mit Baumwollkordel und gr\u00fcnen und goldenen Perlendetails.","og_url":"https:\/\/articamp.ch\/de\/shop\/vase-macrame-mit-perlen-grun-gold\/","og_site_name":"ArtiCamp","article_publisher":"https:\/\/www.facebook.com\/profile.php?id=100090195593870","article_modified_time":"2023-11-15T17:09:03+00:00","og_image":[{"width":600,"height":1067,"url":"https:\/\/i0.wp.com\/articamp.ch\/wp-content\/uploads\/2023\/05\/20230327_141057-01-jpeg.webp?fit=600%2C1067&ssl=1","type":"image\/jpeg"}],"twitter_card":"summary_large_image","twitter_misc":{"Gesch\u00e4tzte Lesezeit":"1\u00a0Minute"},"schema":{"@context":"https:\/\/schema.org","@graph":[{"@type":"WebPage","@id":"https:\/\/articamp.ch\/de\/shop\/vase-macrame-mit-perlen-grun-gold\/","url":"https:\/\/articamp.ch\/de\/shop\/vase-macrame-mit-perlen-grun-gold\/","name":"Makramee-Vasenhalter mit gold-gr\u00fcnen Perlen - ArtiCamp","isPartOf":{"@id":"https:\/\/articamp.ch\/de\/#website"},"primaryImageOfPage":{"@id":"https:\/\/articamp.ch\/de\/shop\/vase-macrame-mit-perlen-grun-gold\/#primaryimage"},"image":{"@id":"https:\/\/articamp.ch\/de\/shop\/vase-macrame-mit-perlen-grun-gold\/#primaryimage"},"thumbnailUrl":"https:\/\/i0.wp.com\/articamp.ch\/wp-content\/uploads\/2023\/05\/20230327_141057-01-jpeg.webp?fit=600%2C1067&ssl=1","datePublished":"2023-03-29T12:08:04+00:00","dateModified":"2023-11-15T17:09:03+00:00","description":"Handgefertigter Vasenhalter in Makramee-Technik mit Baumwollkordel und gr\u00fcnen und goldenen Perlendetails.","breadcrumb":{"@id":"https:\/\/articamp.ch\/de\/shop\/vase-macrame-mit-perlen-grun-gold\/#breadcrumb"},"inLanguage":"de","potentialAction":[{"@type":"ReadAction","target":["https:\/\/articamp.ch\/de\/shop\/vase-macrame-mit-perlen-grun-gold\/"]}]},{"@type":"ImageObject","inLanguage":"de","@id":"https:\/\/articamp.ch\/de\/shop\/vase-macrame-mit-perlen-grun-gold\/#primaryimage","url":"https:\/\/i0.wp.com\/articamp.ch\/wp-content\/uploads\/2023\/05\/20230327_141057-01-jpeg.webp?fit=600%2C1067&ssl=1","contentUrl":"https:\/\/i0.wp.com\/articamp.ch\/wp-content\/uploads\/2023\/05\/20230327_141057-01-jpeg.webp?fit=600%2C1067&ssl=1","width":600,"height":1067},{"@type":"BreadcrumbList","@id":"https:\/\/articamp.ch\/de\/shop\/vase-macrame-mit-perlen-grun-gold\/#breadcrumb","itemListElement":[{"@type":"ListItem","position":1,"name":"Home","item":"https:\/\/articamp.ch\/de\/"},{"@type":"ListItem","position":2,"name":"Shop","item":"https:\/\/articamp.ch\/de\/shop\/"},{"@type":"ListItem","position":3,"name":"Makramee-Vasenhalter mit gold-gr\u00fcnen Perlen"}]},{"@type":"WebSite","@id":"https:\/\/articamp.ch\/de\/#website","url":"https:\/\/articamp.ch\/de\/","name":"articamp.ch","description":"lavori d&#039;artigianato individuali fatti a mano","publisher":{"@id":"https:\/\/articamp.ch\/de\/#organization"},"potentialAction":[{"@type":"SearchAction","target":{"@type":"EntryPoint","urlTemplate":"https:\/\/articamp.ch\/de\/?s={search_term_string}"},"query-input":{"@type":"PropertyValueSpecification","valueRequired":true,"valueName":"search_term_string"}}],"inLanguage":"de"},{"@type":"Organization","@id":"https:\/\/articamp.ch\/de\/#organization","name":"ArtiCamp","url":"https:\/\/articamp.ch\/de\/","logo":{"@type":"ImageObject","inLanguage":"de","@id":"https:\/\/articamp.ch\/de\/#\/schema\/logo\/image\/","url":"https:\/\/i0.wp.com\/articamp.ch\/wp-content\/uploads\/2023\/12\/cropped-Logo-ArtiCamp.png?fit=512%2C512&ssl=1","contentUrl":"https:\/\/i0.wp.com\/articamp.ch\/wp-content\/uploads\/2023\/12\/cropped-Logo-ArtiCamp.png?fit=512%2C512&ssl=1","width":512,"height":512,"caption":"ArtiCamp"},"image":{"@id":"https:\/\/articamp.ch\/de\/#\/schema\/logo\/image\/"},"sameAs":["https:\/\/www.facebook.com\/profile.php?id=100090195593870","https:\/\/www.instagram.com\/articamp.ch\/","https:\/\/www.tiktok.com\/@articamp"]}]}},"jetpack_sharing_enabled":true,"_links":{"self":[{"href":"https:\/\/articamp.ch\/de\/wp-json\/wp\/v2\/product\/30885","targetHints":{"allow":["GET"]}}],"collection":[{"href":"https:\/\/articamp.ch\/de\/wp-json\/wp\/v2\/product"}],"about":[{"href":"https:\/\/articamp.ch\/de\/wp-json\/wp\/v2\/types\/product"}],"replies":[{"embeddable":true,"href":"https:\/\/articamp.ch\/de\/wp-json\/wp\/v2\/comments?post=30885"}],"wp:featuredmedia":[{"embeddable":true,"href":"https:\/\/articamp.ch\/de\/wp-json\/wp\/v2\/media\/30585"}],"wp:attachment":[{"href":"https:\/\/articamp.ch\/de\/wp-json\/wp\/v2\/media?parent=30885"}],"wp:term":[{"taxonomy":"product_brand","embeddable":true,"href":"https:\/\/articamp.ch\/de\/wp-json\/wp\/v2\/product_brand?post=30885"},{"taxonomy":"product_cat","embeddable":true,"href":"https:\/\/articamp.ch\/de\/wp-json\/wp\/v2\/product_cat?post=30885"},{"taxonomy":"product_tag","embeddable":true,"href":"https:\/\/articamp.ch\/de\/wp-json\/wp\/v2\/product_tag?post=30885"}],"curies":[{"name":"wp","href":"https:\/\/api.w.org\/{rel}","templated":true}]}}