{"id":30865,"date":"2023-05-11T18:49:48","date_gmt":"2023-05-11T16:49:48","guid":{"rendered":"https:\/\/articamp.ch\/?post_type=product&#038;p=30865"},"modified":"2023-11-15T18:07:11","modified_gmt":"2023-11-15T17:07:11","slug":"holz-harz-blaue-schale","status":"publish","type":"product","link":"https:\/\/articamp.ch\/de\/shop\/holz-harz-blaue-schale\/","title":{"rendered":"Schale aus Holz und blauem Harz"},"content":{"rendered":"<h2>Schale aus Holz und blauem Harz: ein Kunstwerk f\u00fcr dein Zuhause.<\/h2>\n<p>Wenn du auf der Suche nach einem originellen und hochwertigen Einrichtungsaccessoire bist, ist diese blaue Schale aus Holz und Harz genau das Richtige f\u00fcr dich. Es ist eine handgefertigte Kreation, die auf einer Drechselbank hergestellt wurde und den nat\u00fcrlichen Charme von Holz mit dem auff\u00e4lligen Effekt von gef\u00e4rbtem Harz kombiniert. Blaues Harz f\u00fcllt die Hohlr\u00e4ume im Holz und schafft so einen auff\u00e4lligen, leuchtenden Farbkontrast. Jede Schale ist einzigartig und ihre Nuancen und Unregelm\u00e4\u00dfigkeiten zeugen von ihrer Authentizit\u00e4t. <span style=\"font-family:-apple-system,Roboto,SegoeUI,\">Mit dieser Schale kannst du einen Hauch von Magie in dein Zuhause bringen und deine G\u00e4ste beeindrucken oder ein originelles und gesch\u00e4tztes Geschenk machen. Entdecke alle Kreationen von ArtiCamp, dem Online Shop f\u00fcr Kunst- und Designobjekte!<\/span><\/p>\n<blockquote><p><strong><em>Verleihen Sie Ihrem Zuhause einen magischen Touch mit ArtiCamp!<\/em><\/strong><\/p><\/blockquote>\n<ul>\n<li>Kunsthandwerk, jedes unserer Produkte ist handgefertigt und individuell.<\/li>\n<li>Die angegebenen Ma\u00dfe sind N\u00e4herungswerte.<\/li>\n<li>Die auf dem Foto abgebildeten Dekorationsmaterialien sind nicht enthalten.<\/li>\n<li>Es kann zu kleinen Farbabweichungen zwischen den Fotos und dem tats\u00e4chlichen Produkt kommen.<\/li>\n<\/ul>\n","protected":false},"excerpt":{"rendered":"<p>Diese gedrechselte Schale ist aus Holz und Harz gefertigt. Mit einem rustikalen Touch von Holz zeigt diese Schale all ihre faszinierenden Nuancen und wird durch die Harzteile, die die L\u00fccken ausf\u00fcllen, einzigartig. Der Kontrast zwischen dem Holz und dem leuchtenden Blau des Harzes erzeugt ein Spiel aus Farben, Lichtern und Formen, das sicher nicht unbemerkt bleibt.<\/p>\n","protected":false},"featured_media":30773,"comment_status":"open","ping_status":"closed","template":"","meta":{"_monsterinsights_skip_tracking":false,"_monsterinsights_sitenote_active":false,"_monsterinsights_sitenote_note":"","_monsterinsights_sitenote_category":0},"product_brand":[],"product_cat":[151],"product_tag":[150,171,182,170],"class_list":{"0":"post-30865","1":"product","2":"type-product","3":"status-publish","4":"has-post-thumbnail","6":"product_cat-alle","7":"product_tag-holz","8":"product_tag-reisemobil","9":"product_tag-schale","10":"product_tag-van-de","11":"product_shipping_class-grosses-pack","13":"first","14":"outofstock","15":"sold-individually","16":"shipping-taxable","17":"purchasable","18":"product-type-simple"},"yoast_head":"<!-- This site is optimized with the Yoast SEO plugin v27.6 - https:\/\/yoast.com\/product\/yoast-seo-wordpress\/ -->\n<title>Schale aus Holz und blauem Harz - ArtiCamp<\/title>\n<meta name=\"description\" content=\"Handgefertigte Schale aus Holz und Harz. Der Kontrast zwischen dem Holz und der leuchtend blauen Farbe des Harzes macht es einzigartig.\" \/>\n<meta name=\"robots\" content=\"index, follow, max-snippet:-1, max-image-preview:large, max-video-preview:-1\" \/>\n<link rel=\"canonical\" href=\"https:\/\/articamp.ch\/de\/shop\/holz-harz-blaue-schale\/\" \/>\n<meta property=\"og:locale\" content=\"de_DE\" \/>\n<meta property=\"og:type\" content=\"article\" \/>\n<meta property=\"og:title\" content=\"Schale aus Holz und blauem Harz - ArtiCamp\" \/>\n<meta property=\"og:description\" content=\"Handgefertigte Schale aus Holz und Harz. Der Kontrast zwischen dem Holz und der leuchtend blauen Farbe des Harzes macht es einzigartig.\" \/>\n<meta property=\"og:url\" content=\"https:\/\/articamp.ch\/de\/shop\/holz-harz-blaue-schale\/\" \/>\n<meta property=\"og:site_name\" content=\"ArtiCamp\" \/>\n<meta property=\"article:publisher\" content=\"https:\/\/www.facebook.com\/profile.php?id=100090195593870\" \/>\n<meta property=\"article:modified_time\" content=\"2023-11-15T17:07:11+00:00\" \/>\n<meta property=\"og:image\" content=\"https:\/\/i0.wp.com\/articamp.ch\/wp-content\/uploads\/2023\/05\/20230508_200514-01-jpeg.webp?fit=700%2C700&ssl=1\" \/>\n\t<meta property=\"og:image:width\" content=\"700\" \/>\n\t<meta property=\"og:image:height\" content=\"700\" \/>\n\t<meta property=\"og:image:type\" content=\"image\/jpeg\" \/>\n<meta name=\"twitter:card\" content=\"summary_large_image\" \/>\n<meta name=\"twitter:label1\" content=\"Gesch\u00e4tzte Lesezeit\" \/>\n\t<meta name=\"twitter:data1\" content=\"1\u00a0Minute\" \/>\n<script type=\"application\/ld+json\" class=\"yoast-schema-graph\">{\"@context\":\"https:\\\/\\\/schema.org\",\"@graph\":[{\"@type\":\"WebPage\",\"@id\":\"https:\\\/\\\/articamp.ch\\\/de\\\/shop\\\/holz-harz-blaue-schale\\\/\",\"url\":\"https:\\\/\\\/articamp.ch\\\/de\\\/shop\\\/holz-harz-blaue-schale\\\/\",\"name\":\"Schale aus Holz und blauem Harz - ArtiCamp\",\"isPartOf\":{\"@id\":\"https:\\\/\\\/articamp.ch\\\/de\\\/#website\"},\"primaryImageOfPage\":{\"@id\":\"https:\\\/\\\/articamp.ch\\\/de\\\/shop\\\/holz-harz-blaue-schale\\\/#primaryimage\"},\"image\":{\"@id\":\"https:\\\/\\\/articamp.ch\\\/de\\\/shop\\\/holz-harz-blaue-schale\\\/#primaryimage\"},\"thumbnailUrl\":\"https:\\\/\\\/i0.wp.com\\\/articamp.ch\\\/wp-content\\\/uploads\\\/2023\\\/05\\\/20230508_200514-01-jpeg.webp?fit=700%2C700&ssl=1\",\"datePublished\":\"2023-05-11T16:49:48+00:00\",\"dateModified\":\"2023-11-15T17:07:11+00:00\",\"description\":\"Handgefertigte Schale aus Holz und Harz. Der Kontrast zwischen dem Holz und der leuchtend blauen Farbe des Harzes macht es einzigartig.\",\"breadcrumb\":{\"@id\":\"https:\\\/\\\/articamp.ch\\\/de\\\/shop\\\/holz-harz-blaue-schale\\\/#breadcrumb\"},\"inLanguage\":\"de\",\"potentialAction\":[{\"@type\":\"ReadAction\",\"target\":[\"https:\\\/\\\/articamp.ch\\\/de\\\/shop\\\/holz-harz-blaue-schale\\\/\"]}]},{\"@type\":\"ImageObject\",\"inLanguage\":\"de\",\"@id\":\"https:\\\/\\\/articamp.ch\\\/de\\\/shop\\\/holz-harz-blaue-schale\\\/#primaryimage\",\"url\":\"https:\\\/\\\/i0.wp.com\\\/articamp.ch\\\/wp-content\\\/uploads\\\/2023\\\/05\\\/20230508_200514-01-jpeg.webp?fit=700%2C700&ssl=1\",\"contentUrl\":\"https:\\\/\\\/i0.wp.com\\\/articamp.ch\\\/wp-content\\\/uploads\\\/2023\\\/05\\\/20230508_200514-01-jpeg.webp?fit=700%2C700&ssl=1\",\"width\":700,\"height\":700,\"caption\":\"Schale aus Holz und blauem Harz\"},{\"@type\":\"BreadcrumbList\",\"@id\":\"https:\\\/\\\/articamp.ch\\\/de\\\/shop\\\/holz-harz-blaue-schale\\\/#breadcrumb\",\"itemListElement\":[{\"@type\":\"ListItem\",\"position\":1,\"name\":\"Home\",\"item\":\"https:\\\/\\\/articamp.ch\\\/de\\\/\"},{\"@type\":\"ListItem\",\"position\":2,\"name\":\"Shop\",\"item\":\"https:\\\/\\\/articamp.ch\\\/de\\\/shop\\\/\"},{\"@type\":\"ListItem\",\"position\":3,\"name\":\"Schale aus Holz und blauem Harz\"}]},{\"@type\":\"WebSite\",\"@id\":\"https:\\\/\\\/articamp.ch\\\/de\\\/#website\",\"url\":\"https:\\\/\\\/articamp.ch\\\/de\\\/\",\"name\":\"articamp.ch\",\"description\":\"lavori d&#039;artigianato individuali fatti a mano\",\"publisher\":{\"@id\":\"https:\\\/\\\/articamp.ch\\\/de\\\/#organization\"},\"potentialAction\":[{\"@type\":\"SearchAction\",\"target\":{\"@type\":\"EntryPoint\",\"urlTemplate\":\"https:\\\/\\\/articamp.ch\\\/de\\\/?s={search_term_string}\"},\"query-input\":{\"@type\":\"PropertyValueSpecification\",\"valueRequired\":true,\"valueName\":\"search_term_string\"}}],\"inLanguage\":\"de\"},{\"@type\":\"Organization\",\"@id\":\"https:\\\/\\\/articamp.ch\\\/de\\\/#organization\",\"name\":\"ArtiCamp\",\"url\":\"https:\\\/\\\/articamp.ch\\\/de\\\/\",\"logo\":{\"@type\":\"ImageObject\",\"inLanguage\":\"de\",\"@id\":\"https:\\\/\\\/articamp.ch\\\/de\\\/#\\\/schema\\\/logo\\\/image\\\/\",\"url\":\"https:\\\/\\\/i0.wp.com\\\/articamp.ch\\\/wp-content\\\/uploads\\\/2023\\\/12\\\/cropped-Logo-ArtiCamp.png?fit=512%2C512&ssl=1\",\"contentUrl\":\"https:\\\/\\\/i0.wp.com\\\/articamp.ch\\\/wp-content\\\/uploads\\\/2023\\\/12\\\/cropped-Logo-ArtiCamp.png?fit=512%2C512&ssl=1\",\"width\":512,\"height\":512,\"caption\":\"ArtiCamp\"},\"image\":{\"@id\":\"https:\\\/\\\/articamp.ch\\\/de\\\/#\\\/schema\\\/logo\\\/image\\\/\"},\"sameAs\":[\"https:\\\/\\\/www.facebook.com\\\/profile.php?id=100090195593870\",\"https:\\\/\\\/www.instagram.com\\\/articamp.ch\\\/\",\"https:\\\/\\\/www.tiktok.com\\\/@articamp\"]}]}<\/script>\n<!-- \/ Yoast SEO plugin. -->","yoast_head_json":{"title":"Schale aus Holz und blauem Harz - ArtiCamp","description":"Handgefertigte Schale aus Holz und Harz. Der Kontrast zwischen dem Holz und der leuchtend blauen Farbe des Harzes macht es einzigartig.","robots":{"index":"index","follow":"follow","max-snippet":"max-snippet:-1","max-image-preview":"max-image-preview:large","max-video-preview":"max-video-preview:-1"},"canonical":"https:\/\/articamp.ch\/de\/shop\/holz-harz-blaue-schale\/","og_locale":"de_DE","og_type":"article","og_title":"Schale aus Holz und blauem Harz - ArtiCamp","og_description":"Handgefertigte Schale aus Holz und Harz. Der Kontrast zwischen dem Holz und der leuchtend blauen Farbe des Harzes macht es einzigartig.","og_url":"https:\/\/articamp.ch\/de\/shop\/holz-harz-blaue-schale\/","og_site_name":"ArtiCamp","article_publisher":"https:\/\/www.facebook.com\/profile.php?id=100090195593870","article_modified_time":"2023-11-15T17:07:11+00:00","og_image":[{"width":700,"height":700,"url":"https:\/\/i0.wp.com\/articamp.ch\/wp-content\/uploads\/2023\/05\/20230508_200514-01-jpeg.webp?fit=700%2C700&ssl=1","type":"image\/jpeg"}],"twitter_card":"summary_large_image","twitter_misc":{"Gesch\u00e4tzte Lesezeit":"1\u00a0Minute"},"schema":{"@context":"https:\/\/schema.org","@graph":[{"@type":"WebPage","@id":"https:\/\/articamp.ch\/de\/shop\/holz-harz-blaue-schale\/","url":"https:\/\/articamp.ch\/de\/shop\/holz-harz-blaue-schale\/","name":"Schale aus Holz und blauem Harz - ArtiCamp","isPartOf":{"@id":"https:\/\/articamp.ch\/de\/#website"},"primaryImageOfPage":{"@id":"https:\/\/articamp.ch\/de\/shop\/holz-harz-blaue-schale\/#primaryimage"},"image":{"@id":"https:\/\/articamp.ch\/de\/shop\/holz-harz-blaue-schale\/#primaryimage"},"thumbnailUrl":"https:\/\/i0.wp.com\/articamp.ch\/wp-content\/uploads\/2023\/05\/20230508_200514-01-jpeg.webp?fit=700%2C700&ssl=1","datePublished":"2023-05-11T16:49:48+00:00","dateModified":"2023-11-15T17:07:11+00:00","description":"Handgefertigte Schale aus Holz und Harz. Der Kontrast zwischen dem Holz und der leuchtend blauen Farbe des Harzes macht es einzigartig.","breadcrumb":{"@id":"https:\/\/articamp.ch\/de\/shop\/holz-harz-blaue-schale\/#breadcrumb"},"inLanguage":"de","potentialAction":[{"@type":"ReadAction","target":["https:\/\/articamp.ch\/de\/shop\/holz-harz-blaue-schale\/"]}]},{"@type":"ImageObject","inLanguage":"de","@id":"https:\/\/articamp.ch\/de\/shop\/holz-harz-blaue-schale\/#primaryimage","url":"https:\/\/i0.wp.com\/articamp.ch\/wp-content\/uploads\/2023\/05\/20230508_200514-01-jpeg.webp?fit=700%2C700&ssl=1","contentUrl":"https:\/\/i0.wp.com\/articamp.ch\/wp-content\/uploads\/2023\/05\/20230508_200514-01-jpeg.webp?fit=700%2C700&ssl=1","width":700,"height":700,"caption":"Schale aus Holz und blauem Harz"},{"@type":"BreadcrumbList","@id":"https:\/\/articamp.ch\/de\/shop\/holz-harz-blaue-schale\/#breadcrumb","itemListElement":[{"@type":"ListItem","position":1,"name":"Home","item":"https:\/\/articamp.ch\/de\/"},{"@type":"ListItem","position":2,"name":"Shop","item":"https:\/\/articamp.ch\/de\/shop\/"},{"@type":"ListItem","position":3,"name":"Schale aus Holz und blauem Harz"}]},{"@type":"WebSite","@id":"https:\/\/articamp.ch\/de\/#website","url":"https:\/\/articamp.ch\/de\/","name":"articamp.ch","description":"lavori d&#039;artigianato individuali fatti a mano","publisher":{"@id":"https:\/\/articamp.ch\/de\/#organization"},"potentialAction":[{"@type":"SearchAction","target":{"@type":"EntryPoint","urlTemplate":"https:\/\/articamp.ch\/de\/?s={search_term_string}"},"query-input":{"@type":"PropertyValueSpecification","valueRequired":true,"valueName":"search_term_string"}}],"inLanguage":"de"},{"@type":"Organization","@id":"https:\/\/articamp.ch\/de\/#organization","name":"ArtiCamp","url":"https:\/\/articamp.ch\/de\/","logo":{"@type":"ImageObject","inLanguage":"de","@id":"https:\/\/articamp.ch\/de\/#\/schema\/logo\/image\/","url":"https:\/\/i0.wp.com\/articamp.ch\/wp-content\/uploads\/2023\/12\/cropped-Logo-ArtiCamp.png?fit=512%2C512&ssl=1","contentUrl":"https:\/\/i0.wp.com\/articamp.ch\/wp-content\/uploads\/2023\/12\/cropped-Logo-ArtiCamp.png?fit=512%2C512&ssl=1","width":512,"height":512,"caption":"ArtiCamp"},"image":{"@id":"https:\/\/articamp.ch\/de\/#\/schema\/logo\/image\/"},"sameAs":["https:\/\/www.facebook.com\/profile.php?id=100090195593870","https:\/\/www.instagram.com\/articamp.ch\/","https:\/\/www.tiktok.com\/@articamp"]}]}},"jetpack_sharing_enabled":true,"_links":{"self":[{"href":"https:\/\/articamp.ch\/de\/wp-json\/wp\/v2\/product\/30865","targetHints":{"allow":["GET"]}}],"collection":[{"href":"https:\/\/articamp.ch\/de\/wp-json\/wp\/v2\/product"}],"about":[{"href":"https:\/\/articamp.ch\/de\/wp-json\/wp\/v2\/types\/product"}],"replies":[{"embeddable":true,"href":"https:\/\/articamp.ch\/de\/wp-json\/wp\/v2\/comments?post=30865"}],"wp:featuredmedia":[{"embeddable":true,"href":"https:\/\/articamp.ch\/de\/wp-json\/wp\/v2\/media\/30773"}],"wp:attachment":[{"href":"https:\/\/articamp.ch\/de\/wp-json\/wp\/v2\/media?parent=30865"}],"wp:term":[{"taxonomy":"product_brand","embeddable":true,"href":"https:\/\/articamp.ch\/de\/wp-json\/wp\/v2\/product_brand?post=30865"},{"taxonomy":"product_cat","embeddable":true,"href":"https:\/\/articamp.ch\/de\/wp-json\/wp\/v2\/product_cat?post=30865"},{"taxonomy":"product_tag","embeddable":true,"href":"https:\/\/articamp.ch\/de\/wp-json\/wp\/v2\/product_tag?post=30865"}],"curies":[{"name":"wp","href":"https:\/\/api.w.org\/{rel}","templated":true}]}}