{"id":30859,"date":"2023-05-11T18:12:45","date_gmt":"2023-05-11T16:12:45","guid":{"rendered":"https:\/\/articamp.ch\/shop\/mandala-makramee-tischset\/"},"modified":"2023-11-15T18:07:13","modified_gmt":"2023-11-15T17:07:13","slug":"mandala-makramee-tischset","status":"publish","type":"product","link":"https:\/\/articamp.ch\/de\/shop\/mandala-makramee-tischset\/","title":{"rendered":"Mandala Makramee Tischset"},"content":{"rendered":"<h2 style=\"text-align:left\">\u00dcber das Mandala Makramee Tischset<\/h2>\n<p style=\"text-align:left\">Wenn du den Boho-Stil liebst und deinem Tisch einen Hauch von Originalit\u00e4t verleihen willst, darfst du dieses Makramee-Mandala-Platzset nicht verpassen. Hergestellt<strong><br \/>\n  <em>handgefertigt aus nat\u00fcrlicher Baumwolle, ist diese Tischdecke<\/em><br \/>\n<\/strong>ist perfekt, um deinen Teller oder deinen Tafelaufsatz mit Eleganz und Raffinesse zu dekorieren. Makramee ist eine uralte Technik, bei der F\u00e4den mit dekorativen Knoten verflochten werden, wodurch geometrische und harmonische Formen entstehen. Dieses Makramee-Mandala-Tischset ist in verschiedenen Farben erh\u00e4ltlich, von wei\u00df bis beige, von grau bis rosa, ganz nach deinem Geschmack und deiner Umgebung. Du kannst es mit anderen Tischsets im gleichen Stil oder mit Makramee-Untersetzern kombinieren, um einen koordinierten und gem\u00fctlichen Effekt zu erzielen.<\/p>\n<p>Dieses Makramee-Tischset ist auch eine tolle Geschenkidee f\u00fcr alle, die handgemachte Dinge lieben. Du kannst sie einer besonderen Person zum Geburtstag, zu Weihnachten oder zu einem wichtigen Jahrestag schenken. Es wird sicherlich f\u00fcr seine Qualit\u00e4t und Sch\u00f6nheit gesch\u00e4tzt werden.<\/p>\n<p>\u2665 Gib deinem Zuhause einen einzigartigen Touch mit ArtiCamp! \u2665<\/p>\n<p>&gt;  INFO Nachbestellungen: Bei Artikeln, die nicht auf Lager sind, musst du mit einer Wartezeit von 1-2 Wochen f\u00fcr die Produktion rechnen.<\/p>\n<ul>\n<li>Kunsthandwerk, jedes unserer Produkte ist handgefertigt und individuell.<\/li>\n<li>Die angegebenen Ma\u00dfe sind N\u00e4herungswerte.<\/li>\n<li>Die auf dem Foto abgebildeten Dekorationsmaterialien sind nicht enthalten.<\/li>\n<li>Es kann kleine Abweichungen zwischen den Fotos und dem tats\u00e4chlichen Produkt geben.<\/li>\n<li>Jeder Artikel ist einzigartig, weil die verwendeten H\u00f6lzer Unikate sind und nicht mit dem auf dem Foto identisch sein werden.<\/li>\n<\/ul>\n","protected":false},"excerpt":{"rendered":"<p>Dieses Makramee-Mandala-Tischset ist der ideale Begleiter, um dein Zuhause zu dekorieren. Hergestellt in Makramee-Technik mit Baumwollgarn.<\/p>\n","protected":false},"featured_media":30776,"comment_status":"open","ping_status":"closed","template":"","meta":{"_monsterinsights_skip_tracking":false,"_monsterinsights_sitenote_active":false,"_monsterinsights_sitenote_note":"","_monsterinsights_sitenote_category":0},"product_brand":[],"product_cat":[151,168],"product_tag":[169,171,170],"class_list":{"0":"post-30859","1":"product","2":"type-product","3":"status-publish","4":"has-post-thumbnail","6":"product_cat-alle","7":"product_cat-makramee","8":"product_tag-makramee","9":"product_tag-reisemobil","10":"product_tag-van-de","11":"product_shipping_class-grosses-pack","13":"first","14":"instock","15":"sold-individually","16":"shipping-taxable","17":"purchasable","18":"product-type-simple"},"yoast_head":"<!-- This site is optimized with the Yoast SEO plugin v27.3 - https:\/\/yoast.com\/product\/yoast-seo-wordpress\/ -->\n<title>Mandala Makramee Tischset - ArtiCamp<\/title>\n<meta name=\"description\" content=\"Dieses Makramee-Mandala-Tischset ist der ideale Begleiter, um dein Zuhause zu dekorieren. Handgefertigt, um deinem Zuhause eine einzigartige Note zu verleihen.\" \/>\n<meta name=\"robots\" content=\"index, follow, max-snippet:-1, max-image-preview:large, max-video-preview:-1\" \/>\n<link rel=\"canonical\" href=\"https:\/\/articamp.ch\/de\/shop\/mandala-makramee-tischset\/\" \/>\n<meta property=\"og:locale\" content=\"de_DE\" \/>\n<meta property=\"og:type\" content=\"article\" \/>\n<meta property=\"og:title\" content=\"Mandala Makramee Tischset - ArtiCamp\" \/>\n<meta property=\"og:description\" content=\"Dieses Makramee-Mandala-Tischset ist der ideale Begleiter, um dein Zuhause zu dekorieren. Handgefertigt, um deinem Zuhause eine einzigartige Note zu verleihen.\" \/>\n<meta property=\"og:url\" content=\"https:\/\/articamp.ch\/de\/shop\/mandala-makramee-tischset\/\" \/>\n<meta property=\"og:site_name\" content=\"ArtiCamp\" \/>\n<meta property=\"article:publisher\" content=\"https:\/\/www.facebook.com\/profile.php?id=100090195593870\" \/>\n<meta property=\"article:modified_time\" content=\"2023-11-15T17:07:13+00:00\" \/>\n<meta property=\"og:image\" content=\"https:\/\/i0.wp.com\/articamp.ch\/wp-content\/uploads\/2023\/05\/20230509_100553-01-jpeg.webp?fit=700%2C700&ssl=1\" \/>\n\t<meta property=\"og:image:width\" content=\"700\" \/>\n\t<meta property=\"og:image:height\" content=\"700\" \/>\n\t<meta property=\"og:image:type\" content=\"image\/jpeg\" \/>\n<meta name=\"twitter:card\" content=\"summary_large_image\" \/>\n<meta name=\"twitter:label1\" content=\"Gesch\u00e4tzte Lesezeit\" \/>\n\t<meta name=\"twitter:data1\" content=\"1\u00a0Minute\" \/>\n<script type=\"application\/ld+json\" class=\"yoast-schema-graph\">{\"@context\":\"https:\\\/\\\/schema.org\",\"@graph\":[{\"@type\":\"WebPage\",\"@id\":\"https:\\\/\\\/articamp.ch\\\/de\\\/shop\\\/mandala-makramee-tischset\\\/\",\"url\":\"https:\\\/\\\/articamp.ch\\\/de\\\/shop\\\/mandala-makramee-tischset\\\/\",\"name\":\"Mandala Makramee Tischset - ArtiCamp\",\"isPartOf\":{\"@id\":\"https:\\\/\\\/articamp.ch\\\/de\\\/#website\"},\"primaryImageOfPage\":{\"@id\":\"https:\\\/\\\/articamp.ch\\\/de\\\/shop\\\/mandala-makramee-tischset\\\/#primaryimage\"},\"image\":{\"@id\":\"https:\\\/\\\/articamp.ch\\\/de\\\/shop\\\/mandala-makramee-tischset\\\/#primaryimage\"},\"thumbnailUrl\":\"https:\\\/\\\/i0.wp.com\\\/articamp.ch\\\/wp-content\\\/uploads\\\/2023\\\/05\\\/20230509_100553-01-jpeg.webp?fit=700%2C700&ssl=1\",\"datePublished\":\"2023-05-11T16:12:45+00:00\",\"dateModified\":\"2023-11-15T17:07:13+00:00\",\"description\":\"Dieses Makramee-Mandala-Tischset ist der ideale Begleiter, um dein Zuhause zu dekorieren. Handgefertigt, um deinem Zuhause eine einzigartige Note zu verleihen.\",\"breadcrumb\":{\"@id\":\"https:\\\/\\\/articamp.ch\\\/de\\\/shop\\\/mandala-makramee-tischset\\\/#breadcrumb\"},\"inLanguage\":\"de\",\"potentialAction\":[{\"@type\":\"ReadAction\",\"target\":[\"https:\\\/\\\/articamp.ch\\\/de\\\/shop\\\/mandala-makramee-tischset\\\/\"]}]},{\"@type\":\"ImageObject\",\"inLanguage\":\"de\",\"@id\":\"https:\\\/\\\/articamp.ch\\\/de\\\/shop\\\/mandala-makramee-tischset\\\/#primaryimage\",\"url\":\"https:\\\/\\\/i0.wp.com\\\/articamp.ch\\\/wp-content\\\/uploads\\\/2023\\\/05\\\/20230509_100553-01-jpeg.webp?fit=700%2C700&ssl=1\",\"contentUrl\":\"https:\\\/\\\/i0.wp.com\\\/articamp.ch\\\/wp-content\\\/uploads\\\/2023\\\/05\\\/20230509_100553-01-jpeg.webp?fit=700%2C700&ssl=1\",\"width\":700,\"height\":700,\"caption\":\"Mandala Makramee Tischset\"},{\"@type\":\"BreadcrumbList\",\"@id\":\"https:\\\/\\\/articamp.ch\\\/de\\\/shop\\\/mandala-makramee-tischset\\\/#breadcrumb\",\"itemListElement\":[{\"@type\":\"ListItem\",\"position\":1,\"name\":\"Home\",\"item\":\"https:\\\/\\\/articamp.ch\\\/de\\\/\"},{\"@type\":\"ListItem\",\"position\":2,\"name\":\"Shop\",\"item\":\"https:\\\/\\\/articamp.ch\\\/de\\\/shop\\\/\"},{\"@type\":\"ListItem\",\"position\":3,\"name\":\"Mandala Makramee Tischset\"}]},{\"@type\":\"WebSite\",\"@id\":\"https:\\\/\\\/articamp.ch\\\/de\\\/#website\",\"url\":\"https:\\\/\\\/articamp.ch\\\/de\\\/\",\"name\":\"articamp.ch\",\"description\":\"lavori d&#039;artigianato individuali fatti a mano\",\"publisher\":{\"@id\":\"https:\\\/\\\/articamp.ch\\\/de\\\/#organization\"},\"potentialAction\":[{\"@type\":\"SearchAction\",\"target\":{\"@type\":\"EntryPoint\",\"urlTemplate\":\"https:\\\/\\\/articamp.ch\\\/de\\\/?s={search_term_string}\"},\"query-input\":{\"@type\":\"PropertyValueSpecification\",\"valueRequired\":true,\"valueName\":\"search_term_string\"}}],\"inLanguage\":\"de\"},{\"@type\":\"Organization\",\"@id\":\"https:\\\/\\\/articamp.ch\\\/de\\\/#organization\",\"name\":\"ArtiCamp\",\"url\":\"https:\\\/\\\/articamp.ch\\\/de\\\/\",\"logo\":{\"@type\":\"ImageObject\",\"inLanguage\":\"de\",\"@id\":\"https:\\\/\\\/articamp.ch\\\/de\\\/#\\\/schema\\\/logo\\\/image\\\/\",\"url\":\"https:\\\/\\\/i0.wp.com\\\/articamp.ch\\\/wp-content\\\/uploads\\\/2023\\\/12\\\/cropped-Logo-ArtiCamp.png?fit=512%2C512&ssl=1\",\"contentUrl\":\"https:\\\/\\\/i0.wp.com\\\/articamp.ch\\\/wp-content\\\/uploads\\\/2023\\\/12\\\/cropped-Logo-ArtiCamp.png?fit=512%2C512&ssl=1\",\"width\":512,\"height\":512,\"caption\":\"ArtiCamp\"},\"image\":{\"@id\":\"https:\\\/\\\/articamp.ch\\\/de\\\/#\\\/schema\\\/logo\\\/image\\\/\"},\"sameAs\":[\"https:\\\/\\\/www.facebook.com\\\/profile.php?id=100090195593870\",\"https:\\\/\\\/www.instagram.com\\\/articamp.ch\\\/\",\"https:\\\/\\\/www.tiktok.com\\\/@articamp\"]}]}<\/script>\n<!-- \/ Yoast SEO plugin. -->","yoast_head_json":{"title":"Mandala Makramee Tischset - ArtiCamp","description":"Dieses Makramee-Mandala-Tischset ist der ideale Begleiter, um dein Zuhause zu dekorieren. Handgefertigt, um deinem Zuhause eine einzigartige Note zu verleihen.","robots":{"index":"index","follow":"follow","max-snippet":"max-snippet:-1","max-image-preview":"max-image-preview:large","max-video-preview":"max-video-preview:-1"},"canonical":"https:\/\/articamp.ch\/de\/shop\/mandala-makramee-tischset\/","og_locale":"de_DE","og_type":"article","og_title":"Mandala Makramee Tischset - ArtiCamp","og_description":"Dieses Makramee-Mandala-Tischset ist der ideale Begleiter, um dein Zuhause zu dekorieren. Handgefertigt, um deinem Zuhause eine einzigartige Note zu verleihen.","og_url":"https:\/\/articamp.ch\/de\/shop\/mandala-makramee-tischset\/","og_site_name":"ArtiCamp","article_publisher":"https:\/\/www.facebook.com\/profile.php?id=100090195593870","article_modified_time":"2023-11-15T17:07:13+00:00","og_image":[{"width":700,"height":700,"url":"https:\/\/i0.wp.com\/articamp.ch\/wp-content\/uploads\/2023\/05\/20230509_100553-01-jpeg.webp?fit=700%2C700&ssl=1","type":"image\/jpeg"}],"twitter_card":"summary_large_image","twitter_misc":{"Gesch\u00e4tzte Lesezeit":"1\u00a0Minute"},"schema":{"@context":"https:\/\/schema.org","@graph":[{"@type":"WebPage","@id":"https:\/\/articamp.ch\/de\/shop\/mandala-makramee-tischset\/","url":"https:\/\/articamp.ch\/de\/shop\/mandala-makramee-tischset\/","name":"Mandala Makramee Tischset - ArtiCamp","isPartOf":{"@id":"https:\/\/articamp.ch\/de\/#website"},"primaryImageOfPage":{"@id":"https:\/\/articamp.ch\/de\/shop\/mandala-makramee-tischset\/#primaryimage"},"image":{"@id":"https:\/\/articamp.ch\/de\/shop\/mandala-makramee-tischset\/#primaryimage"},"thumbnailUrl":"https:\/\/i0.wp.com\/articamp.ch\/wp-content\/uploads\/2023\/05\/20230509_100553-01-jpeg.webp?fit=700%2C700&ssl=1","datePublished":"2023-05-11T16:12:45+00:00","dateModified":"2023-11-15T17:07:13+00:00","description":"Dieses Makramee-Mandala-Tischset ist der ideale Begleiter, um dein Zuhause zu dekorieren. Handgefertigt, um deinem Zuhause eine einzigartige Note zu verleihen.","breadcrumb":{"@id":"https:\/\/articamp.ch\/de\/shop\/mandala-makramee-tischset\/#breadcrumb"},"inLanguage":"de","potentialAction":[{"@type":"ReadAction","target":["https:\/\/articamp.ch\/de\/shop\/mandala-makramee-tischset\/"]}]},{"@type":"ImageObject","inLanguage":"de","@id":"https:\/\/articamp.ch\/de\/shop\/mandala-makramee-tischset\/#primaryimage","url":"https:\/\/i0.wp.com\/articamp.ch\/wp-content\/uploads\/2023\/05\/20230509_100553-01-jpeg.webp?fit=700%2C700&ssl=1","contentUrl":"https:\/\/i0.wp.com\/articamp.ch\/wp-content\/uploads\/2023\/05\/20230509_100553-01-jpeg.webp?fit=700%2C700&ssl=1","width":700,"height":700,"caption":"Mandala Makramee Tischset"},{"@type":"BreadcrumbList","@id":"https:\/\/articamp.ch\/de\/shop\/mandala-makramee-tischset\/#breadcrumb","itemListElement":[{"@type":"ListItem","position":1,"name":"Home","item":"https:\/\/articamp.ch\/de\/"},{"@type":"ListItem","position":2,"name":"Shop","item":"https:\/\/articamp.ch\/de\/shop\/"},{"@type":"ListItem","position":3,"name":"Mandala Makramee Tischset"}]},{"@type":"WebSite","@id":"https:\/\/articamp.ch\/de\/#website","url":"https:\/\/articamp.ch\/de\/","name":"articamp.ch","description":"lavori d&#039;artigianato individuali fatti a mano","publisher":{"@id":"https:\/\/articamp.ch\/de\/#organization"},"potentialAction":[{"@type":"SearchAction","target":{"@type":"EntryPoint","urlTemplate":"https:\/\/articamp.ch\/de\/?s={search_term_string}"},"query-input":{"@type":"PropertyValueSpecification","valueRequired":true,"valueName":"search_term_string"}}],"inLanguage":"de"},{"@type":"Organization","@id":"https:\/\/articamp.ch\/de\/#organization","name":"ArtiCamp","url":"https:\/\/articamp.ch\/de\/","logo":{"@type":"ImageObject","inLanguage":"de","@id":"https:\/\/articamp.ch\/de\/#\/schema\/logo\/image\/","url":"https:\/\/i0.wp.com\/articamp.ch\/wp-content\/uploads\/2023\/12\/cropped-Logo-ArtiCamp.png?fit=512%2C512&ssl=1","contentUrl":"https:\/\/i0.wp.com\/articamp.ch\/wp-content\/uploads\/2023\/12\/cropped-Logo-ArtiCamp.png?fit=512%2C512&ssl=1","width":512,"height":512,"caption":"ArtiCamp"},"image":{"@id":"https:\/\/articamp.ch\/de\/#\/schema\/logo\/image\/"},"sameAs":["https:\/\/www.facebook.com\/profile.php?id=100090195593870","https:\/\/www.instagram.com\/articamp.ch\/","https:\/\/www.tiktok.com\/@articamp"]}]}},"jetpack_sharing_enabled":true,"_links":{"self":[{"href":"https:\/\/articamp.ch\/de\/wp-json\/wp\/v2\/product\/30859","targetHints":{"allow":["GET"]}}],"collection":[{"href":"https:\/\/articamp.ch\/de\/wp-json\/wp\/v2\/product"}],"about":[{"href":"https:\/\/articamp.ch\/de\/wp-json\/wp\/v2\/types\/product"}],"replies":[{"embeddable":true,"href":"https:\/\/articamp.ch\/de\/wp-json\/wp\/v2\/comments?post=30859"}],"wp:featuredmedia":[{"embeddable":true,"href":"https:\/\/articamp.ch\/de\/wp-json\/wp\/v2\/media\/30776"}],"wp:attachment":[{"href":"https:\/\/articamp.ch\/de\/wp-json\/wp\/v2\/media?parent=30859"}],"wp:term":[{"taxonomy":"product_brand","embeddable":true,"href":"https:\/\/articamp.ch\/de\/wp-json\/wp\/v2\/product_brand?post=30859"},{"taxonomy":"product_cat","embeddable":true,"href":"https:\/\/articamp.ch\/de\/wp-json\/wp\/v2\/product_cat?post=30859"},{"taxonomy":"product_tag","embeddable":true,"href":"https:\/\/articamp.ch\/de\/wp-json\/wp\/v2\/product_tag?post=30859"}],"curies":[{"name":"wp","href":"https:\/\/api.w.org\/{rel}","templated":true}]}}