{"id":30839,"date":"2023-05-10T11:46:13","date_gmt":"2023-05-10T09:46:13","guid":{"rendered":"https:\/\/articamp.ch\/?post_type=product&#038;p=30839"},"modified":"2023-05-10T14:47:37","modified_gmt":"2023-05-10T12:47:37","slug":"kleiner-zementtopf","status":"publish","type":"product","link":"https:\/\/articamp.ch\/de\/shop\/kleiner-zementtopf\/","title":{"rendered":"Kleine Betonvase"},"content":{"rendered":"<h2 style=\"text-align: left;\">\u00dcber die kleine Betonvase<\/h2>\n<p>Der kleine Topf ist ideal, um deine Sukkulenten in Szene zu setzen.<\/p>\n<p>Die kleine Gr\u00f6\u00dfe dieses Topfes ist perfekt f\u00fcr Sukkulenten, die nicht viel Platz f\u00fcr ihre Wurzeln brauchen.<\/p>\n<p>Wenn du die Pflanze direkt in den Topf setzen willst (ohne Plastiktopf), empfehlen wir dir, eine kleine Plastikeinlage\/ein Tuch einzulegen, um den Topf vor Wasser zu sch\u00fctzen.<\/p>\n<p>Kombiniere diesen Topf mit einem unserer Makramee-Pflanzenhalter f\u00fcr kleine T\u00f6pfe!<\/p>\n<blockquote><p><strong><em>Gib deinen Pflanzen einen einzigartigen Touch mit ArtiCamp!<\/em><\/strong><\/p><\/blockquote>\n<p>H\u00f6he 4 cm<\/p>\n<p>Durchmesser max. 7 cm<\/p>\n<ul>\n<li>Kunsthandwerk, jedes unserer Produkte ist handgefertigt und individuell.<\/li>\n<li>Die angegebenen Ma\u00dfe sind N\u00e4herungswerte.<\/li>\n<li>Die auf dem Foto abgebildeten Dekorationsmaterialien sind nicht enthalten.<\/li>\n<li>Es kann zu kleinen Farbabweichungen zwischen den Fotos und dem tats\u00e4chlichen Produkt kommen.<\/li>\n<\/ul>\n","protected":false},"excerpt":{"rendered":"<p style=\"text-align: left;\">Topf f\u00fcr Sukkulenten.<\/p>\n<p>Handgefertigt und mit einer besonderen Note hergestellt, um deine Sukkulenten hervorzuheben.<\/p>\n<p>&nbsp;<\/p>\n","protected":false},"featured_media":30815,"comment_status":"open","ping_status":"closed","template":"","meta":{"_monsterinsights_skip_tracking":false,"_monsterinsights_sitenote_active":false,"_monsterinsights_sitenote_note":"","_monsterinsights_sitenote_category":0},"product_brand":[],"product_cat":[151],"product_tag":[188,189,199,184],"class_list":{"0":"post-30839","1":"product","2":"type-product","3":"status-publish","4":"has-post-thumbnail","6":"product_cat-alle","7":"product_tag-heimdekoration","8":"product_tag-vasen","9":"product_tag-verzierte-vase","10":"product_tag-wohndeko","11":"product_shipping_class-grosses-pack","13":"first","14":"instock","15":"shipping-taxable","16":"purchasable","17":"product-type-simple"},"yoast_head":"<!-- This site is optimized with the Yoast SEO plugin v27.6 - https:\/\/yoast.com\/product\/yoast-seo-wordpress\/ -->\n<title>Kleine Betonvase - ArtiCamp<\/title>\n<meta name=\"description\" content=\"Willst du deinem Zuhause einen kreativen Touch geben? Verleihe deinem Zuhause eine besondere Note mit diesem kleinen Topf f\u00fcr Sukkulenten aus Beton.\" \/>\n<meta name=\"robots\" content=\"index, follow, max-snippet:-1, max-image-preview:large, max-video-preview:-1\" \/>\n<link rel=\"canonical\" href=\"https:\/\/articamp.ch\/de\/shop\/kleiner-zementtopf\/\" \/>\n<meta property=\"og:locale\" content=\"de_DE\" \/>\n<meta property=\"og:type\" content=\"article\" \/>\n<meta property=\"og:title\" content=\"Kleine Betonvase - ArtiCamp\" \/>\n<meta property=\"og:description\" content=\"Willst du deinem Zuhause einen kreativen Touch geben? Verleihe deinem Zuhause eine besondere Note mit diesem kleinen Topf f\u00fcr Sukkulenten aus Beton.\" \/>\n<meta property=\"og:url\" content=\"https:\/\/articamp.ch\/de\/shop\/kleiner-zementtopf\/\" \/>\n<meta property=\"og:site_name\" content=\"ArtiCamp\" \/>\n<meta property=\"article:publisher\" content=\"https:\/\/www.facebook.com\/profile.php?id=100090195593870\" \/>\n<meta property=\"article:modified_time\" content=\"2023-05-10T12:47:37+00:00\" \/>\n<meta property=\"og:image\" content=\"https:\/\/i0.wp.com\/articamp.ch\/wp-content\/uploads\/2023\/05\/20230509_103455-01-jpeg.webp?fit=700%2C700&ssl=1\" \/>\n\t<meta property=\"og:image:width\" content=\"700\" \/>\n\t<meta property=\"og:image:height\" content=\"700\" \/>\n\t<meta property=\"og:image:type\" content=\"image\/jpeg\" \/>\n<meta name=\"twitter:card\" content=\"summary_large_image\" \/>\n<meta name=\"twitter:label1\" content=\"Gesch\u00e4tzte Lesezeit\" \/>\n\t<meta name=\"twitter:data1\" content=\"1\u00a0Minute\" \/>\n<script type=\"application\/ld+json\" class=\"yoast-schema-graph\">{\"@context\":\"https:\\\/\\\/schema.org\",\"@graph\":[{\"@type\":\"WebPage\",\"@id\":\"https:\\\/\\\/articamp.ch\\\/de\\\/shop\\\/kleiner-zementtopf\\\/\",\"url\":\"https:\\\/\\\/articamp.ch\\\/de\\\/shop\\\/kleiner-zementtopf\\\/\",\"name\":\"Kleine Betonvase - ArtiCamp\",\"isPartOf\":{\"@id\":\"https:\\\/\\\/articamp.ch\\\/de\\\/#website\"},\"primaryImageOfPage\":{\"@id\":\"https:\\\/\\\/articamp.ch\\\/de\\\/shop\\\/kleiner-zementtopf\\\/#primaryimage\"},\"image\":{\"@id\":\"https:\\\/\\\/articamp.ch\\\/de\\\/shop\\\/kleiner-zementtopf\\\/#primaryimage\"},\"thumbnailUrl\":\"https:\\\/\\\/i0.wp.com\\\/articamp.ch\\\/wp-content\\\/uploads\\\/2023\\\/05\\\/20230509_103455-01-jpeg.webp?fit=700%2C700&ssl=1\",\"datePublished\":\"2023-05-10T09:46:13+00:00\",\"dateModified\":\"2023-05-10T12:47:37+00:00\",\"description\":\"Willst du deinem Zuhause einen kreativen Touch geben? Verleihe deinem Zuhause eine besondere Note mit diesem kleinen Topf f\u00fcr Sukkulenten aus Beton.\",\"breadcrumb\":{\"@id\":\"https:\\\/\\\/articamp.ch\\\/de\\\/shop\\\/kleiner-zementtopf\\\/#breadcrumb\"},\"inLanguage\":\"de\",\"potentialAction\":[{\"@type\":\"ReadAction\",\"target\":[\"https:\\\/\\\/articamp.ch\\\/de\\\/shop\\\/kleiner-zementtopf\\\/\"]}]},{\"@type\":\"ImageObject\",\"inLanguage\":\"de\",\"@id\":\"https:\\\/\\\/articamp.ch\\\/de\\\/shop\\\/kleiner-zementtopf\\\/#primaryimage\",\"url\":\"https:\\\/\\\/i0.wp.com\\\/articamp.ch\\\/wp-content\\\/uploads\\\/2023\\\/05\\\/20230509_103455-01-jpeg.webp?fit=700%2C700&ssl=1\",\"contentUrl\":\"https:\\\/\\\/i0.wp.com\\\/articamp.ch\\\/wp-content\\\/uploads\\\/2023\\\/05\\\/20230509_103455-01-jpeg.webp?fit=700%2C700&ssl=1\",\"width\":700,\"height\":700,\"caption\":\"kleine Betonvase\"},{\"@type\":\"BreadcrumbList\",\"@id\":\"https:\\\/\\\/articamp.ch\\\/de\\\/shop\\\/kleiner-zementtopf\\\/#breadcrumb\",\"itemListElement\":[{\"@type\":\"ListItem\",\"position\":1,\"name\":\"Home\",\"item\":\"https:\\\/\\\/articamp.ch\\\/de\\\/\"},{\"@type\":\"ListItem\",\"position\":2,\"name\":\"Shop\",\"item\":\"https:\\\/\\\/articamp.ch\\\/de\\\/shop\\\/\"},{\"@type\":\"ListItem\",\"position\":3,\"name\":\"Kleine Betonvase\"}]},{\"@type\":\"WebSite\",\"@id\":\"https:\\\/\\\/articamp.ch\\\/de\\\/#website\",\"url\":\"https:\\\/\\\/articamp.ch\\\/de\\\/\",\"name\":\"articamp.ch\",\"description\":\"lavori d&#039;artigianato individuali fatti a mano\",\"publisher\":{\"@id\":\"https:\\\/\\\/articamp.ch\\\/de\\\/#organization\"},\"potentialAction\":[{\"@type\":\"SearchAction\",\"target\":{\"@type\":\"EntryPoint\",\"urlTemplate\":\"https:\\\/\\\/articamp.ch\\\/de\\\/?s={search_term_string}\"},\"query-input\":{\"@type\":\"PropertyValueSpecification\",\"valueRequired\":true,\"valueName\":\"search_term_string\"}}],\"inLanguage\":\"de\"},{\"@type\":\"Organization\",\"@id\":\"https:\\\/\\\/articamp.ch\\\/de\\\/#organization\",\"name\":\"ArtiCamp\",\"url\":\"https:\\\/\\\/articamp.ch\\\/de\\\/\",\"logo\":{\"@type\":\"ImageObject\",\"inLanguage\":\"de\",\"@id\":\"https:\\\/\\\/articamp.ch\\\/de\\\/#\\\/schema\\\/logo\\\/image\\\/\",\"url\":\"https:\\\/\\\/i0.wp.com\\\/articamp.ch\\\/wp-content\\\/uploads\\\/2023\\\/12\\\/cropped-Logo-ArtiCamp.png?fit=512%2C512&ssl=1\",\"contentUrl\":\"https:\\\/\\\/i0.wp.com\\\/articamp.ch\\\/wp-content\\\/uploads\\\/2023\\\/12\\\/cropped-Logo-ArtiCamp.png?fit=512%2C512&ssl=1\",\"width\":512,\"height\":512,\"caption\":\"ArtiCamp\"},\"image\":{\"@id\":\"https:\\\/\\\/articamp.ch\\\/de\\\/#\\\/schema\\\/logo\\\/image\\\/\"},\"sameAs\":[\"https:\\\/\\\/www.facebook.com\\\/profile.php?id=100090195593870\",\"https:\\\/\\\/www.instagram.com\\\/articamp.ch\\\/\",\"https:\\\/\\\/www.tiktok.com\\\/@articamp\"]}]}<\/script>\n<!-- \/ Yoast SEO plugin. -->","yoast_head_json":{"title":"Kleine Betonvase - ArtiCamp","description":"Willst du deinem Zuhause einen kreativen Touch geben? Verleihe deinem Zuhause eine besondere Note mit diesem kleinen Topf f\u00fcr Sukkulenten aus Beton.","robots":{"index":"index","follow":"follow","max-snippet":"max-snippet:-1","max-image-preview":"max-image-preview:large","max-video-preview":"max-video-preview:-1"},"canonical":"https:\/\/articamp.ch\/de\/shop\/kleiner-zementtopf\/","og_locale":"de_DE","og_type":"article","og_title":"Kleine Betonvase - ArtiCamp","og_description":"Willst du deinem Zuhause einen kreativen Touch geben? Verleihe deinem Zuhause eine besondere Note mit diesem kleinen Topf f\u00fcr Sukkulenten aus Beton.","og_url":"https:\/\/articamp.ch\/de\/shop\/kleiner-zementtopf\/","og_site_name":"ArtiCamp","article_publisher":"https:\/\/www.facebook.com\/profile.php?id=100090195593870","article_modified_time":"2023-05-10T12:47:37+00:00","og_image":[{"width":700,"height":700,"url":"https:\/\/i0.wp.com\/articamp.ch\/wp-content\/uploads\/2023\/05\/20230509_103455-01-jpeg.webp?fit=700%2C700&ssl=1","type":"image\/jpeg"}],"twitter_card":"summary_large_image","twitter_misc":{"Gesch\u00e4tzte Lesezeit":"1\u00a0Minute"},"schema":{"@context":"https:\/\/schema.org","@graph":[{"@type":"WebPage","@id":"https:\/\/articamp.ch\/de\/shop\/kleiner-zementtopf\/","url":"https:\/\/articamp.ch\/de\/shop\/kleiner-zementtopf\/","name":"Kleine Betonvase - ArtiCamp","isPartOf":{"@id":"https:\/\/articamp.ch\/de\/#website"},"primaryImageOfPage":{"@id":"https:\/\/articamp.ch\/de\/shop\/kleiner-zementtopf\/#primaryimage"},"image":{"@id":"https:\/\/articamp.ch\/de\/shop\/kleiner-zementtopf\/#primaryimage"},"thumbnailUrl":"https:\/\/i0.wp.com\/articamp.ch\/wp-content\/uploads\/2023\/05\/20230509_103455-01-jpeg.webp?fit=700%2C700&ssl=1","datePublished":"2023-05-10T09:46:13+00:00","dateModified":"2023-05-10T12:47:37+00:00","description":"Willst du deinem Zuhause einen kreativen Touch geben? Verleihe deinem Zuhause eine besondere Note mit diesem kleinen Topf f\u00fcr Sukkulenten aus Beton.","breadcrumb":{"@id":"https:\/\/articamp.ch\/de\/shop\/kleiner-zementtopf\/#breadcrumb"},"inLanguage":"de","potentialAction":[{"@type":"ReadAction","target":["https:\/\/articamp.ch\/de\/shop\/kleiner-zementtopf\/"]}]},{"@type":"ImageObject","inLanguage":"de","@id":"https:\/\/articamp.ch\/de\/shop\/kleiner-zementtopf\/#primaryimage","url":"https:\/\/i0.wp.com\/articamp.ch\/wp-content\/uploads\/2023\/05\/20230509_103455-01-jpeg.webp?fit=700%2C700&ssl=1","contentUrl":"https:\/\/i0.wp.com\/articamp.ch\/wp-content\/uploads\/2023\/05\/20230509_103455-01-jpeg.webp?fit=700%2C700&ssl=1","width":700,"height":700,"caption":"kleine Betonvase"},{"@type":"BreadcrumbList","@id":"https:\/\/articamp.ch\/de\/shop\/kleiner-zementtopf\/#breadcrumb","itemListElement":[{"@type":"ListItem","position":1,"name":"Home","item":"https:\/\/articamp.ch\/de\/"},{"@type":"ListItem","position":2,"name":"Shop","item":"https:\/\/articamp.ch\/de\/shop\/"},{"@type":"ListItem","position":3,"name":"Kleine Betonvase"}]},{"@type":"WebSite","@id":"https:\/\/articamp.ch\/de\/#website","url":"https:\/\/articamp.ch\/de\/","name":"articamp.ch","description":"lavori d&#039;artigianato individuali fatti a mano","publisher":{"@id":"https:\/\/articamp.ch\/de\/#organization"},"potentialAction":[{"@type":"SearchAction","target":{"@type":"EntryPoint","urlTemplate":"https:\/\/articamp.ch\/de\/?s={search_term_string}"},"query-input":{"@type":"PropertyValueSpecification","valueRequired":true,"valueName":"search_term_string"}}],"inLanguage":"de"},{"@type":"Organization","@id":"https:\/\/articamp.ch\/de\/#organization","name":"ArtiCamp","url":"https:\/\/articamp.ch\/de\/","logo":{"@type":"ImageObject","inLanguage":"de","@id":"https:\/\/articamp.ch\/de\/#\/schema\/logo\/image\/","url":"https:\/\/i0.wp.com\/articamp.ch\/wp-content\/uploads\/2023\/12\/cropped-Logo-ArtiCamp.png?fit=512%2C512&ssl=1","contentUrl":"https:\/\/i0.wp.com\/articamp.ch\/wp-content\/uploads\/2023\/12\/cropped-Logo-ArtiCamp.png?fit=512%2C512&ssl=1","width":512,"height":512,"caption":"ArtiCamp"},"image":{"@id":"https:\/\/articamp.ch\/de\/#\/schema\/logo\/image\/"},"sameAs":["https:\/\/www.facebook.com\/profile.php?id=100090195593870","https:\/\/www.instagram.com\/articamp.ch\/","https:\/\/www.tiktok.com\/@articamp"]}]}},"jetpack_sharing_enabled":true,"_links":{"self":[{"href":"https:\/\/articamp.ch\/de\/wp-json\/wp\/v2\/product\/30839","targetHints":{"allow":["GET"]}}],"collection":[{"href":"https:\/\/articamp.ch\/de\/wp-json\/wp\/v2\/product"}],"about":[{"href":"https:\/\/articamp.ch\/de\/wp-json\/wp\/v2\/types\/product"}],"replies":[{"embeddable":true,"href":"https:\/\/articamp.ch\/de\/wp-json\/wp\/v2\/comments?post=30839"}],"wp:featuredmedia":[{"embeddable":true,"href":"https:\/\/articamp.ch\/de\/wp-json\/wp\/v2\/media\/30815"}],"wp:attachment":[{"href":"https:\/\/articamp.ch\/de\/wp-json\/wp\/v2\/media?parent=30839"}],"wp:term":[{"taxonomy":"product_brand","embeddable":true,"href":"https:\/\/articamp.ch\/de\/wp-json\/wp\/v2\/product_brand?post=30839"},{"taxonomy":"product_cat","embeddable":true,"href":"https:\/\/articamp.ch\/de\/wp-json\/wp\/v2\/product_cat?post=30839"},{"taxonomy":"product_tag","embeddable":true,"href":"https:\/\/articamp.ch\/de\/wp-json\/wp\/v2\/product_tag?post=30839"}],"curies":[{"name":"wp","href":"https:\/\/api.w.org\/{rel}","templated":true}]}}