{"id":30835,"date":"2023-05-10T11:18:26","date_gmt":"2023-05-10T09:18:26","guid":{"rendered":"https:\/\/articamp.ch\/?post_type=product&#038;p=30835"},"modified":"2023-05-15T16:07:10","modified_gmt":"2023-05-15T14:07:10","slug":"mandala-kerzenhalter","status":"publish","type":"product","link":"https:\/\/articamp.ch\/de\/shop\/mandala-kerzenhalter\/","title":{"rendered":"Schwarzer Mandala-Kerzenhalter"},"content":{"rendered":"<h2 style=\"text-align: left;\">\u00dcber den Mandala-Kerzenhalter:<\/h2>\n<p>Kerzenst\u00e4nder mit Mandala-Effekt in mattem Schwarz, aus Zement.<\/p>\n<p>Dank seiner Mandala-Form wird dieser Kerzenhalter in deinem Zuhause besonders gem\u00fctlich. Lass dich in eine positive und verj\u00fcngende Umgebung entf\u00fchren.<\/p>\n<p>Es eignet sich sowohl f\u00fcr kalte Wintertage als auch f\u00fcr warme Sommertage am Abend, um eine entspannte Atmosph\u00e4re zu schaffen und die Gedanken des Tages zu vertreiben. Und er ist nicht nur im Dunkeln mit einer brennenden Kerze sch\u00f6n, sondern auch bei Tageslicht \u00e4u\u00dferst dekorativ.<\/p>\n<p>Es eignet sich auch sehr gut als Geschenk.<\/p>\n<blockquote><p><em>Verleihen Sie Ihrem Zuhause einen magischen Touch mit ArtiCamp!<\/em><\/p>\n<p>&nbsp;<\/p><\/blockquote>\n<ul>\n<li>Kunsthandwerk, jedes unserer Produkte ist handgefertigt und individuell.<\/li>\n<li>Die angegebenen Ma\u00dfe sind N\u00e4herungswerte.<\/li>\n<li>Die auf dem Foto abgebildeten Dekorationsmaterialien sind nicht enthalten.<\/li>\n<li>Es kann zu kleinen Farbabweichungen zwischen den Fotos und dem tats\u00e4chlichen Produkt kommen.<\/li>\n<\/ul>\n","protected":false},"excerpt":{"rendered":"<h2 style=\"text-align: left;\">Mandala-Kerzenhalter<\/h2>\n<p>H\u00f6he 2 cm<\/p>\n<p>Durchmesser max. 10 cm<\/p>\n<p>Die Ma\u00dfe sind ungef\u00e4hre Angaben.<\/p>\n","protected":false},"featured_media":30803,"comment_status":"open","ping_status":"closed","template":"","meta":{"_monsterinsights_skip_tracking":false,"_monsterinsights_sitenote_active":false,"_monsterinsights_sitenote_note":"","_monsterinsights_sitenote_category":0},"product_brand":[],"product_cat":[151],"product_tag":[201,195,248],"class_list":{"0":"post-30835","1":"product","2":"type-product","3":"status-publish","4":"has-post-thumbnail","6":"product_cat-alle","7":"product_tag-kerzenhalter-de","8":"product_tag-kerzenhalter","9":"product_tag-mandala-de","10":"product_shipping_class-grosses-pack","12":"first","13":"instock","14":"shipping-taxable","15":"purchasable","16":"product-type-simple"},"yoast_head":"<!-- This site is optimized with the Yoast SEO plugin v27.6 - https:\/\/yoast.com\/product\/yoast-seo-wordpress\/ -->\n<title>Schwarzer Mandala-Kerzenhalter - ArtiCamp<\/title>\n<meta name=\"description\" content=\"Mandala-Kerzenhalter aus Gips, der durch seine besondere Form einzigartig ist. Finde die Perfektion in der Unvollkommenheit!\" \/>\n<meta name=\"robots\" content=\"index, follow, max-snippet:-1, max-image-preview:large, max-video-preview:-1\" \/>\n<link rel=\"canonical\" href=\"https:\/\/articamp.ch\/de\/shop\/mandala-kerzenhalter\/\" \/>\n<meta property=\"og:locale\" content=\"de_DE\" \/>\n<meta property=\"og:type\" content=\"article\" \/>\n<meta property=\"og:title\" content=\"Schwarzer Mandala-Kerzenhalter - ArtiCamp\" \/>\n<meta property=\"og:description\" content=\"Mandala-Kerzenhalter aus Gips, der durch seine besondere Form einzigartig ist. Finde die Perfektion in der Unvollkommenheit!\" \/>\n<meta property=\"og:url\" content=\"https:\/\/articamp.ch\/de\/shop\/mandala-kerzenhalter\/\" \/>\n<meta property=\"og:site_name\" content=\"ArtiCamp\" \/>\n<meta property=\"article:publisher\" content=\"https:\/\/www.facebook.com\/profile.php?id=100090195593870\" \/>\n<meta property=\"article:modified_time\" content=\"2023-05-15T14:07:10+00:00\" \/>\n<meta property=\"og:image\" content=\"https:\/\/i0.wp.com\/articamp.ch\/wp-content\/uploads\/2023\/05\/20230509_102740-01-jpeg.webp?fit=700%2C700&ssl=1\" \/>\n\t<meta property=\"og:image:width\" content=\"700\" \/>\n\t<meta property=\"og:image:height\" content=\"700\" \/>\n\t<meta property=\"og:image:type\" content=\"image\/jpeg\" \/>\n<meta name=\"twitter:card\" content=\"summary_large_image\" \/>\n<meta name=\"twitter:label1\" content=\"Gesch\u00e4tzte Lesezeit\" \/>\n\t<meta name=\"twitter:data1\" content=\"1\u00a0Minute\" \/>\n<script type=\"application\/ld+json\" class=\"yoast-schema-graph\">{\"@context\":\"https:\\\/\\\/schema.org\",\"@graph\":[{\"@type\":\"WebPage\",\"@id\":\"https:\\\/\\\/articamp.ch\\\/de\\\/shop\\\/mandala-kerzenhalter\\\/\",\"url\":\"https:\\\/\\\/articamp.ch\\\/de\\\/shop\\\/mandala-kerzenhalter\\\/\",\"name\":\"Schwarzer Mandala-Kerzenhalter - ArtiCamp\",\"isPartOf\":{\"@id\":\"https:\\\/\\\/articamp.ch\\\/de\\\/#website\"},\"primaryImageOfPage\":{\"@id\":\"https:\\\/\\\/articamp.ch\\\/de\\\/shop\\\/mandala-kerzenhalter\\\/#primaryimage\"},\"image\":{\"@id\":\"https:\\\/\\\/articamp.ch\\\/de\\\/shop\\\/mandala-kerzenhalter\\\/#primaryimage\"},\"thumbnailUrl\":\"https:\\\/\\\/i0.wp.com\\\/articamp.ch\\\/wp-content\\\/uploads\\\/2023\\\/05\\\/20230509_102740-01-jpeg.webp?fit=700%2C700&ssl=1\",\"datePublished\":\"2023-05-10T09:18:26+00:00\",\"dateModified\":\"2023-05-15T14:07:10+00:00\",\"description\":\"Mandala-Kerzenhalter aus Gips, der durch seine besondere Form einzigartig ist. Finde die Perfektion in der Unvollkommenheit!\",\"breadcrumb\":{\"@id\":\"https:\\\/\\\/articamp.ch\\\/de\\\/shop\\\/mandala-kerzenhalter\\\/#breadcrumb\"},\"inLanguage\":\"de\",\"potentialAction\":[{\"@type\":\"ReadAction\",\"target\":[\"https:\\\/\\\/articamp.ch\\\/de\\\/shop\\\/mandala-kerzenhalter\\\/\"]}]},{\"@type\":\"ImageObject\",\"inLanguage\":\"de\",\"@id\":\"https:\\\/\\\/articamp.ch\\\/de\\\/shop\\\/mandala-kerzenhalter\\\/#primaryimage\",\"url\":\"https:\\\/\\\/i0.wp.com\\\/articamp.ch\\\/wp-content\\\/uploads\\\/2023\\\/05\\\/20230509_102740-01-jpeg.webp?fit=700%2C700&ssl=1\",\"contentUrl\":\"https:\\\/\\\/i0.wp.com\\\/articamp.ch\\\/wp-content\\\/uploads\\\/2023\\\/05\\\/20230509_102740-01-jpeg.webp?fit=700%2C700&ssl=1\",\"width\":700,\"height\":700,\"caption\":\"Mandala-Kerzenhalter\"},{\"@type\":\"BreadcrumbList\",\"@id\":\"https:\\\/\\\/articamp.ch\\\/de\\\/shop\\\/mandala-kerzenhalter\\\/#breadcrumb\",\"itemListElement\":[{\"@type\":\"ListItem\",\"position\":1,\"name\":\"Home\",\"item\":\"https:\\\/\\\/articamp.ch\\\/de\\\/\"},{\"@type\":\"ListItem\",\"position\":2,\"name\":\"Shop\",\"item\":\"https:\\\/\\\/articamp.ch\\\/de\\\/shop\\\/\"},{\"@type\":\"ListItem\",\"position\":3,\"name\":\"Schwarzer Mandala-Kerzenhalter\"}]},{\"@type\":\"WebSite\",\"@id\":\"https:\\\/\\\/articamp.ch\\\/de\\\/#website\",\"url\":\"https:\\\/\\\/articamp.ch\\\/de\\\/\",\"name\":\"articamp.ch\",\"description\":\"lavori d&#039;artigianato individuali fatti a mano\",\"publisher\":{\"@id\":\"https:\\\/\\\/articamp.ch\\\/de\\\/#organization\"},\"potentialAction\":[{\"@type\":\"SearchAction\",\"target\":{\"@type\":\"EntryPoint\",\"urlTemplate\":\"https:\\\/\\\/articamp.ch\\\/de\\\/?s={search_term_string}\"},\"query-input\":{\"@type\":\"PropertyValueSpecification\",\"valueRequired\":true,\"valueName\":\"search_term_string\"}}],\"inLanguage\":\"de\"},{\"@type\":\"Organization\",\"@id\":\"https:\\\/\\\/articamp.ch\\\/de\\\/#organization\",\"name\":\"ArtiCamp\",\"url\":\"https:\\\/\\\/articamp.ch\\\/de\\\/\",\"logo\":{\"@type\":\"ImageObject\",\"inLanguage\":\"de\",\"@id\":\"https:\\\/\\\/articamp.ch\\\/de\\\/#\\\/schema\\\/logo\\\/image\\\/\",\"url\":\"https:\\\/\\\/i0.wp.com\\\/articamp.ch\\\/wp-content\\\/uploads\\\/2023\\\/12\\\/cropped-Logo-ArtiCamp.png?fit=512%2C512&ssl=1\",\"contentUrl\":\"https:\\\/\\\/i0.wp.com\\\/articamp.ch\\\/wp-content\\\/uploads\\\/2023\\\/12\\\/cropped-Logo-ArtiCamp.png?fit=512%2C512&ssl=1\",\"width\":512,\"height\":512,\"caption\":\"ArtiCamp\"},\"image\":{\"@id\":\"https:\\\/\\\/articamp.ch\\\/de\\\/#\\\/schema\\\/logo\\\/image\\\/\"},\"sameAs\":[\"https:\\\/\\\/www.facebook.com\\\/profile.php?id=100090195593870\",\"https:\\\/\\\/www.instagram.com\\\/articamp.ch\\\/\",\"https:\\\/\\\/www.tiktok.com\\\/@articamp\"]}]}<\/script>\n<!-- \/ Yoast SEO plugin. -->","yoast_head_json":{"title":"Schwarzer Mandala-Kerzenhalter - ArtiCamp","description":"Mandala-Kerzenhalter aus Gips, der durch seine besondere Form einzigartig ist. Finde die Perfektion in der Unvollkommenheit!","robots":{"index":"index","follow":"follow","max-snippet":"max-snippet:-1","max-image-preview":"max-image-preview:large","max-video-preview":"max-video-preview:-1"},"canonical":"https:\/\/articamp.ch\/de\/shop\/mandala-kerzenhalter\/","og_locale":"de_DE","og_type":"article","og_title":"Schwarzer Mandala-Kerzenhalter - ArtiCamp","og_description":"Mandala-Kerzenhalter aus Gips, der durch seine besondere Form einzigartig ist. Finde die Perfektion in der Unvollkommenheit!","og_url":"https:\/\/articamp.ch\/de\/shop\/mandala-kerzenhalter\/","og_site_name":"ArtiCamp","article_publisher":"https:\/\/www.facebook.com\/profile.php?id=100090195593870","article_modified_time":"2023-05-15T14:07:10+00:00","og_image":[{"width":700,"height":700,"url":"https:\/\/i0.wp.com\/articamp.ch\/wp-content\/uploads\/2023\/05\/20230509_102740-01-jpeg.webp?fit=700%2C700&ssl=1","type":"image\/jpeg"}],"twitter_card":"summary_large_image","twitter_misc":{"Gesch\u00e4tzte Lesezeit":"1\u00a0Minute"},"schema":{"@context":"https:\/\/schema.org","@graph":[{"@type":"WebPage","@id":"https:\/\/articamp.ch\/de\/shop\/mandala-kerzenhalter\/","url":"https:\/\/articamp.ch\/de\/shop\/mandala-kerzenhalter\/","name":"Schwarzer Mandala-Kerzenhalter - ArtiCamp","isPartOf":{"@id":"https:\/\/articamp.ch\/de\/#website"},"primaryImageOfPage":{"@id":"https:\/\/articamp.ch\/de\/shop\/mandala-kerzenhalter\/#primaryimage"},"image":{"@id":"https:\/\/articamp.ch\/de\/shop\/mandala-kerzenhalter\/#primaryimage"},"thumbnailUrl":"https:\/\/i0.wp.com\/articamp.ch\/wp-content\/uploads\/2023\/05\/20230509_102740-01-jpeg.webp?fit=700%2C700&ssl=1","datePublished":"2023-05-10T09:18:26+00:00","dateModified":"2023-05-15T14:07:10+00:00","description":"Mandala-Kerzenhalter aus Gips, der durch seine besondere Form einzigartig ist. Finde die Perfektion in der Unvollkommenheit!","breadcrumb":{"@id":"https:\/\/articamp.ch\/de\/shop\/mandala-kerzenhalter\/#breadcrumb"},"inLanguage":"de","potentialAction":[{"@type":"ReadAction","target":["https:\/\/articamp.ch\/de\/shop\/mandala-kerzenhalter\/"]}]},{"@type":"ImageObject","inLanguage":"de","@id":"https:\/\/articamp.ch\/de\/shop\/mandala-kerzenhalter\/#primaryimage","url":"https:\/\/i0.wp.com\/articamp.ch\/wp-content\/uploads\/2023\/05\/20230509_102740-01-jpeg.webp?fit=700%2C700&ssl=1","contentUrl":"https:\/\/i0.wp.com\/articamp.ch\/wp-content\/uploads\/2023\/05\/20230509_102740-01-jpeg.webp?fit=700%2C700&ssl=1","width":700,"height":700,"caption":"Mandala-Kerzenhalter"},{"@type":"BreadcrumbList","@id":"https:\/\/articamp.ch\/de\/shop\/mandala-kerzenhalter\/#breadcrumb","itemListElement":[{"@type":"ListItem","position":1,"name":"Home","item":"https:\/\/articamp.ch\/de\/"},{"@type":"ListItem","position":2,"name":"Shop","item":"https:\/\/articamp.ch\/de\/shop\/"},{"@type":"ListItem","position":3,"name":"Schwarzer Mandala-Kerzenhalter"}]},{"@type":"WebSite","@id":"https:\/\/articamp.ch\/de\/#website","url":"https:\/\/articamp.ch\/de\/","name":"articamp.ch","description":"lavori d&#039;artigianato individuali fatti a mano","publisher":{"@id":"https:\/\/articamp.ch\/de\/#organization"},"potentialAction":[{"@type":"SearchAction","target":{"@type":"EntryPoint","urlTemplate":"https:\/\/articamp.ch\/de\/?s={search_term_string}"},"query-input":{"@type":"PropertyValueSpecification","valueRequired":true,"valueName":"search_term_string"}}],"inLanguage":"de"},{"@type":"Organization","@id":"https:\/\/articamp.ch\/de\/#organization","name":"ArtiCamp","url":"https:\/\/articamp.ch\/de\/","logo":{"@type":"ImageObject","inLanguage":"de","@id":"https:\/\/articamp.ch\/de\/#\/schema\/logo\/image\/","url":"https:\/\/i0.wp.com\/articamp.ch\/wp-content\/uploads\/2023\/12\/cropped-Logo-ArtiCamp.png?fit=512%2C512&ssl=1","contentUrl":"https:\/\/i0.wp.com\/articamp.ch\/wp-content\/uploads\/2023\/12\/cropped-Logo-ArtiCamp.png?fit=512%2C512&ssl=1","width":512,"height":512,"caption":"ArtiCamp"},"image":{"@id":"https:\/\/articamp.ch\/de\/#\/schema\/logo\/image\/"},"sameAs":["https:\/\/www.facebook.com\/profile.php?id=100090195593870","https:\/\/www.instagram.com\/articamp.ch\/","https:\/\/www.tiktok.com\/@articamp"]}]}},"jetpack_sharing_enabled":true,"_links":{"self":[{"href":"https:\/\/articamp.ch\/de\/wp-json\/wp\/v2\/product\/30835","targetHints":{"allow":["GET"]}}],"collection":[{"href":"https:\/\/articamp.ch\/de\/wp-json\/wp\/v2\/product"}],"about":[{"href":"https:\/\/articamp.ch\/de\/wp-json\/wp\/v2\/types\/product"}],"replies":[{"embeddable":true,"href":"https:\/\/articamp.ch\/de\/wp-json\/wp\/v2\/comments?post=30835"}],"wp:featuredmedia":[{"embeddable":true,"href":"https:\/\/articamp.ch\/de\/wp-json\/wp\/v2\/media\/30803"}],"wp:attachment":[{"href":"https:\/\/articamp.ch\/de\/wp-json\/wp\/v2\/media?parent=30835"}],"wp:term":[{"taxonomy":"product_brand","embeddable":true,"href":"https:\/\/articamp.ch\/de\/wp-json\/wp\/v2\/product_brand?post=30835"},{"taxonomy":"product_cat","embeddable":true,"href":"https:\/\/articamp.ch\/de\/wp-json\/wp\/v2\/product_cat?post=30835"},{"taxonomy":"product_tag","embeddable":true,"href":"https:\/\/articamp.ch\/de\/wp-json\/wp\/v2\/product_tag?post=30835"}],"curies":[{"name":"wp","href":"https:\/\/api.w.org\/{rel}","templated":true}]}}