{"id":30233,"date":"2023-03-13T15:53:49","date_gmt":"2023-03-13T14:53:49","guid":{"rendered":"https:\/\/articamp.ch\/prodotto\/herz-flasche\/"},"modified":"2023-11-15T18:09:58","modified_gmt":"2023-11-15T17:09:58","slug":"flasche-mit-herz","status":"publish","type":"product","link":"https:\/\/articamp.ch\/de\/shop\/flasche-mit-herz\/","title":{"rendered":"Herz Flasche"},"content":{"rendered":"<h1>Die Flasche des Herzens:<\/h1>\n<p>Eine romantische und magische Sonnenlampe. Willst du eine romantische und magische Atmosph\u00e4re in deinem Zuhause schaffen? Dann ist diese Herzflasche das richtige Produkt f\u00fcr dich! Es ist eine Solarlampe, die sich tags\u00fcber dank Sonnenlicht aufl\u00e4dt und sich abends bei Einbruch der Dunkelheit automatisch einschaltet. Stell sie einfach auf den Balkon (gesch\u00fctzt vor Regen) oder ans Fenster und genie\u00dfe das Licht- und Farbenspiel, das sie abgibt.<\/p>\n<p>Auch diese Herzflasche ist eine wundersch\u00f6ne handgefertigte Dekoration, mit perlenden Linien und schwarzer Schrift auf einem halbdurchsichtigen Hintergrund. Sein Design ist von der Herzklappe inspiriert, der Struktur, die den Blutfluss im Herzen reguliert. Ein Symbol der Liebe und des Lebens, das du dir selbst oder einem besonderen Menschen schenken kannst.<\/p>\n<p>Diese Herzflasche ist auch als Atlantische Flasche oder Herzrettung bekannt, weil sie mit dem Herzchakra verbunden ist und Kreativit\u00e4t und Kommunikation f\u00f6rdert.<\/p>\n<p>Verpasse nicht die Chance, diese Herzflasche zu kaufen, eine romantische und magische Solarlampe, die dein Zuhause noch sch\u00f6ner und gem\u00fctlicher macht!<\/p>\n<p><em>Bestelle jetzt bei ArtiCamp, dem Online-Shop f\u00fcr mit Liebe und Sorgfalt hergestelltes Kunsthandwerk. Jedes unserer Produkte ist einzigartig und unwiederholbar. <\/em><\/p>\n<p><strong>&gt;&gt;&gt;  M\u00f6chtest du eine besondere Flasche? dann schreibe uns f\u00fcr eine ma\u00dfgeschneiderte Bestellung!<\/strong><\/p>\n<p>Ma\u00dfe des Produkts:<\/p>\n<p>H\u00f6he 14,5 cm<\/p>\n<p>Seite 6 cm<\/p>\n<ul>\n<li>Die angegebenen Ma\u00dfe sind N\u00e4herungswerte.<\/li>\n<li>Die abgebildeten Dekorationsmaterialien sind nicht im Lieferumfang enthalten.<\/li>\n<li>Es kann zu kleinen Farbabweichungen zwischen den Fotos und dem tats\u00e4chlichen Produkt kommen.<\/li>\n<\/ul>\n","protected":false},"excerpt":{"rendered":"<p>Lassen Sie sich jede Nacht von einer magischen Atmosph\u00e4re mit viel Liebe \u00fcberraschen.<\/p>\n<p>&nbsp;<\/p>\n","protected":false},"featured_media":30492,"comment_status":"open","ping_status":"closed","template":"","meta":{"_monsterinsights_skip_tracking":false,"_monsterinsights_sitenote_active":false,"_monsterinsights_sitenote_note":"","_monsterinsights_sitenote_category":0},"product_brand":[],"product_cat":[151,153],"product_tag":[158,163,161],"class_list":{"0":"post-30233","1":"product","2":"type-product","3":"status-publish","4":"has-post-thumbnail","6":"product_cat-alle","7":"product_cat-leuchtende-flaschen","8":"product_tag-flasche","9":"product_tag-leuchtende-flasche","10":"product_tag-zauberflasche","11":"product_shipping_class-grosses-pack","13":"first","14":"outofstock","15":"sold-individually","16":"shipping-taxable","17":"purchasable","18":"product-type-simple"},"yoast_head":"<!-- This site is optimized with the Yoast SEO plugin v27.6 - https:\/\/yoast.com\/product\/yoast-seo-wordpress\/ -->\n<title>Herz Flasche - ArtiCamp<\/title>\n<meta name=\"description\" content=\"Lass dich von der Flasche des Herzens \u00fcberraschen f\u00fcr eine magische Atmosph\u00e4re mit viel Liebe jede Nacht. Handdekorierte Flasche.\" \/>\n<meta name=\"robots\" content=\"index, follow, max-snippet:-1, max-image-preview:large, max-video-preview:-1\" \/>\n<link rel=\"canonical\" href=\"https:\/\/articamp.ch\/de\/shop\/flasche-mit-herz\/\" \/>\n<meta property=\"og:locale\" content=\"de_DE\" \/>\n<meta property=\"og:type\" content=\"article\" \/>\n<meta property=\"og:title\" content=\"Herz Flasche - ArtiCamp\" \/>\n<meta property=\"og:description\" content=\"Lass dich von der Flasche des Herzens \u00fcberraschen f\u00fcr eine magische Atmosph\u00e4re mit viel Liebe jede Nacht. Handdekorierte Flasche.\" \/>\n<meta property=\"og:url\" content=\"https:\/\/articamp.ch\/de\/shop\/flasche-mit-herz\/\" \/>\n<meta property=\"og:site_name\" content=\"ArtiCamp\" \/>\n<meta property=\"article:publisher\" content=\"https:\/\/www.facebook.com\/profile.php?id=100090195593870\" \/>\n<meta property=\"article:modified_time\" content=\"2023-11-15T17:09:58+00:00\" \/>\n<meta property=\"og:image\" content=\"https:\/\/i0.wp.com\/articamp.ch\/wp-content\/uploads\/2023\/05\/20230308_183334-01-jpeg.webp?fit=900%2C900&ssl=1\" \/>\n\t<meta property=\"og:image:width\" content=\"900\" \/>\n\t<meta property=\"og:image:height\" content=\"900\" \/>\n\t<meta property=\"og:image:type\" content=\"image\/jpeg\" \/>\n<meta name=\"twitter:card\" content=\"summary_large_image\" \/>\n<meta name=\"twitter:label1\" content=\"Gesch\u00e4tzte Lesezeit\" \/>\n\t<meta name=\"twitter:data1\" content=\"1\u00a0Minute\" \/>\n<script type=\"application\/ld+json\" class=\"yoast-schema-graph\">{\"@context\":\"https:\\\/\\\/schema.org\",\"@graph\":[{\"@type\":\"WebPage\",\"@id\":\"https:\\\/\\\/articamp.ch\\\/de\\\/shop\\\/flasche-mit-herz\\\/\",\"url\":\"https:\\\/\\\/articamp.ch\\\/de\\\/shop\\\/flasche-mit-herz\\\/\",\"name\":\"Herz Flasche - ArtiCamp\",\"isPartOf\":{\"@id\":\"https:\\\/\\\/articamp.ch\\\/de\\\/#website\"},\"primaryImageOfPage\":{\"@id\":\"https:\\\/\\\/articamp.ch\\\/de\\\/shop\\\/flasche-mit-herz\\\/#primaryimage\"},\"image\":{\"@id\":\"https:\\\/\\\/articamp.ch\\\/de\\\/shop\\\/flasche-mit-herz\\\/#primaryimage\"},\"thumbnailUrl\":\"https:\\\/\\\/i0.wp.com\\\/articamp.ch\\\/wp-content\\\/uploads\\\/2023\\\/05\\\/20230308_183334-01-jpeg.webp?fit=900%2C900&ssl=1\",\"datePublished\":\"2023-03-13T14:53:49+00:00\",\"dateModified\":\"2023-11-15T17:09:58+00:00\",\"description\":\"Lass dich von der Flasche des Herzens \u00fcberraschen f\u00fcr eine magische Atmosph\u00e4re mit viel Liebe jede Nacht. Handdekorierte Flasche.\",\"breadcrumb\":{\"@id\":\"https:\\\/\\\/articamp.ch\\\/de\\\/shop\\\/flasche-mit-herz\\\/#breadcrumb\"},\"inLanguage\":\"de\",\"potentialAction\":[{\"@type\":\"ReadAction\",\"target\":[\"https:\\\/\\\/articamp.ch\\\/de\\\/shop\\\/flasche-mit-herz\\\/\"]}]},{\"@type\":\"ImageObject\",\"inLanguage\":\"de\",\"@id\":\"https:\\\/\\\/articamp.ch\\\/de\\\/shop\\\/flasche-mit-herz\\\/#primaryimage\",\"url\":\"https:\\\/\\\/i0.wp.com\\\/articamp.ch\\\/wp-content\\\/uploads\\\/2023\\\/05\\\/20230308_183334-01-jpeg.webp?fit=900%2C900&ssl=1\",\"contentUrl\":\"https:\\\/\\\/i0.wp.com\\\/articamp.ch\\\/wp-content\\\/uploads\\\/2023\\\/05\\\/20230308_183334-01-jpeg.webp?fit=900%2C900&ssl=1\",\"width\":900,\"height\":900,\"caption\":\"Flasche des Herzens\"},{\"@type\":\"BreadcrumbList\",\"@id\":\"https:\\\/\\\/articamp.ch\\\/de\\\/shop\\\/flasche-mit-herz\\\/#breadcrumb\",\"itemListElement\":[{\"@type\":\"ListItem\",\"position\":1,\"name\":\"Home\",\"item\":\"https:\\\/\\\/articamp.ch\\\/de\\\/\"},{\"@type\":\"ListItem\",\"position\":2,\"name\":\"Shop\",\"item\":\"https:\\\/\\\/articamp.ch\\\/de\\\/shop\\\/\"},{\"@type\":\"ListItem\",\"position\":3,\"name\":\"Herz Flasche\"}]},{\"@type\":\"WebSite\",\"@id\":\"https:\\\/\\\/articamp.ch\\\/de\\\/#website\",\"url\":\"https:\\\/\\\/articamp.ch\\\/de\\\/\",\"name\":\"articamp.ch\",\"description\":\"lavori d&#039;artigianato individuali fatti a mano\",\"publisher\":{\"@id\":\"https:\\\/\\\/articamp.ch\\\/de\\\/#organization\"},\"potentialAction\":[{\"@type\":\"SearchAction\",\"target\":{\"@type\":\"EntryPoint\",\"urlTemplate\":\"https:\\\/\\\/articamp.ch\\\/de\\\/?s={search_term_string}\"},\"query-input\":{\"@type\":\"PropertyValueSpecification\",\"valueRequired\":true,\"valueName\":\"search_term_string\"}}],\"inLanguage\":\"de\"},{\"@type\":\"Organization\",\"@id\":\"https:\\\/\\\/articamp.ch\\\/de\\\/#organization\",\"name\":\"ArtiCamp\",\"url\":\"https:\\\/\\\/articamp.ch\\\/de\\\/\",\"logo\":{\"@type\":\"ImageObject\",\"inLanguage\":\"de\",\"@id\":\"https:\\\/\\\/articamp.ch\\\/de\\\/#\\\/schema\\\/logo\\\/image\\\/\",\"url\":\"https:\\\/\\\/i0.wp.com\\\/articamp.ch\\\/wp-content\\\/uploads\\\/2023\\\/12\\\/cropped-Logo-ArtiCamp.png?fit=512%2C512&ssl=1\",\"contentUrl\":\"https:\\\/\\\/i0.wp.com\\\/articamp.ch\\\/wp-content\\\/uploads\\\/2023\\\/12\\\/cropped-Logo-ArtiCamp.png?fit=512%2C512&ssl=1\",\"width\":512,\"height\":512,\"caption\":\"ArtiCamp\"},\"image\":{\"@id\":\"https:\\\/\\\/articamp.ch\\\/de\\\/#\\\/schema\\\/logo\\\/image\\\/\"},\"sameAs\":[\"https:\\\/\\\/www.facebook.com\\\/profile.php?id=100090195593870\",\"https:\\\/\\\/www.instagram.com\\\/articamp.ch\\\/\",\"https:\\\/\\\/www.tiktok.com\\\/@articamp\"]}]}<\/script>\n<!-- \/ Yoast SEO plugin. -->","yoast_head_json":{"title":"Herz Flasche - ArtiCamp","description":"Lass dich von der Flasche des Herzens \u00fcberraschen f\u00fcr eine magische Atmosph\u00e4re mit viel Liebe jede Nacht. Handdekorierte Flasche.","robots":{"index":"index","follow":"follow","max-snippet":"max-snippet:-1","max-image-preview":"max-image-preview:large","max-video-preview":"max-video-preview:-1"},"canonical":"https:\/\/articamp.ch\/de\/shop\/flasche-mit-herz\/","og_locale":"de_DE","og_type":"article","og_title":"Herz Flasche - ArtiCamp","og_description":"Lass dich von der Flasche des Herzens \u00fcberraschen f\u00fcr eine magische Atmosph\u00e4re mit viel Liebe jede Nacht. Handdekorierte Flasche.","og_url":"https:\/\/articamp.ch\/de\/shop\/flasche-mit-herz\/","og_site_name":"ArtiCamp","article_publisher":"https:\/\/www.facebook.com\/profile.php?id=100090195593870","article_modified_time":"2023-11-15T17:09:58+00:00","og_image":[{"width":900,"height":900,"url":"https:\/\/i0.wp.com\/articamp.ch\/wp-content\/uploads\/2023\/05\/20230308_183334-01-jpeg.webp?fit=900%2C900&ssl=1","type":"image\/jpeg"}],"twitter_card":"summary_large_image","twitter_misc":{"Gesch\u00e4tzte Lesezeit":"1\u00a0Minute"},"schema":{"@context":"https:\/\/schema.org","@graph":[{"@type":"WebPage","@id":"https:\/\/articamp.ch\/de\/shop\/flasche-mit-herz\/","url":"https:\/\/articamp.ch\/de\/shop\/flasche-mit-herz\/","name":"Herz Flasche - ArtiCamp","isPartOf":{"@id":"https:\/\/articamp.ch\/de\/#website"},"primaryImageOfPage":{"@id":"https:\/\/articamp.ch\/de\/shop\/flasche-mit-herz\/#primaryimage"},"image":{"@id":"https:\/\/articamp.ch\/de\/shop\/flasche-mit-herz\/#primaryimage"},"thumbnailUrl":"https:\/\/i0.wp.com\/articamp.ch\/wp-content\/uploads\/2023\/05\/20230308_183334-01-jpeg.webp?fit=900%2C900&ssl=1","datePublished":"2023-03-13T14:53:49+00:00","dateModified":"2023-11-15T17:09:58+00:00","description":"Lass dich von der Flasche des Herzens \u00fcberraschen f\u00fcr eine magische Atmosph\u00e4re mit viel Liebe jede Nacht. Handdekorierte Flasche.","breadcrumb":{"@id":"https:\/\/articamp.ch\/de\/shop\/flasche-mit-herz\/#breadcrumb"},"inLanguage":"de","potentialAction":[{"@type":"ReadAction","target":["https:\/\/articamp.ch\/de\/shop\/flasche-mit-herz\/"]}]},{"@type":"ImageObject","inLanguage":"de","@id":"https:\/\/articamp.ch\/de\/shop\/flasche-mit-herz\/#primaryimage","url":"https:\/\/i0.wp.com\/articamp.ch\/wp-content\/uploads\/2023\/05\/20230308_183334-01-jpeg.webp?fit=900%2C900&ssl=1","contentUrl":"https:\/\/i0.wp.com\/articamp.ch\/wp-content\/uploads\/2023\/05\/20230308_183334-01-jpeg.webp?fit=900%2C900&ssl=1","width":900,"height":900,"caption":"Flasche des Herzens"},{"@type":"BreadcrumbList","@id":"https:\/\/articamp.ch\/de\/shop\/flasche-mit-herz\/#breadcrumb","itemListElement":[{"@type":"ListItem","position":1,"name":"Home","item":"https:\/\/articamp.ch\/de\/"},{"@type":"ListItem","position":2,"name":"Shop","item":"https:\/\/articamp.ch\/de\/shop\/"},{"@type":"ListItem","position":3,"name":"Herz Flasche"}]},{"@type":"WebSite","@id":"https:\/\/articamp.ch\/de\/#website","url":"https:\/\/articamp.ch\/de\/","name":"articamp.ch","description":"lavori d&#039;artigianato individuali fatti a mano","publisher":{"@id":"https:\/\/articamp.ch\/de\/#organization"},"potentialAction":[{"@type":"SearchAction","target":{"@type":"EntryPoint","urlTemplate":"https:\/\/articamp.ch\/de\/?s={search_term_string}"},"query-input":{"@type":"PropertyValueSpecification","valueRequired":true,"valueName":"search_term_string"}}],"inLanguage":"de"},{"@type":"Organization","@id":"https:\/\/articamp.ch\/de\/#organization","name":"ArtiCamp","url":"https:\/\/articamp.ch\/de\/","logo":{"@type":"ImageObject","inLanguage":"de","@id":"https:\/\/articamp.ch\/de\/#\/schema\/logo\/image\/","url":"https:\/\/i0.wp.com\/articamp.ch\/wp-content\/uploads\/2023\/12\/cropped-Logo-ArtiCamp.png?fit=512%2C512&ssl=1","contentUrl":"https:\/\/i0.wp.com\/articamp.ch\/wp-content\/uploads\/2023\/12\/cropped-Logo-ArtiCamp.png?fit=512%2C512&ssl=1","width":512,"height":512,"caption":"ArtiCamp"},"image":{"@id":"https:\/\/articamp.ch\/de\/#\/schema\/logo\/image\/"},"sameAs":["https:\/\/www.facebook.com\/profile.php?id=100090195593870","https:\/\/www.instagram.com\/articamp.ch\/","https:\/\/www.tiktok.com\/@articamp"]}]}},"jetpack_sharing_enabled":true,"_links":{"self":[{"href":"https:\/\/articamp.ch\/de\/wp-json\/wp\/v2\/product\/30233","targetHints":{"allow":["GET"]}}],"collection":[{"href":"https:\/\/articamp.ch\/de\/wp-json\/wp\/v2\/product"}],"about":[{"href":"https:\/\/articamp.ch\/de\/wp-json\/wp\/v2\/types\/product"}],"replies":[{"embeddable":true,"href":"https:\/\/articamp.ch\/de\/wp-json\/wp\/v2\/comments?post=30233"}],"wp:featuredmedia":[{"embeddable":true,"href":"https:\/\/articamp.ch\/de\/wp-json\/wp\/v2\/media\/30492"}],"wp:attachment":[{"href":"https:\/\/articamp.ch\/de\/wp-json\/wp\/v2\/media?parent=30233"}],"wp:term":[{"taxonomy":"product_brand","embeddable":true,"href":"https:\/\/articamp.ch\/de\/wp-json\/wp\/v2\/product_brand?post=30233"},{"taxonomy":"product_cat","embeddable":true,"href":"https:\/\/articamp.ch\/de\/wp-json\/wp\/v2\/product_cat?post=30233"},{"taxonomy":"product_tag","embeddable":true,"href":"https:\/\/articamp.ch\/de\/wp-json\/wp\/v2\/product_tag?post=30233"}],"curies":[{"name":"wp","href":"https:\/\/api.w.org\/{rel}","templated":true}]}}