{"id":30225,"date":"2023-03-11T10:23:03","date_gmt":"2023-03-11T09:23:03","guid":{"rendered":"https:\/\/articamp.ch\/prodotto\/magische-flasche-mit-fenstern\/"},"modified":"2024-02-11T20:32:23","modified_gmt":"2024-02-11T19:32:23","slug":"magische-flasche-mit-fenstern","status":"publish","type":"product","link":"https:\/\/articamp.ch\/de\/shop\/magische-flasche-mit-fenstern\/","title":{"rendered":"Magische Flasche mit Fenstern"},"content":{"rendered":"<h2 style=\"text-align:left\">\u00dcber die Zauberflasche<\/h2>\n<p>Warum Magie? Stell die Zauberflasche auf den Balkon (gesch\u00fctzt vor Regen) oder in die N\u00e4he des Fensters. Tags\u00fcber wird der Akku durch die Sonne aufgeladen, abends, sobald es dunkel wird, schaltet sich die Lampe von selbst ein, ohne dass Sie etwas tun m\u00fcssen. Lass dich jede Nacht von einer magischen Atmosph\u00e4re \u00fcberraschen.<\/p>\n<p>Je mehr Licht Sie der Flasche tags\u00fcber geben k\u00f6nnen, desto mehr Licht bekommt sie abends.<\/p>\n<p>Im Inneren der Flasche befinden sich neben den LED-Lichtern auch ein paar rote Bl\u00fctenbl\u00e4tter, die f\u00fcr einen zus\u00e4tzlichen Hauch von W\u00e4rme sorgen.<\/p>\n<p>Die Flasche wurde von Hand verziert.<\/p>\n<blockquote><p><em>Gib deinem Zuhause einen magischen Touch!<\/em><\/p><\/blockquote>\n<ul>\n<li>Kunsthandwerk, jedes unserer Produkte ist handgefertigt und individuell.<\/li>\n<li>Die angegebenen Ma\u00dfe sind N\u00e4herungswerte.<\/li>\n<li>Die auf dem Foto abgebildeten Dekorationsmaterialien sind nicht enthalten.<\/li>\n<li>Es kann zu kleinen Farbabweichungen zwischen den Fotos und dem tats\u00e4chlichen Produkt kommen.<\/li>\n<\/ul>\n","protected":false},"excerpt":{"rendered":"<p>Magische Flasche<\/p>\n<p>H\u00f6he 21 cm<\/p>\n<p>Durchmesser max. 6,5 cm<\/p>\n<p>Die Ma\u00dfe sind ungef\u00e4hre Angaben.<\/p>\n","protected":false},"featured_media":29828,"comment_status":"open","ping_status":"closed","template":"","meta":{"_monsterinsights_skip_tracking":false,"_monsterinsights_sitenote_active":false,"_monsterinsights_sitenote_note":"","_monsterinsights_sitenote_category":0},"product_brand":[],"product_cat":[151,153],"product_tag":[158,163,161],"class_list":{"0":"post-30225","1":"product","2":"type-product","3":"status-publish","4":"has-post-thumbnail","6":"product_cat-alle","7":"product_cat-leuchtende-flaschen","8":"product_tag-flasche","9":"product_tag-leuchtende-flasche","10":"product_tag-zauberflasche","11":"product_shipping_class-grosses-pack","13":"first","14":"onbackorder","15":"sold-individually","16":"shipping-taxable","17":"purchasable","18":"product-type-simple"},"yoast_head":"<!-- This site is optimized with the Yoast SEO plugin v27.6 - https:\/\/yoast.com\/product\/yoast-seo-wordpress\/ -->\n<title>Magische Flasche mit Fenstern - ArtiCamp<\/title>\n<meta name=\"description\" content=\"Warum die Zauberflasche? Lass die Flasche auf dem Balkon oder in der N\u00e4he des Fensters stehen und sie wird jeden Abend f\u00fcr eine einzigartige Atmosph\u00e4re beleuchtet\" \/>\n<meta name=\"robots\" content=\"index, follow, max-snippet:-1, max-image-preview:large, max-video-preview:-1\" \/>\n<link rel=\"canonical\" href=\"https:\/\/articamp.ch\/de\/shop\/magische-flasche-mit-fenstern\/\" \/>\n<meta property=\"og:locale\" content=\"de_DE\" \/>\n<meta property=\"og:type\" content=\"article\" \/>\n<meta property=\"og:title\" content=\"Magische Flasche mit Fenstern - ArtiCamp\" \/>\n<meta property=\"og:description\" content=\"Warum die Zauberflasche? Lass die Flasche auf dem Balkon oder in der N\u00e4he des Fensters stehen und sie wird jeden Abend f\u00fcr eine einzigartige Atmosph\u00e4re beleuchtet\" \/>\n<meta property=\"og:url\" content=\"https:\/\/articamp.ch\/de\/shop\/magische-flasche-mit-fenstern\/\" \/>\n<meta property=\"og:site_name\" content=\"ArtiCamp\" \/>\n<meta property=\"article:publisher\" content=\"https:\/\/www.facebook.com\/profile.php?id=100090195593870\" \/>\n<meta property=\"article:modified_time\" content=\"2024-02-11T19:32:23+00:00\" \/>\n<meta property=\"og:image\" content=\"https:\/\/i0.wp.com\/articamp.ch\/wp-content\/uploads\/2023\/03\/20221122_082606-01-scaled.jpeg?fit=1920%2C2560&ssl=1\" \/>\n\t<meta property=\"og:image:width\" content=\"1920\" \/>\n\t<meta property=\"og:image:height\" content=\"2560\" \/>\n\t<meta property=\"og:image:type\" content=\"image\/jpeg\" \/>\n<meta name=\"twitter:card\" content=\"summary_large_image\" \/>\n<meta name=\"twitter:label1\" content=\"Gesch\u00e4tzte Lesezeit\" \/>\n\t<meta name=\"twitter:data1\" content=\"1\u00a0Minute\" \/>\n<script type=\"application\/ld+json\" class=\"yoast-schema-graph\">{\"@context\":\"https:\\\/\\\/schema.org\",\"@graph\":[{\"@type\":\"WebPage\",\"@id\":\"https:\\\/\\\/articamp.ch\\\/de\\\/shop\\\/magische-flasche-mit-fenstern\\\/\",\"url\":\"https:\\\/\\\/articamp.ch\\\/de\\\/shop\\\/magische-flasche-mit-fenstern\\\/\",\"name\":\"Magische Flasche mit Fenstern - ArtiCamp\",\"isPartOf\":{\"@id\":\"https:\\\/\\\/articamp.ch\\\/de\\\/#website\"},\"primaryImageOfPage\":{\"@id\":\"https:\\\/\\\/articamp.ch\\\/de\\\/shop\\\/magische-flasche-mit-fenstern\\\/#primaryimage\"},\"image\":{\"@id\":\"https:\\\/\\\/articamp.ch\\\/de\\\/shop\\\/magische-flasche-mit-fenstern\\\/#primaryimage\"},\"thumbnailUrl\":\"https:\\\/\\\/i0.wp.com\\\/articamp.ch\\\/wp-content\\\/uploads\\\/2023\\\/03\\\/20230315_151012-01-scaled.jpeg?fit=1920%2C2560&ssl=1\",\"datePublished\":\"2023-03-11T09:23:03+00:00\",\"dateModified\":\"2024-02-11T19:32:23+00:00\",\"description\":\"Warum die Zauberflasche? Lass die Flasche auf dem Balkon oder in der N\u00e4he des Fensters stehen und sie wird jeden Abend f\u00fcr eine einzigartige Atmosph\u00e4re beleuchtet\",\"breadcrumb\":{\"@id\":\"https:\\\/\\\/articamp.ch\\\/de\\\/shop\\\/magische-flasche-mit-fenstern\\\/#breadcrumb\"},\"inLanguage\":\"de\",\"potentialAction\":[{\"@type\":\"ReadAction\",\"target\":[\"https:\\\/\\\/articamp.ch\\\/de\\\/shop\\\/magische-flasche-mit-fenstern\\\/\"]}]},{\"@type\":\"ImageObject\",\"inLanguage\":\"de\",\"@id\":\"https:\\\/\\\/articamp.ch\\\/de\\\/shop\\\/magische-flasche-mit-fenstern\\\/#primaryimage\",\"url\":\"https:\\\/\\\/i0.wp.com\\\/articamp.ch\\\/wp-content\\\/uploads\\\/2023\\\/03\\\/20230315_151012-01-scaled.jpeg?fit=1920%2C2560&ssl=1\",\"contentUrl\":\"https:\\\/\\\/i0.wp.com\\\/articamp.ch\\\/wp-content\\\/uploads\\\/2023\\\/03\\\/20230315_151012-01-scaled.jpeg?fit=1920%2C2560&ssl=1\",\"width\":1920,\"height\":2560},{\"@type\":\"BreadcrumbList\",\"@id\":\"https:\\\/\\\/articamp.ch\\\/de\\\/shop\\\/magische-flasche-mit-fenstern\\\/#breadcrumb\",\"itemListElement\":[{\"@type\":\"ListItem\",\"position\":1,\"name\":\"Home\",\"item\":\"https:\\\/\\\/articamp.ch\\\/de\\\/\"},{\"@type\":\"ListItem\",\"position\":2,\"name\":\"Shop\",\"item\":\"https:\\\/\\\/articamp.ch\\\/de\\\/shop\\\/\"},{\"@type\":\"ListItem\",\"position\":3,\"name\":\"Magische Flasche mit Fenstern\"}]},{\"@type\":\"WebSite\",\"@id\":\"https:\\\/\\\/articamp.ch\\\/de\\\/#website\",\"url\":\"https:\\\/\\\/articamp.ch\\\/de\\\/\",\"name\":\"articamp.ch\",\"description\":\"lavori d&#039;artigianato individuali fatti a mano\",\"publisher\":{\"@id\":\"https:\\\/\\\/articamp.ch\\\/de\\\/#organization\"},\"potentialAction\":[{\"@type\":\"SearchAction\",\"target\":{\"@type\":\"EntryPoint\",\"urlTemplate\":\"https:\\\/\\\/articamp.ch\\\/de\\\/?s={search_term_string}\"},\"query-input\":{\"@type\":\"PropertyValueSpecification\",\"valueRequired\":true,\"valueName\":\"search_term_string\"}}],\"inLanguage\":\"de\"},{\"@type\":\"Organization\",\"@id\":\"https:\\\/\\\/articamp.ch\\\/de\\\/#organization\",\"name\":\"ArtiCamp\",\"url\":\"https:\\\/\\\/articamp.ch\\\/de\\\/\",\"logo\":{\"@type\":\"ImageObject\",\"inLanguage\":\"de\",\"@id\":\"https:\\\/\\\/articamp.ch\\\/de\\\/#\\\/schema\\\/logo\\\/image\\\/\",\"url\":\"https:\\\/\\\/i0.wp.com\\\/articamp.ch\\\/wp-content\\\/uploads\\\/2023\\\/12\\\/cropped-Logo-ArtiCamp.png?fit=512%2C512&ssl=1\",\"contentUrl\":\"https:\\\/\\\/i0.wp.com\\\/articamp.ch\\\/wp-content\\\/uploads\\\/2023\\\/12\\\/cropped-Logo-ArtiCamp.png?fit=512%2C512&ssl=1\",\"width\":512,\"height\":512,\"caption\":\"ArtiCamp\"},\"image\":{\"@id\":\"https:\\\/\\\/articamp.ch\\\/de\\\/#\\\/schema\\\/logo\\\/image\\\/\"},\"sameAs\":[\"https:\\\/\\\/www.facebook.com\\\/profile.php?id=100090195593870\",\"https:\\\/\\\/www.instagram.com\\\/articamp.ch\\\/\",\"https:\\\/\\\/www.tiktok.com\\\/@articamp\"]}]}<\/script>\n<!-- \/ Yoast SEO plugin. -->","yoast_head_json":{"title":"Magische Flasche mit Fenstern - ArtiCamp","description":"Warum die Zauberflasche? Lass die Flasche auf dem Balkon oder in der N\u00e4he des Fensters stehen und sie wird jeden Abend f\u00fcr eine einzigartige Atmosph\u00e4re beleuchtet","robots":{"index":"index","follow":"follow","max-snippet":"max-snippet:-1","max-image-preview":"max-image-preview:large","max-video-preview":"max-video-preview:-1"},"canonical":"https:\/\/articamp.ch\/de\/shop\/magische-flasche-mit-fenstern\/","og_locale":"de_DE","og_type":"article","og_title":"Magische Flasche mit Fenstern - ArtiCamp","og_description":"Warum die Zauberflasche? Lass die Flasche auf dem Balkon oder in der N\u00e4he des Fensters stehen und sie wird jeden Abend f\u00fcr eine einzigartige Atmosph\u00e4re beleuchtet","og_url":"https:\/\/articamp.ch\/de\/shop\/magische-flasche-mit-fenstern\/","og_site_name":"ArtiCamp","article_publisher":"https:\/\/www.facebook.com\/profile.php?id=100090195593870","article_modified_time":"2024-02-11T19:32:23+00:00","og_image":[{"width":1920,"height":2560,"url":"https:\/\/i0.wp.com\/articamp.ch\/wp-content\/uploads\/2023\/03\/20221122_082606-01-scaled.jpeg?fit=1920%2C2560&ssl=1","type":"image\/jpeg"}],"twitter_card":"summary_large_image","twitter_misc":{"Gesch\u00e4tzte Lesezeit":"1\u00a0Minute"},"schema":{"@context":"https:\/\/schema.org","@graph":[{"@type":"WebPage","@id":"https:\/\/articamp.ch\/de\/shop\/magische-flasche-mit-fenstern\/","url":"https:\/\/articamp.ch\/de\/shop\/magische-flasche-mit-fenstern\/","name":"Magische Flasche mit Fenstern - ArtiCamp","isPartOf":{"@id":"https:\/\/articamp.ch\/de\/#website"},"primaryImageOfPage":{"@id":"https:\/\/articamp.ch\/de\/shop\/magische-flasche-mit-fenstern\/#primaryimage"},"image":{"@id":"https:\/\/articamp.ch\/de\/shop\/magische-flasche-mit-fenstern\/#primaryimage"},"thumbnailUrl":"https:\/\/i0.wp.com\/articamp.ch\/wp-content\/uploads\/2023\/03\/20230315_151012-01-scaled.jpeg?fit=1920%2C2560&ssl=1","datePublished":"2023-03-11T09:23:03+00:00","dateModified":"2024-02-11T19:32:23+00:00","description":"Warum die Zauberflasche? Lass die Flasche auf dem Balkon oder in der N\u00e4he des Fensters stehen und sie wird jeden Abend f\u00fcr eine einzigartige Atmosph\u00e4re beleuchtet","breadcrumb":{"@id":"https:\/\/articamp.ch\/de\/shop\/magische-flasche-mit-fenstern\/#breadcrumb"},"inLanguage":"de","potentialAction":[{"@type":"ReadAction","target":["https:\/\/articamp.ch\/de\/shop\/magische-flasche-mit-fenstern\/"]}]},{"@type":"ImageObject","inLanguage":"de","@id":"https:\/\/articamp.ch\/de\/shop\/magische-flasche-mit-fenstern\/#primaryimage","url":"https:\/\/i0.wp.com\/articamp.ch\/wp-content\/uploads\/2023\/03\/20230315_151012-01-scaled.jpeg?fit=1920%2C2560&ssl=1","contentUrl":"https:\/\/i0.wp.com\/articamp.ch\/wp-content\/uploads\/2023\/03\/20230315_151012-01-scaled.jpeg?fit=1920%2C2560&ssl=1","width":1920,"height":2560},{"@type":"BreadcrumbList","@id":"https:\/\/articamp.ch\/de\/shop\/magische-flasche-mit-fenstern\/#breadcrumb","itemListElement":[{"@type":"ListItem","position":1,"name":"Home","item":"https:\/\/articamp.ch\/de\/"},{"@type":"ListItem","position":2,"name":"Shop","item":"https:\/\/articamp.ch\/de\/shop\/"},{"@type":"ListItem","position":3,"name":"Magische Flasche mit Fenstern"}]},{"@type":"WebSite","@id":"https:\/\/articamp.ch\/de\/#website","url":"https:\/\/articamp.ch\/de\/","name":"articamp.ch","description":"lavori d&#039;artigianato individuali fatti a mano","publisher":{"@id":"https:\/\/articamp.ch\/de\/#organization"},"potentialAction":[{"@type":"SearchAction","target":{"@type":"EntryPoint","urlTemplate":"https:\/\/articamp.ch\/de\/?s={search_term_string}"},"query-input":{"@type":"PropertyValueSpecification","valueRequired":true,"valueName":"search_term_string"}}],"inLanguage":"de"},{"@type":"Organization","@id":"https:\/\/articamp.ch\/de\/#organization","name":"ArtiCamp","url":"https:\/\/articamp.ch\/de\/","logo":{"@type":"ImageObject","inLanguage":"de","@id":"https:\/\/articamp.ch\/de\/#\/schema\/logo\/image\/","url":"https:\/\/i0.wp.com\/articamp.ch\/wp-content\/uploads\/2023\/12\/cropped-Logo-ArtiCamp.png?fit=512%2C512&ssl=1","contentUrl":"https:\/\/i0.wp.com\/articamp.ch\/wp-content\/uploads\/2023\/12\/cropped-Logo-ArtiCamp.png?fit=512%2C512&ssl=1","width":512,"height":512,"caption":"ArtiCamp"},"image":{"@id":"https:\/\/articamp.ch\/de\/#\/schema\/logo\/image\/"},"sameAs":["https:\/\/www.facebook.com\/profile.php?id=100090195593870","https:\/\/www.instagram.com\/articamp.ch\/","https:\/\/www.tiktok.com\/@articamp"]}]}},"jetpack_sharing_enabled":true,"_links":{"self":[{"href":"https:\/\/articamp.ch\/de\/wp-json\/wp\/v2\/product\/30225","targetHints":{"allow":["GET"]}}],"collection":[{"href":"https:\/\/articamp.ch\/de\/wp-json\/wp\/v2\/product"}],"about":[{"href":"https:\/\/articamp.ch\/de\/wp-json\/wp\/v2\/types\/product"}],"replies":[{"embeddable":true,"href":"https:\/\/articamp.ch\/de\/wp-json\/wp\/v2\/comments?post=30225"}],"wp:featuredmedia":[{"embeddable":true,"href":"https:\/\/articamp.ch\/de\/wp-json\/wp\/v2\/media\/29828"}],"wp:attachment":[{"href":"https:\/\/articamp.ch\/de\/wp-json\/wp\/v2\/media?parent=30225"}],"wp:term":[{"taxonomy":"product_brand","embeddable":true,"href":"https:\/\/articamp.ch\/de\/wp-json\/wp\/v2\/product_brand?post=30225"},{"taxonomy":"product_cat","embeddable":true,"href":"https:\/\/articamp.ch\/de\/wp-json\/wp\/v2\/product_cat?post=30225"},{"taxonomy":"product_tag","embeddable":true,"href":"https:\/\/articamp.ch\/de\/wp-json\/wp\/v2\/product_tag?post=30225"}],"curies":[{"name":"wp","href":"https:\/\/api.w.org\/{rel}","templated":true}]}}