{"id":30222,"date":"2023-03-13T20:30:31","date_gmt":"2023-03-13T19:30:31","guid":{"rendered":"https:\/\/articamp.ch\/prodotto\/schwarzgoldener-kerzenhalter\/"},"modified":"2023-04-26T13:20:13","modified_gmt":"2023-04-26T11:20:13","slug":"schwarzgoldener-kerzenhalter","status":"publish","type":"product","link":"https:\/\/articamp.ch\/de\/shop\/schwarzgoldener-kerzenhalter\/","title":{"rendered":"Schwarzgoldener Kerzenhalter"},"content":{"rendered":"<h2 style=\"text-align:left\">Informationen \u00fcber den schwarz-goldenen Kerzenhalter:<\/h2>\n<p>Schwarzer Kerzenhalter aus Gips mit goldenen R\u00e4ndern, der dank seiner einzigartigen, \u00fcberzeugenden und unregelm\u00e4\u00dfigen Form nicht unbemerkt bleiben kann.<\/p>\n<p>Finde die Perfektion in der Unvollkommenheit!<\/p>\n<p>Er hat ein gl\u00e4nzendes Schwarz und goldene Konturen, die seine unregelm\u00e4\u00dfige Form betonen. Es eignet sich sowohl f\u00fcr kalte Wintertage als auch f\u00fcr warme Sommertage am Abend, um eine entspannte Atmosph\u00e4re zu schaffen und die Gedanken des Tages zu vertreiben.<\/p>\n<p>Dank des gewellten Teils erzeugt dieser Kerzenhalter einen einzigartigen Effekt, und wenn du auf der Suche nach einem <em>besonderen Geschenk<\/em> bist, ist er perfekt!!!<\/p>\n<blockquote><p><em>Verleihen Sie Ihrem Zuhause einen magischen Touch mit ArtiCamp!<\/em><\/p><\/blockquote>\n<ul>\n<li>Kunsthandwerk, jedes unserer Produkte ist handgefertigt und individuell.<\/li>\n<li>Die angegebenen Ma\u00dfe sind N\u00e4herungswerte.<\/li>\n<li>Die auf dem Foto abgebildeten Dekorationsmaterialien sind nicht enthalten.<\/li>\n<li>Es kann zu kleinen Farbabweichungen zwischen den Fotos und dem tats\u00e4chlichen Produkt kommen.<\/li>\n<\/ul>\n","protected":false},"excerpt":{"rendered":"<p>Schwarzgoldener Kerzenhalter<\/p>\n<p>H\u00f6he 9 cm<\/p>\n<p>Durchmesser max. 6,5 cm<\/p>\n<p>Die Ma\u00dfe sind ungef\u00e4hre Angaben.<\/p>\n","protected":false},"featured_media":30546,"comment_status":"open","ping_status":"closed","template":"","meta":{"_monsterinsights_skip_tracking":false,"_monsterinsights_sitenote_active":false,"_monsterinsights_sitenote_note":"","_monsterinsights_sitenote_category":0},"product_brand":[],"product_cat":[151],"product_tag":[201,195],"class_list":{"0":"post-30222","1":"product","2":"type-product","3":"status-publish","4":"has-post-thumbnail","6":"product_cat-alle","7":"product_tag-kerzenhalter-de","8":"product_tag-kerzenhalter","9":"product_shipping_class-grosses-pack","11":"first","12":"instock","13":"sold-individually","14":"shipping-taxable","15":"purchasable","16":"product-type-simple"},"yoast_head":"<!-- This site is optimized with the Yoast SEO plugin v27.6 - https:\/\/yoast.com\/product\/yoast-seo-wordpress\/ -->\n<title>Schwarzgoldener Kerzenhalter - ArtiCamp<\/title>\n<meta name=\"description\" content=\"Ein schwarz-goldener Kerzenhalter aus Gips, dessen besondere Form ihn einzigartig macht. Finde die Perfektion in der Unvollkommenheit!\" \/>\n<meta name=\"robots\" content=\"index, follow, max-snippet:-1, max-image-preview:large, max-video-preview:-1\" \/>\n<link rel=\"canonical\" href=\"https:\/\/articamp.ch\/de\/shop\/schwarzgoldener-kerzenhalter\/\" \/>\n<meta property=\"og:locale\" content=\"de_DE\" \/>\n<meta property=\"og:type\" content=\"article\" \/>\n<meta property=\"og:title\" content=\"Schwarzgoldener Kerzenhalter - ArtiCamp\" \/>\n<meta property=\"og:description\" content=\"Ein schwarz-goldener Kerzenhalter aus Gips, dessen besondere Form ihn einzigartig macht. Finde die Perfektion in der Unvollkommenheit!\" \/>\n<meta property=\"og:url\" content=\"https:\/\/articamp.ch\/de\/shop\/schwarzgoldener-kerzenhalter\/\" \/>\n<meta property=\"og:site_name\" content=\"ArtiCamp\" \/>\n<meta property=\"article:publisher\" content=\"https:\/\/www.facebook.com\/profile.php?id=100090195593870\" \/>\n<meta property=\"article:modified_time\" content=\"2023-04-26T11:20:13+00:00\" \/>\n<meta property=\"og:image\" content=\"https:\/\/i0.wp.com\/articamp.ch\/wp-content\/uploads\/2023\/03\/20230308_120636-01-scaled.jpeg?fit=2560%2C2560&ssl=1\" \/>\n\t<meta property=\"og:image:width\" content=\"2560\" \/>\n\t<meta property=\"og:image:height\" content=\"2560\" \/>\n\t<meta property=\"og:image:type\" content=\"image\/jpeg\" \/>\n<meta name=\"twitter:card\" content=\"summary_large_image\" \/>\n<meta name=\"twitter:label1\" content=\"Gesch\u00e4tzte Lesezeit\" \/>\n\t<meta name=\"twitter:data1\" content=\"1\u00a0Minute\" \/>\n<script type=\"application\/ld+json\" class=\"yoast-schema-graph\">{\"@context\":\"https:\\\/\\\/schema.org\",\"@graph\":[{\"@type\":\"WebPage\",\"@id\":\"https:\\\/\\\/articamp.ch\\\/de\\\/shop\\\/schwarzgoldener-kerzenhalter\\\/\",\"url\":\"https:\\\/\\\/articamp.ch\\\/de\\\/shop\\\/schwarzgoldener-kerzenhalter\\\/\",\"name\":\"Schwarzgoldener Kerzenhalter - ArtiCamp\",\"isPartOf\":{\"@id\":\"https:\\\/\\\/articamp.ch\\\/de\\\/#website\"},\"primaryImageOfPage\":{\"@id\":\"https:\\\/\\\/articamp.ch\\\/de\\\/shop\\\/schwarzgoldener-kerzenhalter\\\/#primaryimage\"},\"image\":{\"@id\":\"https:\\\/\\\/articamp.ch\\\/de\\\/shop\\\/schwarzgoldener-kerzenhalter\\\/#primaryimage\"},\"thumbnailUrl\":\"https:\\\/\\\/i0.wp.com\\\/articamp.ch\\\/wp-content\\\/uploads\\\/2023\\\/05\\\/20230308_120636-01-jpeg.webp?fit=900%2C900&ssl=1\",\"datePublished\":\"2023-03-13T19:30:31+00:00\",\"dateModified\":\"2023-04-26T11:20:13+00:00\",\"description\":\"Ein schwarz-goldener Kerzenhalter aus Gips, dessen besondere Form ihn einzigartig macht. Finde die Perfektion in der Unvollkommenheit!\",\"breadcrumb\":{\"@id\":\"https:\\\/\\\/articamp.ch\\\/de\\\/shop\\\/schwarzgoldener-kerzenhalter\\\/#breadcrumb\"},\"inLanguage\":\"de\",\"potentialAction\":[{\"@type\":\"ReadAction\",\"target\":[\"https:\\\/\\\/articamp.ch\\\/de\\\/shop\\\/schwarzgoldener-kerzenhalter\\\/\"]}]},{\"@type\":\"ImageObject\",\"inLanguage\":\"de\",\"@id\":\"https:\\\/\\\/articamp.ch\\\/de\\\/shop\\\/schwarzgoldener-kerzenhalter\\\/#primaryimage\",\"url\":\"https:\\\/\\\/i0.wp.com\\\/articamp.ch\\\/wp-content\\\/uploads\\\/2023\\\/05\\\/20230308_120636-01-jpeg.webp?fit=900%2C900&ssl=1\",\"contentUrl\":\"https:\\\/\\\/i0.wp.com\\\/articamp.ch\\\/wp-content\\\/uploads\\\/2023\\\/05\\\/20230308_120636-01-jpeg.webp?fit=900%2C900&ssl=1\",\"width\":900,\"height\":900,\"caption\":\"porta candele nero oro\"},{\"@type\":\"BreadcrumbList\",\"@id\":\"https:\\\/\\\/articamp.ch\\\/de\\\/shop\\\/schwarzgoldener-kerzenhalter\\\/#breadcrumb\",\"itemListElement\":[{\"@type\":\"ListItem\",\"position\":1,\"name\":\"Home\",\"item\":\"https:\\\/\\\/articamp.ch\\\/de\\\/\"},{\"@type\":\"ListItem\",\"position\":2,\"name\":\"Shop\",\"item\":\"https:\\\/\\\/articamp.ch\\\/de\\\/shop\\\/\"},{\"@type\":\"ListItem\",\"position\":3,\"name\":\"Schwarzgoldener Kerzenhalter\"}]},{\"@type\":\"WebSite\",\"@id\":\"https:\\\/\\\/articamp.ch\\\/de\\\/#website\",\"url\":\"https:\\\/\\\/articamp.ch\\\/de\\\/\",\"name\":\"articamp.ch\",\"description\":\"lavori d&#039;artigianato individuali fatti a mano\",\"publisher\":{\"@id\":\"https:\\\/\\\/articamp.ch\\\/de\\\/#organization\"},\"potentialAction\":[{\"@type\":\"SearchAction\",\"target\":{\"@type\":\"EntryPoint\",\"urlTemplate\":\"https:\\\/\\\/articamp.ch\\\/de\\\/?s={search_term_string}\"},\"query-input\":{\"@type\":\"PropertyValueSpecification\",\"valueRequired\":true,\"valueName\":\"search_term_string\"}}],\"inLanguage\":\"de\"},{\"@type\":\"Organization\",\"@id\":\"https:\\\/\\\/articamp.ch\\\/de\\\/#organization\",\"name\":\"ArtiCamp\",\"url\":\"https:\\\/\\\/articamp.ch\\\/de\\\/\",\"logo\":{\"@type\":\"ImageObject\",\"inLanguage\":\"de\",\"@id\":\"https:\\\/\\\/articamp.ch\\\/de\\\/#\\\/schema\\\/logo\\\/image\\\/\",\"url\":\"https:\\\/\\\/i0.wp.com\\\/articamp.ch\\\/wp-content\\\/uploads\\\/2023\\\/12\\\/cropped-Logo-ArtiCamp.png?fit=512%2C512&ssl=1\",\"contentUrl\":\"https:\\\/\\\/i0.wp.com\\\/articamp.ch\\\/wp-content\\\/uploads\\\/2023\\\/12\\\/cropped-Logo-ArtiCamp.png?fit=512%2C512&ssl=1\",\"width\":512,\"height\":512,\"caption\":\"ArtiCamp\"},\"image\":{\"@id\":\"https:\\\/\\\/articamp.ch\\\/de\\\/#\\\/schema\\\/logo\\\/image\\\/\"},\"sameAs\":[\"https:\\\/\\\/www.facebook.com\\\/profile.php?id=100090195593870\",\"https:\\\/\\\/www.instagram.com\\\/articamp.ch\\\/\",\"https:\\\/\\\/www.tiktok.com\\\/@articamp\"]}]}<\/script>\n<!-- \/ Yoast SEO plugin. -->","yoast_head_json":{"title":"Schwarzgoldener Kerzenhalter - ArtiCamp","description":"Ein schwarz-goldener Kerzenhalter aus Gips, dessen besondere Form ihn einzigartig macht. Finde die Perfektion in der Unvollkommenheit!","robots":{"index":"index","follow":"follow","max-snippet":"max-snippet:-1","max-image-preview":"max-image-preview:large","max-video-preview":"max-video-preview:-1"},"canonical":"https:\/\/articamp.ch\/de\/shop\/schwarzgoldener-kerzenhalter\/","og_locale":"de_DE","og_type":"article","og_title":"Schwarzgoldener Kerzenhalter - ArtiCamp","og_description":"Ein schwarz-goldener Kerzenhalter aus Gips, dessen besondere Form ihn einzigartig macht. Finde die Perfektion in der Unvollkommenheit!","og_url":"https:\/\/articamp.ch\/de\/shop\/schwarzgoldener-kerzenhalter\/","og_site_name":"ArtiCamp","article_publisher":"https:\/\/www.facebook.com\/profile.php?id=100090195593870","article_modified_time":"2023-04-26T11:20:13+00:00","og_image":[{"width":2560,"height":2560,"url":"https:\/\/i0.wp.com\/articamp.ch\/wp-content\/uploads\/2023\/03\/20230308_120636-01-scaled.jpeg?fit=2560%2C2560&ssl=1","type":"image\/jpeg"}],"twitter_card":"summary_large_image","twitter_misc":{"Gesch\u00e4tzte Lesezeit":"1\u00a0Minute"},"schema":{"@context":"https:\/\/schema.org","@graph":[{"@type":"WebPage","@id":"https:\/\/articamp.ch\/de\/shop\/schwarzgoldener-kerzenhalter\/","url":"https:\/\/articamp.ch\/de\/shop\/schwarzgoldener-kerzenhalter\/","name":"Schwarzgoldener Kerzenhalter - ArtiCamp","isPartOf":{"@id":"https:\/\/articamp.ch\/de\/#website"},"primaryImageOfPage":{"@id":"https:\/\/articamp.ch\/de\/shop\/schwarzgoldener-kerzenhalter\/#primaryimage"},"image":{"@id":"https:\/\/articamp.ch\/de\/shop\/schwarzgoldener-kerzenhalter\/#primaryimage"},"thumbnailUrl":"https:\/\/i0.wp.com\/articamp.ch\/wp-content\/uploads\/2023\/05\/20230308_120636-01-jpeg.webp?fit=900%2C900&ssl=1","datePublished":"2023-03-13T19:30:31+00:00","dateModified":"2023-04-26T11:20:13+00:00","description":"Ein schwarz-goldener Kerzenhalter aus Gips, dessen besondere Form ihn einzigartig macht. Finde die Perfektion in der Unvollkommenheit!","breadcrumb":{"@id":"https:\/\/articamp.ch\/de\/shop\/schwarzgoldener-kerzenhalter\/#breadcrumb"},"inLanguage":"de","potentialAction":[{"@type":"ReadAction","target":["https:\/\/articamp.ch\/de\/shop\/schwarzgoldener-kerzenhalter\/"]}]},{"@type":"ImageObject","inLanguage":"de","@id":"https:\/\/articamp.ch\/de\/shop\/schwarzgoldener-kerzenhalter\/#primaryimage","url":"https:\/\/i0.wp.com\/articamp.ch\/wp-content\/uploads\/2023\/05\/20230308_120636-01-jpeg.webp?fit=900%2C900&ssl=1","contentUrl":"https:\/\/i0.wp.com\/articamp.ch\/wp-content\/uploads\/2023\/05\/20230308_120636-01-jpeg.webp?fit=900%2C900&ssl=1","width":900,"height":900,"caption":"porta candele nero oro"},{"@type":"BreadcrumbList","@id":"https:\/\/articamp.ch\/de\/shop\/schwarzgoldener-kerzenhalter\/#breadcrumb","itemListElement":[{"@type":"ListItem","position":1,"name":"Home","item":"https:\/\/articamp.ch\/de\/"},{"@type":"ListItem","position":2,"name":"Shop","item":"https:\/\/articamp.ch\/de\/shop\/"},{"@type":"ListItem","position":3,"name":"Schwarzgoldener Kerzenhalter"}]},{"@type":"WebSite","@id":"https:\/\/articamp.ch\/de\/#website","url":"https:\/\/articamp.ch\/de\/","name":"articamp.ch","description":"lavori d&#039;artigianato individuali fatti a mano","publisher":{"@id":"https:\/\/articamp.ch\/de\/#organization"},"potentialAction":[{"@type":"SearchAction","target":{"@type":"EntryPoint","urlTemplate":"https:\/\/articamp.ch\/de\/?s={search_term_string}"},"query-input":{"@type":"PropertyValueSpecification","valueRequired":true,"valueName":"search_term_string"}}],"inLanguage":"de"},{"@type":"Organization","@id":"https:\/\/articamp.ch\/de\/#organization","name":"ArtiCamp","url":"https:\/\/articamp.ch\/de\/","logo":{"@type":"ImageObject","inLanguage":"de","@id":"https:\/\/articamp.ch\/de\/#\/schema\/logo\/image\/","url":"https:\/\/i0.wp.com\/articamp.ch\/wp-content\/uploads\/2023\/12\/cropped-Logo-ArtiCamp.png?fit=512%2C512&ssl=1","contentUrl":"https:\/\/i0.wp.com\/articamp.ch\/wp-content\/uploads\/2023\/12\/cropped-Logo-ArtiCamp.png?fit=512%2C512&ssl=1","width":512,"height":512,"caption":"ArtiCamp"},"image":{"@id":"https:\/\/articamp.ch\/de\/#\/schema\/logo\/image\/"},"sameAs":["https:\/\/www.facebook.com\/profile.php?id=100090195593870","https:\/\/www.instagram.com\/articamp.ch\/","https:\/\/www.tiktok.com\/@articamp"]}]}},"jetpack_sharing_enabled":true,"_links":{"self":[{"href":"https:\/\/articamp.ch\/de\/wp-json\/wp\/v2\/product\/30222","targetHints":{"allow":["GET"]}}],"collection":[{"href":"https:\/\/articamp.ch\/de\/wp-json\/wp\/v2\/product"}],"about":[{"href":"https:\/\/articamp.ch\/de\/wp-json\/wp\/v2\/types\/product"}],"replies":[{"embeddable":true,"href":"https:\/\/articamp.ch\/de\/wp-json\/wp\/v2\/comments?post=30222"}],"wp:featuredmedia":[{"embeddable":true,"href":"https:\/\/articamp.ch\/de\/wp-json\/wp\/v2\/media\/30546"}],"wp:attachment":[{"href":"https:\/\/articamp.ch\/de\/wp-json\/wp\/v2\/media?parent=30222"}],"wp:term":[{"taxonomy":"product_brand","embeddable":true,"href":"https:\/\/articamp.ch\/de\/wp-json\/wp\/v2\/product_brand?post=30222"},{"taxonomy":"product_cat","embeddable":true,"href":"https:\/\/articamp.ch\/de\/wp-json\/wp\/v2\/product_cat?post=30222"},{"taxonomy":"product_tag","embeddable":true,"href":"https:\/\/articamp.ch\/de\/wp-json\/wp\/v2\/product_tag?post=30222"}],"curies":[{"name":"wp","href":"https:\/\/api.w.org\/{rel}","templated":true}]}}