{"id":30215,"date":"2023-03-17T15:01:42","date_gmt":"2023-03-17T14:01:42","guid":{"rendered":"https:\/\/articamp.ch\/prodotto\/flasche-mit-positiven-vibes\/"},"modified":"2023-11-15T18:09:06","modified_gmt":"2023-11-15T17:09:06","slug":"flasche-positive-schwingungen","status":"publish","type":"product","link":"https:\/\/articamp.ch\/de\/shop\/flasche-positive-schwingungen\/","title":{"rendered":"L\u00f6wenzahn Licht Flasche"},"content":{"rendered":"<h2 style=\"text-align:left\">\u00dcber die L\u00f6wenzahn-Lichtflasche<\/h2>\n<p>Stell deine Pusteblumen-Lichtflasche auf den Balkon (gesch\u00fctzt vor Regen) oder in die N\u00e4he des Fensters. Tags\u00fcber wird der Akku durch die Sonne aufgeladen, abends, sobald es dunkel wird, schaltet sich die Lampe von selbst ein, ohne dass Sie etwas tun m\u00fcssen. Lassen Sie sich jede Nacht von einer magischen Atmosph\u00e4re mit viel Liebe \u00fcberraschen.<\/p>\n<p>Je mehr Licht Sie der Flasche tags\u00fcber geben k\u00f6nnen, desto mehr Licht bekommt sie abends.<\/p>\n<p>Die Flasche wurde von Hand mit halbtransparenten, perlmuttartigen Linien und schwarzer Schrift verziert.<\/p>\n<p>Eine perfekte Geschenkidee f\u00fcr jemanden, den Sie sehr lieben und der ein besonderes und einzigartiges Geschenk verdient hat.<\/p>\n<blockquote><p><strong><em>Versch\u00f6nern Sie Ihr Zuhause mit ArtiCamp!!!<\/em><\/strong><\/p><\/blockquote>\n<ul>\n<li>Kunsthandwerk, jedes unserer Produkte ist handgefertigt und individuell.<\/li>\n<li>Die angegebenen Ma\u00dfe sind N\u00e4herungswerte.<\/li>\n<li>Die auf dem Foto abgebildeten Dekorationsmaterialien sind nicht enthalten.<\/li>\n<li>Es kann zu kleinen Farbabweichungen zwischen den Fotos und dem tats\u00e4chlichen Produkt kommen.<\/li>\n<\/ul>\n","protected":false},"excerpt":{"rendered":"<p>Individuell gestaltete Lichtflasche.<\/p>\n<p>Handdekoriert f\u00fcr ein einzigartiges Ambiente in Ihrem Zuhause.<\/p>\n<p>&nbsp;<\/p>\n","protected":false},"featured_media":31151,"comment_status":"open","ping_status":"closed","template":"","meta":{"_monsterinsights_skip_tracking":false,"_monsterinsights_sitenote_active":false,"_monsterinsights_sitenote_note":"","_monsterinsights_sitenote_category":0},"product_brand":[],"product_cat":[151,153],"product_tag":[158,163,161],"class_list":{"0":"post-30215","1":"product","2":"type-product","3":"status-publish","4":"has-post-thumbnail","6":"product_cat-alle","7":"product_cat-leuchtende-flaschen","8":"product_tag-flasche","9":"product_tag-leuchtende-flasche","10":"product_tag-zauberflasche","11":"product_shipping_class-grosses-pack","13":"first","14":"onbackorder","15":"sold-individually","16":"shipping-taxable","17":"purchasable","18":"product-type-simple"},"yoast_head":"<!-- This site is optimized with the Yoast SEO plugin v27.6 - https:\/\/yoast.com\/product\/yoast-seo-wordpress\/ -->\n<title>L\u00f6wenzahn Licht Flasche - ArtiCamp<\/title>\n<meta name=\"description\" content=\"Lass die positive Ribes-Flasche tags\u00fcber auf dem Balkon oder am Fenster stehen und lass dich jeden Abend von einer einzigartigen Atmosph\u00e4re \u00fcberraschen.\" \/>\n<meta name=\"robots\" content=\"index, follow, max-snippet:-1, max-image-preview:large, max-video-preview:-1\" \/>\n<link rel=\"canonical\" href=\"https:\/\/articamp.ch\/de\/shop\/flasche-positive-schwingungen\/\" \/>\n<meta property=\"og:locale\" content=\"de_DE\" \/>\n<meta property=\"og:type\" content=\"article\" \/>\n<meta property=\"og:title\" content=\"L\u00f6wenzahn Licht Flasche - ArtiCamp\" \/>\n<meta property=\"og:description\" content=\"Lass die positive Ribes-Flasche tags\u00fcber auf dem Balkon oder am Fenster stehen und lass dich jeden Abend von einer einzigartigen Atmosph\u00e4re \u00fcberraschen.\" \/>\n<meta property=\"og:url\" content=\"https:\/\/articamp.ch\/de\/shop\/flasche-positive-schwingungen\/\" \/>\n<meta property=\"og:site_name\" content=\"ArtiCamp\" \/>\n<meta property=\"article:publisher\" content=\"https:\/\/www.facebook.com\/profile.php?id=100090195593870\" \/>\n<meta property=\"article:modified_time\" content=\"2023-11-15T17:09:06+00:00\" \/>\n<meta property=\"og:image\" content=\"https:\/\/i0.wp.com\/articamp.ch\/wp-content\/uploads\/2023\/06\/Compress_20230615_101149_9917-jpg.webp?fit=800%2C800&ssl=1\" \/>\n\t<meta property=\"og:image:width\" content=\"800\" \/>\n\t<meta property=\"og:image:height\" content=\"800\" \/>\n\t<meta property=\"og:image:type\" content=\"image\/jpeg\" \/>\n<meta name=\"twitter:card\" content=\"summary_large_image\" \/>\n<meta name=\"twitter:label1\" content=\"Gesch\u00e4tzte Lesezeit\" \/>\n\t<meta name=\"twitter:data1\" content=\"1\u00a0Minute\" \/>\n<script type=\"application\/ld+json\" class=\"yoast-schema-graph\">{\"@context\":\"https:\\\/\\\/schema.org\",\"@graph\":[{\"@type\":\"WebPage\",\"@id\":\"https:\\\/\\\/articamp.ch\\\/de\\\/shop\\\/flasche-positive-schwingungen\\\/\",\"url\":\"https:\\\/\\\/articamp.ch\\\/de\\\/shop\\\/flasche-positive-schwingungen\\\/\",\"name\":\"L\u00f6wenzahn Licht Flasche - ArtiCamp\",\"isPartOf\":{\"@id\":\"https:\\\/\\\/articamp.ch\\\/de\\\/#website\"},\"primaryImageOfPage\":{\"@id\":\"https:\\\/\\\/articamp.ch\\\/de\\\/shop\\\/flasche-positive-schwingungen\\\/#primaryimage\"},\"image\":{\"@id\":\"https:\\\/\\\/articamp.ch\\\/de\\\/shop\\\/flasche-positive-schwingungen\\\/#primaryimage\"},\"thumbnailUrl\":\"https:\\\/\\\/i0.wp.com\\\/articamp.ch\\\/wp-content\\\/uploads\\\/2023\\\/06\\\/Compress_20230615_101149_9917-jpg.webp?fit=800%2C800&ssl=1\",\"datePublished\":\"2023-03-17T14:01:42+00:00\",\"dateModified\":\"2023-11-15T17:09:06+00:00\",\"description\":\"Lass die positive Ribes-Flasche tags\u00fcber auf dem Balkon oder am Fenster stehen und lass dich jeden Abend von einer einzigartigen Atmosph\u00e4re \u00fcberraschen.\",\"breadcrumb\":{\"@id\":\"https:\\\/\\\/articamp.ch\\\/de\\\/shop\\\/flasche-positive-schwingungen\\\/#breadcrumb\"},\"inLanguage\":\"de\",\"potentialAction\":[{\"@type\":\"ReadAction\",\"target\":[\"https:\\\/\\\/articamp.ch\\\/de\\\/shop\\\/flasche-positive-schwingungen\\\/\"]}]},{\"@type\":\"ImageObject\",\"inLanguage\":\"de\",\"@id\":\"https:\\\/\\\/articamp.ch\\\/de\\\/shop\\\/flasche-positive-schwingungen\\\/#primaryimage\",\"url\":\"https:\\\/\\\/i0.wp.com\\\/articamp.ch\\\/wp-content\\\/uploads\\\/2023\\\/06\\\/Compress_20230615_101149_9917-jpg.webp?fit=800%2C800&ssl=1\",\"contentUrl\":\"https:\\\/\\\/i0.wp.com\\\/articamp.ch\\\/wp-content\\\/uploads\\\/2023\\\/06\\\/Compress_20230615_101149_9917-jpg.webp?fit=800%2C800&ssl=1\",\"width\":800,\"height\":800},{\"@type\":\"BreadcrumbList\",\"@id\":\"https:\\\/\\\/articamp.ch\\\/de\\\/shop\\\/flasche-positive-schwingungen\\\/#breadcrumb\",\"itemListElement\":[{\"@type\":\"ListItem\",\"position\":1,\"name\":\"Home\",\"item\":\"https:\\\/\\\/articamp.ch\\\/de\\\/\"},{\"@type\":\"ListItem\",\"position\":2,\"name\":\"Shop\",\"item\":\"https:\\\/\\\/articamp.ch\\\/de\\\/shop\\\/\"},{\"@type\":\"ListItem\",\"position\":3,\"name\":\"L\u00f6wenzahn Licht Flasche\"}]},{\"@type\":\"WebSite\",\"@id\":\"https:\\\/\\\/articamp.ch\\\/de\\\/#website\",\"url\":\"https:\\\/\\\/articamp.ch\\\/de\\\/\",\"name\":\"articamp.ch\",\"description\":\"lavori d&#039;artigianato individuali fatti a mano\",\"publisher\":{\"@id\":\"https:\\\/\\\/articamp.ch\\\/de\\\/#organization\"},\"potentialAction\":[{\"@type\":\"SearchAction\",\"target\":{\"@type\":\"EntryPoint\",\"urlTemplate\":\"https:\\\/\\\/articamp.ch\\\/de\\\/?s={search_term_string}\"},\"query-input\":{\"@type\":\"PropertyValueSpecification\",\"valueRequired\":true,\"valueName\":\"search_term_string\"}}],\"inLanguage\":\"de\"},{\"@type\":\"Organization\",\"@id\":\"https:\\\/\\\/articamp.ch\\\/de\\\/#organization\",\"name\":\"ArtiCamp\",\"url\":\"https:\\\/\\\/articamp.ch\\\/de\\\/\",\"logo\":{\"@type\":\"ImageObject\",\"inLanguage\":\"de\",\"@id\":\"https:\\\/\\\/articamp.ch\\\/de\\\/#\\\/schema\\\/logo\\\/image\\\/\",\"url\":\"https:\\\/\\\/i0.wp.com\\\/articamp.ch\\\/wp-content\\\/uploads\\\/2023\\\/12\\\/cropped-Logo-ArtiCamp.png?fit=512%2C512&ssl=1\",\"contentUrl\":\"https:\\\/\\\/i0.wp.com\\\/articamp.ch\\\/wp-content\\\/uploads\\\/2023\\\/12\\\/cropped-Logo-ArtiCamp.png?fit=512%2C512&ssl=1\",\"width\":512,\"height\":512,\"caption\":\"ArtiCamp\"},\"image\":{\"@id\":\"https:\\\/\\\/articamp.ch\\\/de\\\/#\\\/schema\\\/logo\\\/image\\\/\"},\"sameAs\":[\"https:\\\/\\\/www.facebook.com\\\/profile.php?id=100090195593870\",\"https:\\\/\\\/www.instagram.com\\\/articamp.ch\\\/\",\"https:\\\/\\\/www.tiktok.com\\\/@articamp\"]}]}<\/script>\n<!-- \/ Yoast SEO plugin. -->","yoast_head_json":{"title":"L\u00f6wenzahn Licht Flasche - ArtiCamp","description":"Lass die positive Ribes-Flasche tags\u00fcber auf dem Balkon oder am Fenster stehen und lass dich jeden Abend von einer einzigartigen Atmosph\u00e4re \u00fcberraschen.","robots":{"index":"index","follow":"follow","max-snippet":"max-snippet:-1","max-image-preview":"max-image-preview:large","max-video-preview":"max-video-preview:-1"},"canonical":"https:\/\/articamp.ch\/de\/shop\/flasche-positive-schwingungen\/","og_locale":"de_DE","og_type":"article","og_title":"L\u00f6wenzahn Licht Flasche - ArtiCamp","og_description":"Lass die positive Ribes-Flasche tags\u00fcber auf dem Balkon oder am Fenster stehen und lass dich jeden Abend von einer einzigartigen Atmosph\u00e4re \u00fcberraschen.","og_url":"https:\/\/articamp.ch\/de\/shop\/flasche-positive-schwingungen\/","og_site_name":"ArtiCamp","article_publisher":"https:\/\/www.facebook.com\/profile.php?id=100090195593870","article_modified_time":"2023-11-15T17:09:06+00:00","og_image":[{"width":800,"height":800,"url":"https:\/\/i0.wp.com\/articamp.ch\/wp-content\/uploads\/2023\/06\/Compress_20230615_101149_9917-jpg.webp?fit=800%2C800&ssl=1","type":"image\/jpeg"}],"twitter_card":"summary_large_image","twitter_misc":{"Gesch\u00e4tzte Lesezeit":"1\u00a0Minute"},"schema":{"@context":"https:\/\/schema.org","@graph":[{"@type":"WebPage","@id":"https:\/\/articamp.ch\/de\/shop\/flasche-positive-schwingungen\/","url":"https:\/\/articamp.ch\/de\/shop\/flasche-positive-schwingungen\/","name":"L\u00f6wenzahn Licht Flasche - ArtiCamp","isPartOf":{"@id":"https:\/\/articamp.ch\/de\/#website"},"primaryImageOfPage":{"@id":"https:\/\/articamp.ch\/de\/shop\/flasche-positive-schwingungen\/#primaryimage"},"image":{"@id":"https:\/\/articamp.ch\/de\/shop\/flasche-positive-schwingungen\/#primaryimage"},"thumbnailUrl":"https:\/\/i0.wp.com\/articamp.ch\/wp-content\/uploads\/2023\/06\/Compress_20230615_101149_9917-jpg.webp?fit=800%2C800&ssl=1","datePublished":"2023-03-17T14:01:42+00:00","dateModified":"2023-11-15T17:09:06+00:00","description":"Lass die positive Ribes-Flasche tags\u00fcber auf dem Balkon oder am Fenster stehen und lass dich jeden Abend von einer einzigartigen Atmosph\u00e4re \u00fcberraschen.","breadcrumb":{"@id":"https:\/\/articamp.ch\/de\/shop\/flasche-positive-schwingungen\/#breadcrumb"},"inLanguage":"de","potentialAction":[{"@type":"ReadAction","target":["https:\/\/articamp.ch\/de\/shop\/flasche-positive-schwingungen\/"]}]},{"@type":"ImageObject","inLanguage":"de","@id":"https:\/\/articamp.ch\/de\/shop\/flasche-positive-schwingungen\/#primaryimage","url":"https:\/\/i0.wp.com\/articamp.ch\/wp-content\/uploads\/2023\/06\/Compress_20230615_101149_9917-jpg.webp?fit=800%2C800&ssl=1","contentUrl":"https:\/\/i0.wp.com\/articamp.ch\/wp-content\/uploads\/2023\/06\/Compress_20230615_101149_9917-jpg.webp?fit=800%2C800&ssl=1","width":800,"height":800},{"@type":"BreadcrumbList","@id":"https:\/\/articamp.ch\/de\/shop\/flasche-positive-schwingungen\/#breadcrumb","itemListElement":[{"@type":"ListItem","position":1,"name":"Home","item":"https:\/\/articamp.ch\/de\/"},{"@type":"ListItem","position":2,"name":"Shop","item":"https:\/\/articamp.ch\/de\/shop\/"},{"@type":"ListItem","position":3,"name":"L\u00f6wenzahn Licht Flasche"}]},{"@type":"WebSite","@id":"https:\/\/articamp.ch\/de\/#website","url":"https:\/\/articamp.ch\/de\/","name":"articamp.ch","description":"lavori d&#039;artigianato individuali fatti a mano","publisher":{"@id":"https:\/\/articamp.ch\/de\/#organization"},"potentialAction":[{"@type":"SearchAction","target":{"@type":"EntryPoint","urlTemplate":"https:\/\/articamp.ch\/de\/?s={search_term_string}"},"query-input":{"@type":"PropertyValueSpecification","valueRequired":true,"valueName":"search_term_string"}}],"inLanguage":"de"},{"@type":"Organization","@id":"https:\/\/articamp.ch\/de\/#organization","name":"ArtiCamp","url":"https:\/\/articamp.ch\/de\/","logo":{"@type":"ImageObject","inLanguage":"de","@id":"https:\/\/articamp.ch\/de\/#\/schema\/logo\/image\/","url":"https:\/\/i0.wp.com\/articamp.ch\/wp-content\/uploads\/2023\/12\/cropped-Logo-ArtiCamp.png?fit=512%2C512&ssl=1","contentUrl":"https:\/\/i0.wp.com\/articamp.ch\/wp-content\/uploads\/2023\/12\/cropped-Logo-ArtiCamp.png?fit=512%2C512&ssl=1","width":512,"height":512,"caption":"ArtiCamp"},"image":{"@id":"https:\/\/articamp.ch\/de\/#\/schema\/logo\/image\/"},"sameAs":["https:\/\/www.facebook.com\/profile.php?id=100090195593870","https:\/\/www.instagram.com\/articamp.ch\/","https:\/\/www.tiktok.com\/@articamp"]}]}},"jetpack_sharing_enabled":true,"_links":{"self":[{"href":"https:\/\/articamp.ch\/de\/wp-json\/wp\/v2\/product\/30215","targetHints":{"allow":["GET"]}}],"collection":[{"href":"https:\/\/articamp.ch\/de\/wp-json\/wp\/v2\/product"}],"about":[{"href":"https:\/\/articamp.ch\/de\/wp-json\/wp\/v2\/types\/product"}],"replies":[{"embeddable":true,"href":"https:\/\/articamp.ch\/de\/wp-json\/wp\/v2\/comments?post=30215"}],"wp:featuredmedia":[{"embeddable":true,"href":"https:\/\/articamp.ch\/de\/wp-json\/wp\/v2\/media\/31151"}],"wp:attachment":[{"href":"https:\/\/articamp.ch\/de\/wp-json\/wp\/v2\/media?parent=30215"}],"wp:term":[{"taxonomy":"product_brand","embeddable":true,"href":"https:\/\/articamp.ch\/de\/wp-json\/wp\/v2\/product_brand?post=30215"},{"taxonomy":"product_cat","embeddable":true,"href":"https:\/\/articamp.ch\/de\/wp-json\/wp\/v2\/product_cat?post=30215"},{"taxonomy":"product_tag","embeddable":true,"href":"https:\/\/articamp.ch\/de\/wp-json\/wp\/v2\/product_tag?post=30215"}],"curies":[{"name":"wp","href":"https:\/\/api.w.org\/{rel}","templated":true}]}}