{"id":30211,"date":"2023-03-16T14:08:41","date_gmt":"2023-03-16T13:08:41","guid":{"rendered":"https:\/\/articamp.ch\/prodotto\/roter-makramee-regenbogen\/"},"modified":"2023-11-15T18:09:53","modified_gmt":"2023-11-15T17:09:53","slug":"regenbogen-makram-rot-gelb","status":"publish","type":"product","link":"https:\/\/articamp.ch\/de\/shop\/regenbogen-makram-rot-gelb\/","title":{"rendered":"Roter Makramee-Regenbogen"},"content":{"rendered":"<h2 style=\"text-align:left\">\u00dcber den roten Makramee-Regenbogen<\/h2>\n<p>Eine originelle und sch\u00f6ne DIY-Dekoration Wenn du auf der Suche nach einer einzigartigen und farbenfrohen Wanddekoration bist, ist dieser DIY-Makramee-Regenbogen genau das Richtige f\u00fcr dich! Dieser in Makramee-Technik handgefertigte Regenbogen besteht aus drei Baumwollf\u00e4den in Rot, Orange und Gelb, die auf eine Baumwollkordel gewebt sind.<\/p>\n<p>Dieser Makramee-Regenbogen eignet sich perfekt f\u00fcr die Dekoration von Kinderzimmern, wo er mit seinen leuchtenden Farben Freude und Hoffnung verbreitet.<\/p>\n<p>GESCHENKIDEE: Du kannst es auch als Geschenk f\u00fcr eine Babyparty oder eine Taufe verschenken, du wirst es sicher zu sch\u00e4tzen wissen!<\/p>\n<p>&gt;&gt;&gt;  T<em>Ich interessiere mich f\u00fcr Regenb\u00f6gen mit anderen Farben? Schreib uns f\u00fcr eine individuelle Anfrage!<\/em><\/p>\n<p>Der Makramee-Regenbogen ist ein aktueller Trend in der Welt des Boho-Chic. Du kannst sie ganz nach deinen W\u00fcnschen gestalten und die Farben und Gr\u00f6\u00dfen ausw\u00e4hlen, die du bevorzugst. Schreib uns einfach eine individuelle Anfrage und wir machen deinen ma\u00dfgeschneiderten Regenbogen!<\/p>\n<p>Verpasse nicht die Gelegenheit, dein Zuhause mit diesem farbenfrohen Makramee-Regenbogen noch sch\u00f6ner und origineller zu gestalten! Kaufe jetzt bei ArtiCamp, dem Online-Shop f\u00fcr Kunsthandwerk, das mit Liebe und Sorgfalt hergestellt wird.<\/p>\n<blockquote><p><strong><em>Verleihen Sie Ihrem Zuhause eine einzigartige Note mit ArtiCamp!<\/em><\/strong><\/p><\/blockquote>\n<p>&gt; INFO Nachbestellungen: Bei Artikeln, die nicht auf Lager sind, musst du mit einer Wartezeit von 1-2 Wochen f\u00fcr die Produktion rechnen.<\/p>\n<ul>\n<li>Kunsthandwerk, jedes unserer Produkte ist handgefertigt und individuell.<\/li>\n<li>Die angegebenen Ma\u00dfe sind N\u00e4herungswerte.<\/li>\n<li>Die auf dem Foto abgebildeten Dekorationsmaterialien sind nicht enthalten.<\/li>\n<li>Es kann kleine Abweichungen zwischen den Fotos und dem tats\u00e4chlichen Produkt geben.<\/li>\n<li><span style=\"font-family:-apple-system,Roboto,SegoeUI,\">Jeder Artikel ist einzigartig, weil die verwendeten H\u00f6lzer Unikate sind und nicht mit dem auf dem Foto identisch sein werden<\/span>.<\/li>\n<\/ul>\n","protected":false},"excerpt":{"rendered":"<p><span style=\"font-size: medium;\">Es ist ideal als Wanddekoration und w\u00fcrde sicherlich einen Platz in jedem Kinder- oder Jugendzimmer finden, wo seine Farben ein bisschen mehr Freude und Frieden bringen.<\/span><\/p>\n<p>&nbsp;<\/p>\n","protected":false},"featured_media":29838,"comment_status":"open","ping_status":"closed","template":"","meta":{"_monsterinsights_skip_tracking":false,"_monsterinsights_sitenote_active":false,"_monsterinsights_sitenote_note":"","_monsterinsights_sitenote_category":0},"product_brand":[],"product_cat":[151,168],"product_tag":[169,149,183,184],"class_list":{"0":"post-30211","1":"product","2":"type-product","3":"status-publish","4":"has-post-thumbnail","6":"product_cat-alle","7":"product_cat-makramee","8":"product_tag-makramee","9":"product_tag-regenbogen","10":"product_tag-schlafzimmerdekoration","11":"product_tag-wohndeko","12":"product_shipping_class-normaler-versand","14":"first","15":"onbackorder","16":"sold-individually","17":"shipping-taxable","18":"purchasable","19":"product-type-simple"},"yoast_head":"<!-- This site is optimized with the Yoast SEO plugin v27.6 - https:\/\/yoast.com\/product\/yoast-seo-wordpress\/ -->\n<title>Roter Makramee-Regenbogen - ArtiCamp<\/title>\n<meta name=\"description\" content=\"Makramee-Regenbogen auf Rot ideal als Wanddekoration im Schlafzimmer - Handgemacht f\u00fcr einen einzigartigen Touch in deinem Zuhause\" \/>\n<meta name=\"robots\" content=\"index, follow, max-snippet:-1, max-image-preview:large, max-video-preview:-1\" \/>\n<link rel=\"canonical\" href=\"https:\/\/articamp.ch\/de\/shop\/regenbogen-makram-rot-gelb\/\" \/>\n<meta property=\"og:locale\" content=\"de_DE\" \/>\n<meta property=\"og:type\" content=\"article\" \/>\n<meta property=\"og:title\" content=\"Roter Makramee-Regenbogen - ArtiCamp\" \/>\n<meta property=\"og:description\" content=\"Makramee-Regenbogen auf Rot ideal als Wanddekoration im Schlafzimmer - Handgemacht f\u00fcr einen einzigartigen Touch in deinem Zuhause\" \/>\n<meta property=\"og:url\" content=\"https:\/\/articamp.ch\/de\/shop\/regenbogen-makram-rot-gelb\/\" \/>\n<meta property=\"og:site_name\" content=\"ArtiCamp\" \/>\n<meta property=\"article:publisher\" content=\"https:\/\/www.facebook.com\/profile.php?id=100090195593870\" \/>\n<meta property=\"article:modified_time\" content=\"2023-11-15T17:09:53+00:00\" \/>\n<meta property=\"og:image\" content=\"https:\/\/i0.wp.com\/articamp.ch\/wp-content\/uploads\/2023\/03\/20230315_151520-01-scaled.jpeg?fit=2560%2C2560&ssl=1\" \/>\n\t<meta property=\"og:image:width\" content=\"2560\" \/>\n\t<meta property=\"og:image:height\" content=\"2560\" \/>\n\t<meta property=\"og:image:type\" content=\"image\/jpeg\" \/>\n<meta name=\"twitter:card\" content=\"summary_large_image\" \/>\n<meta name=\"twitter:label1\" content=\"Gesch\u00e4tzte Lesezeit\" \/>\n\t<meta name=\"twitter:data1\" content=\"1\u00a0Minute\" \/>\n<script type=\"application\/ld+json\" class=\"yoast-schema-graph\">{\"@context\":\"https:\\\/\\\/schema.org\",\"@graph\":[{\"@type\":\"WebPage\",\"@id\":\"https:\\\/\\\/articamp.ch\\\/de\\\/shop\\\/regenbogen-makram-rot-gelb\\\/\",\"url\":\"https:\\\/\\\/articamp.ch\\\/de\\\/shop\\\/regenbogen-makram-rot-gelb\\\/\",\"name\":\"Roter Makramee-Regenbogen - ArtiCamp\",\"isPartOf\":{\"@id\":\"https:\\\/\\\/articamp.ch\\\/de\\\/#website\"},\"primaryImageOfPage\":{\"@id\":\"https:\\\/\\\/articamp.ch\\\/de\\\/shop\\\/regenbogen-makram-rot-gelb\\\/#primaryimage\"},\"image\":{\"@id\":\"https:\\\/\\\/articamp.ch\\\/de\\\/shop\\\/regenbogen-makram-rot-gelb\\\/#primaryimage\"},\"thumbnailUrl\":\"https:\\\/\\\/i0.wp.com\\\/articamp.ch\\\/wp-content\\\/uploads\\\/2023\\\/03\\\/20230315_151520-01-scaled.jpeg?fit=2560%2C2560&ssl=1\",\"datePublished\":\"2023-03-16T13:08:41+00:00\",\"dateModified\":\"2023-11-15T17:09:53+00:00\",\"description\":\"Makramee-Regenbogen auf Rot ideal als Wanddekoration im Schlafzimmer - Handgemacht f\u00fcr einen einzigartigen Touch in deinem Zuhause\",\"breadcrumb\":{\"@id\":\"https:\\\/\\\/articamp.ch\\\/de\\\/shop\\\/regenbogen-makram-rot-gelb\\\/#breadcrumb\"},\"inLanguage\":\"de\",\"potentialAction\":[{\"@type\":\"ReadAction\",\"target\":[\"https:\\\/\\\/articamp.ch\\\/de\\\/shop\\\/regenbogen-makram-rot-gelb\\\/\"]}]},{\"@type\":\"ImageObject\",\"inLanguage\":\"de\",\"@id\":\"https:\\\/\\\/articamp.ch\\\/de\\\/shop\\\/regenbogen-makram-rot-gelb\\\/#primaryimage\",\"url\":\"https:\\\/\\\/i0.wp.com\\\/articamp.ch\\\/wp-content\\\/uploads\\\/2023\\\/03\\\/20230315_151520-01-scaled.jpeg?fit=2560%2C2560&ssl=1\",\"contentUrl\":\"https:\\\/\\\/i0.wp.com\\\/articamp.ch\\\/wp-content\\\/uploads\\\/2023\\\/03\\\/20230315_151520-01-scaled.jpeg?fit=2560%2C2560&ssl=1\",\"width\":2560,\"height\":2560,\"caption\":\"roter Makramee-Regenbogen\"},{\"@type\":\"BreadcrumbList\",\"@id\":\"https:\\\/\\\/articamp.ch\\\/de\\\/shop\\\/regenbogen-makram-rot-gelb\\\/#breadcrumb\",\"itemListElement\":[{\"@type\":\"ListItem\",\"position\":1,\"name\":\"Home\",\"item\":\"https:\\\/\\\/articamp.ch\\\/de\\\/\"},{\"@type\":\"ListItem\",\"position\":2,\"name\":\"Shop\",\"item\":\"https:\\\/\\\/articamp.ch\\\/de\\\/shop\\\/\"},{\"@type\":\"ListItem\",\"position\":3,\"name\":\"Roter Makramee-Regenbogen\"}]},{\"@type\":\"WebSite\",\"@id\":\"https:\\\/\\\/articamp.ch\\\/de\\\/#website\",\"url\":\"https:\\\/\\\/articamp.ch\\\/de\\\/\",\"name\":\"articamp.ch\",\"description\":\"lavori d&#039;artigianato individuali fatti a mano\",\"publisher\":{\"@id\":\"https:\\\/\\\/articamp.ch\\\/de\\\/#organization\"},\"potentialAction\":[{\"@type\":\"SearchAction\",\"target\":{\"@type\":\"EntryPoint\",\"urlTemplate\":\"https:\\\/\\\/articamp.ch\\\/de\\\/?s={search_term_string}\"},\"query-input\":{\"@type\":\"PropertyValueSpecification\",\"valueRequired\":true,\"valueName\":\"search_term_string\"}}],\"inLanguage\":\"de\"},{\"@type\":\"Organization\",\"@id\":\"https:\\\/\\\/articamp.ch\\\/de\\\/#organization\",\"name\":\"ArtiCamp\",\"url\":\"https:\\\/\\\/articamp.ch\\\/de\\\/\",\"logo\":{\"@type\":\"ImageObject\",\"inLanguage\":\"de\",\"@id\":\"https:\\\/\\\/articamp.ch\\\/de\\\/#\\\/schema\\\/logo\\\/image\\\/\",\"url\":\"https:\\\/\\\/i0.wp.com\\\/articamp.ch\\\/wp-content\\\/uploads\\\/2023\\\/12\\\/cropped-Logo-ArtiCamp.png?fit=512%2C512&ssl=1\",\"contentUrl\":\"https:\\\/\\\/i0.wp.com\\\/articamp.ch\\\/wp-content\\\/uploads\\\/2023\\\/12\\\/cropped-Logo-ArtiCamp.png?fit=512%2C512&ssl=1\",\"width\":512,\"height\":512,\"caption\":\"ArtiCamp\"},\"image\":{\"@id\":\"https:\\\/\\\/articamp.ch\\\/de\\\/#\\\/schema\\\/logo\\\/image\\\/\"},\"sameAs\":[\"https:\\\/\\\/www.facebook.com\\\/profile.php?id=100090195593870\",\"https:\\\/\\\/www.instagram.com\\\/articamp.ch\\\/\",\"https:\\\/\\\/www.tiktok.com\\\/@articamp\"]}]}<\/script>\n<!-- \/ Yoast SEO plugin. -->","yoast_head_json":{"title":"Roter Makramee-Regenbogen - ArtiCamp","description":"Makramee-Regenbogen auf Rot ideal als Wanddekoration im Schlafzimmer - Handgemacht f\u00fcr einen einzigartigen Touch in deinem Zuhause","robots":{"index":"index","follow":"follow","max-snippet":"max-snippet:-1","max-image-preview":"max-image-preview:large","max-video-preview":"max-video-preview:-1"},"canonical":"https:\/\/articamp.ch\/de\/shop\/regenbogen-makram-rot-gelb\/","og_locale":"de_DE","og_type":"article","og_title":"Roter Makramee-Regenbogen - ArtiCamp","og_description":"Makramee-Regenbogen auf Rot ideal als Wanddekoration im Schlafzimmer - Handgemacht f\u00fcr einen einzigartigen Touch in deinem Zuhause","og_url":"https:\/\/articamp.ch\/de\/shop\/regenbogen-makram-rot-gelb\/","og_site_name":"ArtiCamp","article_publisher":"https:\/\/www.facebook.com\/profile.php?id=100090195593870","article_modified_time":"2023-11-15T17:09:53+00:00","og_image":[{"width":2560,"height":2560,"url":"https:\/\/i0.wp.com\/articamp.ch\/wp-content\/uploads\/2023\/03\/20230315_151520-01-scaled.jpeg?fit=2560%2C2560&ssl=1","type":"image\/jpeg"}],"twitter_card":"summary_large_image","twitter_misc":{"Gesch\u00e4tzte Lesezeit":"1\u00a0Minute"},"schema":{"@context":"https:\/\/schema.org","@graph":[{"@type":"WebPage","@id":"https:\/\/articamp.ch\/de\/shop\/regenbogen-makram-rot-gelb\/","url":"https:\/\/articamp.ch\/de\/shop\/regenbogen-makram-rot-gelb\/","name":"Roter Makramee-Regenbogen - ArtiCamp","isPartOf":{"@id":"https:\/\/articamp.ch\/de\/#website"},"primaryImageOfPage":{"@id":"https:\/\/articamp.ch\/de\/shop\/regenbogen-makram-rot-gelb\/#primaryimage"},"image":{"@id":"https:\/\/articamp.ch\/de\/shop\/regenbogen-makram-rot-gelb\/#primaryimage"},"thumbnailUrl":"https:\/\/i0.wp.com\/articamp.ch\/wp-content\/uploads\/2023\/03\/20230315_151520-01-scaled.jpeg?fit=2560%2C2560&ssl=1","datePublished":"2023-03-16T13:08:41+00:00","dateModified":"2023-11-15T17:09:53+00:00","description":"Makramee-Regenbogen auf Rot ideal als Wanddekoration im Schlafzimmer - Handgemacht f\u00fcr einen einzigartigen Touch in deinem Zuhause","breadcrumb":{"@id":"https:\/\/articamp.ch\/de\/shop\/regenbogen-makram-rot-gelb\/#breadcrumb"},"inLanguage":"de","potentialAction":[{"@type":"ReadAction","target":["https:\/\/articamp.ch\/de\/shop\/regenbogen-makram-rot-gelb\/"]}]},{"@type":"ImageObject","inLanguage":"de","@id":"https:\/\/articamp.ch\/de\/shop\/regenbogen-makram-rot-gelb\/#primaryimage","url":"https:\/\/i0.wp.com\/articamp.ch\/wp-content\/uploads\/2023\/03\/20230315_151520-01-scaled.jpeg?fit=2560%2C2560&ssl=1","contentUrl":"https:\/\/i0.wp.com\/articamp.ch\/wp-content\/uploads\/2023\/03\/20230315_151520-01-scaled.jpeg?fit=2560%2C2560&ssl=1","width":2560,"height":2560,"caption":"roter Makramee-Regenbogen"},{"@type":"BreadcrumbList","@id":"https:\/\/articamp.ch\/de\/shop\/regenbogen-makram-rot-gelb\/#breadcrumb","itemListElement":[{"@type":"ListItem","position":1,"name":"Home","item":"https:\/\/articamp.ch\/de\/"},{"@type":"ListItem","position":2,"name":"Shop","item":"https:\/\/articamp.ch\/de\/shop\/"},{"@type":"ListItem","position":3,"name":"Roter Makramee-Regenbogen"}]},{"@type":"WebSite","@id":"https:\/\/articamp.ch\/de\/#website","url":"https:\/\/articamp.ch\/de\/","name":"articamp.ch","description":"lavori d&#039;artigianato individuali fatti a mano","publisher":{"@id":"https:\/\/articamp.ch\/de\/#organization"},"potentialAction":[{"@type":"SearchAction","target":{"@type":"EntryPoint","urlTemplate":"https:\/\/articamp.ch\/de\/?s={search_term_string}"},"query-input":{"@type":"PropertyValueSpecification","valueRequired":true,"valueName":"search_term_string"}}],"inLanguage":"de"},{"@type":"Organization","@id":"https:\/\/articamp.ch\/de\/#organization","name":"ArtiCamp","url":"https:\/\/articamp.ch\/de\/","logo":{"@type":"ImageObject","inLanguage":"de","@id":"https:\/\/articamp.ch\/de\/#\/schema\/logo\/image\/","url":"https:\/\/i0.wp.com\/articamp.ch\/wp-content\/uploads\/2023\/12\/cropped-Logo-ArtiCamp.png?fit=512%2C512&ssl=1","contentUrl":"https:\/\/i0.wp.com\/articamp.ch\/wp-content\/uploads\/2023\/12\/cropped-Logo-ArtiCamp.png?fit=512%2C512&ssl=1","width":512,"height":512,"caption":"ArtiCamp"},"image":{"@id":"https:\/\/articamp.ch\/de\/#\/schema\/logo\/image\/"},"sameAs":["https:\/\/www.facebook.com\/profile.php?id=100090195593870","https:\/\/www.instagram.com\/articamp.ch\/","https:\/\/www.tiktok.com\/@articamp"]}]}},"jetpack_sharing_enabled":true,"_links":{"self":[{"href":"https:\/\/articamp.ch\/de\/wp-json\/wp\/v2\/product\/30211","targetHints":{"allow":["GET"]}}],"collection":[{"href":"https:\/\/articamp.ch\/de\/wp-json\/wp\/v2\/product"}],"about":[{"href":"https:\/\/articamp.ch\/de\/wp-json\/wp\/v2\/types\/product"}],"replies":[{"embeddable":true,"href":"https:\/\/articamp.ch\/de\/wp-json\/wp\/v2\/comments?post=30211"}],"wp:featuredmedia":[{"embeddable":true,"href":"https:\/\/articamp.ch\/de\/wp-json\/wp\/v2\/media\/29838"}],"wp:attachment":[{"href":"https:\/\/articamp.ch\/de\/wp-json\/wp\/v2\/media?parent=30211"}],"wp:term":[{"taxonomy":"product_brand","embeddable":true,"href":"https:\/\/articamp.ch\/de\/wp-json\/wp\/v2\/product_brand?post=30211"},{"taxonomy":"product_cat","embeddable":true,"href":"https:\/\/articamp.ch\/de\/wp-json\/wp\/v2\/product_cat?post=30211"},{"taxonomy":"product_tag","embeddable":true,"href":"https:\/\/articamp.ch\/de\/wp-json\/wp\/v2\/product_tag?post=30211"}],"curies":[{"name":"wp","href":"https:\/\/api.w.org\/{rel}","templated":true}]}}