{"id":30206,"date":"2023-03-17T12:57:05","date_gmt":"2023-03-17T11:57:05","guid":{"rendered":"https:\/\/articamp.ch\/prodotto\/zebraflasche\/"},"modified":"2023-04-26T13:19:02","modified_gmt":"2023-04-26T11:19:02","slug":"zebraflasche","status":"publish","type":"product","link":"https:\/\/articamp.ch\/de\/shop\/zebraflasche\/","title":{"rendered":"Zebraflasche"},"content":{"rendered":"<h2 style=\"text-align:left\">\u00dcber die Zebra-Flasche<\/h2>\n<p>Stell die Zebraflasche auf den Balkon (gesch\u00fctzt vor Regen) oder in die N\u00e4he des Fensters. Tags\u00fcber wird der Akku durch die Sonne aufgeladen, abends, sobald es dunkel wird, schaltet sich die Lampe von selbst ein, ohne dass Sie etwas tun m\u00fcssen. Lassen Sie sich jede Nacht von einer magischen Atmosph\u00e4re mit viel Liebe \u00fcberraschen.<\/p>\n<p>Je mehr Licht Sie der Flasche tags\u00fcber geben k\u00f6nnen, desto mehr Licht bekommt sie abends.<\/p>\n<p>Die Flasche wurde von Hand mit halbtransparenten, perlmuttartigen Linien und schwarzer Schrift verziert.<\/p>\n<p>Eine perfekte Geschenkidee f\u00fcr jemanden, den Sie sehr lieben und der ein besonderes und einzigartiges Geschenk verdient hat.<\/p>\n<blockquote><p><strong><em>Versch\u00f6nern Sie Ihr Zuhause mit ArtiCamp!!!<\/em><\/strong><\/p><\/blockquote>\n<p>Ma\u00dfe des Produkts:<\/p>\n<p>H\u00f6he 29 cm<\/p>\n<p>Durchmesser max. 6 cm<\/p>\n<ul>\n<li>Kunsthandwerk, jedes unserer Produkte ist handgefertigt und individuell.<\/li>\n<li>Die angegebenen Ma\u00dfe sind N\u00e4herungswerte.<\/li>\n<li>Die auf dem Foto abgebildeten Dekorationsmaterialien sind nicht enthalten.<\/li>\n<li>Es kann zu kleinen Farbabweichungen zwischen den Fotos und dem tats\u00e4chlichen Produkt kommen.<\/li>\n<\/ul>\n","protected":false},"excerpt":{"rendered":"<p>Individuell gestaltete Lichtflasche.<\/p>\n<p>Handdekoriert f\u00fcr ein einzigartiges Ambiente in Ihrem Zuhause.<\/p>\n<p>&nbsp;<\/p>\n","protected":false},"featured_media":29812,"comment_status":"open","ping_status":"closed","template":"","meta":{"_monsterinsights_skip_tracking":false,"_monsterinsights_sitenote_active":false,"_monsterinsights_sitenote_note":"","_monsterinsights_sitenote_category":0},"product_brand":[],"product_cat":[151,153],"product_tag":[158,163,161],"class_list":{"0":"post-30206","1":"product","2":"type-product","3":"status-publish","4":"has-post-thumbnail","6":"product_cat-alle","7":"product_cat-leuchtende-flaschen","8":"product_tag-flasche","9":"product_tag-leuchtende-flasche","10":"product_tag-zauberflasche","11":"product_shipping_class-grosses-pack","13":"first","14":"onbackorder","15":"sale","16":"sold-individually","17":"shipping-taxable","18":"purchasable","19":"product-type-simple"},"yoast_head":"<!-- This site is optimized with the Yoast SEO plugin v27.6 - https:\/\/yoast.com\/product\/yoast-seo-wordpress\/ -->\n<title>Zebraflasche - ArtiCamp<\/title>\n<meta name=\"description\" content=\"Lass die Zebraflasche tags\u00fcber auf dem Balkon oder am Fenster stehen und lass dich jeden Abend von einer einzigartigen Atmosph\u00e4re \u00fcberraschen.\" \/>\n<meta name=\"robots\" content=\"index, follow, max-snippet:-1, max-image-preview:large, max-video-preview:-1\" \/>\n<link rel=\"canonical\" href=\"https:\/\/articamp.ch\/de\/shop\/zebraflasche\/\" \/>\n<meta property=\"og:locale\" content=\"de_DE\" \/>\n<meta property=\"og:type\" content=\"article\" \/>\n<meta property=\"og:title\" content=\"Zebraflasche - ArtiCamp\" \/>\n<meta property=\"og:description\" content=\"Lass die Zebraflasche tags\u00fcber auf dem Balkon oder am Fenster stehen und lass dich jeden Abend von einer einzigartigen Atmosph\u00e4re \u00fcberraschen.\" \/>\n<meta property=\"og:url\" content=\"https:\/\/articamp.ch\/de\/shop\/zebraflasche\/\" \/>\n<meta property=\"og:site_name\" content=\"ArtiCamp\" \/>\n<meta property=\"article:publisher\" content=\"https:\/\/www.facebook.com\/profile.php?id=100090195593870\" \/>\n<meta property=\"article:modified_time\" content=\"2023-04-26T11:19:02+00:00\" \/>\n<meta property=\"og:image\" content=\"https:\/\/i0.wp.com\/articamp.ch\/wp-content\/uploads\/2023\/03\/20230315_151402-01-scaled.jpeg?fit=1920%2C2560&ssl=1\" \/>\n\t<meta property=\"og:image:width\" content=\"1920\" \/>\n\t<meta property=\"og:image:height\" content=\"2560\" \/>\n\t<meta property=\"og:image:type\" content=\"image\/jpeg\" \/>\n<meta name=\"twitter:card\" content=\"summary_large_image\" \/>\n<meta name=\"twitter:label1\" content=\"Gesch\u00e4tzte Lesezeit\" \/>\n\t<meta name=\"twitter:data1\" content=\"1\u00a0Minute\" \/>\n<script type=\"application\/ld+json\" class=\"yoast-schema-graph\">{\"@context\":\"https:\\\/\\\/schema.org\",\"@graph\":[{\"@type\":\"WebPage\",\"@id\":\"https:\\\/\\\/articamp.ch\\\/de\\\/shop\\\/zebraflasche\\\/\",\"url\":\"https:\\\/\\\/articamp.ch\\\/de\\\/shop\\\/zebraflasche\\\/\",\"name\":\"Zebraflasche - ArtiCamp\",\"isPartOf\":{\"@id\":\"https:\\\/\\\/articamp.ch\\\/de\\\/#website\"},\"primaryImageOfPage\":{\"@id\":\"https:\\\/\\\/articamp.ch\\\/de\\\/shop\\\/zebraflasche\\\/#primaryimage\"},\"image\":{\"@id\":\"https:\\\/\\\/articamp.ch\\\/de\\\/shop\\\/zebraflasche\\\/#primaryimage\"},\"thumbnailUrl\":\"https:\\\/\\\/i0.wp.com\\\/articamp.ch\\\/wp-content\\\/uploads\\\/2023\\\/03\\\/20230315_151402-01-scaled.jpeg?fit=1920%2C2560&ssl=1\",\"datePublished\":\"2023-03-17T11:57:05+00:00\",\"dateModified\":\"2023-04-26T11:19:02+00:00\",\"description\":\"Lass die Zebraflasche tags\u00fcber auf dem Balkon oder am Fenster stehen und lass dich jeden Abend von einer einzigartigen Atmosph\u00e4re \u00fcberraschen.\",\"breadcrumb\":{\"@id\":\"https:\\\/\\\/articamp.ch\\\/de\\\/shop\\\/zebraflasche\\\/#breadcrumb\"},\"inLanguage\":\"de\",\"potentialAction\":[{\"@type\":\"ReadAction\",\"target\":[\"https:\\\/\\\/articamp.ch\\\/de\\\/shop\\\/zebraflasche\\\/\"]}]},{\"@type\":\"ImageObject\",\"inLanguage\":\"de\",\"@id\":\"https:\\\/\\\/articamp.ch\\\/de\\\/shop\\\/zebraflasche\\\/#primaryimage\",\"url\":\"https:\\\/\\\/i0.wp.com\\\/articamp.ch\\\/wp-content\\\/uploads\\\/2023\\\/03\\\/20230315_151402-01-scaled.jpeg?fit=1920%2C2560&ssl=1\",\"contentUrl\":\"https:\\\/\\\/i0.wp.com\\\/articamp.ch\\\/wp-content\\\/uploads\\\/2023\\\/03\\\/20230315_151402-01-scaled.jpeg?fit=1920%2C2560&ssl=1\",\"width\":1920,\"height\":2560,\"caption\":\"Zebraflasche\"},{\"@type\":\"BreadcrumbList\",\"@id\":\"https:\\\/\\\/articamp.ch\\\/de\\\/shop\\\/zebraflasche\\\/#breadcrumb\",\"itemListElement\":[{\"@type\":\"ListItem\",\"position\":1,\"name\":\"Home\",\"item\":\"https:\\\/\\\/articamp.ch\\\/de\\\/\"},{\"@type\":\"ListItem\",\"position\":2,\"name\":\"Shop\",\"item\":\"https:\\\/\\\/articamp.ch\\\/de\\\/shop\\\/\"},{\"@type\":\"ListItem\",\"position\":3,\"name\":\"Zebraflasche\"}]},{\"@type\":\"WebSite\",\"@id\":\"https:\\\/\\\/articamp.ch\\\/de\\\/#website\",\"url\":\"https:\\\/\\\/articamp.ch\\\/de\\\/\",\"name\":\"articamp.ch\",\"description\":\"lavori d&#039;artigianato individuali fatti a mano\",\"publisher\":{\"@id\":\"https:\\\/\\\/articamp.ch\\\/de\\\/#organization\"},\"potentialAction\":[{\"@type\":\"SearchAction\",\"target\":{\"@type\":\"EntryPoint\",\"urlTemplate\":\"https:\\\/\\\/articamp.ch\\\/de\\\/?s={search_term_string}\"},\"query-input\":{\"@type\":\"PropertyValueSpecification\",\"valueRequired\":true,\"valueName\":\"search_term_string\"}}],\"inLanguage\":\"de\"},{\"@type\":\"Organization\",\"@id\":\"https:\\\/\\\/articamp.ch\\\/de\\\/#organization\",\"name\":\"ArtiCamp\",\"url\":\"https:\\\/\\\/articamp.ch\\\/de\\\/\",\"logo\":{\"@type\":\"ImageObject\",\"inLanguage\":\"de\",\"@id\":\"https:\\\/\\\/articamp.ch\\\/de\\\/#\\\/schema\\\/logo\\\/image\\\/\",\"url\":\"https:\\\/\\\/i0.wp.com\\\/articamp.ch\\\/wp-content\\\/uploads\\\/2023\\\/12\\\/cropped-Logo-ArtiCamp.png?fit=512%2C512&ssl=1\",\"contentUrl\":\"https:\\\/\\\/i0.wp.com\\\/articamp.ch\\\/wp-content\\\/uploads\\\/2023\\\/12\\\/cropped-Logo-ArtiCamp.png?fit=512%2C512&ssl=1\",\"width\":512,\"height\":512,\"caption\":\"ArtiCamp\"},\"image\":{\"@id\":\"https:\\\/\\\/articamp.ch\\\/de\\\/#\\\/schema\\\/logo\\\/image\\\/\"},\"sameAs\":[\"https:\\\/\\\/www.facebook.com\\\/profile.php?id=100090195593870\",\"https:\\\/\\\/www.instagram.com\\\/articamp.ch\\\/\",\"https:\\\/\\\/www.tiktok.com\\\/@articamp\"]}]}<\/script>\n<!-- \/ Yoast SEO plugin. -->","yoast_head_json":{"title":"Zebraflasche - ArtiCamp","description":"Lass die Zebraflasche tags\u00fcber auf dem Balkon oder am Fenster stehen und lass dich jeden Abend von einer einzigartigen Atmosph\u00e4re \u00fcberraschen.","robots":{"index":"index","follow":"follow","max-snippet":"max-snippet:-1","max-image-preview":"max-image-preview:large","max-video-preview":"max-video-preview:-1"},"canonical":"https:\/\/articamp.ch\/de\/shop\/zebraflasche\/","og_locale":"de_DE","og_type":"article","og_title":"Zebraflasche - ArtiCamp","og_description":"Lass die Zebraflasche tags\u00fcber auf dem Balkon oder am Fenster stehen und lass dich jeden Abend von einer einzigartigen Atmosph\u00e4re \u00fcberraschen.","og_url":"https:\/\/articamp.ch\/de\/shop\/zebraflasche\/","og_site_name":"ArtiCamp","article_publisher":"https:\/\/www.facebook.com\/profile.php?id=100090195593870","article_modified_time":"2023-04-26T11:19:02+00:00","og_image":[{"width":1920,"height":2560,"url":"https:\/\/i0.wp.com\/articamp.ch\/wp-content\/uploads\/2023\/03\/20230315_151402-01-scaled.jpeg?fit=1920%2C2560&ssl=1","type":"image\/jpeg"}],"twitter_card":"summary_large_image","twitter_misc":{"Gesch\u00e4tzte Lesezeit":"1\u00a0Minute"},"schema":{"@context":"https:\/\/schema.org","@graph":[{"@type":"WebPage","@id":"https:\/\/articamp.ch\/de\/shop\/zebraflasche\/","url":"https:\/\/articamp.ch\/de\/shop\/zebraflasche\/","name":"Zebraflasche - ArtiCamp","isPartOf":{"@id":"https:\/\/articamp.ch\/de\/#website"},"primaryImageOfPage":{"@id":"https:\/\/articamp.ch\/de\/shop\/zebraflasche\/#primaryimage"},"image":{"@id":"https:\/\/articamp.ch\/de\/shop\/zebraflasche\/#primaryimage"},"thumbnailUrl":"https:\/\/i0.wp.com\/articamp.ch\/wp-content\/uploads\/2023\/03\/20230315_151402-01-scaled.jpeg?fit=1920%2C2560&ssl=1","datePublished":"2023-03-17T11:57:05+00:00","dateModified":"2023-04-26T11:19:02+00:00","description":"Lass die Zebraflasche tags\u00fcber auf dem Balkon oder am Fenster stehen und lass dich jeden Abend von einer einzigartigen Atmosph\u00e4re \u00fcberraschen.","breadcrumb":{"@id":"https:\/\/articamp.ch\/de\/shop\/zebraflasche\/#breadcrumb"},"inLanguage":"de","potentialAction":[{"@type":"ReadAction","target":["https:\/\/articamp.ch\/de\/shop\/zebraflasche\/"]}]},{"@type":"ImageObject","inLanguage":"de","@id":"https:\/\/articamp.ch\/de\/shop\/zebraflasche\/#primaryimage","url":"https:\/\/i0.wp.com\/articamp.ch\/wp-content\/uploads\/2023\/03\/20230315_151402-01-scaled.jpeg?fit=1920%2C2560&ssl=1","contentUrl":"https:\/\/i0.wp.com\/articamp.ch\/wp-content\/uploads\/2023\/03\/20230315_151402-01-scaled.jpeg?fit=1920%2C2560&ssl=1","width":1920,"height":2560,"caption":"Zebraflasche"},{"@type":"BreadcrumbList","@id":"https:\/\/articamp.ch\/de\/shop\/zebraflasche\/#breadcrumb","itemListElement":[{"@type":"ListItem","position":1,"name":"Home","item":"https:\/\/articamp.ch\/de\/"},{"@type":"ListItem","position":2,"name":"Shop","item":"https:\/\/articamp.ch\/de\/shop\/"},{"@type":"ListItem","position":3,"name":"Zebraflasche"}]},{"@type":"WebSite","@id":"https:\/\/articamp.ch\/de\/#website","url":"https:\/\/articamp.ch\/de\/","name":"articamp.ch","description":"lavori d&#039;artigianato individuali fatti a mano","publisher":{"@id":"https:\/\/articamp.ch\/de\/#organization"},"potentialAction":[{"@type":"SearchAction","target":{"@type":"EntryPoint","urlTemplate":"https:\/\/articamp.ch\/de\/?s={search_term_string}"},"query-input":{"@type":"PropertyValueSpecification","valueRequired":true,"valueName":"search_term_string"}}],"inLanguage":"de"},{"@type":"Organization","@id":"https:\/\/articamp.ch\/de\/#organization","name":"ArtiCamp","url":"https:\/\/articamp.ch\/de\/","logo":{"@type":"ImageObject","inLanguage":"de","@id":"https:\/\/articamp.ch\/de\/#\/schema\/logo\/image\/","url":"https:\/\/i0.wp.com\/articamp.ch\/wp-content\/uploads\/2023\/12\/cropped-Logo-ArtiCamp.png?fit=512%2C512&ssl=1","contentUrl":"https:\/\/i0.wp.com\/articamp.ch\/wp-content\/uploads\/2023\/12\/cropped-Logo-ArtiCamp.png?fit=512%2C512&ssl=1","width":512,"height":512,"caption":"ArtiCamp"},"image":{"@id":"https:\/\/articamp.ch\/de\/#\/schema\/logo\/image\/"},"sameAs":["https:\/\/www.facebook.com\/profile.php?id=100090195593870","https:\/\/www.instagram.com\/articamp.ch\/","https:\/\/www.tiktok.com\/@articamp"]}]}},"jetpack_sharing_enabled":true,"_links":{"self":[{"href":"https:\/\/articamp.ch\/de\/wp-json\/wp\/v2\/product\/30206","targetHints":{"allow":["GET"]}}],"collection":[{"href":"https:\/\/articamp.ch\/de\/wp-json\/wp\/v2\/product"}],"about":[{"href":"https:\/\/articamp.ch\/de\/wp-json\/wp\/v2\/types\/product"}],"replies":[{"embeddable":true,"href":"https:\/\/articamp.ch\/de\/wp-json\/wp\/v2\/comments?post=30206"}],"wp:featuredmedia":[{"embeddable":true,"href":"https:\/\/articamp.ch\/de\/wp-json\/wp\/v2\/media\/29812"}],"wp:attachment":[{"href":"https:\/\/articamp.ch\/de\/wp-json\/wp\/v2\/media?parent=30206"}],"wp:term":[{"taxonomy":"product_brand","embeddable":true,"href":"https:\/\/articamp.ch\/de\/wp-json\/wp\/v2\/product_brand?post=30206"},{"taxonomy":"product_cat","embeddable":true,"href":"https:\/\/articamp.ch\/de\/wp-json\/wp\/v2\/product_cat?post=30206"},{"taxonomy":"product_tag","embeddable":true,"href":"https:\/\/articamp.ch\/de\/wp-json\/wp\/v2\/product_tag?post=30206"}],"curies":[{"name":"wp","href":"https:\/\/api.w.org\/{rel}","templated":true}]}}