{"id":30197,"date":"2023-03-28T19:26:01","date_gmt":"2023-03-28T17:26:01","guid":{"rendered":"https:\/\/articamp.ch\/prodotto\/laterna-aus-makramee\/"},"modified":"2023-04-26T10:32:08","modified_gmt":"2023-04-26T08:32:08","slug":"makramee-windlicht","status":"publish","type":"product","link":"https:\/\/articamp.ch\/de\/shop\/makramee-windlicht\/","title":{"rendered":"Makramee-Windlicht"},"content":{"rendered":"<h2 style=\"text-align: left;\">\u00dcber das Makramee-Windlicht<\/h2>\n<p style=\"text-align: left;\">Dieses Windlicht wurde in der Macram\u00e9-Technik mit Baumwollgarn handgefertigt. Das perfekte Accessoire, um Ihren Fenstern oder Ihrem Balkon eine besondere Note zu verleihen. Sie k\u00f6nnen es entweder als Windlicht mit einer Kerze (oder einer batteriebetriebenen Kerze) oder als Vase zum Aufstellen von Blumen verwenden.<\/p>\n<p style=\"text-align: left;\">Suchen Sie eine Geschenkidee? Dann \u00fcberraschen Sie mit diesem Makramee sicher jemand Besonderen ;)<\/p>\n<blockquote><p><strong><em>Verleihen Sie Ihrem Zuhause einen magischen Touch mit ArtiCamp!<\/em><\/strong><\/p><\/blockquote>\n<p>Die Gr\u00f6\u00dfe des Gef\u00e4\u00dfes betr\u00e4gt ca. 11 cm.<\/p>\n<ul>\n<li>Kunsthandwerk, jedes unserer Produkte ist handgefertigt und individuell.<\/li>\n<li>Die angegebenen Ma\u00dfe sind N\u00e4herungswerte.<\/li>\n<li>Die auf dem Foto abgebildeten Dekorationsmaterialien sind nicht im Lieferumfang enthalten.<\/li>\n<li>Es kann zu kleinen Farbabweichungen zwischen den Fotos und dem tats\u00e4chlichen Produkt kommen.<\/li>\n<\/ul>\n","protected":false},"excerpt":{"rendered":"<p>Das perfekte Accessoire, um Ihren Fenstern eine besondere Note zu verleihen, egal ob im Innen- oder Au\u00dfenbereich, diese Laterna ist ein echter Blickfang und verleiht Ihnen ein einzigartiges Ambiente.<\/p>\n","protected":false},"featured_media":30606,"comment_status":"open","ping_status":"closed","template":"","meta":{"_monsterinsights_skip_tracking":false,"_monsterinsights_sitenote_active":false,"_monsterinsights_sitenote_note":"","_monsterinsights_sitenote_category":0},"product_brand":[],"product_cat":[151,168],"product_tag":[169,171,170,172],"class_list":{"0":"post-30197","1":"product","2":"type-product","3":"status-publish","4":"has-post-thumbnail","6":"product_cat-alle","7":"product_cat-makramee","8":"product_tag-makramee","9":"product_tag-reisemobil","10":"product_tag-van-de","11":"product_tag-vasenhalter","12":"product_shipping_class-grosses-pack","14":"first","15":"onbackorder","16":"sold-individually","17":"shipping-taxable","18":"purchasable","19":"product-type-simple"},"yoast_head":"<!-- This site is optimized with the Yoast SEO plugin v27.6 - https:\/\/yoast.com\/product\/yoast-seo-wordpress\/ -->\n<title>Makramee-Windlicht - ArtiCamp<\/title>\n<meta name=\"description\" content=\"Wenig Licht im Haus? Dank des Makramees vor dem Fenster wird es Ihrer Pflanze an nichts mehr fehlen und sie wird viele gr\u00fcne Bl\u00e4tter treiben k\u00f6nnen.\" \/>\n<meta name=\"robots\" content=\"index, follow, max-snippet:-1, max-image-preview:large, max-video-preview:-1\" \/>\n<link rel=\"canonical\" href=\"https:\/\/articamp.ch\/de\/shop\/makramee-windlicht\/\" \/>\n<meta property=\"og:locale\" content=\"de_DE\" \/>\n<meta property=\"og:type\" content=\"article\" \/>\n<meta property=\"og:title\" content=\"Makramee-Windlicht - ArtiCamp\" \/>\n<meta property=\"og:description\" content=\"Wenig Licht im Haus? Dank des Makramees vor dem Fenster wird es Ihrer Pflanze an nichts mehr fehlen und sie wird viele gr\u00fcne Bl\u00e4tter treiben k\u00f6nnen.\" \/>\n<meta property=\"og:url\" content=\"https:\/\/articamp.ch\/de\/shop\/makramee-windlicht\/\" \/>\n<meta property=\"og:site_name\" content=\"ArtiCamp\" \/>\n<meta property=\"article:publisher\" content=\"https:\/\/www.facebook.com\/profile.php?id=100090195593870\" \/>\n<meta property=\"article:modified_time\" content=\"2023-04-26T08:32:08+00:00\" \/>\n<meta property=\"og:image\" content=\"https:\/\/articamp.ch\/wp-content\/uploads\/2023\/03\/20230327_143107-01-scaled.jpeg\" \/>\n\t<meta property=\"og:image:width\" content=\"1440\" \/>\n\t<meta property=\"og:image:height\" content=\"2560\" \/>\n\t<meta property=\"og:image:type\" content=\"image\/jpeg\" \/>\n<meta name=\"twitter:card\" content=\"summary_large_image\" \/>\n<meta name=\"twitter:label1\" content=\"Gesch\u00e4tzte Lesezeit\" \/>\n\t<meta name=\"twitter:data1\" content=\"1\u00a0Minute\" \/>\n<script type=\"application\/ld+json\" class=\"yoast-schema-graph\">{\"@context\":\"https:\\\/\\\/schema.org\",\"@graph\":[{\"@type\":\"WebPage\",\"@id\":\"https:\\\/\\\/articamp.ch\\\/de\\\/shop\\\/makramee-windlicht\\\/\",\"url\":\"https:\\\/\\\/articamp.ch\\\/de\\\/shop\\\/makramee-windlicht\\\/\",\"name\":\"Makramee-Windlicht - ArtiCamp\",\"isPartOf\":{\"@id\":\"https:\\\/\\\/articamp.ch\\\/de\\\/#website\"},\"primaryImageOfPage\":{\"@id\":\"https:\\\/\\\/articamp.ch\\\/de\\\/shop\\\/makramee-windlicht\\\/#primaryimage\"},\"image\":{\"@id\":\"https:\\\/\\\/articamp.ch\\\/de\\\/shop\\\/makramee-windlicht\\\/#primaryimage\"},\"thumbnailUrl\":\"https:\\\/\\\/i0.wp.com\\\/articamp.ch\\\/wp-content\\\/uploads\\\/2023\\\/05\\\/20230327_143014-01-jpeg.webp?fit=800%2C1422&ssl=1\",\"datePublished\":\"2023-03-28T17:26:01+00:00\",\"dateModified\":\"2023-04-26T08:32:08+00:00\",\"description\":\"Wenig Licht im Haus? Dank des Makramees vor dem Fenster wird es Ihrer Pflanze an nichts mehr fehlen und sie wird viele gr\u00fcne Bl\u00e4tter treiben k\u00f6nnen.\",\"breadcrumb\":{\"@id\":\"https:\\\/\\\/articamp.ch\\\/de\\\/shop\\\/makramee-windlicht\\\/#breadcrumb\"},\"inLanguage\":\"de\",\"potentialAction\":[{\"@type\":\"ReadAction\",\"target\":[\"https:\\\/\\\/articamp.ch\\\/de\\\/shop\\\/makramee-windlicht\\\/\"]}]},{\"@type\":\"ImageObject\",\"inLanguage\":\"de\",\"@id\":\"https:\\\/\\\/articamp.ch\\\/de\\\/shop\\\/makramee-windlicht\\\/#primaryimage\",\"url\":\"https:\\\/\\\/i0.wp.com\\\/articamp.ch\\\/wp-content\\\/uploads\\\/2023\\\/05\\\/20230327_143014-01-jpeg.webp?fit=800%2C1422&ssl=1\",\"contentUrl\":\"https:\\\/\\\/i0.wp.com\\\/articamp.ch\\\/wp-content\\\/uploads\\\/2023\\\/05\\\/20230327_143014-01-jpeg.webp?fit=800%2C1422&ssl=1\",\"width\":800,\"height\":1422},{\"@type\":\"BreadcrumbList\",\"@id\":\"https:\\\/\\\/articamp.ch\\\/de\\\/shop\\\/makramee-windlicht\\\/#breadcrumb\",\"itemListElement\":[{\"@type\":\"ListItem\",\"position\":1,\"name\":\"Home\",\"item\":\"https:\\\/\\\/articamp.ch\\\/de\\\/\"},{\"@type\":\"ListItem\",\"position\":2,\"name\":\"Shop\",\"item\":\"https:\\\/\\\/articamp.ch\\\/de\\\/shop\\\/\"},{\"@type\":\"ListItem\",\"position\":3,\"name\":\"Makramee-Windlicht\"}]},{\"@type\":\"WebSite\",\"@id\":\"https:\\\/\\\/articamp.ch\\\/de\\\/#website\",\"url\":\"https:\\\/\\\/articamp.ch\\\/de\\\/\",\"name\":\"articamp.ch\",\"description\":\"lavori d&#039;artigianato individuali fatti a mano\",\"publisher\":{\"@id\":\"https:\\\/\\\/articamp.ch\\\/de\\\/#organization\"},\"potentialAction\":[{\"@type\":\"SearchAction\",\"target\":{\"@type\":\"EntryPoint\",\"urlTemplate\":\"https:\\\/\\\/articamp.ch\\\/de\\\/?s={search_term_string}\"},\"query-input\":{\"@type\":\"PropertyValueSpecification\",\"valueRequired\":true,\"valueName\":\"search_term_string\"}}],\"inLanguage\":\"de\"},{\"@type\":\"Organization\",\"@id\":\"https:\\\/\\\/articamp.ch\\\/de\\\/#organization\",\"name\":\"ArtiCamp\",\"url\":\"https:\\\/\\\/articamp.ch\\\/de\\\/\",\"logo\":{\"@type\":\"ImageObject\",\"inLanguage\":\"de\",\"@id\":\"https:\\\/\\\/articamp.ch\\\/de\\\/#\\\/schema\\\/logo\\\/image\\\/\",\"url\":\"https:\\\/\\\/i0.wp.com\\\/articamp.ch\\\/wp-content\\\/uploads\\\/2023\\\/12\\\/cropped-Logo-ArtiCamp.png?fit=512%2C512&ssl=1\",\"contentUrl\":\"https:\\\/\\\/i0.wp.com\\\/articamp.ch\\\/wp-content\\\/uploads\\\/2023\\\/12\\\/cropped-Logo-ArtiCamp.png?fit=512%2C512&ssl=1\",\"width\":512,\"height\":512,\"caption\":\"ArtiCamp\"},\"image\":{\"@id\":\"https:\\\/\\\/articamp.ch\\\/de\\\/#\\\/schema\\\/logo\\\/image\\\/\"},\"sameAs\":[\"https:\\\/\\\/www.facebook.com\\\/profile.php?id=100090195593870\",\"https:\\\/\\\/www.instagram.com\\\/articamp.ch\\\/\",\"https:\\\/\\\/www.tiktok.com\\\/@articamp\"]}]}<\/script>\n<!-- \/ Yoast SEO plugin. -->","yoast_head_json":{"title":"Makramee-Windlicht - ArtiCamp","description":"Wenig Licht im Haus? Dank des Makramees vor dem Fenster wird es Ihrer Pflanze an nichts mehr fehlen und sie wird viele gr\u00fcne Bl\u00e4tter treiben k\u00f6nnen.","robots":{"index":"index","follow":"follow","max-snippet":"max-snippet:-1","max-image-preview":"max-image-preview:large","max-video-preview":"max-video-preview:-1"},"canonical":"https:\/\/articamp.ch\/de\/shop\/makramee-windlicht\/","og_locale":"de_DE","og_type":"article","og_title":"Makramee-Windlicht - ArtiCamp","og_description":"Wenig Licht im Haus? Dank des Makramees vor dem Fenster wird es Ihrer Pflanze an nichts mehr fehlen und sie wird viele gr\u00fcne Bl\u00e4tter treiben k\u00f6nnen.","og_url":"https:\/\/articamp.ch\/de\/shop\/makramee-windlicht\/","og_site_name":"ArtiCamp","article_publisher":"https:\/\/www.facebook.com\/profile.php?id=100090195593870","article_modified_time":"2023-04-26T08:32:08+00:00","og_image":[{"width":1440,"height":2560,"url":"https:\/\/articamp.ch\/wp-content\/uploads\/2023\/03\/20230327_143107-01-scaled.jpeg","type":"image\/jpeg"}],"twitter_card":"summary_large_image","twitter_misc":{"Gesch\u00e4tzte Lesezeit":"1\u00a0Minute"},"schema":{"@context":"https:\/\/schema.org","@graph":[{"@type":"WebPage","@id":"https:\/\/articamp.ch\/de\/shop\/makramee-windlicht\/","url":"https:\/\/articamp.ch\/de\/shop\/makramee-windlicht\/","name":"Makramee-Windlicht - ArtiCamp","isPartOf":{"@id":"https:\/\/articamp.ch\/de\/#website"},"primaryImageOfPage":{"@id":"https:\/\/articamp.ch\/de\/shop\/makramee-windlicht\/#primaryimage"},"image":{"@id":"https:\/\/articamp.ch\/de\/shop\/makramee-windlicht\/#primaryimage"},"thumbnailUrl":"https:\/\/i0.wp.com\/articamp.ch\/wp-content\/uploads\/2023\/05\/20230327_143014-01-jpeg.webp?fit=800%2C1422&ssl=1","datePublished":"2023-03-28T17:26:01+00:00","dateModified":"2023-04-26T08:32:08+00:00","description":"Wenig Licht im Haus? Dank des Makramees vor dem Fenster wird es Ihrer Pflanze an nichts mehr fehlen und sie wird viele gr\u00fcne Bl\u00e4tter treiben k\u00f6nnen.","breadcrumb":{"@id":"https:\/\/articamp.ch\/de\/shop\/makramee-windlicht\/#breadcrumb"},"inLanguage":"de","potentialAction":[{"@type":"ReadAction","target":["https:\/\/articamp.ch\/de\/shop\/makramee-windlicht\/"]}]},{"@type":"ImageObject","inLanguage":"de","@id":"https:\/\/articamp.ch\/de\/shop\/makramee-windlicht\/#primaryimage","url":"https:\/\/i0.wp.com\/articamp.ch\/wp-content\/uploads\/2023\/05\/20230327_143014-01-jpeg.webp?fit=800%2C1422&ssl=1","contentUrl":"https:\/\/i0.wp.com\/articamp.ch\/wp-content\/uploads\/2023\/05\/20230327_143014-01-jpeg.webp?fit=800%2C1422&ssl=1","width":800,"height":1422},{"@type":"BreadcrumbList","@id":"https:\/\/articamp.ch\/de\/shop\/makramee-windlicht\/#breadcrumb","itemListElement":[{"@type":"ListItem","position":1,"name":"Home","item":"https:\/\/articamp.ch\/de\/"},{"@type":"ListItem","position":2,"name":"Shop","item":"https:\/\/articamp.ch\/de\/shop\/"},{"@type":"ListItem","position":3,"name":"Makramee-Windlicht"}]},{"@type":"WebSite","@id":"https:\/\/articamp.ch\/de\/#website","url":"https:\/\/articamp.ch\/de\/","name":"articamp.ch","description":"lavori d&#039;artigianato individuali fatti a mano","publisher":{"@id":"https:\/\/articamp.ch\/de\/#organization"},"potentialAction":[{"@type":"SearchAction","target":{"@type":"EntryPoint","urlTemplate":"https:\/\/articamp.ch\/de\/?s={search_term_string}"},"query-input":{"@type":"PropertyValueSpecification","valueRequired":true,"valueName":"search_term_string"}}],"inLanguage":"de"},{"@type":"Organization","@id":"https:\/\/articamp.ch\/de\/#organization","name":"ArtiCamp","url":"https:\/\/articamp.ch\/de\/","logo":{"@type":"ImageObject","inLanguage":"de","@id":"https:\/\/articamp.ch\/de\/#\/schema\/logo\/image\/","url":"https:\/\/i0.wp.com\/articamp.ch\/wp-content\/uploads\/2023\/12\/cropped-Logo-ArtiCamp.png?fit=512%2C512&ssl=1","contentUrl":"https:\/\/i0.wp.com\/articamp.ch\/wp-content\/uploads\/2023\/12\/cropped-Logo-ArtiCamp.png?fit=512%2C512&ssl=1","width":512,"height":512,"caption":"ArtiCamp"},"image":{"@id":"https:\/\/articamp.ch\/de\/#\/schema\/logo\/image\/"},"sameAs":["https:\/\/www.facebook.com\/profile.php?id=100090195593870","https:\/\/www.instagram.com\/articamp.ch\/","https:\/\/www.tiktok.com\/@articamp"]}]}},"jetpack_sharing_enabled":true,"_links":{"self":[{"href":"https:\/\/articamp.ch\/de\/wp-json\/wp\/v2\/product\/30197","targetHints":{"allow":["GET"]}}],"collection":[{"href":"https:\/\/articamp.ch\/de\/wp-json\/wp\/v2\/product"}],"about":[{"href":"https:\/\/articamp.ch\/de\/wp-json\/wp\/v2\/types\/product"}],"replies":[{"embeddable":true,"href":"https:\/\/articamp.ch\/de\/wp-json\/wp\/v2\/comments?post=30197"}],"wp:featuredmedia":[{"embeddable":true,"href":"https:\/\/articamp.ch\/de\/wp-json\/wp\/v2\/media\/30606"}],"wp:attachment":[{"href":"https:\/\/articamp.ch\/de\/wp-json\/wp\/v2\/media?parent=30197"}],"wp:term":[{"taxonomy":"product_brand","embeddable":true,"href":"https:\/\/articamp.ch\/de\/wp-json\/wp\/v2\/product_brand?post=30197"},{"taxonomy":"product_cat","embeddable":true,"href":"https:\/\/articamp.ch\/de\/wp-json\/wp\/v2\/product_cat?post=30197"},{"taxonomy":"product_tag","embeddable":true,"href":"https:\/\/articamp.ch\/de\/wp-json\/wp\/v2\/product_tag?post=30197"}],"curies":[{"name":"wp","href":"https:\/\/api.w.org\/{rel}","templated":true}]}}