{"id":30188,"date":"2023-04-14T12:47:09","date_gmt":"2023-04-14T10:47:09","guid":{"rendered":"https:\/\/articamp.ch\/prodotto\/makramee-herz\/"},"modified":"2023-04-26T10:26:23","modified_gmt":"2023-04-26T08:26:23","slug":"makramee-herz","status":"publish","type":"product","link":"https:\/\/articamp.ch\/de\/shop\/makramee-herz\/","title":{"rendered":"Makramee-Herz"},"content":{"rendered":"<h2 style=\"text-align: left;\">\u00dcber das Makramee-Herz<\/h2>\n<p style=\"text-align: left;\">Dieses Makramee-Herz ist der ideale Begleiter, um Ihr Zuhause zu dekorieren, an der Wand aufgeh\u00e4ngt verleiht es ein einzigartiges Ambiente. Hergestellt in Makramee-Technik mit Baumwollgarn.<\/p>\n<blockquote><p><strong><em>Verleihen Sie Ihrem Zuhause eine einzigartige Note mit ArtiCamp!<\/em><\/strong><\/p><\/blockquote>\n<p>Wir m\u00f6chten Sie darauf hinweisen, dass es sich bei den Ma\u00dfen um ungef\u00e4hre Angaben handelt, da wir Kunsthandwerk herstellen.<\/p>\n<ul>\n<li>Kunsthandwerk, jedes unserer Produkte ist handgefertigt und individuell.<\/li>\n<li>Die angegebenen Ma\u00dfe sind N\u00e4herungswerte.<\/li>\n<li>Die auf dem Foto abgebildeten Dekorationsmaterialien sind nicht im Lieferumfang enthalten.<\/li>\n<li>Es kann zu kleinen Farbabweichungen zwischen den Fotos und dem tats\u00e4chlichen Produkt kommen.<\/li>\n<\/ul>\n","protected":false},"excerpt":{"rendered":"<p>Dieses Makramee-Herz ist die ideale Erg\u00e4nzung f\u00fcr die Dekoration Ihres Hauses. Hergestellt in Makramee-Technik mit Baumwollgarn.<\/p>\n","protected":false},"featured_media":30672,"comment_status":"open","ping_status":"closed","template":"","meta":{"_monsterinsights_skip_tracking":false,"_monsterinsights_sitenote_active":false,"_monsterinsights_sitenote_note":"","_monsterinsights_sitenote_category":0},"product_brand":[],"product_cat":[151,168],"product_tag":[169,171,170],"class_list":{"0":"post-30188","1":"product","2":"type-product","3":"status-publish","4":"has-post-thumbnail","6":"product_cat-alle","7":"product_cat-makramee","8":"product_tag-makramee","9":"product_tag-reisemobil","10":"product_tag-van-de","11":"product_shipping_class-normaler-versand","13":"first","14":"onbackorder","15":"sold-individually","16":"shipping-taxable","17":"purchasable","18":"product-type-simple"},"yoast_head":"<!-- This site is optimized with the Yoast SEO plugin v27.6 - https:\/\/yoast.com\/product\/yoast-seo-wordpress\/ -->\n<title>Makramee-Herz - ArtiCamp<\/title>\n<meta name=\"description\" content=\"Dieses Rotes Makramee-Herz ist die ideale Erg\u00e4nzung f\u00fcr die Dekoration Ihres Hauses. Hergestellt in Makramee-Technik mit Baumwollgarn.\" \/>\n<meta name=\"robots\" content=\"index, follow, max-snippet:-1, max-image-preview:large, max-video-preview:-1\" \/>\n<link rel=\"canonical\" href=\"https:\/\/articamp.ch\/de\/shop\/makramee-herz\/\" \/>\n<meta property=\"og:locale\" content=\"de_DE\" \/>\n<meta property=\"og:type\" content=\"article\" \/>\n<meta property=\"og:title\" content=\"Makramee-Herz - ArtiCamp\" \/>\n<meta property=\"og:description\" content=\"Dieses Rotes Makramee-Herz ist die ideale Erg\u00e4nzung f\u00fcr die Dekoration Ihres Hauses. Hergestellt in Makramee-Technik mit Baumwollgarn.\" \/>\n<meta property=\"og:url\" content=\"https:\/\/articamp.ch\/de\/shop\/makramee-herz\/\" \/>\n<meta property=\"og:site_name\" content=\"ArtiCamp\" \/>\n<meta property=\"article:publisher\" content=\"https:\/\/www.facebook.com\/profile.php?id=100090195593870\" \/>\n<meta property=\"article:modified_time\" content=\"2023-04-26T08:26:23+00:00\" \/>\n<meta property=\"og:image\" content=\"https:\/\/articamp.ch\/wp-content\/uploads\/2023\/03\/20230327_121801-01-scaled.jpeg\" \/>\n\t<meta property=\"og:image:width\" content=\"2485\" \/>\n\t<meta property=\"og:image:height\" content=\"2560\" \/>\n\t<meta property=\"og:image:type\" content=\"image\/jpeg\" \/>\n<meta name=\"twitter:card\" content=\"summary_large_image\" \/>\n<meta name=\"twitter:label1\" content=\"Gesch\u00e4tzte Lesezeit\" \/>\n\t<meta name=\"twitter:data1\" content=\"1\u00a0Minute\" \/>\n<script type=\"application\/ld+json\" class=\"yoast-schema-graph\">{\"@context\":\"https:\\\/\\\/schema.org\",\"@graph\":[{\"@type\":\"WebPage\",\"@id\":\"https:\\\/\\\/articamp.ch\\\/de\\\/shop\\\/makramee-herz\\\/\",\"url\":\"https:\\\/\\\/articamp.ch\\\/de\\\/shop\\\/makramee-herz\\\/\",\"name\":\"Makramee-Herz - ArtiCamp\",\"isPartOf\":{\"@id\":\"https:\\\/\\\/articamp.ch\\\/de\\\/#website\"},\"primaryImageOfPage\":{\"@id\":\"https:\\\/\\\/articamp.ch\\\/de\\\/shop\\\/makramee-herz\\\/#primaryimage\"},\"image\":{\"@id\":\"https:\\\/\\\/articamp.ch\\\/de\\\/shop\\\/makramee-herz\\\/#primaryimage\"},\"thumbnailUrl\":\"https:\\\/\\\/i0.wp.com\\\/articamp.ch\\\/wp-content\\\/uploads\\\/2023\\\/05\\\/20230327_121801-01.jpeg?fit=600%2C618&ssl=1\",\"datePublished\":\"2023-04-14T10:47:09+00:00\",\"dateModified\":\"2023-04-26T08:26:23+00:00\",\"description\":\"Dieses Rotes Makramee-Herz ist die ideale Erg\u00e4nzung f\u00fcr die Dekoration Ihres Hauses. Hergestellt in Makramee-Technik mit Baumwollgarn.\",\"breadcrumb\":{\"@id\":\"https:\\\/\\\/articamp.ch\\\/de\\\/shop\\\/makramee-herz\\\/#breadcrumb\"},\"inLanguage\":\"de\",\"potentialAction\":[{\"@type\":\"ReadAction\",\"target\":[\"https:\\\/\\\/articamp.ch\\\/de\\\/shop\\\/makramee-herz\\\/\"]}]},{\"@type\":\"ImageObject\",\"inLanguage\":\"de\",\"@id\":\"https:\\\/\\\/articamp.ch\\\/de\\\/shop\\\/makramee-herz\\\/#primaryimage\",\"url\":\"https:\\\/\\\/i0.wp.com\\\/articamp.ch\\\/wp-content\\\/uploads\\\/2023\\\/05\\\/20230327_121801-01.jpeg?fit=600%2C618&ssl=1\",\"contentUrl\":\"https:\\\/\\\/i0.wp.com\\\/articamp.ch\\\/wp-content\\\/uploads\\\/2023\\\/05\\\/20230327_121801-01.jpeg?fit=600%2C618&ssl=1\",\"width\":600,\"height\":618},{\"@type\":\"BreadcrumbList\",\"@id\":\"https:\\\/\\\/articamp.ch\\\/de\\\/shop\\\/makramee-herz\\\/#breadcrumb\",\"itemListElement\":[{\"@type\":\"ListItem\",\"position\":1,\"name\":\"Home\",\"item\":\"https:\\\/\\\/articamp.ch\\\/de\\\/\"},{\"@type\":\"ListItem\",\"position\":2,\"name\":\"Shop\",\"item\":\"https:\\\/\\\/articamp.ch\\\/de\\\/shop\\\/\"},{\"@type\":\"ListItem\",\"position\":3,\"name\":\"Makramee-Herz\"}]},{\"@type\":\"WebSite\",\"@id\":\"https:\\\/\\\/articamp.ch\\\/de\\\/#website\",\"url\":\"https:\\\/\\\/articamp.ch\\\/de\\\/\",\"name\":\"articamp.ch\",\"description\":\"lavori d&#039;artigianato individuali fatti a mano\",\"publisher\":{\"@id\":\"https:\\\/\\\/articamp.ch\\\/de\\\/#organization\"},\"potentialAction\":[{\"@type\":\"SearchAction\",\"target\":{\"@type\":\"EntryPoint\",\"urlTemplate\":\"https:\\\/\\\/articamp.ch\\\/de\\\/?s={search_term_string}\"},\"query-input\":{\"@type\":\"PropertyValueSpecification\",\"valueRequired\":true,\"valueName\":\"search_term_string\"}}],\"inLanguage\":\"de\"},{\"@type\":\"Organization\",\"@id\":\"https:\\\/\\\/articamp.ch\\\/de\\\/#organization\",\"name\":\"ArtiCamp\",\"url\":\"https:\\\/\\\/articamp.ch\\\/de\\\/\",\"logo\":{\"@type\":\"ImageObject\",\"inLanguage\":\"de\",\"@id\":\"https:\\\/\\\/articamp.ch\\\/de\\\/#\\\/schema\\\/logo\\\/image\\\/\",\"url\":\"https:\\\/\\\/i0.wp.com\\\/articamp.ch\\\/wp-content\\\/uploads\\\/2023\\\/12\\\/cropped-Logo-ArtiCamp.png?fit=512%2C512&ssl=1\",\"contentUrl\":\"https:\\\/\\\/i0.wp.com\\\/articamp.ch\\\/wp-content\\\/uploads\\\/2023\\\/12\\\/cropped-Logo-ArtiCamp.png?fit=512%2C512&ssl=1\",\"width\":512,\"height\":512,\"caption\":\"ArtiCamp\"},\"image\":{\"@id\":\"https:\\\/\\\/articamp.ch\\\/de\\\/#\\\/schema\\\/logo\\\/image\\\/\"},\"sameAs\":[\"https:\\\/\\\/www.facebook.com\\\/profile.php?id=100090195593870\",\"https:\\\/\\\/www.instagram.com\\\/articamp.ch\\\/\",\"https:\\\/\\\/www.tiktok.com\\\/@articamp\"]}]}<\/script>\n<!-- \/ Yoast SEO plugin. -->","yoast_head_json":{"title":"Makramee-Herz - ArtiCamp","description":"Dieses Rotes Makramee-Herz ist die ideale Erg\u00e4nzung f\u00fcr die Dekoration Ihres Hauses. Hergestellt in Makramee-Technik mit Baumwollgarn.","robots":{"index":"index","follow":"follow","max-snippet":"max-snippet:-1","max-image-preview":"max-image-preview:large","max-video-preview":"max-video-preview:-1"},"canonical":"https:\/\/articamp.ch\/de\/shop\/makramee-herz\/","og_locale":"de_DE","og_type":"article","og_title":"Makramee-Herz - ArtiCamp","og_description":"Dieses Rotes Makramee-Herz ist die ideale Erg\u00e4nzung f\u00fcr die Dekoration Ihres Hauses. Hergestellt in Makramee-Technik mit Baumwollgarn.","og_url":"https:\/\/articamp.ch\/de\/shop\/makramee-herz\/","og_site_name":"ArtiCamp","article_publisher":"https:\/\/www.facebook.com\/profile.php?id=100090195593870","article_modified_time":"2023-04-26T08:26:23+00:00","og_image":[{"width":2485,"height":2560,"url":"https:\/\/articamp.ch\/wp-content\/uploads\/2023\/03\/20230327_121801-01-scaled.jpeg","type":"image\/jpeg"}],"twitter_card":"summary_large_image","twitter_misc":{"Gesch\u00e4tzte Lesezeit":"1\u00a0Minute"},"schema":{"@context":"https:\/\/schema.org","@graph":[{"@type":"WebPage","@id":"https:\/\/articamp.ch\/de\/shop\/makramee-herz\/","url":"https:\/\/articamp.ch\/de\/shop\/makramee-herz\/","name":"Makramee-Herz - ArtiCamp","isPartOf":{"@id":"https:\/\/articamp.ch\/de\/#website"},"primaryImageOfPage":{"@id":"https:\/\/articamp.ch\/de\/shop\/makramee-herz\/#primaryimage"},"image":{"@id":"https:\/\/articamp.ch\/de\/shop\/makramee-herz\/#primaryimage"},"thumbnailUrl":"https:\/\/i0.wp.com\/articamp.ch\/wp-content\/uploads\/2023\/05\/20230327_121801-01.jpeg?fit=600%2C618&ssl=1","datePublished":"2023-04-14T10:47:09+00:00","dateModified":"2023-04-26T08:26:23+00:00","description":"Dieses Rotes Makramee-Herz ist die ideale Erg\u00e4nzung f\u00fcr die Dekoration Ihres Hauses. Hergestellt in Makramee-Technik mit Baumwollgarn.","breadcrumb":{"@id":"https:\/\/articamp.ch\/de\/shop\/makramee-herz\/#breadcrumb"},"inLanguage":"de","potentialAction":[{"@type":"ReadAction","target":["https:\/\/articamp.ch\/de\/shop\/makramee-herz\/"]}]},{"@type":"ImageObject","inLanguage":"de","@id":"https:\/\/articamp.ch\/de\/shop\/makramee-herz\/#primaryimage","url":"https:\/\/i0.wp.com\/articamp.ch\/wp-content\/uploads\/2023\/05\/20230327_121801-01.jpeg?fit=600%2C618&ssl=1","contentUrl":"https:\/\/i0.wp.com\/articamp.ch\/wp-content\/uploads\/2023\/05\/20230327_121801-01.jpeg?fit=600%2C618&ssl=1","width":600,"height":618},{"@type":"BreadcrumbList","@id":"https:\/\/articamp.ch\/de\/shop\/makramee-herz\/#breadcrumb","itemListElement":[{"@type":"ListItem","position":1,"name":"Home","item":"https:\/\/articamp.ch\/de\/"},{"@type":"ListItem","position":2,"name":"Shop","item":"https:\/\/articamp.ch\/de\/shop\/"},{"@type":"ListItem","position":3,"name":"Makramee-Herz"}]},{"@type":"WebSite","@id":"https:\/\/articamp.ch\/de\/#website","url":"https:\/\/articamp.ch\/de\/","name":"articamp.ch","description":"lavori d&#039;artigianato individuali fatti a mano","publisher":{"@id":"https:\/\/articamp.ch\/de\/#organization"},"potentialAction":[{"@type":"SearchAction","target":{"@type":"EntryPoint","urlTemplate":"https:\/\/articamp.ch\/de\/?s={search_term_string}"},"query-input":{"@type":"PropertyValueSpecification","valueRequired":true,"valueName":"search_term_string"}}],"inLanguage":"de"},{"@type":"Organization","@id":"https:\/\/articamp.ch\/de\/#organization","name":"ArtiCamp","url":"https:\/\/articamp.ch\/de\/","logo":{"@type":"ImageObject","inLanguage":"de","@id":"https:\/\/articamp.ch\/de\/#\/schema\/logo\/image\/","url":"https:\/\/i0.wp.com\/articamp.ch\/wp-content\/uploads\/2023\/12\/cropped-Logo-ArtiCamp.png?fit=512%2C512&ssl=1","contentUrl":"https:\/\/i0.wp.com\/articamp.ch\/wp-content\/uploads\/2023\/12\/cropped-Logo-ArtiCamp.png?fit=512%2C512&ssl=1","width":512,"height":512,"caption":"ArtiCamp"},"image":{"@id":"https:\/\/articamp.ch\/de\/#\/schema\/logo\/image\/"},"sameAs":["https:\/\/www.facebook.com\/profile.php?id=100090195593870","https:\/\/www.instagram.com\/articamp.ch\/","https:\/\/www.tiktok.com\/@articamp"]}]}},"jetpack_sharing_enabled":true,"_links":{"self":[{"href":"https:\/\/articamp.ch\/de\/wp-json\/wp\/v2\/product\/30188","targetHints":{"allow":["GET"]}}],"collection":[{"href":"https:\/\/articamp.ch\/de\/wp-json\/wp\/v2\/product"}],"about":[{"href":"https:\/\/articamp.ch\/de\/wp-json\/wp\/v2\/types\/product"}],"replies":[{"embeddable":true,"href":"https:\/\/articamp.ch\/de\/wp-json\/wp\/v2\/comments?post=30188"}],"wp:featuredmedia":[{"embeddable":true,"href":"https:\/\/articamp.ch\/de\/wp-json\/wp\/v2\/media\/30672"}],"wp:attachment":[{"href":"https:\/\/articamp.ch\/de\/wp-json\/wp\/v2\/media?parent=30188"}],"wp:term":[{"taxonomy":"product_brand","embeddable":true,"href":"https:\/\/articamp.ch\/de\/wp-json\/wp\/v2\/product_brand?post=30188"},{"taxonomy":"product_cat","embeddable":true,"href":"https:\/\/articamp.ch\/de\/wp-json\/wp\/v2\/product_cat?post=30188"},{"taxonomy":"product_tag","embeddable":true,"href":"https:\/\/articamp.ch\/de\/wp-json\/wp\/v2\/product_tag?post=30188"}],"curies":[{"name":"wp","href":"https:\/\/api.w.org\/{rel}","templated":true}]}}