{"id":30180,"date":"2023-03-28T18:39:37","date_gmt":"2023-03-28T16:39:37","guid":{"rendered":"https:\/\/articamp.ch\/prodotto\/mintgruene-makramee-vase-mit-holz\/"},"modified":"2023-11-15T18:09:04","modified_gmt":"2023-11-15T17:09:04","slug":"minzgrune-makramee-vase-mit-holz","status":"publish","type":"product","link":"https:\/\/articamp.ch\/de\/shop\/minzgrune-makramee-vase-mit-holz\/","title":{"rendered":"Gr\u00fcner Makramee-Vasenhalter mit Holz"},"content":{"rendered":"<h2 style=\"text-align:left\">\u00dcber die gr\u00fcne Makramee-Vasenhalter mit Holz<\/h2>\n<p style=\"text-align:left\">Dieser mintgr\u00fcne Vasenhalter wurde mit der Macram\u00e9-Technik und Baumwollkordel handgefertigt. Der Holzstab verleiht ihm eine besondere Note. Er ist ideal f\u00fcr kleine bis mittelgro\u00dfe T\u00f6pfe und ist das perfekte Accessoire, um deinen Pflanzen eine besondere Note zu verleihen. Dank des Makramees vor dem Fenster wird es deiner Pflanze nicht mehr an Licht mangeln und sie wird viele neue gr\u00fcne Bl\u00e4tter austreiben k\u00f6nnen.<\/p>\n<p>Du suchst nach einer Geschenkidee? Mit diesem Makramee \u00fcberraschen Sie sicher jemanden ganz Besonderes.<\/p>\n<blockquote><p><strong><em>Verleihen Sie Ihrem Zuhause einen magischen Touch mit ArtiCamp!<\/em><\/strong><\/p><\/blockquote>\n<p>Die Gr\u00f6\u00dfe des auf dem Foto verwendeten Glases betr\u00e4gt ca. 12 cm. Das Makramee wird ohne T\u00f6pfe und Pflanzen geliefert.<\/p>\n<p>&gt;  INFO<span style=\"font-family:-apple-system,Roboto,SegoeUI,\"> Nachbestellungen: Bei Artikeln, die noch nicht produziert wurden, ist mit einer Wartezeit von 1-2 Wochen zu rechnen<\/span>.<\/p>\n<ul>\n<li>Kunsthandwerk, jedes unserer Produkte ist handgefertigt und individuell.<\/li>\n<li>Die angegebenen Ma\u00dfe sind N\u00e4herungswerte.<\/li>\n<li>Die auf dem Foto abgebildeten Dekorationsmaterialien sind nicht enthalten.<\/li>\n<li>Es kann kleine Abweichungen zwischen den Fotos und dem tats\u00e4chlichen Produkt geben.<\/li>\n<li><span style=\"font-family:-apple-system,Roboto,SegoeUI,\">Jeder Artikel ist einzigartig, weil die verwendeten H\u00f6lzer Unikate sind und nicht mit dem auf dem Foto identisch sein werden<\/span>.<\/li>\n<\/ul>\n<p>entdecke unsere Instagram-Seite mit vielen Neuigkeiten:<\/p>\n<p>https:\/\/www.instagram.com\/articamp.ch\/<\/p>\n","protected":false},"excerpt":{"rendered":"<p>Das perfekte Accessoire, um Ihren Pflanzen eine besondere Note zu verleihen, und wenn Sie zu Hause wenig Licht haben, wird es Ihrer Pflanze dank des vor dem Fenster platzierten Makramees an nichts fehlen und sie wird viele neue gr\u00fcne Bl\u00e4tter sprie\u00dfen lassen k\u00f6nnen.<\/p>\n","protected":false},"featured_media":30597,"comment_status":"open","ping_status":"closed","template":"","meta":{"_monsterinsights_skip_tracking":false,"_monsterinsights_sitenote_active":false,"_monsterinsights_sitenote_note":"","_monsterinsights_sitenote_category":0},"product_brand":[],"product_cat":[151,168],"product_tag":[169,171,170,172],"class_list":{"0":"post-30180","1":"product","2":"type-product","3":"status-publish","4":"has-post-thumbnail","6":"product_cat-alle","7":"product_cat-makramee","8":"product_tag-makramee","9":"product_tag-reisemobil","10":"product_tag-van-de","11":"product_tag-vasenhalter","12":"product_shipping_class-normaler-versand","14":"first","15":"onbackorder","16":"sold-individually","17":"shipping-taxable","18":"purchasable","19":"product-type-simple"},"yoast_head":"<!-- This site is optimized with the Yoast SEO plugin v27.6 - https:\/\/yoast.com\/product\/yoast-seo-wordpress\/ -->\n<title>Gr\u00fcner Makramee-Vasenhalter mit Holz - ArtiCamp<\/title>\n<meta name=\"description\" content=\"Der gr\u00fcne Makramee-Topfhalter mit der besonderen Holznote verleiht Ihrem Zuhause nicht nur einen Hauch von Stil, sondern sorgt auch daf\u00fcr, dass es Ihrer Pflanze nie an Licht mangelt.\" \/>\n<meta name=\"robots\" content=\"index, follow, max-snippet:-1, max-image-preview:large, max-video-preview:-1\" \/>\n<link rel=\"canonical\" href=\"https:\/\/articamp.ch\/de\/shop\/minzgrune-makramee-vase-mit-holz\/\" \/>\n<meta property=\"og:locale\" content=\"de_DE\" \/>\n<meta property=\"og:type\" content=\"article\" \/>\n<meta property=\"og:title\" content=\"Gr\u00fcner Makramee-Vasenhalter mit Holz - ArtiCamp\" \/>\n<meta property=\"og:description\" content=\"Der gr\u00fcne Makramee-Topfhalter mit der besonderen Holznote verleiht Ihrem Zuhause nicht nur einen Hauch von Stil, sondern sorgt auch daf\u00fcr, dass es Ihrer Pflanze nie an Licht mangelt.\" \/>\n<meta property=\"og:url\" content=\"https:\/\/articamp.ch\/de\/shop\/minzgrune-makramee-vase-mit-holz\/\" \/>\n<meta property=\"og:site_name\" content=\"ArtiCamp\" \/>\n<meta property=\"article:publisher\" content=\"https:\/\/www.facebook.com\/profile.php?id=100090195593870\" \/>\n<meta property=\"article:modified_time\" content=\"2023-11-15T17:09:04+00:00\" \/>\n<meta property=\"og:image\" content=\"https:\/\/i0.wp.com\/articamp.ch\/wp-content\/uploads\/2023\/05\/20230327_142409-01-jpeg.webp?fit=600%2C1067&ssl=1\" \/>\n\t<meta property=\"og:image:width\" content=\"600\" \/>\n\t<meta property=\"og:image:height\" content=\"1067\" \/>\n\t<meta property=\"og:image:type\" content=\"image\/jpeg\" \/>\n<meta name=\"twitter:card\" content=\"summary_large_image\" \/>\n<meta name=\"twitter:label1\" content=\"Gesch\u00e4tzte Lesezeit\" \/>\n\t<meta name=\"twitter:data1\" content=\"1\u00a0Minute\" \/>\n<script type=\"application\/ld+json\" class=\"yoast-schema-graph\">{\"@context\":\"https:\\\/\\\/schema.org\",\"@graph\":[{\"@type\":\"WebPage\",\"@id\":\"https:\\\/\\\/articamp.ch\\\/de\\\/shop\\\/minzgrune-makramee-vase-mit-holz\\\/\",\"url\":\"https:\\\/\\\/articamp.ch\\\/de\\\/shop\\\/minzgrune-makramee-vase-mit-holz\\\/\",\"name\":\"Gr\u00fcner Makramee-Vasenhalter mit Holz - ArtiCamp\",\"isPartOf\":{\"@id\":\"https:\\\/\\\/articamp.ch\\\/de\\\/#website\"},\"primaryImageOfPage\":{\"@id\":\"https:\\\/\\\/articamp.ch\\\/de\\\/shop\\\/minzgrune-makramee-vase-mit-holz\\\/#primaryimage\"},\"image\":{\"@id\":\"https:\\\/\\\/articamp.ch\\\/de\\\/shop\\\/minzgrune-makramee-vase-mit-holz\\\/#primaryimage\"},\"thumbnailUrl\":\"https:\\\/\\\/i0.wp.com\\\/articamp.ch\\\/wp-content\\\/uploads\\\/2023\\\/05\\\/20230327_142409-01-jpeg.webp?fit=600%2C1067&ssl=1\",\"datePublished\":\"2023-03-28T16:39:37+00:00\",\"dateModified\":\"2023-11-15T17:09:04+00:00\",\"description\":\"Der gr\u00fcne Makramee-Topfhalter mit der besonderen Holznote verleiht Ihrem Zuhause nicht nur einen Hauch von Stil, sondern sorgt auch daf\u00fcr, dass es Ihrer Pflanze nie an Licht mangelt.\",\"breadcrumb\":{\"@id\":\"https:\\\/\\\/articamp.ch\\\/de\\\/shop\\\/minzgrune-makramee-vase-mit-holz\\\/#breadcrumb\"},\"inLanguage\":\"de\",\"potentialAction\":[{\"@type\":\"ReadAction\",\"target\":[\"https:\\\/\\\/articamp.ch\\\/de\\\/shop\\\/minzgrune-makramee-vase-mit-holz\\\/\"]}]},{\"@type\":\"ImageObject\",\"inLanguage\":\"de\",\"@id\":\"https:\\\/\\\/articamp.ch\\\/de\\\/shop\\\/minzgrune-makramee-vase-mit-holz\\\/#primaryimage\",\"url\":\"https:\\\/\\\/i0.wp.com\\\/articamp.ch\\\/wp-content\\\/uploads\\\/2023\\\/05\\\/20230327_142409-01-jpeg.webp?fit=600%2C1067&ssl=1\",\"contentUrl\":\"https:\\\/\\\/i0.wp.com\\\/articamp.ch\\\/wp-content\\\/uploads\\\/2023\\\/05\\\/20230327_142409-01-jpeg.webp?fit=600%2C1067&ssl=1\",\"width\":600,\"height\":1067},{\"@type\":\"BreadcrumbList\",\"@id\":\"https:\\\/\\\/articamp.ch\\\/de\\\/shop\\\/minzgrune-makramee-vase-mit-holz\\\/#breadcrumb\",\"itemListElement\":[{\"@type\":\"ListItem\",\"position\":1,\"name\":\"Home\",\"item\":\"https:\\\/\\\/articamp.ch\\\/de\\\/\"},{\"@type\":\"ListItem\",\"position\":2,\"name\":\"Shop\",\"item\":\"https:\\\/\\\/articamp.ch\\\/de\\\/shop\\\/\"},{\"@type\":\"ListItem\",\"position\":3,\"name\":\"Gr\u00fcner Makramee-Vasenhalter mit Holz\"}]},{\"@type\":\"WebSite\",\"@id\":\"https:\\\/\\\/articamp.ch\\\/de\\\/#website\",\"url\":\"https:\\\/\\\/articamp.ch\\\/de\\\/\",\"name\":\"articamp.ch\",\"description\":\"lavori d&#039;artigianato individuali fatti a mano\",\"publisher\":{\"@id\":\"https:\\\/\\\/articamp.ch\\\/de\\\/#organization\"},\"potentialAction\":[{\"@type\":\"SearchAction\",\"target\":{\"@type\":\"EntryPoint\",\"urlTemplate\":\"https:\\\/\\\/articamp.ch\\\/de\\\/?s={search_term_string}\"},\"query-input\":{\"@type\":\"PropertyValueSpecification\",\"valueRequired\":true,\"valueName\":\"search_term_string\"}}],\"inLanguage\":\"de\"},{\"@type\":\"Organization\",\"@id\":\"https:\\\/\\\/articamp.ch\\\/de\\\/#organization\",\"name\":\"ArtiCamp\",\"url\":\"https:\\\/\\\/articamp.ch\\\/de\\\/\",\"logo\":{\"@type\":\"ImageObject\",\"inLanguage\":\"de\",\"@id\":\"https:\\\/\\\/articamp.ch\\\/de\\\/#\\\/schema\\\/logo\\\/image\\\/\",\"url\":\"https:\\\/\\\/i0.wp.com\\\/articamp.ch\\\/wp-content\\\/uploads\\\/2023\\\/12\\\/cropped-Logo-ArtiCamp.png?fit=512%2C512&ssl=1\",\"contentUrl\":\"https:\\\/\\\/i0.wp.com\\\/articamp.ch\\\/wp-content\\\/uploads\\\/2023\\\/12\\\/cropped-Logo-ArtiCamp.png?fit=512%2C512&ssl=1\",\"width\":512,\"height\":512,\"caption\":\"ArtiCamp\"},\"image\":{\"@id\":\"https:\\\/\\\/articamp.ch\\\/de\\\/#\\\/schema\\\/logo\\\/image\\\/\"},\"sameAs\":[\"https:\\\/\\\/www.facebook.com\\\/profile.php?id=100090195593870\",\"https:\\\/\\\/www.instagram.com\\\/articamp.ch\\\/\",\"https:\\\/\\\/www.tiktok.com\\\/@articamp\"]}]}<\/script>\n<!-- \/ Yoast SEO plugin. -->","yoast_head_json":{"title":"Gr\u00fcner Makramee-Vasenhalter mit Holz - ArtiCamp","description":"Der gr\u00fcne Makramee-Topfhalter mit der besonderen Holznote verleiht Ihrem Zuhause nicht nur einen Hauch von Stil, sondern sorgt auch daf\u00fcr, dass es Ihrer Pflanze nie an Licht mangelt.","robots":{"index":"index","follow":"follow","max-snippet":"max-snippet:-1","max-image-preview":"max-image-preview:large","max-video-preview":"max-video-preview:-1"},"canonical":"https:\/\/articamp.ch\/de\/shop\/minzgrune-makramee-vase-mit-holz\/","og_locale":"de_DE","og_type":"article","og_title":"Gr\u00fcner Makramee-Vasenhalter mit Holz - ArtiCamp","og_description":"Der gr\u00fcne Makramee-Topfhalter mit der besonderen Holznote verleiht Ihrem Zuhause nicht nur einen Hauch von Stil, sondern sorgt auch daf\u00fcr, dass es Ihrer Pflanze nie an Licht mangelt.","og_url":"https:\/\/articamp.ch\/de\/shop\/minzgrune-makramee-vase-mit-holz\/","og_site_name":"ArtiCamp","article_publisher":"https:\/\/www.facebook.com\/profile.php?id=100090195593870","article_modified_time":"2023-11-15T17:09:04+00:00","og_image":[{"width":600,"height":1067,"url":"https:\/\/i0.wp.com\/articamp.ch\/wp-content\/uploads\/2023\/05\/20230327_142409-01-jpeg.webp?fit=600%2C1067&ssl=1","type":"image\/jpeg"}],"twitter_card":"summary_large_image","twitter_misc":{"Gesch\u00e4tzte Lesezeit":"1\u00a0Minute"},"schema":{"@context":"https:\/\/schema.org","@graph":[{"@type":"WebPage","@id":"https:\/\/articamp.ch\/de\/shop\/minzgrune-makramee-vase-mit-holz\/","url":"https:\/\/articamp.ch\/de\/shop\/minzgrune-makramee-vase-mit-holz\/","name":"Gr\u00fcner Makramee-Vasenhalter mit Holz - ArtiCamp","isPartOf":{"@id":"https:\/\/articamp.ch\/de\/#website"},"primaryImageOfPage":{"@id":"https:\/\/articamp.ch\/de\/shop\/minzgrune-makramee-vase-mit-holz\/#primaryimage"},"image":{"@id":"https:\/\/articamp.ch\/de\/shop\/minzgrune-makramee-vase-mit-holz\/#primaryimage"},"thumbnailUrl":"https:\/\/i0.wp.com\/articamp.ch\/wp-content\/uploads\/2023\/05\/20230327_142409-01-jpeg.webp?fit=600%2C1067&ssl=1","datePublished":"2023-03-28T16:39:37+00:00","dateModified":"2023-11-15T17:09:04+00:00","description":"Der gr\u00fcne Makramee-Topfhalter mit der besonderen Holznote verleiht Ihrem Zuhause nicht nur einen Hauch von Stil, sondern sorgt auch daf\u00fcr, dass es Ihrer Pflanze nie an Licht mangelt.","breadcrumb":{"@id":"https:\/\/articamp.ch\/de\/shop\/minzgrune-makramee-vase-mit-holz\/#breadcrumb"},"inLanguage":"de","potentialAction":[{"@type":"ReadAction","target":["https:\/\/articamp.ch\/de\/shop\/minzgrune-makramee-vase-mit-holz\/"]}]},{"@type":"ImageObject","inLanguage":"de","@id":"https:\/\/articamp.ch\/de\/shop\/minzgrune-makramee-vase-mit-holz\/#primaryimage","url":"https:\/\/i0.wp.com\/articamp.ch\/wp-content\/uploads\/2023\/05\/20230327_142409-01-jpeg.webp?fit=600%2C1067&ssl=1","contentUrl":"https:\/\/i0.wp.com\/articamp.ch\/wp-content\/uploads\/2023\/05\/20230327_142409-01-jpeg.webp?fit=600%2C1067&ssl=1","width":600,"height":1067},{"@type":"BreadcrumbList","@id":"https:\/\/articamp.ch\/de\/shop\/minzgrune-makramee-vase-mit-holz\/#breadcrumb","itemListElement":[{"@type":"ListItem","position":1,"name":"Home","item":"https:\/\/articamp.ch\/de\/"},{"@type":"ListItem","position":2,"name":"Shop","item":"https:\/\/articamp.ch\/de\/shop\/"},{"@type":"ListItem","position":3,"name":"Gr\u00fcner Makramee-Vasenhalter mit Holz"}]},{"@type":"WebSite","@id":"https:\/\/articamp.ch\/de\/#website","url":"https:\/\/articamp.ch\/de\/","name":"articamp.ch","description":"lavori d&#039;artigianato individuali fatti a mano","publisher":{"@id":"https:\/\/articamp.ch\/de\/#organization"},"potentialAction":[{"@type":"SearchAction","target":{"@type":"EntryPoint","urlTemplate":"https:\/\/articamp.ch\/de\/?s={search_term_string}"},"query-input":{"@type":"PropertyValueSpecification","valueRequired":true,"valueName":"search_term_string"}}],"inLanguage":"de"},{"@type":"Organization","@id":"https:\/\/articamp.ch\/de\/#organization","name":"ArtiCamp","url":"https:\/\/articamp.ch\/de\/","logo":{"@type":"ImageObject","inLanguage":"de","@id":"https:\/\/articamp.ch\/de\/#\/schema\/logo\/image\/","url":"https:\/\/i0.wp.com\/articamp.ch\/wp-content\/uploads\/2023\/12\/cropped-Logo-ArtiCamp.png?fit=512%2C512&ssl=1","contentUrl":"https:\/\/i0.wp.com\/articamp.ch\/wp-content\/uploads\/2023\/12\/cropped-Logo-ArtiCamp.png?fit=512%2C512&ssl=1","width":512,"height":512,"caption":"ArtiCamp"},"image":{"@id":"https:\/\/articamp.ch\/de\/#\/schema\/logo\/image\/"},"sameAs":["https:\/\/www.facebook.com\/profile.php?id=100090195593870","https:\/\/www.instagram.com\/articamp.ch\/","https:\/\/www.tiktok.com\/@articamp"]}]}},"jetpack_sharing_enabled":true,"_links":{"self":[{"href":"https:\/\/articamp.ch\/de\/wp-json\/wp\/v2\/product\/30180","targetHints":{"allow":["GET"]}}],"collection":[{"href":"https:\/\/articamp.ch\/de\/wp-json\/wp\/v2\/product"}],"about":[{"href":"https:\/\/articamp.ch\/de\/wp-json\/wp\/v2\/types\/product"}],"replies":[{"embeddable":true,"href":"https:\/\/articamp.ch\/de\/wp-json\/wp\/v2\/comments?post=30180"}],"wp:featuredmedia":[{"embeddable":true,"href":"https:\/\/articamp.ch\/de\/wp-json\/wp\/v2\/media\/30597"}],"wp:attachment":[{"href":"https:\/\/articamp.ch\/de\/wp-json\/wp\/v2\/media?parent=30180"}],"wp:term":[{"taxonomy":"product_brand","embeddable":true,"href":"https:\/\/articamp.ch\/de\/wp-json\/wp\/v2\/product_brand?post=30180"},{"taxonomy":"product_cat","embeddable":true,"href":"https:\/\/articamp.ch\/de\/wp-json\/wp\/v2\/product_cat?post=30180"},{"taxonomy":"product_tag","embeddable":true,"href":"https:\/\/articamp.ch\/de\/wp-json\/wp\/v2\/product_tag?post=30180"}],"curies":[{"name":"wp","href":"https:\/\/api.w.org\/{rel}","templated":true}]}}