{"id":30059,"date":"2023-03-09T20:45:39","date_gmt":"2023-03-09T19:45:39","guid":{"rendered":"https:\/\/articamp.ch\/rueckerstattung-und-rueckgabepolitik\/"},"modified":"2023-04-26T08:35:24","modified_gmt":"2023-04-26T06:35:24","slug":"rueckerstattung-und-rueckgabepolitik","status":"publish","type":"page","link":"https:\/\/articamp.ch\/de\/rueckerstattung-und-rueckgabepolitik\/","title":{"rendered":"R\u00fcckerstattung und R\u00fcckgabepolitik"},"content":{"rendered":"<div class=\"fusion-fullwidth fullwidth-box fusion-builder-row-1 fusion-flex-container nonhundred-percent-fullwidth non-hundred-percent-height-scrolling\" style=\"--awb-border-radius-top-left:0px;--awb-border-radius-top-right:0px;--awb-border-radius-bottom-right:0px;--awb-border-radius-bottom-left:0px;--awb-flex-wrap:wrap;\" ><div class=\"fusion-builder-row fusion-row fusion-flex-align-items-flex-start fusion-flex-content-wrap\" style=\"max-width:1424.8px;margin-left: calc(-4% \/ 2 );margin-right: calc(-4% \/ 2 );\"><div class=\"fusion-layout-column fusion_builder_column fusion-builder-column-0 fusion_builder_column_1_1 1_1 fusion-flex-column\" style=\"--awb-bg-blend:overlay;--awb-bg-size:cover;--awb-width-large:100%;--awb-margin-top-large:0px;--awb-spacing-right-large:1.92%;--awb-margin-bottom-large:0px;--awb-spacing-left-large:1.92%;--awb-width-medium:100%;--awb-spacing-right-medium:1.92%;--awb-spacing-left-medium:1.92%;--awb-width-small:100%;--awb-spacing-right-small:1.92%;--awb-spacing-left-small:1.92%;\"><div class=\"fusion-column-wrapper fusion-flex-justify-content-flex-start fusion-content-layout-column\"><div class=\"fusion-text fusion-text-1\"><p>\n&#13;<\/p>\n<p><strong>R\u00fcckkehr<\/strong><\/p>\n<p>&#13;<\/p>\n<\/p>\n<p>\n&#13;<\/p>\n<p>Unsere R\u00fcckerstattungs- und R\u00fcckgabepolitik f\u00fcr Kunsthandwerk dauert 15 Tage. Wenn seit Ihrem Kauf 15 Tage vergangen sind, k\u00f6nnen wir Ihnen keine vollst\u00e4ndige R\u00fcckerstattung oder keinen Umtausch anbieten.<\/p>\n<p>&#13;<\/p>\n<p>\n&#13;<\/p>\n<p>Um f\u00fcr eine R\u00fcckgabe in Frage zu kommen, muss Ihr Artikel unbenutzt sein und sich in demselben Zustand befinden, in dem Sie ihn erhalten haben. Au\u00dferdem muss es in der Originalverpackung mit allen Schutzh\u00fcllen sein, um Transportsch\u00e4den zu vermeiden.<\/p>\n<p>&#13;<\/p>\n<p>\n&#13;<\/p>\n<p>Verschiedene handwerkliche Gegenst\u00e4nde sind von der R\u00fcckgabe ausgenommen. Verderbliche Waren wie Lebensmittel, Blumen, Zeitungen oder Zeitschriften k\u00f6nnen nicht zur\u00fcckgegeben werden. Dar\u00fcber hinaus nehmen wir keine Intim- oder Hygieneartikel, Gefahrstoffe oder brennbare Fl\u00fcssigkeiten oder Gase an.<\/p>\n<p>&#13;<\/p>\n<p>\u00a0<\/p>\n<p>&#13;<\/p>\n<p>\n&#13;<\/p>\n<p><strong>Zus\u00e4tzliche nicht r\u00fcckgabef\u00e4hige Artikel:<\/strong><\/p>\n<p>&#13;<\/p>\n<p>\n&#13;<\/p>\n<p>Geschenkkarten<\/p>\n<p>&#13;<\/p>\n<p>\n&#13;<\/p>\n<p>Herunterladbare Software-Produkte<\/p>\n<p>&#13;<\/p>\n<p>\n&#13;<\/p>\n<p>Einige Artikel zur Gesundheits- und K\u00f6rperpflege<\/p>\n<p>&#13;<\/p>\n<p>\n&#13;<\/p>\n<p>\u00a0<\/p>\n<p>&#13;<\/p>\n<ul>\n<li><strong><em>Per completare il reso, richiediamo una ricevuta o una prova d&#8217;acquisto.<\/em><\/strong><\/li>\n<p>&#13;\n<\/ul>\n<\/p>\n<p>\n&#13;<\/p>\n<p>\u00a0<\/p>\n<p>&#13;<\/p>\n<p>\n&#13;<\/p>\n<p><strong>Es gibt Situationen, in denen nur Teilerstattungen gew\u00e4hrt werden:<\/strong><\/p>\n<p>&#13;<\/p>\n<p>\n&#13;<\/p>\n<p>Buch mit deutlichen Gebrauchsspuren<\/p>\n<p>&#13;<\/p>\n<p>\n&#13;<\/p>\n<p>CDs, DVDs, VHS-Kassetten, Software, Videospiele, Kassetten oder Schallplatten, die ge\u00f6ffnet wurden.<\/p>\n<p>&#13;<\/p>\n<p>\n&#13;<\/p>\n<p>Jeder Artikel, der sich nicht im Originalzustand befindet, besch\u00e4digt ist oder dem aus Gr\u00fcnden, die nicht auf unser Verschulden zur\u00fcckzuf\u00fchren sind, Teile fehlen.<\/p>\n<p>&#13;<\/p>\n<p>\n&#13;<\/p>\n<p>Jeder handwerkliche Gegenstand, der mehr als 15 Tage nach der Lieferung zur\u00fcckgegeben wird.<\/p>\n<p>&#13;<\/p>\n<p>\u00a0<\/p>\n<p>&#13;<\/p>\n<p>\n&#13;<\/p>\n<p class=\"has-large-font-size\"><strong>Erstattungen<\/strong><\/p>\n<p>&#13;<\/p>\n<p>\n&#13;<\/p>\n<p>Sobald wir Ihre R\u00fccksendung erhalten und gepr\u00fcft haben, senden wir Ihnen eine E-Mail, um Sie zu informieren, dass wir den zur\u00fcckgesandten Handwerksartikel erhalten haben. Wir werden Sie auch \u00fcber die Genehmigung oder Ablehnung Ihrer Erstattung informieren.<\/p>\n<p>&#13;<\/p>\n<p>\n&#13;<\/p>\n<p>Im Falle einer Genehmigung wird Ihre R\u00fcckerstattung bearbeitet und eine Gutschrift auf Ihre Kreditkarte oder Ihre urspr\u00fcngliche Zahlungsmethode innerhalb einer bestimmten Anzahl von Tagen automatisch vorgenommen.<\/p>\n<p>&#13;<\/p>\n<p>\u00a0<\/p>\n<p>&#13;<\/p>\n<p>\n&#13;<\/p>\n<p class=\"has-large-font-size\"><strong>Versp\u00e4tete oder vers\u00e4umte Erstattungen<\/strong><\/p>\n<p>&#13;<\/p>\n<p>\n&#13;<\/p>\n<p>Wenn Sie noch keine R\u00fcckerstattung erhalten haben, \u00fcberpr\u00fcfen Sie bitte erneut Ihr Bankkonto.<\/p>\n<p>&#13;<\/p>\n<p>\n&#13;<\/p>\n<p>Wenden Sie sich daher an Ihr Kreditkartenunternehmen. Es kann einige Zeit dauern, bis Ihre R\u00fcckerstattung offiziell registriert wird.<\/p>\n<p>&#13;<\/p>\n<p>\n&#13;<\/p>\n<p>Wenden Sie sich an Ihre Bank. Bis eine Erstattung registriert wird, vergeht oft eine gewisse Bearbeitungszeit.<\/p>\n<p>&#13;<\/p>\n<p>\n&#13;<\/p>\n<p>Wenn Sie all dies getan haben und immer noch keine R\u00fcckerstattung erhalten haben, kontaktieren Sie uns bitte unter info@articamp.ch.<\/p>\n<p>&#13;<\/p>\n<p>\u00a0<\/p>\n<p>&#13;<\/p>\n<p>\n&#13;<\/p>\n<p class=\"has-large-font-size\"><strong>Kunsthandwerkliche Artikel im Verkauf<\/strong><\/p>\n<p>&#13;<\/p>\n<p>\n&#13;<\/p>\n<p>Nur handwerkliche Artikel zum Normalpreis k\u00f6nnen erstattet werden. Verkaufte Artikel k\u00f6nnen nicht zur\u00fcckerstattet werden.<\/p>\n<p>&#13;<\/p>\n<p>\u00a0<\/p>\n<p>&#13;<\/p>\n<p>\n&#13;<\/p>\n<p class=\"has-large-font-size\"><strong>Tauschb\u00f6rsen<\/strong><\/p>\n<p>&#13;<\/p>\n<p>\n&#13;<\/p>\n<p>Ein Umtausch ist ausgeschlossen, da jeder unserer handwerklichen Artikel ein Unikat ist. Wenn ja, k\u00f6nnen Sie sich f\u00fcr einen \u00e4hnlichen Artikel entscheiden.<\/p>\n<p>&#13;<\/p>\n<p>\u00a0<\/p>\n<p>&#13;<\/p>\n<p>\n&#13;<\/p>\n<p class=\"has-large-font-size\"><strong>Geschenke<\/strong><\/p>\n<p>&#13;<\/p>\n<p>\n&#13;<\/p>\n<p>Wenn der Artikel zum Zeitpunkt des Kaufs als Geschenk gekennzeichnet war und direkt an Sie geschickt wurde, erhalten Sie eine Geschenkgutschrift in H\u00f6he des Wertes Ihrer R\u00fccksendung. Sobald der zur\u00fcckgesandte Artikel eingegangen ist, wird Ihnen ein Geschenkgutschein zugesandt.<\/p>\n<p>&#13;<\/p>\n<p>\n&#13;<\/p>\n<p>\u00a0<\/p>\n<p>&#13;<\/p>\n<p>\n&#13;<\/p>\n<p class=\"has-large-font-size\"><strong>Versand und R\u00fcckgabe<\/strong><\/p>\n<p>&#13;<\/p>\n<p>\n&#13;<\/p>\n<p>Um Ihr Kunsthandwerksprodukt zur\u00fcckzugeben, m\u00fcssen Sie es an folgende Adresse schicken: Articamp SNC, Via vallemaggia 55, 6600 Locarno.<\/p>\n<p>&#13;<\/p>\n<p>\n&#13;<\/p>\n<p>Sie m\u00fcssen die Versandkosten f\u00fcr die R\u00fccksendung Ihres Artikels selbst tragen. Die Versandkosten sind nicht erstattungsf\u00e4hig. Wenn Sie eine Erstattung erhalten, werden die Kosten f\u00fcr die R\u00fccksendung von der Erstattung abgezogen.<\/p>\n<p>&#13;<\/p>\n<p>\n&#13;<\/p>\n<p>Je nachdem, wo Sie wohnen, kann es unterschiedlich lange dauern, bis das ausgetauschte Produkt bei Ihnen eintrifft.<\/p>\n<p>&#13;<\/p>\n<p>\n&#13;<\/p>\n<p>Wenn Sie teurere Artikel zur\u00fccksenden, sollten Sie einen verfolgbaren Versanddienst nutzen oder eine Versandversicherung abschlie\u00dfen. Wir garantieren nicht, dass wir den zur\u00fcckgesandten Artikel erhalten.<\/p>\n<p>&#13;<\/p>\n<p>\n&#13;<\/p>\n<h2>\u00a0<\/h2>\n<p>&#13;<\/p>\n<h4>Hai bisogno di aiuto per un prodotto d&#8217;artigianato?<\/h4>\n<p>&#13;<\/p>\n<p>\n&#13;<\/p>\n<p>Kontaktieren Sie uns: info@articamp.ch<\/p>\n<p>&#13;<\/p>\n<\/div><\/div><\/div><\/div><\/div>\n","protected":false},"excerpt":{"rendered":"","protected":false},"author":1,"featured_media":0,"parent":0,"menu_order":0,"comment_status":"closed","ping_status":"closed","template":"","meta":{"_monsterinsights_skip_tracking":false,"_monsterinsights_sitenote_active":false,"_monsterinsights_sitenote_note":"","_monsterinsights_sitenote_category":0,"footnotes":""},"class_list":["post-30059","page","type-page","status-publish","hentry"],"yoast_head":"<!-- This site is optimized with the Yoast SEO plugin v27.5 - https:\/\/yoast.com\/product\/yoast-seo-wordpress\/ -->\n<title>R\u00fcckerstattung und R\u00fcckgabepolitik - ArtiCamp<\/title>\n<meta name=\"description\" content=\"Unsere R\u00fcckerstattungs- und R\u00fcckgabepolitik f\u00fcr Kunsthandwerk dauert 15 Tage. Nach 15 Tagen k\u00f6nnen wir keine R\u00fccksendungen mehr annehmen.\" \/>\n<meta name=\"robots\" content=\"index, follow, max-snippet:-1, max-image-preview:large, max-video-preview:-1\" \/>\n<link rel=\"canonical\" href=\"https:\/\/articamp.ch\/de\/rueckerstattung-und-rueckgabepolitik\/\" \/>\n<meta property=\"og:locale\" content=\"de_DE\" \/>\n<meta property=\"og:type\" content=\"article\" \/>\n<meta property=\"og:title\" content=\"R\u00fcckerstattung und R\u00fcckgabepolitik - ArtiCamp\" \/>\n<meta property=\"og:description\" content=\"Unsere R\u00fcckerstattungs- und R\u00fcckgabepolitik f\u00fcr Kunsthandwerk dauert 15 Tage. Nach 15 Tagen k\u00f6nnen wir keine R\u00fccksendungen mehr annehmen.\" \/>\n<meta property=\"og:url\" content=\"https:\/\/articamp.ch\/de\/rueckerstattung-und-rueckgabepolitik\/\" \/>\n<meta property=\"og:site_name\" content=\"ArtiCamp\" \/>\n<meta property=\"article:publisher\" content=\"https:\/\/www.facebook.com\/profile.php?id=100090195593870\" \/>\n<meta property=\"article:modified_time\" content=\"2023-04-26T06:35:24+00:00\" \/>\n<meta name=\"twitter:card\" content=\"summary_large_image\" \/>\n<meta name=\"twitter:label1\" content=\"Gesch\u00e4tzte Lesezeit\" \/>\n\t<meta name=\"twitter:data1\" content=\"3\u00a0Minuten\" \/>\n<script type=\"application\/ld+json\" class=\"yoast-schema-graph\">{\"@context\":\"https:\\\/\\\/schema.org\",\"@graph\":[{\"@type\":\"WebPage\",\"@id\":\"https:\\\/\\\/articamp.ch\\\/de\\\/rueckerstattung-und-rueckgabepolitik\\\/\",\"url\":\"https:\\\/\\\/articamp.ch\\\/de\\\/rueckerstattung-und-rueckgabepolitik\\\/\",\"name\":\"R\u00fcckerstattung und R\u00fcckgabepolitik - ArtiCamp\",\"isPartOf\":{\"@id\":\"https:\\\/\\\/articamp.ch\\\/de\\\/#website\"},\"datePublished\":\"2023-03-09T19:45:39+00:00\",\"dateModified\":\"2023-04-26T06:35:24+00:00\",\"description\":\"Unsere R\u00fcckerstattungs- und R\u00fcckgabepolitik f\u00fcr Kunsthandwerk dauert 15 Tage. Nach 15 Tagen k\u00f6nnen wir keine R\u00fccksendungen mehr annehmen.\",\"breadcrumb\":{\"@id\":\"https:\\\/\\\/articamp.ch\\\/de\\\/rueckerstattung-und-rueckgabepolitik\\\/#breadcrumb\"},\"inLanguage\":\"de\",\"potentialAction\":[{\"@type\":\"ReadAction\",\"target\":[\"https:\\\/\\\/articamp.ch\\\/de\\\/rueckerstattung-und-rueckgabepolitik\\\/\"]}]},{\"@type\":\"BreadcrumbList\",\"@id\":\"https:\\\/\\\/articamp.ch\\\/de\\\/rueckerstattung-und-rueckgabepolitik\\\/#breadcrumb\",\"itemListElement\":[{\"@type\":\"ListItem\",\"position\":1,\"name\":\"Home\",\"item\":\"https:\\\/\\\/articamp.ch\\\/de\\\/\"},{\"@type\":\"ListItem\",\"position\":2,\"name\":\"R\u00fcckerstattung und R\u00fcckgabepolitik\"}]},{\"@type\":\"WebSite\",\"@id\":\"https:\\\/\\\/articamp.ch\\\/de\\\/#website\",\"url\":\"https:\\\/\\\/articamp.ch\\\/de\\\/\",\"name\":\"articamp.ch\",\"description\":\"lavori d&#039;artigianato individuali fatti a mano\",\"publisher\":{\"@id\":\"https:\\\/\\\/articamp.ch\\\/de\\\/#organization\"},\"potentialAction\":[{\"@type\":\"SearchAction\",\"target\":{\"@type\":\"EntryPoint\",\"urlTemplate\":\"https:\\\/\\\/articamp.ch\\\/de\\\/?s={search_term_string}\"},\"query-input\":{\"@type\":\"PropertyValueSpecification\",\"valueRequired\":true,\"valueName\":\"search_term_string\"}}],\"inLanguage\":\"de\"},{\"@type\":\"Organization\",\"@id\":\"https:\\\/\\\/articamp.ch\\\/de\\\/#organization\",\"name\":\"ArtiCamp\",\"url\":\"https:\\\/\\\/articamp.ch\\\/de\\\/\",\"logo\":{\"@type\":\"ImageObject\",\"inLanguage\":\"de\",\"@id\":\"https:\\\/\\\/articamp.ch\\\/de\\\/#\\\/schema\\\/logo\\\/image\\\/\",\"url\":\"https:\\\/\\\/i0.wp.com\\\/articamp.ch\\\/wp-content\\\/uploads\\\/2023\\\/12\\\/cropped-Logo-ArtiCamp.png?fit=512%2C512&ssl=1\",\"contentUrl\":\"https:\\\/\\\/i0.wp.com\\\/articamp.ch\\\/wp-content\\\/uploads\\\/2023\\\/12\\\/cropped-Logo-ArtiCamp.png?fit=512%2C512&ssl=1\",\"width\":512,\"height\":512,\"caption\":\"ArtiCamp\"},\"image\":{\"@id\":\"https:\\\/\\\/articamp.ch\\\/de\\\/#\\\/schema\\\/logo\\\/image\\\/\"},\"sameAs\":[\"https:\\\/\\\/www.facebook.com\\\/profile.php?id=100090195593870\",\"https:\\\/\\\/www.instagram.com\\\/articamp.ch\\\/\",\"https:\\\/\\\/www.tiktok.com\\\/@articamp\"]}]}<\/script>\n<!-- \/ Yoast SEO plugin. -->","yoast_head_json":{"title":"R\u00fcckerstattung und R\u00fcckgabepolitik - ArtiCamp","description":"Unsere R\u00fcckerstattungs- und R\u00fcckgabepolitik f\u00fcr Kunsthandwerk dauert 15 Tage. Nach 15 Tagen k\u00f6nnen wir keine R\u00fccksendungen mehr annehmen.","robots":{"index":"index","follow":"follow","max-snippet":"max-snippet:-1","max-image-preview":"max-image-preview:large","max-video-preview":"max-video-preview:-1"},"canonical":"https:\/\/articamp.ch\/de\/rueckerstattung-und-rueckgabepolitik\/","og_locale":"de_DE","og_type":"article","og_title":"R\u00fcckerstattung und R\u00fcckgabepolitik - ArtiCamp","og_description":"Unsere R\u00fcckerstattungs- und R\u00fcckgabepolitik f\u00fcr Kunsthandwerk dauert 15 Tage. Nach 15 Tagen k\u00f6nnen wir keine R\u00fccksendungen mehr annehmen.","og_url":"https:\/\/articamp.ch\/de\/rueckerstattung-und-rueckgabepolitik\/","og_site_name":"ArtiCamp","article_publisher":"https:\/\/www.facebook.com\/profile.php?id=100090195593870","article_modified_time":"2023-04-26T06:35:24+00:00","twitter_card":"summary_large_image","twitter_misc":{"Gesch\u00e4tzte Lesezeit":"3\u00a0Minuten"},"schema":{"@context":"https:\/\/schema.org","@graph":[{"@type":"WebPage","@id":"https:\/\/articamp.ch\/de\/rueckerstattung-und-rueckgabepolitik\/","url":"https:\/\/articamp.ch\/de\/rueckerstattung-und-rueckgabepolitik\/","name":"R\u00fcckerstattung und R\u00fcckgabepolitik - ArtiCamp","isPartOf":{"@id":"https:\/\/articamp.ch\/de\/#website"},"datePublished":"2023-03-09T19:45:39+00:00","dateModified":"2023-04-26T06:35:24+00:00","description":"Unsere R\u00fcckerstattungs- und R\u00fcckgabepolitik f\u00fcr Kunsthandwerk dauert 15 Tage. Nach 15 Tagen k\u00f6nnen wir keine R\u00fccksendungen mehr annehmen.","breadcrumb":{"@id":"https:\/\/articamp.ch\/de\/rueckerstattung-und-rueckgabepolitik\/#breadcrumb"},"inLanguage":"de","potentialAction":[{"@type":"ReadAction","target":["https:\/\/articamp.ch\/de\/rueckerstattung-und-rueckgabepolitik\/"]}]},{"@type":"BreadcrumbList","@id":"https:\/\/articamp.ch\/de\/rueckerstattung-und-rueckgabepolitik\/#breadcrumb","itemListElement":[{"@type":"ListItem","position":1,"name":"Home","item":"https:\/\/articamp.ch\/de\/"},{"@type":"ListItem","position":2,"name":"R\u00fcckerstattung und R\u00fcckgabepolitik"}]},{"@type":"WebSite","@id":"https:\/\/articamp.ch\/de\/#website","url":"https:\/\/articamp.ch\/de\/","name":"articamp.ch","description":"lavori d&#039;artigianato individuali fatti a mano","publisher":{"@id":"https:\/\/articamp.ch\/de\/#organization"},"potentialAction":[{"@type":"SearchAction","target":{"@type":"EntryPoint","urlTemplate":"https:\/\/articamp.ch\/de\/?s={search_term_string}"},"query-input":{"@type":"PropertyValueSpecification","valueRequired":true,"valueName":"search_term_string"}}],"inLanguage":"de"},{"@type":"Organization","@id":"https:\/\/articamp.ch\/de\/#organization","name":"ArtiCamp","url":"https:\/\/articamp.ch\/de\/","logo":{"@type":"ImageObject","inLanguage":"de","@id":"https:\/\/articamp.ch\/de\/#\/schema\/logo\/image\/","url":"https:\/\/i0.wp.com\/articamp.ch\/wp-content\/uploads\/2023\/12\/cropped-Logo-ArtiCamp.png?fit=512%2C512&ssl=1","contentUrl":"https:\/\/i0.wp.com\/articamp.ch\/wp-content\/uploads\/2023\/12\/cropped-Logo-ArtiCamp.png?fit=512%2C512&ssl=1","width":512,"height":512,"caption":"ArtiCamp"},"image":{"@id":"https:\/\/articamp.ch\/de\/#\/schema\/logo\/image\/"},"sameAs":["https:\/\/www.facebook.com\/profile.php?id=100090195593870","https:\/\/www.instagram.com\/articamp.ch\/","https:\/\/www.tiktok.com\/@articamp"]}]}},"jetpack_sharing_enabled":true,"_links":{"self":[{"href":"https:\/\/articamp.ch\/de\/wp-json\/wp\/v2\/pages\/30059","targetHints":{"allow":["GET"]}}],"collection":[{"href":"https:\/\/articamp.ch\/de\/wp-json\/wp\/v2\/pages"}],"about":[{"href":"https:\/\/articamp.ch\/de\/wp-json\/wp\/v2\/types\/page"}],"author":[{"embeddable":true,"href":"https:\/\/articamp.ch\/de\/wp-json\/wp\/v2\/users\/1"}],"replies":[{"embeddable":true,"href":"https:\/\/articamp.ch\/de\/wp-json\/wp\/v2\/comments?post=30059"}],"version-history":[{"count":2,"href":"https:\/\/articamp.ch\/de\/wp-json\/wp\/v2\/pages\/30059\/revisions"}],"predecessor-version":[{"id":30073,"href":"https:\/\/articamp.ch\/de\/wp-json\/wp\/v2\/pages\/30059\/revisions\/30073"}],"wp:attachment":[{"href":"https:\/\/articamp.ch\/de\/wp-json\/wp\/v2\/media?parent=30059"}],"curies":[{"name":"wp","href":"https:\/\/api.w.org\/{rel}","templated":true}]}}